{"id":15759,"date":"2023-10-04T18:21:58","date_gmt":"2023-10-04T21:21:58","guid":{"rendered":"https:\/\/conexaototalmkt.tk\/saboaria\/?post_type=product&#038;p=15759"},"modified":"2023-10-05T16:57:57","modified_gmt":"2023-10-05T19:57:57","slug":"shampoo-em-barra","status":"publish","type":"product","link":"https:\/\/conexaototalmkt.tk\/saboaria\/produto\/shampoo-em-barra\/","title":{"rendered":"Shampoo em Barra"},"content":{"rendered":"<p><strong>Shampoo em Barra<\/strong><\/p>\n<p>Cabelos limpos e saud\u00e1veis? Ah, e ainda contribuir para manter a floresta Amaz\u00f4nica Viva !!!<\/p>\n<p>Shampoo s\u00f3lido para limpeza e claro com uma performance rica de \u00f3leos vegetais como o de buriti e baba\u00e7u e manteiga de murumuru oriundos do Projeto Sustent\u00e1vel Mulheres Guardi\u00e3s dos buritizais em Rond\u00f4nia.<br \/>\nNosso shampoo possui em sua composi\u00e7\u00e3o propriedades que traz limpeza, nutri\u00e7\u00e3o e hidrata\u00e7\u00e3o de forma a enaltecer a beleza natural.<\/p>\n<p>Super pr\u00e1tico: Ocupa menos espa\u00e7o, sendo uma \u00f3tima op\u00e7\u00e3o para levar em viagens.<\/p>\n","protected":false},"excerpt":{"rendered":"<p>Cabelos limpos e saud\u00e1veis? Ah, e ainda contribuir para manter a floresta Amaz\u00f4nica Viva !!!<\/p>\n<p>Shampoo s\u00f3lido para limpeza e claro com uma performance rica de \u00f3leos vegetais como o de buriti e baba\u00e7u e manteiga de murumuru oriundos do Projeto Sustent\u00e1vel Mulheres Guardi\u00e3s dos buritizais em Rond\u00f4nia.<br \/>\nNosso shampoo possui em sua composi\u00e7\u00e3o propriedades que traz limpeza, nutri\u00e7\u00e3o e hidrata\u00e7\u00e3o de forma a enaltecer a beleza natural.<\/p>\n<p>Super pr\u00e1tico: Ocupa menos espa\u00e7o, sendo uma \u00f3tima op\u00e7\u00e3o para levar em viagens.<\/p>\n<p>Super pr\u00e1tico: Ocupa menos espa\u00e7o, sendo uma \u00f3tima op\u00e7\u00e3o para levar em viagens.<\/p>\n","protected":false},"featured_media":16015,"comment_status":"open","ping_status":"closed","template":"","meta":[],"product_brand":[],"product_cat":[72,73,85,83,74],"product_tag":[],"class_list":{"0":"post-15759","1":"product","2":"type-product","3":"status-publish","4":"has-post-thumbnail","6":"product_cat-babacu","7":"product_cat-buriti","8":"product_cat-murumuru","9":"product_cat-sabonete","10":"product_cat-shampoo","11":"product_shipping_class-correios","13":"first","14":"instock","15":"shipping-taxable","16":"purchasable","17":"product-type-simple"},"_links":{"self":[{"href":"https:\/\/conexaototalmkt.tk\/saboaria\/wp-json\/wp\/v2\/product\/15759","targetHints":{"allow":["GET"]}}],"collection":[{"href":"https:\/\/conexaototalmkt.tk\/saboaria\/wp-json\/wp\/v2\/product"}],"about":[{"href":"https:\/\/conexaototalmkt.tk\/saboaria\/wp-json\/wp\/v2\/types\/product"}],"replies":[{"embeddable":true,"href":"https:\/\/conexaototalmkt.tk\/saboaria\/wp-json\/wp\/v2\/comments?post=15759"}],"version-history":[{"count":3,"href":"https:\/\/conexaototalmkt.tk\/saboaria\/wp-json\/wp\/v2\/product\/15759\/revisions"}],"predecessor-version":[{"id":16028,"href":"https:\/\/conexaototalmkt.tk\/saboaria\/wp-json\/wp\/v2\/product\/15759\/revisions\/16028"}],"wp:featuredmedia":[{"embeddable":true,"href":"https:\/\/conexaototalmkt.tk\/saboaria\/wp-json\/wp\/v2\/media\/16015"}],"wp:attachment":[{"href":"https:\/\/conexaototalmkt.tk\/saboaria\/wp-json\/wp\/v2\/media?parent=15759"}],"wp:term":[{"taxonomy":"product_brand","embeddable":true,"href":"https:\/\/conexaototalmkt.tk\/saboaria\/wp-json\/wp\/v2\/product_brand?post=15759"},{"taxonomy":"product_cat","embeddable":true,"href":"https:\/\/conexaototalmkt.tk\/saboaria\/wp-json\/wp\/v2\/product_cat?post=15759"},{"taxonomy":"product_tag","embeddable":true,"href":"https:\/\/conexaototalmkt.tk\/saboaria\/wp-json\/wp\/v2\/product_tag?post=15759"}],"curies":[{"name":"wp","href":"https:\/\/api.w.org\/{rel}","templated":true}]}}