{"id":15758,"date":"2023-10-04T18:21:58","date_gmt":"2023-10-04T21:21:58","guid":{"rendered":"https:\/\/conexaototalmkt.tk\/saboaria\/?post_type=product&#038;p=15758"},"modified":"2023-10-05T17:04:57","modified_gmt":"2023-10-05T20:04:57","slug":"pasta-esfoliante-coffe-blend","status":"publish","type":"product","link":"https:\/\/conexaototalmkt.tk\/saboaria\/produto\/pasta-esfoliante-coffe-blend\/","title":{"rendered":"Pasta Esfoliante Coffe Blend"},"content":{"rendered":"<p><strong>Pasta esfoliante Coffe Blend &#8211; Exfoliante Scrub\u00a0<\/strong><\/p>\n<p>Esfoliante corporal coffe blend \u00e9 indicado para esfoliar o corpo deixando a pele macia, pois faz a remo\u00e7\u00e3o da camada de c\u00e9lulas al\u00e9m de uniformizar o tom da pele.<\/p>\n<p>Com part\u00edculas esfoliantes naturais obtidos do caf\u00e9 Robusta Arabica enriquecida com ativos naturais da Amaz\u00f4nia como A\u00e7a\u00ed, cacau e andiroba, trazendo a pot\u00eancia da a\u00e7\u00e3o antioxidante e hidratante para pele.<\/p>\n<p>N\u00e3o testado em animais. Livre de Parabenos.<\/p>\n<p>Produto Made in Amaz\u00f4nia.<\/p>\n<p>Desejo de Beleza: pele lisa do corpo e com tom uniforme.<\/p>\n","protected":false},"excerpt":{"rendered":"<p>Esfoliante corporal coffe blend \u00e9 indicado para esfoliar o corpo deixando a pele macia, pois faz a remo\u00e7\u00e3o da camada de c\u00e9lulas al\u00e9m de uniformizar o tom da pele.<\/p>\n","protected":false},"featured_media":16048,"comment_status":"open","ping_status":"closed","template":"","meta":[],"product_brand":[],"product_cat":[80],"product_tag":[],"class_list":{"0":"post-15758","1":"product","2":"type-product","3":"status-publish","4":"has-post-thumbnail","6":"product_cat-esfoliante","7":"product_shipping_class-correios","9":"first","10":"instock","11":"shipping-taxable","12":"purchasable","13":"product-type-simple"},"_links":{"self":[{"href":"https:\/\/conexaototalmkt.tk\/saboaria\/wp-json\/wp\/v2\/product\/15758","targetHints":{"allow":["GET"]}}],"collection":[{"href":"https:\/\/conexaototalmkt.tk\/saboaria\/wp-json\/wp\/v2\/product"}],"about":[{"href":"https:\/\/conexaototalmkt.tk\/saboaria\/wp-json\/wp\/v2\/types\/product"}],"replies":[{"embeddable":true,"href":"https:\/\/conexaototalmkt.tk\/saboaria\/wp-json\/wp\/v2\/comments?post=15758"}],"version-history":[{"count":3,"href":"https:\/\/conexaototalmkt.tk\/saboaria\/wp-json\/wp\/v2\/product\/15758\/revisions"}],"predecessor-version":[{"id":16049,"href":"https:\/\/conexaototalmkt.tk\/saboaria\/wp-json\/wp\/v2\/product\/15758\/revisions\/16049"}],"wp:featuredmedia":[{"embeddable":true,"href":"https:\/\/conexaototalmkt.tk\/saboaria\/wp-json\/wp\/v2\/media\/16048"}],"wp:attachment":[{"href":"https:\/\/conexaototalmkt.tk\/saboaria\/wp-json\/wp\/v2\/media?parent=15758"}],"wp:term":[{"taxonomy":"product_brand","embeddable":true,"href":"https:\/\/conexaototalmkt.tk\/saboaria\/wp-json\/wp\/v2\/product_brand?post=15758"},{"taxonomy":"product_cat","embeddable":true,"href":"https:\/\/conexaototalmkt.tk\/saboaria\/wp-json\/wp\/v2\/product_cat?post=15758"},{"taxonomy":"product_tag","embeddable":true,"href":"https:\/\/conexaototalmkt.tk\/saboaria\/wp-json\/wp\/v2\/product_tag?post=15758"}],"curies":[{"name":"wp","href":"https:\/\/api.w.org\/{rel}","templated":true}]}}