{"id":15757,"date":"2023-10-04T18:21:58","date_gmt":"2023-10-04T21:21:58","guid":{"rendered":"https:\/\/conexaototalmkt.tk\/saboaria\/?post_type=product&#038;p=15757"},"modified":"2023-10-05T17:14:52","modified_gmt":"2023-10-05T20:14:52","slug":"creme-esfoliante-facial-2","status":"publish","type":"product","link":"https:\/\/conexaototalmkt.tk\/saboaria\/produto\/creme-esfoliante-facial-2\/","title":{"rendered":"Creme Esfoliante Facial"},"content":{"rendered":"<p><strong>Creme Esfoliante Facial<\/strong><\/p>\n<p>Esfoliante facial com micropart\u00edculas remove c\u00e9lulas mortas e estimula a renova\u00e7\u00e3o celular, dando aquele aspecto de pele lisinha. Possui manteigas e extratos vegetais com a\u00e7\u00e3o cicatrizante, regeneradora recuperando a elasticidade natural da pele.<\/p>\n<p>A Saboaria Rond\u00f4nia ao desenvolver esse creme esfoliante permite sentir a uniformiza\u00e7\u00e3o do tom da pele al\u00e9m da maciez sem igual. Possui fragr\u00e2ncia leve.<\/p>\n<p>N\u00e3o testado em animais. Livre de Parabenos. Vegano.<\/p>\n<p>Desejo de Beleza: Pele lisa e com tom uniforme.<\/p>\n","protected":false},"excerpt":{"rendered":"<p>Esfoliante facial com micropart\u00edculas remove c\u00e9lulas mortas e estimula a renova\u00e7\u00e3o celular, dando aquele aspecto de pele lisinha. Possui manteigas e extratos vegetais com a\u00e7\u00e3o cicatrizante, regeneradora recuperando a elasticidade natural da pele.<\/p>\n<p>&nbsp;<\/p>\n","protected":false},"featured_media":15988,"comment_status":"open","ping_status":"closed","template":"","meta":[],"product_brand":[],"product_cat":[80],"product_tag":[],"class_list":{"0":"post-15757","1":"product","2":"type-product","3":"status-publish","4":"has-post-thumbnail","6":"product_cat-esfoliante","7":"product_shipping_class-correios","9":"first","10":"instock","11":"shipping-taxable","12":"purchasable","13":"product-type-simple"},"_links":{"self":[{"href":"https:\/\/conexaototalmkt.tk\/saboaria\/wp-json\/wp\/v2\/product\/15757","targetHints":{"allow":["GET"]}}],"collection":[{"href":"https:\/\/conexaototalmkt.tk\/saboaria\/wp-json\/wp\/v2\/product"}],"about":[{"href":"https:\/\/conexaototalmkt.tk\/saboaria\/wp-json\/wp\/v2\/types\/product"}],"replies":[{"embeddable":true,"href":"https:\/\/conexaototalmkt.tk\/saboaria\/wp-json\/wp\/v2\/comments?post=15757"}],"version-history":[{"count":3,"href":"https:\/\/conexaototalmkt.tk\/saboaria\/wp-json\/wp\/v2\/product\/15757\/revisions"}],"predecessor-version":[{"id":16067,"href":"https:\/\/conexaototalmkt.tk\/saboaria\/wp-json\/wp\/v2\/product\/15757\/revisions\/16067"}],"wp:featuredmedia":[{"embeddable":true,"href":"https:\/\/conexaototalmkt.tk\/saboaria\/wp-json\/wp\/v2\/media\/15988"}],"wp:attachment":[{"href":"https:\/\/conexaototalmkt.tk\/saboaria\/wp-json\/wp\/v2\/media?parent=15757"}],"wp:term":[{"taxonomy":"product_brand","embeddable":true,"href":"https:\/\/conexaototalmkt.tk\/saboaria\/wp-json\/wp\/v2\/product_brand?post=15757"},{"taxonomy":"product_cat","embeddable":true,"href":"https:\/\/conexaototalmkt.tk\/saboaria\/wp-json\/wp\/v2\/product_cat?post=15757"},{"taxonomy":"product_tag","embeddable":true,"href":"https:\/\/conexaototalmkt.tk\/saboaria\/wp-json\/wp\/v2\/product_tag?post=15757"}],"curies":[{"name":"wp","href":"https:\/\/api.w.org\/{rel}","templated":true}]}}