{"id":15756,"date":"2023-10-04T18:21:58","date_gmt":"2023-10-04T21:21:58","guid":{"rendered":"https:\/\/conexaototalmkt.tk\/saboaria\/?post_type=product&#038;p=15756"},"modified":"2023-10-05T17:13:15","modified_gmt":"2023-10-05T20:13:15","slug":"creme-hidratante-corporal-buriti","status":"publish","type":"product","link":"https:\/\/conexaototalmkt.tk\/saboaria\/produto\/creme-hidratante-corporal-buriti\/","title":{"rendered":"Creme Hidratante Corporal Buriti"},"content":{"rendered":"<p><strong>Creme Hidratante Corporal Buriti<\/strong><\/p>\n<p>Protege e hidrata a pele, r\u00e1pida absor\u00e7\u00e3o ajuda na preven\u00e7\u00e3o do ressecamento da pele, al\u00e9m de deix\u00e1-la macia e delicadamente perfumada.<\/p>\n<p>Enriquecido com \u00f3leo de buriti rico em Pr\u00f3 Vitamina A e tocofer\u00f3is que combinados com a manteiga de tucum\u00e3 confere propriedades ideal para quem busca uma rotina de cuidados di\u00e1rios.<\/p>\n<p>O \u00f3leo de buriti rico em betacaroteno, possui propriedades antioxidantes que ajudam a proteger a pele dos efeitos nocivos do sol e, tamb\u00e9m, a desacelerar o foto envelhecimento.<\/p>\n<p>Auxilia no restabelecimento da pele p\u00f3s exposi\u00e7\u00e3o solar.<\/p>\n","protected":false},"excerpt":{"rendered":"<p>Protege e hidrata a pele, r\u00e1pida absor\u00e7\u00e3o ajuda na preven\u00e7\u00e3o do ressecamento da pele, al\u00e9m de deix\u00e1-la macia e delicadamente perfumada.<\/p>\n","protected":false},"featured_media":16064,"comment_status":"open","ping_status":"closed","template":"","meta":[],"product_brand":[],"product_cat":[73,84],"product_tag":[],"class_list":{"0":"post-15756","1":"product","2":"type-product","3":"status-publish","4":"has-post-thumbnail","6":"product_cat-buriti","7":"product_cat-hidratante","8":"product_shipping_class-correios","10":"first","11":"instock","12":"shipping-taxable","13":"purchasable","14":"product-type-simple"},"_links":{"self":[{"href":"https:\/\/conexaototalmkt.tk\/saboaria\/wp-json\/wp\/v2\/product\/15756","targetHints":{"allow":["GET"]}}],"collection":[{"href":"https:\/\/conexaototalmkt.tk\/saboaria\/wp-json\/wp\/v2\/product"}],"about":[{"href":"https:\/\/conexaototalmkt.tk\/saboaria\/wp-json\/wp\/v2\/types\/product"}],"replies":[{"embeddable":true,"href":"https:\/\/conexaototalmkt.tk\/saboaria\/wp-json\/wp\/v2\/comments?post=15756"}],"version-history":[{"count":3,"href":"https:\/\/conexaototalmkt.tk\/saboaria\/wp-json\/wp\/v2\/product\/15756\/revisions"}],"predecessor-version":[{"id":16066,"href":"https:\/\/conexaototalmkt.tk\/saboaria\/wp-json\/wp\/v2\/product\/15756\/revisions\/16066"}],"wp:featuredmedia":[{"embeddable":true,"href":"https:\/\/conexaototalmkt.tk\/saboaria\/wp-json\/wp\/v2\/media\/16064"}],"wp:attachment":[{"href":"https:\/\/conexaototalmkt.tk\/saboaria\/wp-json\/wp\/v2\/media?parent=15756"}],"wp:term":[{"taxonomy":"product_brand","embeddable":true,"href":"https:\/\/conexaototalmkt.tk\/saboaria\/wp-json\/wp\/v2\/product_brand?post=15756"},{"taxonomy":"product_cat","embeddable":true,"href":"https:\/\/conexaototalmkt.tk\/saboaria\/wp-json\/wp\/v2\/product_cat?post=15756"},{"taxonomy":"product_tag","embeddable":true,"href":"https:\/\/conexaototalmkt.tk\/saboaria\/wp-json\/wp\/v2\/product_tag?post=15756"}],"curies":[{"name":"wp","href":"https:\/\/api.w.org\/{rel}","templated":true}]}}