{"id":15755,"date":"2023-10-04T18:21:58","date_gmt":"2023-10-04T21:21:58","guid":{"rendered":"https:\/\/conexaototalmkt.tk\/saboaria\/?post_type=product&#038;p=15755"},"modified":"2023-10-05T18:47:55","modified_gmt":"2023-10-05T21:47:55","slug":"sabonete-vegetal-andiroba-e-copaiba","status":"publish","type":"product","link":"https:\/\/conexaototalmkt.tk\/saboaria\/produto\/sabonete-vegetal-andiroba-e-copaiba\/","title":{"rendered":"Sabonete Vegetal Andiroba e Copa\u00edba"},"content":{"rendered":"<p><strong>Sabonete Vegetal Andiroba e Copa\u00edba<\/strong><\/p>\n<p>F\u00f3rmula exclusiva composta pela combina\u00e7\u00e3o de \u00f3leos de andiroba e copa\u00edba o b\u00e1lsamo da Amaz\u00f4nia promove hidrata\u00e7\u00e3o natural da pele propiciando uma limpeza eficaz, al\u00e9m de auxiliar no equil\u00edbrio da oleosidade. O uso dos frutos da biodiversidade amaz\u00f4nica extra\u00eddos de forma sustent\u00e1vel confere experi\u00eancia de Conex\u00e3o com a Natureza.<\/p>\n","protected":false},"excerpt":{"rendered":"<p>F\u00f3rmula exclusiva composta pela combina\u00e7\u00e3o de \u00f3leos de andiroba e copa\u00edba o b\u00e1lsamo da Amaz\u00f4nia promove hidrata\u00e7\u00e3o natural da pele propiciando uma limpeza eficaz, al\u00e9m de auxiliar no equil\u00edbrio da oleosidade.<\/p>\n","protected":false},"featured_media":16071,"comment_status":"open","ping_status":"closed","template":"","meta":[],"product_brand":[],"product_cat":[83],"product_tag":[],"class_list":{"0":"post-15755","1":"product","2":"type-product","3":"status-publish","4":"has-post-thumbnail","6":"product_cat-sabonete","7":"product_shipping_class-correios","9":"first","10":"instock","11":"shipping-taxable","12":"purchasable","13":"product-type-simple"},"_links":{"self":[{"href":"https:\/\/conexaototalmkt.tk\/saboaria\/wp-json\/wp\/v2\/product\/15755","targetHints":{"allow":["GET"]}}],"collection":[{"href":"https:\/\/conexaototalmkt.tk\/saboaria\/wp-json\/wp\/v2\/product"}],"about":[{"href":"https:\/\/conexaototalmkt.tk\/saboaria\/wp-json\/wp\/v2\/types\/product"}],"replies":[{"embeddable":true,"href":"https:\/\/conexaototalmkt.tk\/saboaria\/wp-json\/wp\/v2\/comments?post=15755"}],"version-history":[{"count":3,"href":"https:\/\/conexaototalmkt.tk\/saboaria\/wp-json\/wp\/v2\/product\/15755\/revisions"}],"predecessor-version":[{"id":16073,"href":"https:\/\/conexaototalmkt.tk\/saboaria\/wp-json\/wp\/v2\/product\/15755\/revisions\/16073"}],"wp:featuredmedia":[{"embeddable":true,"href":"https:\/\/conexaototalmkt.tk\/saboaria\/wp-json\/wp\/v2\/media\/16071"}],"wp:attachment":[{"href":"https:\/\/conexaototalmkt.tk\/saboaria\/wp-json\/wp\/v2\/media?parent=15755"}],"wp:term":[{"taxonomy":"product_brand","embeddable":true,"href":"https:\/\/conexaototalmkt.tk\/saboaria\/wp-json\/wp\/v2\/product_brand?post=15755"},{"taxonomy":"product_cat","embeddable":true,"href":"https:\/\/conexaototalmkt.tk\/saboaria\/wp-json\/wp\/v2\/product_cat?post=15755"},{"taxonomy":"product_tag","embeddable":true,"href":"https:\/\/conexaototalmkt.tk\/saboaria\/wp-json\/wp\/v2\/product_tag?post=15755"}],"curies":[{"name":"wp","href":"https:\/\/api.w.org\/{rel}","templated":true}]}}