{"id":15754,"date":"2023-10-04T18:21:58","date_gmt":"2023-10-04T21:21:58","guid":{"rendered":"https:\/\/conexaototalmkt.tk\/saboaria\/?post_type=product&#038;p=15754"},"modified":"2023-10-05T18:49:17","modified_gmt":"2023-10-05T21:49:17","slug":"sabonete-seiva-sangue-de-dragao","status":"publish","type":"product","link":"https:\/\/conexaototalmkt.tk\/saboaria\/produto\/sabonete-seiva-sangue-de-dragao\/","title":{"rendered":"Sabonete Seiva Sangue de Drag\u00e3o"},"content":{"rendered":"<p><strong>Sabonete Seiva Sangue de Drag\u00e3o<\/strong><\/p>\n<p>Sabonete composto \u00f3leos amaz\u00f4nicos enriquecido com a seiva resinosa do Dragoeiro com um toque de \u00f3leo de buriti e baba\u00e7u. Palmeiras da biodiversidade amaz\u00f4nica aliadas \u00e0 produ\u00e7\u00e3o sustent\u00e1vel em favor da beleza.<\/p>\n","protected":false},"excerpt":{"rendered":"<p>Sabonete composto \u00f3leos amaz\u00f4nicos enriquecido com a seiva resinosa do Dragoeiro com um toque de \u00f3leo de buriti e baba\u00e7u. Palmeiras da biodiversidade amaz\u00f4nica aliadas \u00e0 produ\u00e7\u00e3o sustent\u00e1vel em favor da beleza.<\/p>\n","protected":false},"featured_media":16074,"comment_status":"open","ping_status":"closed","template":"","meta":[],"product_brand":[],"product_cat":[83],"product_tag":[],"class_list":{"0":"post-15754","1":"product","2":"type-product","3":"status-publish","4":"has-post-thumbnail","6":"product_cat-sabonete","7":"product_shipping_class-correios","9":"first","10":"instock","11":"shipping-taxable","12":"purchasable","13":"product-type-simple"},"_links":{"self":[{"href":"https:\/\/conexaototalmkt.tk\/saboaria\/wp-json\/wp\/v2\/product\/15754","targetHints":{"allow":["GET"]}}],"collection":[{"href":"https:\/\/conexaototalmkt.tk\/saboaria\/wp-json\/wp\/v2\/product"}],"about":[{"href":"https:\/\/conexaototalmkt.tk\/saboaria\/wp-json\/wp\/v2\/types\/product"}],"replies":[{"embeddable":true,"href":"https:\/\/conexaototalmkt.tk\/saboaria\/wp-json\/wp\/v2\/comments?post=15754"}],"version-history":[{"count":3,"href":"https:\/\/conexaototalmkt.tk\/saboaria\/wp-json\/wp\/v2\/product\/15754\/revisions"}],"predecessor-version":[{"id":16076,"href":"https:\/\/conexaototalmkt.tk\/saboaria\/wp-json\/wp\/v2\/product\/15754\/revisions\/16076"}],"wp:featuredmedia":[{"embeddable":true,"href":"https:\/\/conexaototalmkt.tk\/saboaria\/wp-json\/wp\/v2\/media\/16074"}],"wp:attachment":[{"href":"https:\/\/conexaototalmkt.tk\/saboaria\/wp-json\/wp\/v2\/media?parent=15754"}],"wp:term":[{"taxonomy":"product_brand","embeddable":true,"href":"https:\/\/conexaototalmkt.tk\/saboaria\/wp-json\/wp\/v2\/product_brand?post=15754"},{"taxonomy":"product_cat","embeddable":true,"href":"https:\/\/conexaototalmkt.tk\/saboaria\/wp-json\/wp\/v2\/product_cat?post=15754"},{"taxonomy":"product_tag","embeddable":true,"href":"https:\/\/conexaototalmkt.tk\/saboaria\/wp-json\/wp\/v2\/product_tag?post=15754"}],"curies":[{"name":"wp","href":"https:\/\/api.w.org\/{rel}","templated":true}]}}