{"id":15753,"date":"2023-10-04T18:21:58","date_gmt":"2023-10-04T21:21:58","guid":{"rendered":"https:\/\/conexaototalmkt.tk\/saboaria\/?post_type=product&#038;p=15753"},"modified":"2023-10-05T18:57:49","modified_gmt":"2023-10-05T21:57:49","slug":"sabonete-vegetal-buriti-e-murumuru","status":"publish","type":"product","link":"https:\/\/conexaototalmkt.tk\/saboaria\/produto\/sabonete-vegetal-buriti-e-murumuru\/","title":{"rendered":"Sabonete Vegetal Buriti e Murumuru"},"content":{"rendered":"<p>Das mais exuberantes palmeiras de Buriti encontradas na Floresta Amaz\u00f4nica \u00e9 extra\u00eddo um \u00f3leo com alto teor de caroteno e tocofer\u00f3is que s\u00e3o poderosos antioxidantes que combinado as propriedades nutritivas da manteiga de Murumuru propicia ao seu banho todo um cuidado que somente a natureza \u00e9 capaz de conceder. E assim voc\u00ea se cuida e ajuda a preservar a Amaz\u00f4nia.<\/p>\n","protected":false},"excerpt":{"rendered":"<p>Das mais exuberantes palmeiras de Buriti encontradas na Floresta Amaz\u00f4nica \u00e9 extra\u00eddo um \u00f3leo com alto teor de caroteno e tocofer\u00f3is que s\u00e3o poderosos antioxidantes que combinado as propriedades nutritivas da manteiga de Murumuru.<\/p>\n","protected":false},"featured_media":16079,"comment_status":"open","ping_status":"closed","template":"","meta":[],"product_brand":[],"product_cat":[83],"product_tag":[],"class_list":{"0":"post-15753","1":"product","2":"type-product","3":"status-publish","4":"has-post-thumbnail","6":"product_cat-sabonete","7":"product_shipping_class-correios","9":"first","10":"instock","11":"shipping-taxable","12":"purchasable","13":"product-type-simple"},"_links":{"self":[{"href":"https:\/\/conexaototalmkt.tk\/saboaria\/wp-json\/wp\/v2\/product\/15753","targetHints":{"allow":["GET"]}}],"collection":[{"href":"https:\/\/conexaototalmkt.tk\/saboaria\/wp-json\/wp\/v2\/product"}],"about":[{"href":"https:\/\/conexaototalmkt.tk\/saboaria\/wp-json\/wp\/v2\/types\/product"}],"replies":[{"embeddable":true,"href":"https:\/\/conexaototalmkt.tk\/saboaria\/wp-json\/wp\/v2\/comments?post=15753"}],"version-history":[{"count":2,"href":"https:\/\/conexaototalmkt.tk\/saboaria\/wp-json\/wp\/v2\/product\/15753\/revisions"}],"predecessor-version":[{"id":16077,"href":"https:\/\/conexaototalmkt.tk\/saboaria\/wp-json\/wp\/v2\/product\/15753\/revisions\/16077"}],"wp:featuredmedia":[{"embeddable":true,"href":"https:\/\/conexaototalmkt.tk\/saboaria\/wp-json\/wp\/v2\/media\/16079"}],"wp:attachment":[{"href":"https:\/\/conexaototalmkt.tk\/saboaria\/wp-json\/wp\/v2\/media?parent=15753"}],"wp:term":[{"taxonomy":"product_brand","embeddable":true,"href":"https:\/\/conexaototalmkt.tk\/saboaria\/wp-json\/wp\/v2\/product_brand?post=15753"},{"taxonomy":"product_cat","embeddable":true,"href":"https:\/\/conexaototalmkt.tk\/saboaria\/wp-json\/wp\/v2\/product_cat?post=15753"},{"taxonomy":"product_tag","embeddable":true,"href":"https:\/\/conexaototalmkt.tk\/saboaria\/wp-json\/wp\/v2\/product_tag?post=15753"}],"curies":[{"name":"wp","href":"https:\/\/api.w.org\/{rel}","templated":true}]}}