{"id":15752,"date":"2023-10-04T18:21:58","date_gmt":"2023-10-04T21:21:58","guid":{"rendered":"https:\/\/conexaototalmkt.tk\/saboaria\/?post_type=product&#038;p=15752"},"modified":"2023-10-05T18:51:17","modified_gmt":"2023-10-05T21:51:17","slug":"sabonete-vegetal-babacu-e-pracaxi","status":"publish","type":"product","link":"https:\/\/conexaototalmkt.tk\/saboaria\/produto\/sabonete-vegetal-babacu-e-pracaxi\/","title":{"rendered":"Sabonete Vegetal Baba\u00e7u e Pracaxi"},"content":{"rendered":"<p><strong>Sabonete Vegetal Baba\u00e7u e Pracaxi<\/strong><\/p>\n<p>Cremoso e fabricado com puros \u00f3leos de baba\u00e7u e pracaxi da biodiversidade amaz\u00f4nica. Uma combina\u00e7\u00e3o perfeita para realiza\u00e7\u00e3o da limpeza da pele de maneira suave e natural, deixando-a com uma sensa\u00e7\u00e3o de auto cuidado e um toque agrad\u00e1vel do melhor que a natureza traz at\u00e9 voc\u00ea. Cuide de voc\u00ea e da Amaz\u00f4nia.<\/p>\n","protected":false},"excerpt":{"rendered":"<p>Cremoso e fabricado com puros \u00f3leos de baba\u00e7u e pracaxi da biodiversidade amaz\u00f4nica.<\/p>\n","protected":false},"featured_media":16070,"comment_status":"open","ping_status":"closed","template":"","meta":[],"product_brand":[],"product_cat":[83],"product_tag":[],"class_list":{"0":"post-15752","1":"product","2":"type-product","3":"status-publish","4":"has-post-thumbnail","6":"product_cat-sabonete","7":"product_shipping_class-correios","9":"first","10":"instock","11":"shipping-taxable","12":"purchasable","13":"product-type-simple"},"_links":{"self":[{"href":"https:\/\/conexaototalmkt.tk\/saboaria\/wp-json\/wp\/v2\/product\/15752","targetHints":{"allow":["GET"]}}],"collection":[{"href":"https:\/\/conexaototalmkt.tk\/saboaria\/wp-json\/wp\/v2\/product"}],"about":[{"href":"https:\/\/conexaototalmkt.tk\/saboaria\/wp-json\/wp\/v2\/types\/product"}],"replies":[{"embeddable":true,"href":"https:\/\/conexaototalmkt.tk\/saboaria\/wp-json\/wp\/v2\/comments?post=15752"}],"version-history":[{"count":3,"href":"https:\/\/conexaototalmkt.tk\/saboaria\/wp-json\/wp\/v2\/product\/15752\/revisions"}],"predecessor-version":[{"id":16078,"href":"https:\/\/conexaototalmkt.tk\/saboaria\/wp-json\/wp\/v2\/product\/15752\/revisions\/16078"}],"wp:featuredmedia":[{"embeddable":true,"href":"https:\/\/conexaototalmkt.tk\/saboaria\/wp-json\/wp\/v2\/media\/16070"}],"wp:attachment":[{"href":"https:\/\/conexaototalmkt.tk\/saboaria\/wp-json\/wp\/v2\/media?parent=15752"}],"wp:term":[{"taxonomy":"product_brand","embeddable":true,"href":"https:\/\/conexaototalmkt.tk\/saboaria\/wp-json\/wp\/v2\/product_brand?post=15752"},{"taxonomy":"product_cat","embeddable":true,"href":"https:\/\/conexaototalmkt.tk\/saboaria\/wp-json\/wp\/v2\/product_cat?post=15752"},{"taxonomy":"product_tag","embeddable":true,"href":"https:\/\/conexaototalmkt.tk\/saboaria\/wp-json\/wp\/v2\/product_tag?post=15752"}],"curies":[{"name":"wp","href":"https:\/\/api.w.org\/{rel}","templated":true}]}}