{"id":15751,"date":"2023-10-04T18:21:57","date_gmt":"2023-10-04T21:21:57","guid":{"rendered":"https:\/\/conexaototalmkt.tk\/saboaria\/?post_type=product&#038;p=15751"},"modified":"2023-10-05T16:11:24","modified_gmt":"2023-10-05T19:11:24","slug":"bruma-facial","status":"publish","type":"product","link":"https:\/\/conexaototalmkt.tk\/saboaria\/produto\/bruma-facial\/","title":{"rendered":"Bruma Facial"},"content":{"rendered":"<p><strong>Bruma Facial &#8211; 60 ml<\/strong><\/p>\n<p>Leve e fresca, a Bruma facial traz aquela sensa\u00e7\u00e3o de ter acabado de tomar um banho relaxante, aroma revigorante o que proporciona bem estar, podendo ainda ser usada antes da maquiagem com intuito de tonificar a pele e hidratar.<br \/>\nPode ser usada a qualquer momento do dia deixando a pele fresca e radiante. N\u00e3o testado em animais. Livre de Parabenos. Made in Amaz\u00f4nia.<\/p>\n<p>Categoria: uso home care<br \/>\nDesejo de Beleza: Brisa fresca a qualquer momento.<br \/>\nVolume: 60 ml<\/p>\n<blockquote><p>Ao comprar esse produto voc\u00ea contribui com um projeto de extrativismo sustent\u00e1vel da Amaz\u00f4nia, apoiando a comunidade de mulheres rurais\u00a0empreendedoras.<\/p><\/blockquote>\n","protected":false},"excerpt":{"rendered":"<p>Leve e fresca, a Bruma facial traz aquela sensa\u00e7\u00e3o de ter acabado de tomar um banho relaxante, aroma revigorante o que proporciona bem estar, podendo ainda ser usada antes da maquiagem com intuito de tonificar a pele e hidratar.<\/p>\n","protected":false},"featured_media":15987,"comment_status":"open","ping_status":"closed","template":"","meta":[],"product_brand":[],"product_cat":[82],"product_tag":[],"class_list":{"0":"post-15751","1":"product","2":"type-product","3":"status-publish","4":"has-post-thumbnail","6":"product_cat-bruma","7":"product_shipping_class-correios","9":"first","10":"instock","11":"shipping-taxable","12":"purchasable","13":"product-type-simple"},"_links":{"self":[{"href":"https:\/\/conexaototalmkt.tk\/saboaria\/wp-json\/wp\/v2\/product\/15751","targetHints":{"allow":["GET"]}}],"collection":[{"href":"https:\/\/conexaototalmkt.tk\/saboaria\/wp-json\/wp\/v2\/product"}],"about":[{"href":"https:\/\/conexaototalmkt.tk\/saboaria\/wp-json\/wp\/v2\/types\/product"}],"replies":[{"embeddable":true,"href":"https:\/\/conexaototalmkt.tk\/saboaria\/wp-json\/wp\/v2\/comments?post=15751"}],"version-history":[{"count":4,"href":"https:\/\/conexaototalmkt.tk\/saboaria\/wp-json\/wp\/v2\/product\/15751\/revisions"}],"predecessor-version":[{"id":15994,"href":"https:\/\/conexaototalmkt.tk\/saboaria\/wp-json\/wp\/v2\/product\/15751\/revisions\/15994"}],"wp:featuredmedia":[{"embeddable":true,"href":"https:\/\/conexaototalmkt.tk\/saboaria\/wp-json\/wp\/v2\/media\/15987"}],"wp:attachment":[{"href":"https:\/\/conexaototalmkt.tk\/saboaria\/wp-json\/wp\/v2\/media?parent=15751"}],"wp:term":[{"taxonomy":"product_brand","embeddable":true,"href":"https:\/\/conexaototalmkt.tk\/saboaria\/wp-json\/wp\/v2\/product_brand?post=15751"},{"taxonomy":"product_cat","embeddable":true,"href":"https:\/\/conexaototalmkt.tk\/saboaria\/wp-json\/wp\/v2\/product_cat?post=15751"},{"taxonomy":"product_tag","embeddable":true,"href":"https:\/\/conexaototalmkt.tk\/saboaria\/wp-json\/wp\/v2\/product_tag?post=15751"}],"curies":[{"name":"wp","href":"https:\/\/api.w.org\/{rel}","templated":true}]}}