{"id":15750,"date":"2023-10-04T18:21:57","date_gmt":"2023-10-04T21:21:57","guid":{"rendered":"https:\/\/conexaototalmkt.tk\/saboaria\/?post_type=product&#038;p=15750"},"modified":"2023-10-05T16:12:35","modified_gmt":"2023-10-05T19:12:35","slug":"desodorante-natural","status":"publish","type":"product","link":"https:\/\/conexaototalmkt.tk\/saboaria\/produto\/desodorante-natural\/","title":{"rendered":"Desodorante Natural"},"content":{"rendered":"<p><strong>Desodorante Natural &#8211; 70 g<\/strong><\/p>\n<p>Desodorante natural, s\u00f3lido com textura que desliza facilmente pela pele da axila, seca rapidamente, possui fragr\u00e2ncia natural c\u00edtrico herbal, enriquecido com \u00f3leos vegetais de buriti e baba\u00e7u com propriedades bactericidas al\u00e9m de aumenta a hidrata\u00e7\u00e3o, cicatriza\u00e7\u00e3o cuidando de forma integral da axila. Produto livre de alum\u00ednio. N\u00e3o testado em animais. Livre de Parabenos. Made in Amaz\u00f4nia.<\/p>\n<p>Categoria: uso home care<br \/>\nDesejo de Beleza: desodorante natural livre alum\u00ednio.<br \/>\nPeso: 70 g<\/p>\n<p>Ao comprar esse produto voc\u00ea contribui com um projeto de extrativismo sustent\u00e1vel da Amaz\u00f4nia, apoiando a comunidade de mulheres rurais empreendedoras.<\/p>\n","protected":false},"excerpt":{"rendered":"<p>Desodorante natural, s\u00f3lido com textura que desliza facilmente pela pele da axila, seca rapidamente, possui fragr\u00e2ncia natural c\u00edtrico herbal, enriquecido com \u00f3leos vegetais de buriti e baba\u00e7u com propriedades bactericidas al\u00e9m de aumenta a hidrata\u00e7\u00e3o, cicatriza\u00e7\u00e3o cuidando de forma integral da axila.<\/p>\n","protected":false},"featured_media":15989,"comment_status":"open","ping_status":"closed","template":"","meta":[],"product_brand":[],"product_cat":[81],"product_tag":[],"class_list":{"0":"post-15750","1":"product","2":"type-product","3":"status-publish","4":"has-post-thumbnail","6":"product_cat-desodorante","7":"product_shipping_class-correios","9":"first","10":"instock","11":"shipping-taxable","12":"purchasable","13":"product-type-simple"},"_links":{"self":[{"href":"https:\/\/conexaototalmkt.tk\/saboaria\/wp-json\/wp\/v2\/product\/15750","targetHints":{"allow":["GET"]}}],"collection":[{"href":"https:\/\/conexaototalmkt.tk\/saboaria\/wp-json\/wp\/v2\/product"}],"about":[{"href":"https:\/\/conexaototalmkt.tk\/saboaria\/wp-json\/wp\/v2\/types\/product"}],"replies":[{"embeddable":true,"href":"https:\/\/conexaototalmkt.tk\/saboaria\/wp-json\/wp\/v2\/comments?post=15750"}],"version-history":[{"count":3,"href":"https:\/\/conexaototalmkt.tk\/saboaria\/wp-json\/wp\/v2\/product\/15750\/revisions"}],"predecessor-version":[{"id":15996,"href":"https:\/\/conexaototalmkt.tk\/saboaria\/wp-json\/wp\/v2\/product\/15750\/revisions\/15996"}],"wp:featuredmedia":[{"embeddable":true,"href":"https:\/\/conexaototalmkt.tk\/saboaria\/wp-json\/wp\/v2\/media\/15989"}],"wp:attachment":[{"href":"https:\/\/conexaototalmkt.tk\/saboaria\/wp-json\/wp\/v2\/media?parent=15750"}],"wp:term":[{"taxonomy":"product_brand","embeddable":true,"href":"https:\/\/conexaototalmkt.tk\/saboaria\/wp-json\/wp\/v2\/product_brand?post=15750"},{"taxonomy":"product_cat","embeddable":true,"href":"https:\/\/conexaototalmkt.tk\/saboaria\/wp-json\/wp\/v2\/product_cat?post=15750"},{"taxonomy":"product_tag","embeddable":true,"href":"https:\/\/conexaototalmkt.tk\/saboaria\/wp-json\/wp\/v2\/product_tag?post=15750"}],"curies":[{"name":"wp","href":"https:\/\/api.w.org\/{rel}","templated":true}]}}