{"id":15749,"date":"2023-10-04T18:21:57","date_gmt":"2023-10-04T21:21:57","guid":{"rendered":"https:\/\/conexaototalmkt.tk\/saboaria\/?post_type=product&#038;p=15749"},"modified":"2023-10-05T18:56:25","modified_gmt":"2023-10-05T21:56:25","slug":"creme-esfoliante-facial","status":"publish","type":"product","link":"https:\/\/conexaototalmkt.tk\/saboaria\/produto\/creme-esfoliante-facial\/","title":{"rendered":"Creme Esfoliante Facial"},"content":{"rendered":"<p><strong>Creme Esfoliante Facial &#8211; 60 g<\/strong><\/p>\n<p>Esfoliante facial com micropart\u00edculas remove c\u00e9lulas mortas e estimula a renova\u00e7\u00e3o celular, dando aquele aspecto de pele lisinha. Possui manteigas e extratos vegetais com a\u00e7\u00e3o cicatrizante, regeneradora recuperando a elasticidade natural da pele. A Saboaria Rond\u00f4nia ao desenvolver esse creme esfoliante permite sentir a uniformiza\u00e7\u00e3o do tom da pele al\u00e9m da maciez sem igual. Possui fragr\u00e2ncia leve. N\u00e3o testado em animais. Livre de Parabenos. Produto Made in Amaz\u00f4nia. Vegano<\/p>\n<p>Categoria: uso home care<br \/>\nDesejo de Beleza: Pele lisinha e com tom uniforme<br \/>\nPeso: 60 g<\/p>\n<blockquote><p>Ao comprar esse produto voc\u00ea contribui com um projeto de extrativismo sustent\u00e1vel da Amaz\u00f4nia, apoiando a comunidade de mulheres rurais empreendedoras.<\/p><\/blockquote>\n","protected":false},"excerpt":{"rendered":"<p>Esfoliante facial com micropart\u00edculas remove c\u00e9lulas mortas e estimula a renova\u00e7\u00e3o celular, dando aquele aspecto de pele lisinha. Possui manteigas e extratos vegetais com a\u00e7\u00e3o cicatrizante, regeneradora recuperando a elasticidade natural da pele.<\/p>\n","protected":false},"featured_media":16068,"comment_status":"open","ping_status":"closed","template":"","meta":[],"product_brand":[],"product_cat":[80],"product_tag":[],"class_list":{"0":"post-15749","1":"product","2":"type-product","3":"status-publish","4":"has-post-thumbnail","6":"product_cat-esfoliante","7":"product_shipping_class-correios","9":"first","10":"instock","11":"shipping-taxable","12":"purchasable","13":"product-type-simple"},"_links":{"self":[{"href":"https:\/\/conexaototalmkt.tk\/saboaria\/wp-json\/wp\/v2\/product\/15749","targetHints":{"allow":["GET"]}}],"collection":[{"href":"https:\/\/conexaototalmkt.tk\/saboaria\/wp-json\/wp\/v2\/product"}],"about":[{"href":"https:\/\/conexaototalmkt.tk\/saboaria\/wp-json\/wp\/v2\/types\/product"}],"replies":[{"embeddable":true,"href":"https:\/\/conexaototalmkt.tk\/saboaria\/wp-json\/wp\/v2\/comments?post=15749"}],"version-history":[{"count":3,"href":"https:\/\/conexaototalmkt.tk\/saboaria\/wp-json\/wp\/v2\/product\/15749\/revisions"}],"predecessor-version":[{"id":15998,"href":"https:\/\/conexaototalmkt.tk\/saboaria\/wp-json\/wp\/v2\/product\/15749\/revisions\/15998"}],"wp:featuredmedia":[{"embeddable":true,"href":"https:\/\/conexaototalmkt.tk\/saboaria\/wp-json\/wp\/v2\/media\/16068"}],"wp:attachment":[{"href":"https:\/\/conexaototalmkt.tk\/saboaria\/wp-json\/wp\/v2\/media?parent=15749"}],"wp:term":[{"taxonomy":"product_brand","embeddable":true,"href":"https:\/\/conexaototalmkt.tk\/saboaria\/wp-json\/wp\/v2\/product_brand?post=15749"},{"taxonomy":"product_cat","embeddable":true,"href":"https:\/\/conexaototalmkt.tk\/saboaria\/wp-json\/wp\/v2\/product_cat?post=15749"},{"taxonomy":"product_tag","embeddable":true,"href":"https:\/\/conexaototalmkt.tk\/saboaria\/wp-json\/wp\/v2\/product_tag?post=15749"}],"curies":[{"name":"wp","href":"https:\/\/api.w.org\/{rel}","templated":true}]}}