{"id":15748,"date":"2023-10-04T18:21:57","date_gmt":"2023-10-04T21:21:57","guid":{"rendered":"https:\/\/conexaototalmkt.tk\/saboaria\/?post_type=product&#038;p=15748"},"modified":"2023-10-05T16:17:00","modified_gmt":"2023-10-05T19:17:00","slug":"pasta-esfoliante-coffe-blend-exfoliant-scrub","status":"publish","type":"product","link":"https:\/\/conexaototalmkt.tk\/saboaria\/produto\/pasta-esfoliante-coffe-blend-exfoliant-scrub\/","title":{"rendered":"Pasta Esfoliante Coffe Blend- Exfoliant Scrub"},"content":{"rendered":"<p><strong>Pasta Esfoliante Coffe Blend- Exfoliant Scrub &#8211; 300 g<\/strong><\/p>\n<p>Esfoliante corporal coffe blend \u00e9 indicado para esfoliar o corpo deixando a pele macia, pois faz a remo\u00e7\u00e3o da camada de c\u00e9lulas al\u00e9m de uniformizar o tom da pele.<br \/>\nCom part\u00edculas esfoliantes naturais obtidos do caf\u00e9 Robusta Arabica enriquecida com ativos naturais da Amaz\u00f4nia como A\u00e7a\u00ed, cacau e andiroba, trazendo a pot\u00eancia da a\u00e7\u00e3o antioxidante e hidratante para pele. N\u00e3o testado em animais. Livre de Parabenos. Produto Made in Amaz\u00f4nia.<\/p>\n<p>Categoria: uso home care<br \/>\nDesejo de Beleza: Pele lisinha do corpo e com tom uniforme<br \/>\nPeso: 300 g<\/p>\n<blockquote><p>Ao comprar esse produto voc\u00ea contribui com um projeto de extrativismo sustent\u00e1vel da Amaz\u00f4nia, apoiando a comunidade de mulheres rurais empreendedoras.<\/p><\/blockquote>\n","protected":false},"excerpt":{"rendered":"<p>Esfoliante corporal coffe blend \u00e9 indicado para esfoliar o corpo deixando a pele macia, pois faz a remo\u00e7\u00e3o da camada de c\u00e9lulas al\u00e9m de uniformizar o tom da pele.<br \/>\nCom part\u00edculas esfoliantes naturais obtidos do caf\u00e9 Robusta Arabica enriquecida com ativos naturais da Amaz\u00f4nia como A\u00e7a\u00ed, cacau e andiroba, trazendo a pot\u00eancia da a\u00e7\u00e3o antioxidante e hidratante para pele.<\/p>\n","protected":false},"featured_media":16000,"comment_status":"open","ping_status":"closed","template":"","meta":[],"product_brand":[],"product_cat":[79,80],"product_tag":[],"class_list":{"0":"post-15748","1":"product","2":"type-product","3":"status-publish","4":"has-post-thumbnail","6":"product_cat-cafe","7":"product_cat-esfoliante","8":"product_shipping_class-correios","10":"first","11":"instock","12":"shipping-taxable","13":"purchasable","14":"product-type-simple"},"_links":{"self":[{"href":"https:\/\/conexaototalmkt.tk\/saboaria\/wp-json\/wp\/v2\/product\/15748","targetHints":{"allow":["GET"]}}],"collection":[{"href":"https:\/\/conexaototalmkt.tk\/saboaria\/wp-json\/wp\/v2\/product"}],"about":[{"href":"https:\/\/conexaototalmkt.tk\/saboaria\/wp-json\/wp\/v2\/types\/product"}],"replies":[{"embeddable":true,"href":"https:\/\/conexaototalmkt.tk\/saboaria\/wp-json\/wp\/v2\/comments?post=15748"}],"version-history":[{"count":3,"href":"https:\/\/conexaototalmkt.tk\/saboaria\/wp-json\/wp\/v2\/product\/15748\/revisions"}],"predecessor-version":[{"id":16001,"href":"https:\/\/conexaototalmkt.tk\/saboaria\/wp-json\/wp\/v2\/product\/15748\/revisions\/16001"}],"wp:featuredmedia":[{"embeddable":true,"href":"https:\/\/conexaototalmkt.tk\/saboaria\/wp-json\/wp\/v2\/media\/16000"}],"wp:attachment":[{"href":"https:\/\/conexaototalmkt.tk\/saboaria\/wp-json\/wp\/v2\/media?parent=15748"}],"wp:term":[{"taxonomy":"product_brand","embeddable":true,"href":"https:\/\/conexaototalmkt.tk\/saboaria\/wp-json\/wp\/v2\/product_brand?post=15748"},{"taxonomy":"product_cat","embeddable":true,"href":"https:\/\/conexaototalmkt.tk\/saboaria\/wp-json\/wp\/v2\/product_cat?post=15748"},{"taxonomy":"product_tag","embeddable":true,"href":"https:\/\/conexaototalmkt.tk\/saboaria\/wp-json\/wp\/v2\/product_tag?post=15748"}],"curies":[{"name":"wp","href":"https:\/\/api.w.org\/{rel}","templated":true}]}}