{"id":15747,"date":"2023-10-04T18:21:57","date_gmt":"2023-10-04T21:21:57","guid":{"rendered":"https:\/\/conexaototalmkt.tk\/saboaria\/?post_type=product&#038;p=15747"},"modified":"2023-10-05T16:19:12","modified_gmt":"2023-10-05T19:19:12","slug":"lip-balm-bioma","status":"publish","type":"product","link":"https:\/\/conexaototalmkt.tk\/saboaria\/produto\/lip-balm-bioma\/","title":{"rendered":"Lip Balm Bioma"},"content":{"rendered":"<p><strong>Lip Balm Bioma &#8211; 6 g<\/strong><\/p>\n<p>Lip Balm Bioma tem cuidados ideias para a pele delicada dos l\u00e1bios, mudan\u00e7as de temperatura e umidade do ambiente, podem agredir e deixar nossos l\u00e1bios ressecados, descamativos e sem brilho.<\/p>\n<p>Por isso a Saboaria Rond\u00f4nia uniu \u00f3leos e manteigas com propriedades para acalmar, nutrir e repor lip\u00eddeos essenciais. Devolvendo a cor natural dos l\u00e1bios e a prote\u00e7\u00e3o. Ao aplicar voc\u00ea ir\u00e1 sentir sua cremosidade e leve fragr\u00e2ncia herbal. N\u00e3o testado em animais. Livre de Parabenos. Produto Made in Amaz\u00f4nia.<\/p>\n<p>Categoria: uso home care<br \/>\nDesejo de Beleza: L\u00e1bios protegidos e nutridos.<br \/>\nPeso: 6 g<\/p>\n<blockquote><p>Ao comprar esse produto voc\u00ea contribui com um projeto de extrativismo sustent\u00e1vel da Amaz\u00f4nia, apoiando a comunidade de mulheres rurais empreendedoras.<\/p><\/blockquote>\n","protected":false},"excerpt":{"rendered":"<p>Lip Balm Bioma tem cuidados ideias para a pele delicada dos l\u00e1bios, mudan\u00e7as de temperatura e umidade do ambiente, podem agredir e deixar nossos l\u00e1bios ressecados, descamativos e sem brilho.<\/p>\n","protected":false},"featured_media":16002,"comment_status":"open","ping_status":"closed","template":"","meta":[],"product_brand":[],"product_cat":[78],"product_tag":[],"class_list":{"0":"post-15747","1":"product","2":"type-product","3":"status-publish","4":"has-post-thumbnail","6":"product_cat-lip-balm","7":"product_shipping_class-correios","9":"first","10":"instock","11":"shipping-taxable","12":"purchasable","13":"product-type-simple"},"_links":{"self":[{"href":"https:\/\/conexaototalmkt.tk\/saboaria\/wp-json\/wp\/v2\/product\/15747","targetHints":{"allow":["GET"]}}],"collection":[{"href":"https:\/\/conexaototalmkt.tk\/saboaria\/wp-json\/wp\/v2\/product"}],"about":[{"href":"https:\/\/conexaototalmkt.tk\/saboaria\/wp-json\/wp\/v2\/types\/product"}],"replies":[{"embeddable":true,"href":"https:\/\/conexaototalmkt.tk\/saboaria\/wp-json\/wp\/v2\/comments?post=15747"}],"version-history":[{"count":3,"href":"https:\/\/conexaototalmkt.tk\/saboaria\/wp-json\/wp\/v2\/product\/15747\/revisions"}],"predecessor-version":[{"id":16004,"href":"https:\/\/conexaototalmkt.tk\/saboaria\/wp-json\/wp\/v2\/product\/15747\/revisions\/16004"}],"wp:featuredmedia":[{"embeddable":true,"href":"https:\/\/conexaototalmkt.tk\/saboaria\/wp-json\/wp\/v2\/media\/16002"}],"wp:attachment":[{"href":"https:\/\/conexaototalmkt.tk\/saboaria\/wp-json\/wp\/v2\/media?parent=15747"}],"wp:term":[{"taxonomy":"product_brand","embeddable":true,"href":"https:\/\/conexaototalmkt.tk\/saboaria\/wp-json\/wp\/v2\/product_brand?post=15747"},{"taxonomy":"product_cat","embeddable":true,"href":"https:\/\/conexaototalmkt.tk\/saboaria\/wp-json\/wp\/v2\/product_cat?post=15747"},{"taxonomy":"product_tag","embeddable":true,"href":"https:\/\/conexaototalmkt.tk\/saboaria\/wp-json\/wp\/v2\/product_tag?post=15747"}],"curies":[{"name":"wp","href":"https:\/\/api.w.org\/{rel}","templated":true}]}}