{"id":15746,"date":"2023-10-04T18:21:57","date_gmt":"2023-10-04T21:21:57","guid":{"rendered":"https:\/\/conexaototalmkt.tk\/saboaria\/?post_type=product&#038;p=15746"},"modified":"2023-10-05T16:28:40","modified_gmt":"2023-10-05T19:28:40","slug":"serum-facial-bioma","status":"publish","type":"product","link":"https:\/\/conexaototalmkt.tk\/saboaria\/produto\/serum-facial-bioma\/","title":{"rendered":"S\u00e9rum Facial Bioma"},"content":{"rendered":"<p><strong>S\u00e9rum Facial Bioma &#8211; 30 ml<\/strong><\/p>\n<p>Foi desenvolvido para conectar voc\u00ea a natureza. A Saboaria Rond\u00f4nia uniu a for\u00e7a de duas Palmeiras s\u00edmbolo da Preserva\u00e7\u00e3o da Amaz\u00f4nia que trazem consigo propriedades riqu\u00edssimas da sua biogen\u00e9tica \u00fanica.<br \/>\nSerum \u00e9 enriquecido com propriedades antioxidantes para pausar os sinais vis\u00edveis do envelhecimento da pele, al\u00e9m da a\u00e7\u00e3o hidratante profunda proporcionando um efeito iluminado, favorecendo um rosto mais radiante e jovial.<\/p>\n<p>Livre de fragr\u00e2ncia. N\u00e3o testado em animais. Livre de Parabenos. Produto Made in Amaz\u00f4nia.<\/p>\n<p>Indica\u00e7\u00e3o: todos os tipos de pele<br \/>\nCategoria: uso home care<br \/>\nIdade: Ap\u00f3s 20 anos de idade.<br \/>\nDesejo de Beleza: Pele radiante e jovial.<br \/>\nVolume: 30 ml<\/p>\n<blockquote><p>Ao comprar esse produto voc\u00ea contribui com um projeto de extrativismo sustent\u00e1vel da Amaz\u00f4nia, apoiando a comunidade de mulheres rurais empreendedoras.<\/p><\/blockquote>\n","protected":false},"excerpt":{"rendered":"<p>Serum \u00e9 enriquecido com propriedades antioxidantes para pausar os sinais vis\u00edveis do envelhecimento da pele, al\u00e9m da a\u00e7\u00e3o hidratante profunda proporcionando um efeito iluminado, favorecendo um rosto mais radiante e jovial.<\/p>\n","protected":false},"featured_media":16006,"comment_status":"open","ping_status":"closed","template":"","meta":[],"product_brand":[],"product_cat":[72,73,77],"product_tag":[],"class_list":{"0":"post-15746","1":"product","2":"type-product","3":"status-publish","4":"has-post-thumbnail","6":"product_cat-babacu","7":"product_cat-buriti","8":"product_cat-serum","9":"product_shipping_class-correios","11":"first","12":"instock","13":"shipping-taxable","14":"purchasable","15":"product-type-simple"},"_links":{"self":[{"href":"https:\/\/conexaototalmkt.tk\/saboaria\/wp-json\/wp\/v2\/product\/15746","targetHints":{"allow":["GET"]}}],"collection":[{"href":"https:\/\/conexaototalmkt.tk\/saboaria\/wp-json\/wp\/v2\/product"}],"about":[{"href":"https:\/\/conexaototalmkt.tk\/saboaria\/wp-json\/wp\/v2\/types\/product"}],"replies":[{"embeddable":true,"href":"https:\/\/conexaototalmkt.tk\/saboaria\/wp-json\/wp\/v2\/comments?post=15746"}],"version-history":[{"count":3,"href":"https:\/\/conexaototalmkt.tk\/saboaria\/wp-json\/wp\/v2\/product\/15746\/revisions"}],"predecessor-version":[{"id":16008,"href":"https:\/\/conexaototalmkt.tk\/saboaria\/wp-json\/wp\/v2\/product\/15746\/revisions\/16008"}],"wp:featuredmedia":[{"embeddable":true,"href":"https:\/\/conexaototalmkt.tk\/saboaria\/wp-json\/wp\/v2\/media\/16006"}],"wp:attachment":[{"href":"https:\/\/conexaototalmkt.tk\/saboaria\/wp-json\/wp\/v2\/media?parent=15746"}],"wp:term":[{"taxonomy":"product_brand","embeddable":true,"href":"https:\/\/conexaototalmkt.tk\/saboaria\/wp-json\/wp\/v2\/product_brand?post=15746"},{"taxonomy":"product_cat","embeddable":true,"href":"https:\/\/conexaototalmkt.tk\/saboaria\/wp-json\/wp\/v2\/product_cat?post=15746"},{"taxonomy":"product_tag","embeddable":true,"href":"https:\/\/conexaototalmkt.tk\/saboaria\/wp-json\/wp\/v2\/product_tag?post=15746"}],"curies":[{"name":"wp","href":"https:\/\/api.w.org\/{rel}","templated":true}]}}