{"id":15745,"date":"2023-10-04T18:21:57","date_gmt":"2023-10-04T21:21:57","guid":{"rendered":"https:\/\/conexaototalmkt.tk\/saboaria\/?post_type=product&#038;p=15745"},"modified":"2023-10-05T16:48:43","modified_gmt":"2023-10-05T19:48:43","slug":"condicionador-babacu-e-buriti","status":"publish","type":"product","link":"https:\/\/conexaototalmkt.tk\/saboaria\/produto\/condicionador-babacu-e-buriti\/","title":{"rendered":"Condicionador Baba\u00e7u e Buriti"},"content":{"rendered":"<p><strong>Condicionador Baba\u00e7u e Buriti &#8211; 300 ml<\/strong><\/p>\n<p>Condiciona os cabelos de maneira completa, indispens\u00e1vel na rotina de cuidados capilares, tem a fun\u00e7\u00e3o de selar as cut\u00edculas dos fios que se abrem durante a lavagem, possui \u00f3leos vegetais e manteigas naturais que atuam na fibra capilar repondo lip\u00eddios perdidos e proporcionando for\u00e7a, brilho, maciez e elasticidade restaurando a sa\u00fade dos fios. Livre de ess\u00eancias artificiais e n\u00e3o testado em animais. Produto made in Amaz\u00f4nia.<\/p>\n<p>Categoria: uso home care<br \/>\nTipo de cabelo: Todos<br \/>\nCondi\u00e7\u00e3o do fio: sem brilho e enfraquecido.<br \/>\nDesejo de beleza: cabelos fortes e saud\u00e1veis.<br \/>\nVolume: 300 ml<\/p>\n<blockquote><p>Ao comprar esse produto voc\u00ea contribui com um projeto de extrativismo sustent\u00e1vel da Amaz\u00f4nia, apoiando a comunidade de mulheres rurais empreendedoras.<\/p><\/blockquote>\n","protected":false},"excerpt":{"rendered":"<div>Cabelos macios e sedosos<\/div>\n<div><\/div>\n<div>Formulado e enriquecido com \u00f3leos vegetais de Buriti, rico em caroteno e tocoferois,\u00a0 condiciona e promove a hidrata\u00e7\u00e3o trazendo prote\u00e7\u00e3o aos cabelos, devolvendo assim o brilho natural.<\/div>\n<div>Pigmenta\u00e7\u00e3onatural do \u00f3leo de buriti.<\/div>\n<div>Para uma melhor hidrata\u00e7\u00e3o pode ser utilizado como m\u00e1scara capilar. Para isso,\u00a0 basta deixar agir por 15 minutos, depois enxague.<\/div>\n","protected":false},"featured_media":16012,"comment_status":"open","ping_status":"closed","template":"","meta":[],"product_brand":[],"product_cat":[72,73,76],"product_tag":[],"class_list":{"0":"post-15745","1":"product","2":"type-product","3":"status-publish","4":"has-post-thumbnail","6":"product_cat-babacu","7":"product_cat-buriti","8":"product_cat-condicionador","9":"product_shipping_class-correios","11":"first","12":"instock","13":"shipping-taxable","14":"purchasable","15":"product-type-simple"},"_links":{"self":[{"href":"https:\/\/conexaototalmkt.tk\/saboaria\/wp-json\/wp\/v2\/product\/15745","targetHints":{"allow":["GET"]}}],"collection":[{"href":"https:\/\/conexaototalmkt.tk\/saboaria\/wp-json\/wp\/v2\/product"}],"about":[{"href":"https:\/\/conexaototalmkt.tk\/saboaria\/wp-json\/wp\/v2\/types\/product"}],"replies":[{"embeddable":true,"href":"https:\/\/conexaototalmkt.tk\/saboaria\/wp-json\/wp\/v2\/comments?post=15745"}],"version-history":[{"count":3,"href":"https:\/\/conexaototalmkt.tk\/saboaria\/wp-json\/wp\/v2\/product\/15745\/revisions"}],"predecessor-version":[{"id":16014,"href":"https:\/\/conexaototalmkt.tk\/saboaria\/wp-json\/wp\/v2\/product\/15745\/revisions\/16014"}],"wp:featuredmedia":[{"embeddable":true,"href":"https:\/\/conexaototalmkt.tk\/saboaria\/wp-json\/wp\/v2\/media\/16012"}],"wp:attachment":[{"href":"https:\/\/conexaototalmkt.tk\/saboaria\/wp-json\/wp\/v2\/media?parent=15745"}],"wp:term":[{"taxonomy":"product_brand","embeddable":true,"href":"https:\/\/conexaototalmkt.tk\/saboaria\/wp-json\/wp\/v2\/product_brand?post=15745"},{"taxonomy":"product_cat","embeddable":true,"href":"https:\/\/conexaototalmkt.tk\/saboaria\/wp-json\/wp\/v2\/product_cat?post=15745"},{"taxonomy":"product_tag","embeddable":true,"href":"https:\/\/conexaototalmkt.tk\/saboaria\/wp-json\/wp\/v2\/product_tag?post=15745"}],"curies":[{"name":"wp","href":"https:\/\/api.w.org\/{rel}","templated":true}]}}