{"id":15744,"date":"2023-10-04T18:21:56","date_gmt":"2023-10-04T21:21:56","guid":{"rendered":"https:\/\/conexaototalmkt.tk\/saboaria\/?post_type=product&#038;p=15744"},"modified":"2023-10-05T16:12:16","modified_gmt":"2023-10-05T19:12:16","slug":"shampoo-de-babacu-e-buriti","status":"publish","type":"product","link":"https:\/\/conexaototalmkt.tk\/saboaria\/produto\/shampoo-de-babacu-e-buriti\/","title":{"rendered":"Shampoo de Baba\u00e7u e Buriti"},"content":{"rendered":"<p><strong>Shampoo de Baba\u00e7u e Buriti &#8211; 300 ml<\/strong><\/p>\n<p>Limpa os cabelos de maneira suave por ser enriquecido com \u00f3leos de Baba\u00e7u e Buriti, apresenta propriedades limpeza, a\u00e7\u00e3o antiss\u00e9ptica, emolientes, hidratante suave e reconstrutor, ajuda a diminuir os danos e agress\u00f5es sofridos pelos fios durante o processo de lavagem.<br \/>\nPode ser usado por pessoas que fazem colora\u00e7\u00e3o ou alisamento. Possui leve fragr\u00e2ncia trazendo uma sensa\u00e7\u00e3o de frescor e limpeza ao couro cabeludo. Livre de ess\u00eancias artificiais e n\u00e3o testado em animais. Produto made in Amaz\u00f4nia.<\/p>\n<p>Categoria: uso home care<br \/>\nTipo de cabelo: todos<br \/>\nCondi\u00e7\u00e3o do fio: sem brilho e enfraquecido.<br \/>\nDesejo de beleza: cabelos fortes e saud\u00e1veis.<br \/>\nVolume: 300 ml<\/p>\n<blockquote><p>Ao comprar esse produto voc\u00ea contribui com um projeto de extrativismo sustent\u00e1vel da Amaz\u00f4nia, apoiando a comunidade de mulheres rurais empreendedoras.<\/p><\/blockquote>\n","protected":false},"excerpt":{"rendered":"<div>Indicado para cabelos fr\u00e1geis e quebradi\u00e7o .<\/div>\n<div>Auxilia na restaura\u00e7\u00e3o dos fios.<\/div>\n<div><\/div>\n<div>Enriquecido com \u00f3leo vegetal de buriti, excelente fonte de Vitamina A. Com alto teor de tocoferois o que o torna um poderoso antioxidante aliado ao Cuidado dos fios capilares.<\/div>\n<div>Vitalidade e brilho.<\/div>\n","protected":false},"featured_media":15986,"comment_status":"open","ping_status":"closed","template":"","meta":[],"product_brand":[],"product_cat":[72,73,74],"product_tag":[],"class_list":{"0":"post-15744","1":"product","2":"type-product","3":"status-publish","4":"has-post-thumbnail","6":"product_cat-babacu","7":"product_cat-buriti","8":"product_cat-shampoo","9":"product_shipping_class-correios","11":"first","12":"instock","13":"shipping-taxable","14":"purchasable","15":"product-type-simple"},"_links":{"self":[{"href":"https:\/\/conexaototalmkt.tk\/saboaria\/wp-json\/wp\/v2\/product\/15744","targetHints":{"allow":["GET"]}}],"collection":[{"href":"https:\/\/conexaototalmkt.tk\/saboaria\/wp-json\/wp\/v2\/product"}],"about":[{"href":"https:\/\/conexaototalmkt.tk\/saboaria\/wp-json\/wp\/v2\/types\/product"}],"replies":[{"embeddable":true,"href":"https:\/\/conexaototalmkt.tk\/saboaria\/wp-json\/wp\/v2\/comments?post=15744"}],"version-history":[{"count":3,"href":"https:\/\/conexaototalmkt.tk\/saboaria\/wp-json\/wp\/v2\/product\/15744\/revisions"}],"predecessor-version":[{"id":15995,"href":"https:\/\/conexaototalmkt.tk\/saboaria\/wp-json\/wp\/v2\/product\/15744\/revisions\/15995"}],"wp:featuredmedia":[{"embeddable":true,"href":"https:\/\/conexaototalmkt.tk\/saboaria\/wp-json\/wp\/v2\/media\/15986"}],"wp:attachment":[{"href":"https:\/\/conexaototalmkt.tk\/saboaria\/wp-json\/wp\/v2\/media?parent=15744"}],"wp:term":[{"taxonomy":"product_brand","embeddable":true,"href":"https:\/\/conexaototalmkt.tk\/saboaria\/wp-json\/wp\/v2\/product_brand?post=15744"},{"taxonomy":"product_cat","embeddable":true,"href":"https:\/\/conexaototalmkt.tk\/saboaria\/wp-json\/wp\/v2\/product_cat?post=15744"},{"taxonomy":"product_tag","embeddable":true,"href":"https:\/\/conexaototalmkt.tk\/saboaria\/wp-json\/wp\/v2\/product_tag?post=15744"}],"curies":[{"name":"wp","href":"https:\/\/api.w.org\/{rel}","templated":true}]}}