{"id":4400,"date":"2021-10-12T15:51:09","date_gmt":"2021-10-12T15:51:09","guid":{"rendered":"http:\/\/dummy.xtemos.com\/woodmart2\/elementor\/?page_id=4400"},"modified":"2023-10-05T20:23:26","modified_gmt":"2023-10-05T23:23:26","slug":"sobre","status":"publish","type":"page","link":"https:\/\/conexaototalmkt.tk\/saboaria\/sobre\/","title":{"rendered":"SOBRE"},"content":{"rendered":"\t\t<div data-elementor-type=\"wp-page\" data-elementor-id=\"4400\" class=\"elementor elementor-4400\" data-elementor-post-type=\"page\">\n\t\t\t\t\t\t<section class=\"wd-negative-gap elementor-section elementor-top-section elementor-element elementor-element-3c548bca elementor-section-boxed elementor-section-height-default elementor-section-height-default\" data-id=\"3c548bca\" data-element_type=\"section\" data-e-type=\"section\">\n\t\t\t\t\t\t<div class=\"elementor-container elementor-column-gap-default\">\n\t\t\t\t\t<div class=\"elementor-column elementor-col-50 elementor-top-column elementor-element elementor-element-1d354ed7\" data-id=\"1d354ed7\" data-element_type=\"column\" data-e-type=\"column\">\n\t\t\t<div class=\"elementor-widget-wrap elementor-element-populated\">\n\t\t\t\t\t\t<div class=\"elementor-element elementor-element-ca93833 wd-width-100 elementor-invisible elementor-widget elementor-widget-wd_title\" data-id=\"ca93833\" data-element_type=\"widget\" data-e-type=\"widget\" data-settings=\"{&quot;_animation&quot;:&quot;fadeInLeft&quot;}\" data-widget_type=\"wd_title.default\">\n\t\t\t\t<div class=\"elementor-widget-container\">\n\t\t\t\t\t\t\t<div class=\"title-wrapper wd-set-mb reset-last-child wd-title-color-default wd-title-style-default wd-title-size-large text-left\">\n\n\t\t\t\t\t\t\t\t\t\t\t<div class=\"title-subtitle subtitle-color-default subtitle-style-default wd-fontsize-xs\">\n\t\t\t\t\tSobre N\u00f3s\t\t\t\t<\/div>\n\t\t\t\n\t\t\t<div class=\"liner-continer\">\n\t\t\t\t<h4 class=\"woodmart-title-container title wd-fontsize-xxl\">Saboaria Rond\u00f4nia<\/h4> \n\t\t\t\t\t\t\t<\/div>\n\n\t\t\t\t\t<\/div>\n\t\t\t\t\t\t<\/div>\n\t\t\t\t<\/div>\n\t\t\t\t<div class=\"elementor-element elementor-element-0902ab0 elementor-invisible elementor-widget elementor-widget-image\" data-id=\"0902ab0\" data-element_type=\"widget\" data-e-type=\"widget\" data-settings=\"{&quot;_animation&quot;:&quot;fadeInLeft&quot;}\" data-widget_type=\"image.default\">\n\t\t\t\t<div class=\"elementor-widget-container\">\n\t\t\t\t\t\t\t\t\t\t\t\t\t\t\t<img decoding=\"async\" src=\"https:\/\/conexaototalmkt.tk\/saboaria\/wp-content\/uploads\/elementor\/thumbs\/slider-qddvm2pewhgo2zx52x1i88ovadaryijwelqlm2kgm8.jpg\" title=\"\" alt=\"\" loading=\"lazy\" \/>\t\t\t\t\t\t\t\t\t\t\t\t\t\t\t<\/div>\n\t\t\t\t<\/div>\n\t\t\t\t\t<\/div>\n\t\t<\/div>\n\t\t\t\t<div class=\"elementor-column elementor-col-50 elementor-top-column elementor-element elementor-element-7a9daa7\" data-id=\"7a9daa7\" data-element_type=\"column\" data-e-type=\"column\">\n\t\t\t<div class=\"elementor-widget-wrap elementor-element-populated\">\n\t\t\t\t\t\t<div class=\"elementor-element elementor-element-cf34ae6 elementor-invisible elementor-widget elementor-widget-wd_text_block\" data-id=\"cf34ae6\" data-element_type=\"widget\" data-e-type=\"widget\" data-settings=\"{&quot;_animation&quot;:&quot;fadeInRight&quot;}\" data-widget_type=\"wd_text_block.default\">\n\t\t\t\t<div class=\"elementor-widget-container\">\n\t\t\t\t\t\t\t<div class=\"wd-text-block reset-last-child text-left\">\n\t\t\t\n\t\t\t<p>Somos a Primeira Ind\u00fastria de Cosm\u00e9ticos de Rond\u00f4nia idealizada e gerenciada por Mulheres Rurais.<br \/>A hist\u00f3ria da Saboaria Rond\u00f4nia come\u00e7a inspirada no sonho e persist\u00eancia de Mulheres Empreendedoras Rurais no interior de Rond\u00f4nia, na Est\u00e2ncia Tur\u00edstica Ouro Preto do Oeste.<br \/>O que em 2015 era apenas uma\u00a0 id\u00e9ia, ao longo dos anos se transformou em um Projeto de base comunit\u00e1ria. \u00c9 um trabalho que alia preserva\u00e7\u00e3o ambiental, empoderamento feminino e desenvolvimento socioecon\u00f4mico.<br \/>A biodiversidade amaz\u00f4nica est\u00e1 em cada um de nossos produtos,\u00a0 \u00danicos,\u00a0 que oferecem uma experi\u00eancia inesquec\u00edvel de cuidados a pele.<br \/>Muito al\u00e9m do cuidado com sua pele, n\u00f3s temos a satisfa\u00e7\u00e3o em cuidar da Natureza,\u00a0 e por isso levantamos algumas bandeiras do bem.<\/p>\n\t\t\t\t\t<\/div>\n\t\t\t\t\t\t<\/div>\n\t\t\t\t<\/div>\n\t\t\t\t\t<\/div>\n\t\t<\/div>\n\t\t\t\t\t<\/div>\n\t\t<\/section>\n\t\t<div class=\"wd-negative-gap elementor-element elementor-element-adff75b e-flex e-con-boxed e-con e-parent\" data-id=\"adff75b\" data-element_type=\"container\" data-e-type=\"container\">\n\t\t\t\t\t<div class=\"e-con-inner\">\n\t\t\t\t<div class=\"elementor-element elementor-element-eb8c138 wd-width-100 elementor-invisible elementor-widget elementor-widget-wd_title\" data-id=\"eb8c138\" data-element_type=\"widget\" data-e-type=\"widget\" data-settings=\"{&quot;_animation&quot;:&quot;zoomIn&quot;}\" data-widget_type=\"wd_title.default\">\n\t\t\t\t<div class=\"elementor-widget-container\">\n\t\t\t\t\t\t\t<div class=\"title-wrapper wd-set-mb reset-last-child wd-title-color-default wd-title-style-default wd-title-size-large text-center\">\n\n\t\t\t\t\t\t\t\t\t\t\t<div class=\"title-subtitle subtitle-color-default subtitle-style-default wd-fontsize-xs\">\n\t\t\t\t\tSustentabilidade\t\t\t\t<\/div>\n\t\t\t\n\t\t\t<div class=\"liner-continer\">\n\t\t\t\t<h4 class=\"woodmart-title-container title wd-fontsize-xxl\">Produtos 100% produzidos na Amaz\u00f4nia<\/h4> \n\t\t\t\t\t\t\t<\/div>\n\n\t\t\t\t\t<\/div>\n\t\t\t\t\t\t<\/div>\n\t\t\t\t<\/div>\n\t\t\t\t<div class=\"elementor-element elementor-element-1df6647 animated-fast color-scheme-inherit text-left elementor-invisible elementor-widget elementor-widget-text-editor\" data-id=\"1df6647\" data-element_type=\"widget\" data-e-type=\"widget\" data-settings=\"{&quot;_animation&quot;:&quot;zoomIn&quot;}\" data-widget_type=\"text-editor.default\">\n\t\t\t\t<div class=\"elementor-widget-container\">\n\t\t\t\t\t\t\t\t\t<p>A Saboaria Rond\u00f4nia objetivando o equil\u00edbrio do mundo em que vivemos visa desenvolver produtos cosm\u00e9ticos com o princ\u00edpio da preserva\u00e7\u00e3o ambiental, com qualidade e aromas irresist\u00edveis, retirando sua mat\u00e9ria prima da natureza primando sempre pela preserva\u00e7\u00e3o e pelo futuro das gera\u00e7\u00f5es do Bioma Amaz\u00f4nia. Assim desenvolve um trabalho de base comunit\u00e1ria com Mulheres Rurais , aliando o extrativismo vegetal com a recupera\u00e7\u00e3o de \u00e1reas, antes degradadas, em \u00e1reas recuperadas e produtivas, gerando renda, desenvolvimento, empoderamento e uma certeza que a sustentabilidade pode ser alcan\u00e7ada.<\/p><p>Sustentabilidade \u00e9 um termo muito utilizado nos dias atuais e \u00e9 definido como \u201c<em>o desenvolvimento que satisfaz as necessidades do presente sem comprometer a capacidade das gera\u00e7\u00f5es futuras de satisfazerem suas pr\u00f3prias necessidades<\/em>\u201d, ou seja, uma forma de garantir a perpetua\u00e7\u00e3o da esp\u00e9cie humana e tudo aquilo que \u00e9 necess\u00e1rio para manter-nos vivos.<\/p><p>A sustentabilidade pede para que olhemos a nossa volta e enxerguemos al\u00e9m dos nossos desejos e cobi\u00e7as, o equil\u00edbrio que deve existir entre desenvolver os nossos meios de subsist\u00eancia e manter a fonte de todas as mat\u00e9rias primas que utilizamos para realizarmos esse desenvolvimento.<\/p><p>Para ser sustent\u00e1vel n\u00e3o basta apenas saber preservar uma floresta, mas tamb\u00e9m utilizar de seus recursos de forma a beneficiar quem o consome sem causar danos ecol\u00f3gicos de onde o produto foi retirado. Ser sustent\u00e1vel \u00e9 saber respeitar a exist\u00eancia de humanos, plantas e animais em um equil\u00edbrio necess\u00e1rio para o mundo se desenvolver e se manter.<\/p><p>A sustentabilidade se resume em equil\u00edbrio, sem extremismos, mas sim a no\u00e7\u00e3o de que podemos desenvolver nossos meios econ\u00f4micos de forma menos agressiva e mais tecnol\u00f3gica, fazendo de \u00e1reas menores produ\u00e7\u00f5es maiores, de uma pequena floresta uma fonte de renda renov\u00e1vel e inesgot\u00e1vel, da luz do sol uma usina de energia,\u00a0 no mundo nada se perde, n\u00f3s que desperdi\u00e7amos.<\/p><p>Sejamos mais sustent\u00e1veis, sejamos mais equilibrados, s\u00f3 assim teremos um futuro.<\/p>\t\t\t\t\t\t\t\t<\/div>\n\t\t\t\t<\/div>\n\t\t\t\t\t<\/div>\n\t\t\t\t<\/div>\n\t\t\t\t<\/div>\n\t\t","protected":false},"excerpt":{"rendered":"<p>Sobre N\u00f3s Saboaria Rond\u00f4nia Somos a Primeira Ind\u00fastria de Cosm\u00e9ticos de Rond\u00f4nia idealizada e gerenciada por Mulheres Rurais.A hist\u00f3ria da<\/p>\n","protected":false},"author":1,"featured_media":0,"parent":0,"menu_order":0,"comment_status":"closed","ping_status":"closed","template":"","meta":{"footnotes":""},"class_list":["post-4400","page","type-page","status-publish","hentry"],"_links":{"self":[{"href":"https:\/\/conexaototalmkt.tk\/saboaria\/wp-json\/wp\/v2\/pages\/4400","targetHints":{"allow":["GET"]}}],"collection":[{"href":"https:\/\/conexaototalmkt.tk\/saboaria\/wp-json\/wp\/v2\/pages"}],"about":[{"href":"https:\/\/conexaototalmkt.tk\/saboaria\/wp-json\/wp\/v2\/types\/page"}],"author":[{"embeddable":true,"href":"https:\/\/conexaototalmkt.tk\/saboaria\/wp-json\/wp\/v2\/users\/1"}],"replies":[{"embeddable":true,"href":"https:\/\/conexaototalmkt.tk\/saboaria\/wp-json\/wp\/v2\/comments?post=4400"}],"version-history":[{"count":26,"href":"https:\/\/conexaototalmkt.tk\/saboaria\/wp-json\/wp\/v2\/pages\/4400\/revisions"}],"predecessor-version":[{"id":16137,"href":"https:\/\/conexaototalmkt.tk\/saboaria\/wp-json\/wp\/v2\/pages\/4400\/revisions\/16137"}],"wp:attachment":[{"href":"https:\/\/conexaototalmkt.tk\/saboaria\/wp-json\/wp\/v2\/media?parent=4400"}],"curies":[{"name":"wp","href":"https:\/\/api.w.org\/{rel}","templated":true}]}}