{"id":16023,"date":"2024-11-27T16:17:34","date_gmt":"2024-11-27T19:17:34","guid":{"rendered":"https:\/\/conexaototalmkt.tk\/mirelaloja\/?post_type=product&#038;p=16023"},"modified":"2024-11-27T16:17:34","modified_gmt":"2024-11-27T19:17:34","slug":"kit-decoracao-de-futebol-completo-painel-grande","status":"publish","type":"product","link":"https:\/\/conexaototalmkt.tk\/mirelaloja\/produto\/kit-decoracao-de-futebol-completo-painel-grande\/","title":{"rendered":"Kit Decora\u00e7\u00e3o de Futebol Completo Painel Grande"},"content":{"rendered":"<p>Kit Decora\u00e7\u00e3o de Futebol Completo Painel Grande<\/p>\n<p>&nbsp;<\/p>\n<p>Kit festa completo para voc\u00ea n\u00e3o deixar nenhum momento importante passar em branco.<br \/>\nTemos diversos temas, \u00e9 s\u00f3 chamar n\u00f3s pelo campo perguntas que lhe ajudamos.<\/p>\n<p>Este Kit cont\u00e9m:<br \/>\n3 P\u00f4ster tamanho folha A4<br \/>\n4 Decora\u00e7\u00e3o de Mesa<br \/>\nTopo de Bolo<br \/>\nBandeirinha PARAB\u00c9NS<br \/>\n15 Tag para docinhos<\/p>\n<p>TODOS NOSSO KIT FESTAS S\u00c3O FEITOS EM PAPEL FOTOGR\u00c1FICO EM ALTA RESOLU\u00c7\u00c3O COM CORES N\u00cdTIDAS E VIVAS.<\/p>\n<p>* IMPORTANTE * Enviar o nome e a idade da crian\u00e7a assim q efetuar a compra.<br \/>\n* Produtos desenvolvidos em pap\u00e9is fotogr\u00e1ficos de alta gramatura;<br \/>\n* Acompanha Palitos em acr\u00edlico para o Topo de Bolo e Tag de Doces;<br \/>\n* Os itens s\u00e3o enviados cortados e prontos, embalados para n\u00e3o amassar no transporte;<\/p>\n<p>** Ap\u00f3s a compra, favor nos encaminhar nome e idade &#8211; Podem ser informados via WhatsApp ap\u00f3s confirma\u00e7\u00e3o do pagamento.<\/p>\n<p>* IMPORTANTE * Caso o nome e a idade n\u00e3o sejam enviados LOGO AP\u00d3S a compra, enviaremos o Kit com Parab\u00e9ns e sem idade, devido ao nosso compromisso quanto ao prazo de envio<\/p>\n<p>**Temos muitos kits a sua disposi\u00e7\u00e3o e trabalhamos com diversos temas<br \/>\nCaso n\u00e3o encontre algum Tema, pode chamar um de nossos vendedores!<br \/>\nTeremos um enorme prazer em atend\u00ea-lo e faremos tudo com muito carinho para que sua festa seja muito especial!!<\/p>\n<p>Tire todas as suas d\u00favidas, antes de comprar seu produto.<\/p>\n<p>Todos os nossos pedidos s\u00e3o confeccionados para voc\u00ea, n\u00e3o possu\u00edmos estoque, por isso precisamos de 3 dias para fazer. Boas Compras!<\/p>\n<p>Altura: 35 cm<br \/>\nLargura: 25 cm<br \/>\nComprimento: 5 cm<br \/>\nPeso: 200 g<\/p>\n","protected":false},"excerpt":{"rendered":"<p>Kit Decora\u00e7\u00e3o de Futebol Completo Painel Grande &nbsp; Kit festa completo para voc\u00ea n\u00e3o deixar nenhum momento importante passar em<\/p>\n","protected":false},"featured_media":16075,"comment_status":"open","ping_status":"closed","template":"","meta":[],"product_brand":[],"product_cat":[72],"product_tag":[],"class_list":{"0":"post-16023","1":"product","2":"type-product","3":"status-publish","4":"has-post-thumbnail","6":"product_cat-kit-decoracao-grande","8":"first","9":"instock","10":"shipping-taxable","11":"purchasable","12":"product-type-simple"},"yoast_head":"<!-- This site is optimized with the Yoast SEO plugin v27.2 - https:\/\/yoast.com\/product\/yoast-seo-wordpress\/ -->\n<title>Kit Decora\u00e7\u00e3o de Futebol Completo Painel Grande &#8902; (48) 3512-7069 &#8902; Mirela Freitas Festas<\/title>\n<meta name=\"description\" content=\"Encontre aqui as melhores decora\u00e7\u00f5es e artigos para festas e fa\u00e7a do seu evento uma celebra\u00e7\u00e3o \u00fanica e inesquec\u00edvel.\" \/>\n<meta name=\"robots\" content=\"index, follow, max-snippet:-1, max-image-preview:large, max-video-preview:-1\" \/>\n<link rel=\"canonical\" href=\"https:\/\/conexaototalmkt.tk\/mirelaloja\/produto\/kit-decoracao-de-futebol-completo-painel-grande\/\" \/>\n<meta property=\"og:locale\" content=\"pt_BR\" \/>\n<meta property=\"og:type\" content=\"article\" \/>\n<meta property=\"og:title\" content=\"Kit Decora\u00e7\u00e3o de Futebol Completo Painel Grande &#8902; (48) 3512-7069 &#8902; Mirela Freitas Festas\" \/>\n<meta property=\"og:description\" content=\"Encontre aqui as melhores decora\u00e7\u00f5es e artigos para festas e fa\u00e7a do seu evento uma celebra\u00e7\u00e3o \u00fanica e inesquec\u00edvel.\" \/>\n<meta property=\"og:url\" content=\"https:\/\/conexaototalmkt.tk\/mirelaloja\/produto\/kit-decoracao-de-futebol-completo-painel-grande\/\" \/>\n<meta property=\"og:site_name\" content=\"Mirela Freitas Festas - Loja Virtual\" \/>\n<meta property=\"article:publisher\" content=\"https:\/\/www.facebook.com\/Loja6Criciuma\" \/>\n<meta property=\"og:image\" content=\"https:\/\/conexaototalmkt.tk\/mirelaloja\/wp-content\/uploads\/2024\/11\/CENARIO-PAINEL-GRANDE-FUTEBOL-scaled.jpg\" \/>\n\t<meta property=\"og:image:width\" content=\"2560\" \/>\n\t<meta property=\"og:image:height\" content=\"2426\" \/>\n\t<meta property=\"og:image:type\" content=\"image\/jpeg\" \/>\n<meta name=\"twitter:card\" content=\"summary_large_image\" \/>\n<meta name=\"twitter:label1\" content=\"Est. tempo de leitura\" \/>\n\t<meta name=\"twitter:data1\" content=\"2 minutos\" \/>\n<script type=\"application\/ld+json\" class=\"yoast-schema-graph\">{\"@context\":\"https:\/\/schema.org\",\"@graph\":[{\"@type\":\"WebPage\",\"@id\":\"https:\/\/conexaototalmkt.tk\/mirelaloja\/produto\/kit-decoracao-de-futebol-completo-painel-grande\/\",\"url\":\"https:\/\/conexaototalmkt.tk\/mirelaloja\/produto\/kit-decoracao-de-futebol-completo-painel-grande\/\",\"name\":\"Kit Decora\u00e7\u00e3o de Futebol Completo Painel Grande &#8902; (48) 3512-7069 &#8902; Mirela Freitas Festas\",\"isPartOf\":{\"@id\":\"https:\/\/conexaototalmkt.tk\/mirelaloja\/#website\"},\"primaryImageOfPage\":{\"@id\":\"https:\/\/conexaototalmkt.tk\/mirelaloja\/produto\/kit-decoracao-de-futebol-completo-painel-grande\/#primaryimage\"},\"image\":{\"@id\":\"https:\/\/conexaototalmkt.tk\/mirelaloja\/produto\/kit-decoracao-de-futebol-completo-painel-grande\/#primaryimage\"},\"thumbnailUrl\":\"https:\/\/conexaototalmkt.tk\/mirelaloja\/wp-content\/uploads\/2024\/11\/CENARIO-PAINEL-GRANDE-FUTEBOL-scaled.jpg\",\"datePublished\":\"2024-11-27T19:17:34+00:00\",\"description\":\"Encontre aqui as melhores decora\u00e7\u00f5es e artigos para festas e fa\u00e7a do seu evento uma celebra\u00e7\u00e3o \u00fanica e inesquec\u00edvel.\",\"breadcrumb\":{\"@id\":\"https:\/\/conexaototalmkt.tk\/mirelaloja\/produto\/kit-decoracao-de-futebol-completo-painel-grande\/#breadcrumb\"},\"inLanguage\":\"pt-BR\",\"potentialAction\":[{\"@type\":\"ReadAction\",\"target\":[\"https:\/\/conexaototalmkt.tk\/mirelaloja\/produto\/kit-decoracao-de-futebol-completo-painel-grande\/\"]}]},{\"@type\":\"ImageObject\",\"inLanguage\":\"pt-BR\",\"@id\":\"https:\/\/conexaototalmkt.tk\/mirelaloja\/produto\/kit-decoracao-de-futebol-completo-painel-grande\/#primaryimage\",\"url\":\"https:\/\/conexaototalmkt.tk\/mirelaloja\/wp-content\/uploads\/2024\/11\/CENARIO-PAINEL-GRANDE-FUTEBOL-scaled.jpg\",\"contentUrl\":\"https:\/\/conexaototalmkt.tk\/mirelaloja\/wp-content\/uploads\/2024\/11\/CENARIO-PAINEL-GRANDE-FUTEBOL-scaled.jpg\",\"width\":2560,\"height\":2426},{\"@type\":\"BreadcrumbList\",\"@id\":\"https:\/\/conexaototalmkt.tk\/mirelaloja\/produto\/kit-decoracao-de-futebol-completo-painel-grande\/#breadcrumb\",\"itemListElement\":[{\"@type\":\"ListItem\",\"position\":1,\"name\":\"In\u00edcio\",\"item\":\"https:\/\/conexaototalmkt.tk\/mirelaloja\/\"},{\"@type\":\"ListItem\",\"position\":2,\"name\":\"MIRELA FREITAS &#8211; LOJA VIRTUAL\",\"item\":\"https:\/\/conexaototalmkt.tk\/mirelaloja\/\"},{\"@type\":\"ListItem\",\"position\":3,\"name\":\"Kit Decora\u00e7\u00e3o de Futebol Completo Painel Grande\"}]},{\"@type\":\"WebSite\",\"@id\":\"https:\/\/conexaototalmkt.tk\/mirelaloja\/#website\",\"url\":\"https:\/\/conexaototalmkt.tk\/mirelaloja\/\",\"name\":\"Mirela Freitas Festas\",\"description\":\"\",\"publisher\":{\"@id\":\"https:\/\/conexaototalmkt.tk\/mirelaloja\/#organization\"},\"potentialAction\":[{\"@type\":\"SearchAction\",\"target\":{\"@type\":\"EntryPoint\",\"urlTemplate\":\"https:\/\/conexaototalmkt.tk\/mirelaloja\/?s={search_term_string}\"},\"query-input\":{\"@type\":\"PropertyValueSpecification\",\"valueRequired\":true,\"valueName\":\"search_term_string\"}}],\"inLanguage\":\"pt-BR\"},{\"@type\":\"Organization\",\"@id\":\"https:\/\/conexaototalmkt.tk\/mirelaloja\/#organization\",\"name\":\"Mirela Freitas Festas\",\"url\":\"https:\/\/conexaototalmkt.tk\/mirelaloja\/\",\"logo\":{\"@type\":\"ImageObject\",\"inLanguage\":\"pt-BR\",\"@id\":\"https:\/\/conexaototalmkt.tk\/mirelaloja\/#\/schema\/logo\/image\/\",\"url\":\"https:\/\/conexaototalmkt.tk\/mirelaloja\/wp-content\/uploads\/2023\/10\/Mirela-Festas.png\",\"contentUrl\":\"https:\/\/conexaototalmkt.tk\/mirelaloja\/wp-content\/uploads\/2023\/10\/Mirela-Festas.png\",\"width\":1500,\"height\":330,\"caption\":\"Mirela Freitas Festas\"},\"image\":{\"@id\":\"https:\/\/conexaototalmkt.tk\/mirelaloja\/#\/schema\/logo\/image\/\"},\"sameAs\":[\"https:\/\/www.facebook.com\/Loja6Criciuma\",\"https:\/\/www.instagram.com\/mirelafreitasfestas\/\"]}]}<\/script>\n<!-- \/ Yoast SEO plugin. -->","yoast_head_json":{"title":"Kit Decora\u00e7\u00e3o de Futebol Completo Painel Grande &#8902; (48) 3512-7069 &#8902; Mirela Freitas Festas","description":"Encontre aqui as melhores decora\u00e7\u00f5es e artigos para festas e fa\u00e7a do seu evento uma celebra\u00e7\u00e3o \u00fanica e inesquec\u00edvel.","robots":{"index":"index","follow":"follow","max-snippet":"max-snippet:-1","max-image-preview":"max-image-preview:large","max-video-preview":"max-video-preview:-1"},"canonical":"https:\/\/conexaototalmkt.tk\/mirelaloja\/produto\/kit-decoracao-de-futebol-completo-painel-grande\/","og_locale":"pt_BR","og_type":"article","og_title":"Kit Decora\u00e7\u00e3o de Futebol Completo Painel Grande &#8902; (48) 3512-7069 &#8902; Mirela Freitas Festas","og_description":"Encontre aqui as melhores decora\u00e7\u00f5es e artigos para festas e fa\u00e7a do seu evento uma celebra\u00e7\u00e3o \u00fanica e inesquec\u00edvel.","og_url":"https:\/\/conexaototalmkt.tk\/mirelaloja\/produto\/kit-decoracao-de-futebol-completo-painel-grande\/","og_site_name":"Mirela Freitas Festas - Loja Virtual","article_publisher":"https:\/\/www.facebook.com\/Loja6Criciuma","og_image":[{"width":2560,"height":2426,"url":"https:\/\/conexaototalmkt.tk\/mirelaloja\/wp-content\/uploads\/2024\/11\/CENARIO-PAINEL-GRANDE-FUTEBOL-scaled.jpg","type":"image\/jpeg"}],"twitter_card":"summary_large_image","twitter_misc":{"Est. tempo de leitura":"2 minutos"},"schema":{"@context":"https:\/\/schema.org","@graph":[{"@type":"WebPage","@id":"https:\/\/conexaototalmkt.tk\/mirelaloja\/produto\/kit-decoracao-de-futebol-completo-painel-grande\/","url":"https:\/\/conexaototalmkt.tk\/mirelaloja\/produto\/kit-decoracao-de-futebol-completo-painel-grande\/","name":"Kit Decora\u00e7\u00e3o de Futebol Completo Painel Grande &#8902; (48) 3512-7069 &#8902; Mirela Freitas Festas","isPartOf":{"@id":"https:\/\/conexaototalmkt.tk\/mirelaloja\/#website"},"primaryImageOfPage":{"@id":"https:\/\/conexaototalmkt.tk\/mirelaloja\/produto\/kit-decoracao-de-futebol-completo-painel-grande\/#primaryimage"},"image":{"@id":"https:\/\/conexaototalmkt.tk\/mirelaloja\/produto\/kit-decoracao-de-futebol-completo-painel-grande\/#primaryimage"},"thumbnailUrl":"https:\/\/conexaototalmkt.tk\/mirelaloja\/wp-content\/uploads\/2024\/11\/CENARIO-PAINEL-GRANDE-FUTEBOL-scaled.jpg","datePublished":"2024-11-27T19:17:34+00:00","description":"Encontre aqui as melhores decora\u00e7\u00f5es e artigos para festas e fa\u00e7a do seu evento uma celebra\u00e7\u00e3o \u00fanica e inesquec\u00edvel.","breadcrumb":{"@id":"https:\/\/conexaototalmkt.tk\/mirelaloja\/produto\/kit-decoracao-de-futebol-completo-painel-grande\/#breadcrumb"},"inLanguage":"pt-BR","potentialAction":[{"@type":"ReadAction","target":["https:\/\/conexaototalmkt.tk\/mirelaloja\/produto\/kit-decoracao-de-futebol-completo-painel-grande\/"]}]},{"@type":"ImageObject","inLanguage":"pt-BR","@id":"https:\/\/conexaototalmkt.tk\/mirelaloja\/produto\/kit-decoracao-de-futebol-completo-painel-grande\/#primaryimage","url":"https:\/\/conexaototalmkt.tk\/mirelaloja\/wp-content\/uploads\/2024\/11\/CENARIO-PAINEL-GRANDE-FUTEBOL-scaled.jpg","contentUrl":"https:\/\/conexaototalmkt.tk\/mirelaloja\/wp-content\/uploads\/2024\/11\/CENARIO-PAINEL-GRANDE-FUTEBOL-scaled.jpg","width":2560,"height":2426},{"@type":"BreadcrumbList","@id":"https:\/\/conexaototalmkt.tk\/mirelaloja\/produto\/kit-decoracao-de-futebol-completo-painel-grande\/#breadcrumb","itemListElement":[{"@type":"ListItem","position":1,"name":"In\u00edcio","item":"https:\/\/conexaototalmkt.tk\/mirelaloja\/"},{"@type":"ListItem","position":2,"name":"MIRELA FREITAS &#8211; LOJA VIRTUAL","item":"https:\/\/conexaototalmkt.tk\/mirelaloja\/"},{"@type":"ListItem","position":3,"name":"Kit Decora\u00e7\u00e3o de Futebol Completo Painel Grande"}]},{"@type":"WebSite","@id":"https:\/\/conexaototalmkt.tk\/mirelaloja\/#website","url":"https:\/\/conexaototalmkt.tk\/mirelaloja\/","name":"Mirela Freitas Festas","description":"","publisher":{"@id":"https:\/\/conexaototalmkt.tk\/mirelaloja\/#organization"},"potentialAction":[{"@type":"SearchAction","target":{"@type":"EntryPoint","urlTemplate":"https:\/\/conexaototalmkt.tk\/mirelaloja\/?s={search_term_string}"},"query-input":{"@type":"PropertyValueSpecification","valueRequired":true,"valueName":"search_term_string"}}],"inLanguage":"pt-BR"},{"@type":"Organization","@id":"https:\/\/conexaototalmkt.tk\/mirelaloja\/#organization","name":"Mirela Freitas Festas","url":"https:\/\/conexaototalmkt.tk\/mirelaloja\/","logo":{"@type":"ImageObject","inLanguage":"pt-BR","@id":"https:\/\/conexaototalmkt.tk\/mirelaloja\/#\/schema\/logo\/image\/","url":"https:\/\/conexaototalmkt.tk\/mirelaloja\/wp-content\/uploads\/2023\/10\/Mirela-Festas.png","contentUrl":"https:\/\/conexaototalmkt.tk\/mirelaloja\/wp-content\/uploads\/2023\/10\/Mirela-Festas.png","width":1500,"height":330,"caption":"Mirela Freitas Festas"},"image":{"@id":"https:\/\/conexaototalmkt.tk\/mirelaloja\/#\/schema\/logo\/image\/"},"sameAs":["https:\/\/www.facebook.com\/Loja6Criciuma","https:\/\/www.instagram.com\/mirelafreitasfestas\/"]}]}},"_links":{"self":[{"href":"https:\/\/conexaototalmkt.tk\/mirelaloja\/wp-json\/wp\/v2\/product\/16023","targetHints":{"allow":["GET"]}}],"collection":[{"href":"https:\/\/conexaototalmkt.tk\/mirelaloja\/wp-json\/wp\/v2\/product"}],"about":[{"href":"https:\/\/conexaototalmkt.tk\/mirelaloja\/wp-json\/wp\/v2\/types\/product"}],"replies":[{"embeddable":true,"href":"https:\/\/conexaototalmkt.tk\/mirelaloja\/wp-json\/wp\/v2\/comments?post=16023"}],"version-history":[{"count":1,"href":"https:\/\/conexaototalmkt.tk\/mirelaloja\/wp-json\/wp\/v2\/product\/16023\/revisions"}],"predecessor-version":[{"id":16024,"href":"https:\/\/conexaototalmkt.tk\/mirelaloja\/wp-json\/wp\/v2\/product\/16023\/revisions\/16024"}],"wp:featuredmedia":[{"embeddable":true,"href":"https:\/\/conexaototalmkt.tk\/mirelaloja\/wp-json\/wp\/v2\/media\/16075"}],"wp:attachment":[{"href":"https:\/\/conexaototalmkt.tk\/mirelaloja\/wp-json\/wp\/v2\/media?parent=16023"}],"wp:term":[{"taxonomy":"product_brand","embeddable":true,"href":"https:\/\/conexaototalmkt.tk\/mirelaloja\/wp-json\/wp\/v2\/product_brand?post=16023"},{"taxonomy":"product_cat","embeddable":true,"href":"https:\/\/conexaototalmkt.tk\/mirelaloja\/wp-json\/wp\/v2\/product_cat?post=16023"},{"taxonomy":"product_tag","embeddable":true,"href":"https:\/\/conexaototalmkt.tk\/mirelaloja\/wp-json\/wp\/v2\/product_tag?post=16023"}],"curies":[{"name":"wp","href":"https:\/\/api.w.org\/{rel}","templated":true}]}}