{"id":15721,"date":"2023-10-10T15:26:29","date_gmt":"2023-10-10T18:26:29","guid":{"rendered":"https:\/\/conexaototalmkt.tk\/mirelaloja\/?post_type=product&#038;p=15721"},"modified":"2023-11-16T21:04:10","modified_gmt":"2023-11-17T00:04:10","slug":"kit-decoracao-de-festa-medio-poderoso-chefinho-simples-poster-a3","status":"publish","type":"product","link":"https:\/\/conexaototalmkt.tk\/mirelaloja\/produto\/kit-decoracao-de-festa-medio-poderoso-chefinho-simples-poster-a3\/","title":{"rendered":"Kit Decora\u00e7\u00e3o de Festa M\u00e9dio Poderoso Chefinho Simples P\u00f4ster A3"},"content":{"rendered":"<p><strong>Kit Decora\u00e7\u00e3o de Festa M\u00e9dio Poderoso Chefinho Simples Kit M\u00e9dio P\u00f4ster A3<\/strong><\/p>\n<p>Kit festa completo para voc\u00ea n\u00e3o deixar nenhum momento importante passar em branco.<br \/>\nTemos diversos temas, \u00e9 s\u00f3 chamar n\u00f3s pelo campo perguntas que lhe ajudamos.<\/p>\n<p>Este Kit cont\u00e9m:<br \/>\n3 P\u00f4ster tamanho folha A43<br \/>\n4 Decora\u00e7\u00e3o de Mesa<br \/>\nTopo de Bolo<br \/>\nBandeirinha PARAB\u00c9NS<br \/>\n15 Tag para docinhos<\/p>\n<p>TODOS NOSSO KIT FESTAS S\u00c3O FEITOS EM PAPEL FOTOGR\u00c1FICO EM ALTA RESOLU\u00c7\u00c3O COM CORES N\u00cdTIDAS E VIVAS.<\/p>\n<p>* IMPORTANTE * Enviar o nome e a idade da crian\u00e7a assim que efetuar a compra.<br \/>\n* Produtos desenvolvidos em pap\u00e9is fotogr\u00e1ficos de alta gramatura;<br \/>\n* Acompanha palitos em acr\u00edlico para o Topo de Bolo e Tag de Doces;<br \/>\n* Os itens s\u00e3o enviados cortados e prontos embalados para n\u00e3o amassar no transporte;<\/p>\n<p>** Ap\u00f3s a compra, favor nos encaminhar nome e idade &#8211; Podem ser informados via whatsapp ap\u00f3s confirma\u00e7\u00e3o do pagamento.<\/p>\n<p>* IMPORTANTE * Caso o nome e a idade n\u00e3o sejam enviados LOGO AP\u00d3S a compra, enviaremos o Kit com Parab\u00e9ns e sem idade, devido ao nosso compromisso quanto ao prazo de envio<\/p>\n<p>**Temos muitos kits a sua disposi\u00e7\u00e3o e trabalhamos com diversos temas<br \/>\nCaso n\u00e3o encontre algum Tema, pode chamar um de nossos vendedores!<br \/>\nTeremos um enorme prazer em atend\u00ea-lo e faremos tudo com muito carinho para que sua festa seja muito especial!!<\/p>\n<p>Tire todas as suas d\u00favidas, antes de comprar seu produto.<\/p>\n<p>Todos os nossos pedidos s\u00e3o confeccionados para voc\u00ea, n\u00e3o possu\u00edmos estoque, por isso precisamos de 3 dias para fazer<\/p>\n","protected":false},"excerpt":{"rendered":"<p>Kit Decora\u00e7\u00e3o de Festa M\u00e9dio Poderoso Chefinho Simples Kit M\u00e9dio P\u00f4ster A3<\/p>\n<p>Kit festa completo para voc\u00ea n\u00e3o deixar nenhum momento importante passar em branco.<br \/>\nTemos diversos temas, \u00e9 s\u00f3 chamar n\u00f3s pelo campo perguntas que lhe ajudamos.<\/p>\n<p>Este Kit cont\u00e9m:<br \/>\n3 P\u00f4ster tamanho folha A43<br \/>\n4 Decora\u00e7\u00e3o de Mesa<br \/>\nTopo de Bolo<br \/>\nBandeirinha PARAB\u00c9NS<br \/>\n15 Tag para docinhos<\/p>\n","protected":false},"featured_media":15725,"comment_status":"open","ping_status":"closed","template":"","meta":[],"product_brand":[],"product_cat":[74],"product_tag":[],"class_list":{"0":"post-15721","1":"product","2":"type-product","3":"status-publish","4":"has-post-thumbnail","6":"product_cat-kit-decoracao-medio","7":"product_shipping_class-brasil","9":"first","10":"instock","11":"shipping-taxable","12":"purchasable","13":"product-type-simple"},"yoast_head":"<!-- This site is optimized with the Yoast SEO plugin v27.2 - https:\/\/yoast.com\/product\/yoast-seo-wordpress\/ -->\n<title>Kit Decora\u00e7\u00e3o de Festa M\u00e9dio Poderoso Chefinho Simples P\u00f4ster A3 &#8902; (48) 3512-7069 &#8902; Mirela Freitas Festas<\/title>\n<meta name=\"description\" content=\"Encontre aqui as melhores decora\u00e7\u00f5es e artigos para festas e fa\u00e7a do seu evento uma celebra\u00e7\u00e3o \u00fanica e inesquec\u00edvel.\" \/>\n<meta name=\"robots\" content=\"index, follow, max-snippet:-1, max-image-preview:large, max-video-preview:-1\" \/>\n<link rel=\"canonical\" href=\"https:\/\/conexaototalmkt.tk\/mirelaloja\/produto\/kit-decoracao-de-festa-medio-poderoso-chefinho-simples-poster-a3\/\" \/>\n<meta property=\"og:locale\" content=\"pt_BR\" \/>\n<meta property=\"og:type\" content=\"article\" \/>\n<meta property=\"og:title\" content=\"Kit Decora\u00e7\u00e3o de Festa M\u00e9dio Poderoso Chefinho Simples P\u00f4ster A3 &#8902; (48) 3512-7069 &#8902; Mirela Freitas Festas\" \/>\n<meta property=\"og:description\" content=\"Encontre aqui as melhores decora\u00e7\u00f5es e artigos para festas e fa\u00e7a do seu evento uma celebra\u00e7\u00e3o \u00fanica e inesquec\u00edvel.\" \/>\n<meta property=\"og:url\" content=\"https:\/\/conexaototalmkt.tk\/mirelaloja\/produto\/kit-decoracao-de-festa-medio-poderoso-chefinho-simples-poster-a3\/\" \/>\n<meta property=\"og:site_name\" content=\"Mirela Freitas Festas - Loja Virtual\" \/>\n<meta property=\"article:publisher\" content=\"https:\/\/www.facebook.com\/Loja6Criciuma\" \/>\n<meta property=\"article:modified_time\" content=\"2023-11-17T00:04:10+00:00\" \/>\n<meta property=\"og:image\" content=\"https:\/\/conexaototalmkt.tk\/mirelaloja\/wp-content\/uploads\/2023\/10\/WhatsApp-Image-2023-10-09-at-17.25.23.jpeg\" \/>\n\t<meta property=\"og:image:width\" content=\"601\" \/>\n\t<meta property=\"og:image:height\" content=\"603\" \/>\n\t<meta property=\"og:image:type\" content=\"image\/jpeg\" \/>\n<meta name=\"twitter:card\" content=\"summary_large_image\" \/>\n<meta name=\"twitter:label1\" content=\"Est. tempo de leitura\" \/>\n\t<meta name=\"twitter:data1\" content=\"2 minutos\" \/>\n<script type=\"application\/ld+json\" class=\"yoast-schema-graph\">{\"@context\":\"https:\/\/schema.org\",\"@graph\":[{\"@type\":\"WebPage\",\"@id\":\"https:\/\/conexaototalmkt.tk\/mirelaloja\/produto\/kit-decoracao-de-festa-medio-poderoso-chefinho-simples-poster-a3\/\",\"url\":\"https:\/\/conexaototalmkt.tk\/mirelaloja\/produto\/kit-decoracao-de-festa-medio-poderoso-chefinho-simples-poster-a3\/\",\"name\":\"Kit Decora\u00e7\u00e3o de Festa M\u00e9dio Poderoso Chefinho Simples P\u00f4ster A3 &#8902; (48) 3512-7069 &#8902; Mirela Freitas Festas\",\"isPartOf\":{\"@id\":\"https:\/\/conexaototalmkt.tk\/mirelaloja\/#website\"},\"primaryImageOfPage\":{\"@id\":\"https:\/\/conexaototalmkt.tk\/mirelaloja\/produto\/kit-decoracao-de-festa-medio-poderoso-chefinho-simples-poster-a3\/#primaryimage\"},\"image\":{\"@id\":\"https:\/\/conexaototalmkt.tk\/mirelaloja\/produto\/kit-decoracao-de-festa-medio-poderoso-chefinho-simples-poster-a3\/#primaryimage\"},\"thumbnailUrl\":\"https:\/\/conexaototalmkt.tk\/mirelaloja\/wp-content\/uploads\/2023\/10\/WhatsApp-Image-2023-10-09-at-17.25.23.jpeg\",\"datePublished\":\"2023-10-10T18:26:29+00:00\",\"dateModified\":\"2023-11-17T00:04:10+00:00\",\"description\":\"Encontre aqui as melhores decora\u00e7\u00f5es e artigos para festas e fa\u00e7a do seu evento uma celebra\u00e7\u00e3o \u00fanica e inesquec\u00edvel.\",\"breadcrumb\":{\"@id\":\"https:\/\/conexaototalmkt.tk\/mirelaloja\/produto\/kit-decoracao-de-festa-medio-poderoso-chefinho-simples-poster-a3\/#breadcrumb\"},\"inLanguage\":\"pt-BR\",\"potentialAction\":[{\"@type\":\"ReadAction\",\"target\":[\"https:\/\/conexaototalmkt.tk\/mirelaloja\/produto\/kit-decoracao-de-festa-medio-poderoso-chefinho-simples-poster-a3\/\"]}]},{\"@type\":\"ImageObject\",\"inLanguage\":\"pt-BR\",\"@id\":\"https:\/\/conexaototalmkt.tk\/mirelaloja\/produto\/kit-decoracao-de-festa-medio-poderoso-chefinho-simples-poster-a3\/#primaryimage\",\"url\":\"https:\/\/conexaototalmkt.tk\/mirelaloja\/wp-content\/uploads\/2023\/10\/WhatsApp-Image-2023-10-09-at-17.25.23.jpeg\",\"contentUrl\":\"https:\/\/conexaototalmkt.tk\/mirelaloja\/wp-content\/uploads\/2023\/10\/WhatsApp-Image-2023-10-09-at-17.25.23.jpeg\",\"width\":601,\"height\":603},{\"@type\":\"BreadcrumbList\",\"@id\":\"https:\/\/conexaototalmkt.tk\/mirelaloja\/produto\/kit-decoracao-de-festa-medio-poderoso-chefinho-simples-poster-a3\/#breadcrumb\",\"itemListElement\":[{\"@type\":\"ListItem\",\"position\":1,\"name\":\"In\u00edcio\",\"item\":\"https:\/\/conexaototalmkt.tk\/mirelaloja\/\"},{\"@type\":\"ListItem\",\"position\":2,\"name\":\"MIRELA FREITAS &#8211; LOJA VIRTUAL\",\"item\":\"https:\/\/conexaototalmkt.tk\/mirelaloja\/\"},{\"@type\":\"ListItem\",\"position\":3,\"name\":\"Kit Decora\u00e7\u00e3o de Festa M\u00e9dio Poderoso Chefinho Simples P\u00f4ster A3\"}]},{\"@type\":\"WebSite\",\"@id\":\"https:\/\/conexaototalmkt.tk\/mirelaloja\/#website\",\"url\":\"https:\/\/conexaototalmkt.tk\/mirelaloja\/\",\"name\":\"Mirela Freitas Festas\",\"description\":\"\",\"publisher\":{\"@id\":\"https:\/\/conexaototalmkt.tk\/mirelaloja\/#organization\"},\"potentialAction\":[{\"@type\":\"SearchAction\",\"target\":{\"@type\":\"EntryPoint\",\"urlTemplate\":\"https:\/\/conexaototalmkt.tk\/mirelaloja\/?s={search_term_string}\"},\"query-input\":{\"@type\":\"PropertyValueSpecification\",\"valueRequired\":true,\"valueName\":\"search_term_string\"}}],\"inLanguage\":\"pt-BR\"},{\"@type\":\"Organization\",\"@id\":\"https:\/\/conexaototalmkt.tk\/mirelaloja\/#organization\",\"name\":\"Mirela Freitas Festas\",\"url\":\"https:\/\/conexaototalmkt.tk\/mirelaloja\/\",\"logo\":{\"@type\":\"ImageObject\",\"inLanguage\":\"pt-BR\",\"@id\":\"https:\/\/conexaototalmkt.tk\/mirelaloja\/#\/schema\/logo\/image\/\",\"url\":\"https:\/\/conexaototalmkt.tk\/mirelaloja\/wp-content\/uploads\/2023\/10\/Mirela-Festas.png\",\"contentUrl\":\"https:\/\/conexaototalmkt.tk\/mirelaloja\/wp-content\/uploads\/2023\/10\/Mirela-Festas.png\",\"width\":1500,\"height\":330,\"caption\":\"Mirela Freitas Festas\"},\"image\":{\"@id\":\"https:\/\/conexaototalmkt.tk\/mirelaloja\/#\/schema\/logo\/image\/\"},\"sameAs\":[\"https:\/\/www.facebook.com\/Loja6Criciuma\",\"https:\/\/www.instagram.com\/mirelafreitasfestas\/\"]}]}<\/script>\n<!-- \/ Yoast SEO plugin. -->","yoast_head_json":{"title":"Kit Decora\u00e7\u00e3o de Festa M\u00e9dio Poderoso Chefinho Simples P\u00f4ster A3 &#8902; (48) 3512-7069 &#8902; Mirela Freitas Festas","description":"Encontre aqui as melhores decora\u00e7\u00f5es e artigos para festas e fa\u00e7a do seu evento uma celebra\u00e7\u00e3o \u00fanica e inesquec\u00edvel.","robots":{"index":"index","follow":"follow","max-snippet":"max-snippet:-1","max-image-preview":"max-image-preview:large","max-video-preview":"max-video-preview:-1"},"canonical":"https:\/\/conexaototalmkt.tk\/mirelaloja\/produto\/kit-decoracao-de-festa-medio-poderoso-chefinho-simples-poster-a3\/","og_locale":"pt_BR","og_type":"article","og_title":"Kit Decora\u00e7\u00e3o de Festa M\u00e9dio Poderoso Chefinho Simples P\u00f4ster A3 &#8902; (48) 3512-7069 &#8902; Mirela Freitas Festas","og_description":"Encontre aqui as melhores decora\u00e7\u00f5es e artigos para festas e fa\u00e7a do seu evento uma celebra\u00e7\u00e3o \u00fanica e inesquec\u00edvel.","og_url":"https:\/\/conexaototalmkt.tk\/mirelaloja\/produto\/kit-decoracao-de-festa-medio-poderoso-chefinho-simples-poster-a3\/","og_site_name":"Mirela Freitas Festas - Loja Virtual","article_publisher":"https:\/\/www.facebook.com\/Loja6Criciuma","article_modified_time":"2023-11-17T00:04:10+00:00","og_image":[{"width":601,"height":603,"url":"https:\/\/conexaototalmkt.tk\/mirelaloja\/wp-content\/uploads\/2023\/10\/WhatsApp-Image-2023-10-09-at-17.25.23.jpeg","type":"image\/jpeg"}],"twitter_card":"summary_large_image","twitter_misc":{"Est. tempo de leitura":"2 minutos"},"schema":{"@context":"https:\/\/schema.org","@graph":[{"@type":"WebPage","@id":"https:\/\/conexaototalmkt.tk\/mirelaloja\/produto\/kit-decoracao-de-festa-medio-poderoso-chefinho-simples-poster-a3\/","url":"https:\/\/conexaototalmkt.tk\/mirelaloja\/produto\/kit-decoracao-de-festa-medio-poderoso-chefinho-simples-poster-a3\/","name":"Kit Decora\u00e7\u00e3o de Festa M\u00e9dio Poderoso Chefinho Simples P\u00f4ster A3 &#8902; (48) 3512-7069 &#8902; Mirela Freitas Festas","isPartOf":{"@id":"https:\/\/conexaototalmkt.tk\/mirelaloja\/#website"},"primaryImageOfPage":{"@id":"https:\/\/conexaototalmkt.tk\/mirelaloja\/produto\/kit-decoracao-de-festa-medio-poderoso-chefinho-simples-poster-a3\/#primaryimage"},"image":{"@id":"https:\/\/conexaototalmkt.tk\/mirelaloja\/produto\/kit-decoracao-de-festa-medio-poderoso-chefinho-simples-poster-a3\/#primaryimage"},"thumbnailUrl":"https:\/\/conexaototalmkt.tk\/mirelaloja\/wp-content\/uploads\/2023\/10\/WhatsApp-Image-2023-10-09-at-17.25.23.jpeg","datePublished":"2023-10-10T18:26:29+00:00","dateModified":"2023-11-17T00:04:10+00:00","description":"Encontre aqui as melhores decora\u00e7\u00f5es e artigos para festas e fa\u00e7a do seu evento uma celebra\u00e7\u00e3o \u00fanica e inesquec\u00edvel.","breadcrumb":{"@id":"https:\/\/conexaototalmkt.tk\/mirelaloja\/produto\/kit-decoracao-de-festa-medio-poderoso-chefinho-simples-poster-a3\/#breadcrumb"},"inLanguage":"pt-BR","potentialAction":[{"@type":"ReadAction","target":["https:\/\/conexaototalmkt.tk\/mirelaloja\/produto\/kit-decoracao-de-festa-medio-poderoso-chefinho-simples-poster-a3\/"]}]},{"@type":"ImageObject","inLanguage":"pt-BR","@id":"https:\/\/conexaototalmkt.tk\/mirelaloja\/produto\/kit-decoracao-de-festa-medio-poderoso-chefinho-simples-poster-a3\/#primaryimage","url":"https:\/\/conexaototalmkt.tk\/mirelaloja\/wp-content\/uploads\/2023\/10\/WhatsApp-Image-2023-10-09-at-17.25.23.jpeg","contentUrl":"https:\/\/conexaototalmkt.tk\/mirelaloja\/wp-content\/uploads\/2023\/10\/WhatsApp-Image-2023-10-09-at-17.25.23.jpeg","width":601,"height":603},{"@type":"BreadcrumbList","@id":"https:\/\/conexaototalmkt.tk\/mirelaloja\/produto\/kit-decoracao-de-festa-medio-poderoso-chefinho-simples-poster-a3\/#breadcrumb","itemListElement":[{"@type":"ListItem","position":1,"name":"In\u00edcio","item":"https:\/\/conexaototalmkt.tk\/mirelaloja\/"},{"@type":"ListItem","position":2,"name":"MIRELA FREITAS &#8211; LOJA VIRTUAL","item":"https:\/\/conexaototalmkt.tk\/mirelaloja\/"},{"@type":"ListItem","position":3,"name":"Kit Decora\u00e7\u00e3o de Festa M\u00e9dio Poderoso Chefinho Simples P\u00f4ster A3"}]},{"@type":"WebSite","@id":"https:\/\/conexaototalmkt.tk\/mirelaloja\/#website","url":"https:\/\/conexaototalmkt.tk\/mirelaloja\/","name":"Mirela Freitas Festas","description":"","publisher":{"@id":"https:\/\/conexaototalmkt.tk\/mirelaloja\/#organization"},"potentialAction":[{"@type":"SearchAction","target":{"@type":"EntryPoint","urlTemplate":"https:\/\/conexaototalmkt.tk\/mirelaloja\/?s={search_term_string}"},"query-input":{"@type":"PropertyValueSpecification","valueRequired":true,"valueName":"search_term_string"}}],"inLanguage":"pt-BR"},{"@type":"Organization","@id":"https:\/\/conexaototalmkt.tk\/mirelaloja\/#organization","name":"Mirela Freitas Festas","url":"https:\/\/conexaototalmkt.tk\/mirelaloja\/","logo":{"@type":"ImageObject","inLanguage":"pt-BR","@id":"https:\/\/conexaototalmkt.tk\/mirelaloja\/#\/schema\/logo\/image\/","url":"https:\/\/conexaototalmkt.tk\/mirelaloja\/wp-content\/uploads\/2023\/10\/Mirela-Festas.png","contentUrl":"https:\/\/conexaototalmkt.tk\/mirelaloja\/wp-content\/uploads\/2023\/10\/Mirela-Festas.png","width":1500,"height":330,"caption":"Mirela Freitas Festas"},"image":{"@id":"https:\/\/conexaototalmkt.tk\/mirelaloja\/#\/schema\/logo\/image\/"},"sameAs":["https:\/\/www.facebook.com\/Loja6Criciuma","https:\/\/www.instagram.com\/mirelafreitasfestas\/"]}]}},"_links":{"self":[{"href":"https:\/\/conexaototalmkt.tk\/mirelaloja\/wp-json\/wp\/v2\/product\/15721","targetHints":{"allow":["GET"]}}],"collection":[{"href":"https:\/\/conexaototalmkt.tk\/mirelaloja\/wp-json\/wp\/v2\/product"}],"about":[{"href":"https:\/\/conexaototalmkt.tk\/mirelaloja\/wp-json\/wp\/v2\/types\/product"}],"replies":[{"embeddable":true,"href":"https:\/\/conexaototalmkt.tk\/mirelaloja\/wp-json\/wp\/v2\/comments?post=15721"}],"version-history":[{"count":2,"href":"https:\/\/conexaototalmkt.tk\/mirelaloja\/wp-json\/wp\/v2\/product\/15721\/revisions"}],"predecessor-version":[{"id":15773,"href":"https:\/\/conexaototalmkt.tk\/mirelaloja\/wp-json\/wp\/v2\/product\/15721\/revisions\/15773"}],"wp:featuredmedia":[{"embeddable":true,"href":"https:\/\/conexaototalmkt.tk\/mirelaloja\/wp-json\/wp\/v2\/media\/15725"}],"wp:attachment":[{"href":"https:\/\/conexaototalmkt.tk\/mirelaloja\/wp-json\/wp\/v2\/media?parent=15721"}],"wp:term":[{"taxonomy":"product_brand","embeddable":true,"href":"https:\/\/conexaototalmkt.tk\/mirelaloja\/wp-json\/wp\/v2\/product_brand?post=15721"},{"taxonomy":"product_cat","embeddable":true,"href":"https:\/\/conexaototalmkt.tk\/mirelaloja\/wp-json\/wp\/v2\/product_cat?post=15721"},{"taxonomy":"product_tag","embeddable":true,"href":"https:\/\/conexaototalmkt.tk\/mirelaloja\/wp-json\/wp\/v2\/product_tag?post=15721"}],"curies":[{"name":"wp","href":"https:\/\/api.w.org\/{rel}","templated":true}]}}