{"id":60,"date":"2021-08-26T12:26:53","date_gmt":"2021-08-26T12:26:53","guid":{"rendered":"http:\/\/dummy.xtemos.com\/woodmart2\/elementor\/?page_id=60"},"modified":"2023-09-29T20:34:40","modified_gmt":"2023-09-29T23:34:40","slug":"favoritos","status":"publish","type":"page","link":"https:\/\/conexaototalmkt.tk\/mirelaloja\/favoritos\/","title":{"rendered":"FAVORITOS"},"content":{"rendered":"\t\t\n\t\t\n\t\t<div class=\"\">\n\t\t\t\t\t\t<div class=\"wd-wishlist-content\">\n\t\t\t\t\t\t\t\t\t\t\t\n\t\t<p class=\"wd-empty-wishlist wd-empty-page\">\n\t\t\tEsta lista de desejos est\u00e1 vazia.\t\t<\/p>\n\n\t\t\t\t\t<div class=\"wd-empty-page-text\">\n\t\t\t\tVoc\u00ea ainda n\u00e3o tem nenhum produto na lista de desejos. Voc\u00ea encontrar\u00e1 muitos produtos interessantes em nossa p\u00e1gina \"Loja\".\t\t\t<\/div>\n\t\t\n\t\t\n\t\t\t\t\t<p class=\"return-to-shop\">\n\t\t\t\t<a class=\"button\" href=\"https:\/\/conexaototalmkt.tk\/mirelaloja\/\">\n\t\t\t\t\tVoltar para a loja\t\t\t\t<\/a>\n\t\t\t<\/p>\n\t\t\t\t\t\t\t\t\t\t\t<\/div>\n\t\t\t\t<\/div>\n\t\t\n","protected":false},"excerpt":{"rendered":"","protected":false},"author":1,"featured_media":0,"parent":0,"menu_order":0,"comment_status":"closed","ping_status":"closed","template":"","meta":{"footnotes":""},"class_list":["post-60","page","type-page","status-publish","hentry"],"yoast_head":"<!-- This site is optimized with the Yoast SEO plugin v27.2 - https:\/\/yoast.com\/product\/yoast-seo-wordpress\/ -->\n<title>FAVORITOS &#8902; Mirela Freitas Festas - Loja Virtual<\/title>\n<meta name=\"robots\" content=\"index, follow, max-snippet:-1, max-image-preview:large, max-video-preview:-1\" \/>\n<link rel=\"canonical\" href=\"https:\/\/conexaototalmkt.tk\/mirelaloja\/favoritos\/\" \/>\n<meta property=\"og:locale\" content=\"pt_BR\" \/>\n<meta property=\"og:type\" content=\"article\" \/>\n<meta property=\"og:title\" content=\"FAVORITOS &#8902; Mirela Freitas Festas - Loja Virtual\" \/>\n<meta property=\"og:url\" content=\"https:\/\/conexaototalmkt.tk\/mirelaloja\/favoritos\/\" \/>\n<meta property=\"og:site_name\" content=\"Mirela Freitas Festas - Loja Virtual\" \/>\n<meta property=\"article:publisher\" content=\"https:\/\/www.facebook.com\/Loja6Criciuma\" \/>\n<meta property=\"article:modified_time\" content=\"2023-09-29T23:34:40+00:00\" \/>\n<meta property=\"og:image\" content=\"https:\/\/conexaototalmkt.tk\/mirelaloja\/wp-content\/uploads\/2023\/10\/Mirela-Festas.png\" \/>\n\t<meta property=\"og:image:width\" content=\"1500\" \/>\n\t<meta property=\"og:image:height\" content=\"330\" \/>\n\t<meta property=\"og:image:type\" content=\"image\/png\" \/>\n<meta name=\"twitter:card\" content=\"summary_large_image\" \/>\n<script type=\"application\/ld+json\" class=\"yoast-schema-graph\">{\"@context\":\"https:\/\/schema.org\",\"@graph\":[{\"@type\":\"WebPage\",\"@id\":\"https:\/\/conexaototalmkt.tk\/mirelaloja\/favoritos\/\",\"url\":\"https:\/\/conexaototalmkt.tk\/mirelaloja\/favoritos\/\",\"name\":\"FAVORITOS &#8902; Mirela Freitas Festas - Loja Virtual\",\"isPartOf\":{\"@id\":\"https:\/\/conexaototalmkt.tk\/mirelaloja\/#website\"},\"datePublished\":\"2021-08-26T12:26:53+00:00\",\"dateModified\":\"2023-09-29T23:34:40+00:00\",\"breadcrumb\":{\"@id\":\"https:\/\/conexaototalmkt.tk\/mirelaloja\/favoritos\/#breadcrumb\"},\"inLanguage\":\"pt-BR\",\"potentialAction\":[{\"@type\":\"ReadAction\",\"target\":[\"https:\/\/conexaototalmkt.tk\/mirelaloja\/favoritos\/\"]}]},{\"@type\":\"BreadcrumbList\",\"@id\":\"https:\/\/conexaototalmkt.tk\/mirelaloja\/favoritos\/#breadcrumb\",\"itemListElement\":[{\"@type\":\"ListItem\",\"position\":1,\"name\":\"In\u00edcio\",\"item\":\"https:\/\/conexaototalmkt.tk\/mirelaloja\/\"},{\"@type\":\"ListItem\",\"position\":2,\"name\":\"FAVORITOS\"}]},{\"@type\":\"WebSite\",\"@id\":\"https:\/\/conexaototalmkt.tk\/mirelaloja\/#website\",\"url\":\"https:\/\/conexaototalmkt.tk\/mirelaloja\/\",\"name\":\"Mirela Freitas Festas\",\"description\":\"\",\"publisher\":{\"@id\":\"https:\/\/conexaototalmkt.tk\/mirelaloja\/#organization\"},\"potentialAction\":[{\"@type\":\"SearchAction\",\"target\":{\"@type\":\"EntryPoint\",\"urlTemplate\":\"https:\/\/conexaototalmkt.tk\/mirelaloja\/?s={search_term_string}\"},\"query-input\":{\"@type\":\"PropertyValueSpecification\",\"valueRequired\":true,\"valueName\":\"search_term_string\"}}],\"inLanguage\":\"pt-BR\"},{\"@type\":\"Organization\",\"@id\":\"https:\/\/conexaototalmkt.tk\/mirelaloja\/#organization\",\"name\":\"Mirela Freitas Festas\",\"url\":\"https:\/\/conexaototalmkt.tk\/mirelaloja\/\",\"logo\":{\"@type\":\"ImageObject\",\"inLanguage\":\"pt-BR\",\"@id\":\"https:\/\/conexaototalmkt.tk\/mirelaloja\/#\/schema\/logo\/image\/\",\"url\":\"https:\/\/conexaototalmkt.tk\/mirelaloja\/wp-content\/uploads\/2023\/10\/Mirela-Festas.png\",\"contentUrl\":\"https:\/\/conexaototalmkt.tk\/mirelaloja\/wp-content\/uploads\/2023\/10\/Mirela-Festas.png\",\"width\":1500,\"height\":330,\"caption\":\"Mirela Freitas Festas\"},\"image\":{\"@id\":\"https:\/\/conexaototalmkt.tk\/mirelaloja\/#\/schema\/logo\/image\/\"},\"sameAs\":[\"https:\/\/www.facebook.com\/Loja6Criciuma\",\"https:\/\/www.instagram.com\/mirelafreitasfestas\/\"]}]}<\/script>\n<!-- \/ Yoast SEO plugin. -->","yoast_head_json":{"title":"FAVORITOS &#8902; Mirela Freitas Festas - Loja Virtual","robots":{"index":"index","follow":"follow","max-snippet":"max-snippet:-1","max-image-preview":"max-image-preview:large","max-video-preview":"max-video-preview:-1"},"canonical":"https:\/\/conexaototalmkt.tk\/mirelaloja\/favoritos\/","og_locale":"pt_BR","og_type":"article","og_title":"FAVORITOS &#8902; Mirela Freitas Festas - Loja Virtual","og_url":"https:\/\/conexaototalmkt.tk\/mirelaloja\/favoritos\/","og_site_name":"Mirela Freitas Festas - Loja Virtual","article_publisher":"https:\/\/www.facebook.com\/Loja6Criciuma","article_modified_time":"2023-09-29T23:34:40+00:00","og_image":[{"width":1500,"height":330,"url":"https:\/\/conexaototalmkt.tk\/mirelaloja\/wp-content\/uploads\/2023\/10\/Mirela-Festas.png","type":"image\/png"}],"twitter_card":"summary_large_image","schema":{"@context":"https:\/\/schema.org","@graph":[{"@type":"WebPage","@id":"https:\/\/conexaototalmkt.tk\/mirelaloja\/favoritos\/","url":"https:\/\/conexaototalmkt.tk\/mirelaloja\/favoritos\/","name":"FAVORITOS &#8902; Mirela Freitas Festas - Loja Virtual","isPartOf":{"@id":"https:\/\/conexaototalmkt.tk\/mirelaloja\/#website"},"datePublished":"2021-08-26T12:26:53+00:00","dateModified":"2023-09-29T23:34:40+00:00","breadcrumb":{"@id":"https:\/\/conexaototalmkt.tk\/mirelaloja\/favoritos\/#breadcrumb"},"inLanguage":"pt-BR","potentialAction":[{"@type":"ReadAction","target":["https:\/\/conexaototalmkt.tk\/mirelaloja\/favoritos\/"]}]},{"@type":"BreadcrumbList","@id":"https:\/\/conexaototalmkt.tk\/mirelaloja\/favoritos\/#breadcrumb","itemListElement":[{"@type":"ListItem","position":1,"name":"In\u00edcio","item":"https:\/\/conexaototalmkt.tk\/mirelaloja\/"},{"@type":"ListItem","position":2,"name":"FAVORITOS"}]},{"@type":"WebSite","@id":"https:\/\/conexaototalmkt.tk\/mirelaloja\/#website","url":"https:\/\/conexaototalmkt.tk\/mirelaloja\/","name":"Mirela Freitas Festas","description":"","publisher":{"@id":"https:\/\/conexaototalmkt.tk\/mirelaloja\/#organization"},"potentialAction":[{"@type":"SearchAction","target":{"@type":"EntryPoint","urlTemplate":"https:\/\/conexaototalmkt.tk\/mirelaloja\/?s={search_term_string}"},"query-input":{"@type":"PropertyValueSpecification","valueRequired":true,"valueName":"search_term_string"}}],"inLanguage":"pt-BR"},{"@type":"Organization","@id":"https:\/\/conexaototalmkt.tk\/mirelaloja\/#organization","name":"Mirela Freitas Festas","url":"https:\/\/conexaototalmkt.tk\/mirelaloja\/","logo":{"@type":"ImageObject","inLanguage":"pt-BR","@id":"https:\/\/conexaototalmkt.tk\/mirelaloja\/#\/schema\/logo\/image\/","url":"https:\/\/conexaototalmkt.tk\/mirelaloja\/wp-content\/uploads\/2023\/10\/Mirela-Festas.png","contentUrl":"https:\/\/conexaototalmkt.tk\/mirelaloja\/wp-content\/uploads\/2023\/10\/Mirela-Festas.png","width":1500,"height":330,"caption":"Mirela Freitas Festas"},"image":{"@id":"https:\/\/conexaototalmkt.tk\/mirelaloja\/#\/schema\/logo\/image\/"},"sameAs":["https:\/\/www.facebook.com\/Loja6Criciuma","https:\/\/www.instagram.com\/mirelafreitasfestas\/"]}]}},"_links":{"self":[{"href":"https:\/\/conexaototalmkt.tk\/mirelaloja\/wp-json\/wp\/v2\/pages\/60","targetHints":{"allow":["GET"]}}],"collection":[{"href":"https:\/\/conexaototalmkt.tk\/mirelaloja\/wp-json\/wp\/v2\/pages"}],"about":[{"href":"https:\/\/conexaototalmkt.tk\/mirelaloja\/wp-json\/wp\/v2\/types\/page"}],"author":[{"embeddable":true,"href":"https:\/\/conexaototalmkt.tk\/mirelaloja\/wp-json\/wp\/v2\/users\/1"}],"replies":[{"embeddable":true,"href":"https:\/\/conexaototalmkt.tk\/mirelaloja\/wp-json\/wp\/v2\/comments?post=60"}],"version-history":[{"count":3,"href":"https:\/\/conexaototalmkt.tk\/mirelaloja\/wp-json\/wp\/v2\/pages\/60\/revisions"}],"predecessor-version":[{"id":15590,"href":"https:\/\/conexaototalmkt.tk\/mirelaloja\/wp-json\/wp\/v2\/pages\/60\/revisions\/15590"}],"wp:attachment":[{"href":"https:\/\/conexaototalmkt.tk\/mirelaloja\/wp-json\/wp\/v2\/media?parent=60"}],"curies":[{"name":"wp","href":"https:\/\/api.w.org\/{rel}","templated":true}]}}