{"id":31614,"date":"2026-01-28T20:41:22","date_gmt":"2026-01-28T23:41:22","guid":{"rendered":"https:\/\/conexaototalmkt.tk\/luarmeu\/?post_type=product&#038;p=31614"},"modified":"2026-01-28T20:41:22","modified_gmt":"2026-01-28T23:41:22","slug":"kit-10-calcinha-lisa-feminina-modelo-tanga-calsinha-adulto-suplex-microfibra-do-p-m-g","status":"publish","type":"product","link":"https:\/\/conexaototalmkt.tk\/luarmeu\/produto\/kit-10-calcinha-lisa-feminina-modelo-tanga-calsinha-adulto-suplex-microfibra-do-p-m-g\/","title":{"rendered":"Kit 10 Calcinha Lisa Feminina Modelo Tanga Calsinha Adulto Suplex Microfibra do P M G"},"content":{"rendered":"<p>Marca<\/p>\n<p>Taiwan Collection<\/p>\n<p>Pequeno<br \/>\nN\u00e3o<\/p>\n<p>Pa\u00eds de Origem<br \/>\nBrasil<\/p>\n<p>Dimens\u00f5es do Produto<br \/>\nPacote<\/p>\n<p>Estilo de calcinha<br \/>\nTanga<\/p>\n<p>Material<br \/>\nCalcinha Femenina, Calcinha Tanga, Calsinha, Calsinha Feminina, Kit Calsinha Femenina<\/p>\n<p>Tipo de Calcinha<br \/>\nCalcinha Tanga<\/p>\n<p>Estampa<\/p>\n<p>Calcinha de Microfibra Feminina, Calcinha lisa, Kit Calcinha, Kit Calcinhas, Kit de Calcinha<\/p>\n","protected":false},"excerpt":{"rendered":"<p>Marca Taiwan Collection Pequeno N\u00e3o Pa\u00eds de Origem Brasil Dimens\u00f5es do Produto Pacote Estilo de calcinha Tanga Material Calcinha Femenina,<\/p>\n","protected":false},"featured_media":31616,"comment_status":"open","ping_status":"closed","template":"","meta":[],"product_brand":[],"product_cat":[4302,4293],"product_tag":[],"class_list":{"0":"post-31614","1":"product","2":"type-product","3":"status-publish","4":"has-post-thumbnail","6":"product_cat-calcinha","7":"product_cat-lingeries","9":"first","10":"instock","11":"shipping-taxable","12":"purchasable","13":"product-type-variable"},"_links":{"self":[{"href":"https:\/\/conexaototalmkt.tk\/luarmeu\/wp-json\/wp\/v2\/product\/31614","targetHints":{"allow":["GET"]}}],"collection":[{"href":"https:\/\/conexaototalmkt.tk\/luarmeu\/wp-json\/wp\/v2\/product"}],"about":[{"href":"https:\/\/conexaototalmkt.tk\/luarmeu\/wp-json\/wp\/v2\/types\/product"}],"replies":[{"embeddable":true,"href":"https:\/\/conexaototalmkt.tk\/luarmeu\/wp-json\/wp\/v2\/comments?post=31614"}],"version-history":[{"count":1,"href":"https:\/\/conexaototalmkt.tk\/luarmeu\/wp-json\/wp\/v2\/product\/31614\/revisions"}],"predecessor-version":[{"id":31620,"href":"https:\/\/conexaototalmkt.tk\/luarmeu\/wp-json\/wp\/v2\/product\/31614\/revisions\/31620"}],"wp:featuredmedia":[{"embeddable":true,"href":"https:\/\/conexaototalmkt.tk\/luarmeu\/wp-json\/wp\/v2\/media\/31616"}],"wp:attachment":[{"href":"https:\/\/conexaototalmkt.tk\/luarmeu\/wp-json\/wp\/v2\/media?parent=31614"}],"wp:term":[{"taxonomy":"product_brand","embeddable":true,"href":"https:\/\/conexaototalmkt.tk\/luarmeu\/wp-json\/wp\/v2\/product_brand?post=31614"},{"taxonomy":"product_cat","embeddable":true,"href":"https:\/\/conexaototalmkt.tk\/luarmeu\/wp-json\/wp\/v2\/product_cat?post=31614"},{"taxonomy":"product_tag","embeddable":true,"href":"https:\/\/conexaototalmkt.tk\/luarmeu\/wp-json\/wp\/v2\/product_tag?post=31614"}],"curies":[{"name":"wp","href":"https:\/\/api.w.org\/{rel}","templated":true}]}}