{"id":31607,"date":"2026-01-28T20:24:59","date_gmt":"2026-01-28T23:24:59","guid":{"rendered":"https:\/\/conexaototalmkt.tk\/luarmeu\/?post_type=product&#038;p=31607"},"modified":"2026-01-28T20:24:59","modified_gmt":"2026-01-28T23:24:59","slug":"depilador-eletrico-kemei-km-3010-recarregavel-3-em-1-bivolt-com-lixador-de-pes-e-aparador-de-pelos","status":"publish","type":"product","link":"https:\/\/conexaototalmkt.tk\/luarmeu\/produto\/depilador-eletrico-kemei-km-3010-recarregavel-3-em-1-bivolt-com-lixador-de-pes-e-aparador-de-pelos\/","title":{"rendered":"Depilador El\u00e9trico Kemei KM-3010 Recarreg\u00e1vel 3 em 1 Bivolt Com Lixador de p\u00e9s e Aparador de pelos"},"content":{"rendered":"<p class=\"QN2lPu\">Se voc\u00ea \u00e9 uma pessoa que prefere remover os pelos do seu corpo, aproveite uma suavidade duradoura com a Kemei KM-3010.<\/p>\n<p class=\"QN2lPu\">Liberte-se<\/p>\n<p class=\"QN2lPu\">\u00c9 perfeito para usar em suas pernas se voc\u00ea estiver procurando mant\u00ea-las lisas e sedosas por mais tempo.<\/p>\n<p class=\"QN2lPu\">A regi\u00e3o da virilha \u00e9 sens\u00edvel e precisa de cuidados especiais. Agora voc\u00ea poder\u00e1 recortar na \u00e1rea e defini-la de forma pr\u00e1tica e segura.<\/p>\n<p class=\"QN2lPu\">A limpeza vem primeiro<\/p>\n<p class=\"QN2lPu\">Sua cabe\u00e7a \u00e9 lav\u00e1vel, ent\u00e3o simplesmente voc\u00ea dever\u00e1 enxaguar com \u00e1gua corrente para uma limpeza r\u00e1pida e higi\u00eanica.<\/p>\n<p class=\"QN2lPu\">Sua pequena escova de limpeza ir\u00e1 ajud\u00e1-lo a remover o pelo acumulado nas barras de depila\u00e7\u00e3o.<\/p>\n<p class=\"QN2lPu\">Se a bateria estiver preste a acabar, recarregue-a durante 8 horas para que voc\u00ea possa continuar com seu uso quando e onde precisar.<\/p>\n<p class=\"QN2lPu\">Acess\u00f3rios inclu\u00eddos<\/p>\n<p class=\"QN2lPu\">Al\u00e9m disso, esse produto inclui cabe\u00e7a barbeadora, cabe\u00e7a depiladora, cabe\u00e7al removedor de calos.<\/p>\n<p class=\"QN2lPu\">\n<p class=\"QN2lPu\">Depilador Eletrico Kemei 3010 e a solucao perfeita e completa para cuidar da beleza da sua pele, pois reune e combina 3 aparelhos em 1:<\/p>\n<p class=\"QN2lPu\">\n<p class=\"QN2lPu\">1. Depilacao &#8211; Possui um pente com dentes depiladores que retira com facilidade os menores pelos do seu corpo desde a raiz. Este modo permite ficar sem pelos por ate 4 semanas!<\/p>\n<p class=\"QN2lPu\">2. Removedor de pelos &#8211; Possui um pente de corte de pelos, permitindo cortar grande quantidade de pelos com precisao. Caso esteja com pressa e nao deseje se depilar, podera cortar os pelos com rapidez;<\/p>\n<p class=\"QN2lPu\">3. Removedor de calos &#8211; Possui um pente que remove os calos, podendo ser utilizado nas maos e pes.<\/p>\n<p class=\"QN2lPu\">\n<p class=\"QN2lPu\">Ele e versatil e pode ser usado em todo o corpo, pois permite o cuidar de pernas, bracos, axilas, virilha e gracas as suas 2 velocidades, ele e perfeito ate para as peles mais sensiveis.<\/p>\n<p class=\"QN2lPu\">\n<p class=\"QN2lPu\">\n<p class=\"QN2lPu\">Especificacoes:<\/p>\n<p class=\"QN2lPu\">Marca: Kemei<\/p>\n<p class=\"QN2lPu\">Modelo: KM-3010<\/p>\n<p class=\"QN2lPu\">Voltagem: 110v &#8211; 220v (Bivolt)<\/p>\n<p class=\"QN2lPu\">Potencia: 4.5W<\/p>\n<p class=\"QN2lPu\">Carregador: cabo USB<\/p>\n<p class=\"QN2lPu\">Alimentacao: Bateria interna recarregavel<\/p>\n<p class=\"QN2lPu\">Limpeza: Lavavel em agua ou a seco<\/p>\n<p class=\"QN2lPu\">Peso: 168 gr<\/p>\n<p class=\"QN2lPu\">Tamanho: 12.7 &#8211; 3.5 cm<\/p>\n","protected":false},"excerpt":{"rendered":"<p>Se voc\u00ea \u00e9 uma pessoa que prefere remover os pelos do seu corpo, aproveite uma suavidade duradoura com a Kemei<\/p>\n","protected":false},"featured_media":31608,"comment_status":"open","ping_status":"closed","template":"","meta":[],"product_brand":[],"product_cat":[4297,4290],"product_tag":[],"class_list":{"0":"post-31607","1":"product","2":"type-product","3":"status-publish","4":"has-post-thumbnail","6":"product_cat-depilador-eletrico","7":"product_cat-eletronicos","9":"first","10":"instock","11":"shipping-taxable","12":"purchasable","13":"product-type-simple"},"_links":{"self":[{"href":"https:\/\/conexaototalmkt.tk\/luarmeu\/wp-json\/wp\/v2\/product\/31607","targetHints":{"allow":["GET"]}}],"collection":[{"href":"https:\/\/conexaototalmkt.tk\/luarmeu\/wp-json\/wp\/v2\/product"}],"about":[{"href":"https:\/\/conexaototalmkt.tk\/luarmeu\/wp-json\/wp\/v2\/types\/product"}],"replies":[{"embeddable":true,"href":"https:\/\/conexaototalmkt.tk\/luarmeu\/wp-json\/wp\/v2\/comments?post=31607"}],"version-history":[{"count":2,"href":"https:\/\/conexaototalmkt.tk\/luarmeu\/wp-json\/wp\/v2\/product\/31607\/revisions"}],"predecessor-version":[{"id":31615,"href":"https:\/\/conexaototalmkt.tk\/luarmeu\/wp-json\/wp\/v2\/product\/31607\/revisions\/31615"}],"wp:featuredmedia":[{"embeddable":true,"href":"https:\/\/conexaototalmkt.tk\/luarmeu\/wp-json\/wp\/v2\/media\/31608"}],"wp:attachment":[{"href":"https:\/\/conexaototalmkt.tk\/luarmeu\/wp-json\/wp\/v2\/media?parent=31607"}],"wp:term":[{"taxonomy":"product_brand","embeddable":true,"href":"https:\/\/conexaototalmkt.tk\/luarmeu\/wp-json\/wp\/v2\/product_brand?post=31607"},{"taxonomy":"product_cat","embeddable":true,"href":"https:\/\/conexaototalmkt.tk\/luarmeu\/wp-json\/wp\/v2\/product_cat?post=31607"},{"taxonomy":"product_tag","embeddable":true,"href":"https:\/\/conexaototalmkt.tk\/luarmeu\/wp-json\/wp\/v2\/product_tag?post=31607"}],"curies":[{"name":"wp","href":"https:\/\/api.w.org\/{rel}","templated":true}]}}