{"id":31586,"date":"2026-01-27T21:37:25","date_gmt":"2026-01-28T00:37:25","guid":{"rendered":"https:\/\/conexaototalmkt.tk\/luarmeu\/?post_type=product&#038;p=31586"},"modified":"2026-01-28T19:52:01","modified_gmt":"2026-01-28T22:52:01","slug":"oculos-de-sol-femininos-retangulares-colorful-transparent","status":"publish","type":"product","link":"https:\/\/conexaototalmkt.tk\/luarmeu\/produto\/oculos-de-sol-femininos-retangulares-colorful-transparent\/","title":{"rendered":"\u00d3culos De Sol Femininos Retangulares Colorful Transparent"},"content":{"rendered":"<p class=\"QN2lPu\">Estilo: Moda<\/p>\n<p class=\"QN2lPu\">Se for polarizado: N\u00e3o<\/p>\n<p class=\"QN2lPu\">Material da lente: Resina<\/p>\n<p class=\"QN2lPu\">Material da moldura: Pl\u00e1stico<\/p>\n<p class=\"QN2lPu\">Adequado para a crowd: Mulheres \/ homens<\/p>\n<p class=\"QN2lPu\">Modelo: GUM2235<\/p>\n<p class=\"QN2lPu\">Conte\u00fado do produto: 1 * \u00f3culos de sol<\/p>\n<p class=\"QN2lPu\">Tamanho do produto: Por favor, veja a imagem do produto (marcado na imagem)<\/p>\n<p class=\"QN2lPu\">Embalagem: Embalagem em saco de bolhas<\/p>\n<p class=\"QN2lPu\">Quando voc\u00ea receber o pacote, voc\u00ea pode d\u00e1 uma classifica\u00e7\u00e3o de 5 estrelas, muito grat\u00e1vel, se voc\u00ea tiver qualquer problema com o pacote, entre em contato primeiro servi\u00e7o ao cliente, iremos resolver seus problemas, obrigado pela sua compreens\u00e3o.<\/p>\n","protected":false},"excerpt":{"rendered":"<p>Estilo: Moda Se for polarizado: N\u00e3o Material da lente: Resina Material da moldura: Pl\u00e1stico Adequado para a crowd: Mulheres \/<\/p>\n","protected":false},"featured_media":31587,"comment_status":"open","ping_status":"closed","template":"","meta":[],"product_brand":[],"product_cat":[4286,4287],"product_tag":[],"class_list":{"0":"post-31586","1":"product","2":"type-product","3":"status-publish","4":"has-post-thumbnail","6":"product_cat-acessorios","7":"product_cat-oculos","9":"first","10":"instock","11":"shipping-taxable","12":"purchasable","13":"product-type-variable"},"_links":{"self":[{"href":"https:\/\/conexaototalmkt.tk\/luarmeu\/wp-json\/wp\/v2\/product\/31586","targetHints":{"allow":["GET"]}}],"collection":[{"href":"https:\/\/conexaototalmkt.tk\/luarmeu\/wp-json\/wp\/v2\/product"}],"about":[{"href":"https:\/\/conexaototalmkt.tk\/luarmeu\/wp-json\/wp\/v2\/types\/product"}],"replies":[{"embeddable":true,"href":"https:\/\/conexaototalmkt.tk\/luarmeu\/wp-json\/wp\/v2\/comments?post=31586"}],"version-history":[{"count":1,"href":"https:\/\/conexaototalmkt.tk\/luarmeu\/wp-json\/wp\/v2\/product\/31586\/revisions"}],"predecessor-version":[{"id":31588,"href":"https:\/\/conexaototalmkt.tk\/luarmeu\/wp-json\/wp\/v2\/product\/31586\/revisions\/31588"}],"wp:featuredmedia":[{"embeddable":true,"href":"https:\/\/conexaototalmkt.tk\/luarmeu\/wp-json\/wp\/v2\/media\/31587"}],"wp:attachment":[{"href":"https:\/\/conexaototalmkt.tk\/luarmeu\/wp-json\/wp\/v2\/media?parent=31586"}],"wp:term":[{"taxonomy":"product_brand","embeddable":true,"href":"https:\/\/conexaototalmkt.tk\/luarmeu\/wp-json\/wp\/v2\/product_brand?post=31586"},{"taxonomy":"product_cat","embeddable":true,"href":"https:\/\/conexaototalmkt.tk\/luarmeu\/wp-json\/wp\/v2\/product_cat?post=31586"},{"taxonomy":"product_tag","embeddable":true,"href":"https:\/\/conexaototalmkt.tk\/luarmeu\/wp-json\/wp\/v2\/product_tag?post=31586"}],"curies":[{"name":"wp","href":"https:\/\/api.w.org\/{rel}","templated":true}]}}