{"id":19924,"date":"2023-06-20T18:46:06","date_gmt":"2023-06-20T21:46:06","guid":{"rendered":"https:\/\/conexaototalmkt.tk\/luarmeu\/?page_id=19924"},"modified":"2023-06-20T18:52:24","modified_gmt":"2023-06-20T21:52:24","slug":"termos-e-condicoes","status":"publish","type":"page","link":"https:\/\/conexaototalmkt.tk\/luarmeu\/termos-e-condicoes\/","title":{"rendered":"Termos e Condi\u00e7\u00f5es"},"content":{"rendered":"\t\t<div data-elementor-type=\"wp-page\" data-elementor-id=\"19924\" class=\"elementor elementor-19924\" data-elementor-post-type=\"page\">\n\t\t\t\t\t\t<section class=\"elementor-section elementor-top-section elementor-element elementor-element-8eb96db elementor-section-boxed elementor-section-height-default elementor-section-height-default wd-section-disabled\" data-id=\"8eb96db\" data-element_type=\"section\" data-e-type=\"section\">\n\t\t\t\t\t\t<div class=\"elementor-container elementor-column-gap-default\">\n\t\t\t\t\t<div class=\"elementor-column elementor-col-100 elementor-top-column elementor-element elementor-element-6a885ab\" data-id=\"6a885ab\" data-element_type=\"column\" data-e-type=\"column\">\n\t\t\t<div class=\"elementor-widget-wrap elementor-element-populated\">\n\t\t\t\t\t\t<div class=\"elementor-element elementor-element-0562563 color-scheme-inherit text-left elementor-widget elementor-widget-text-editor\" data-id=\"0562563\" data-element_type=\"widget\" data-e-type=\"widget\" data-widget_type=\"text-editor.default\">\n\t\t\t\t<div class=\"elementor-widget-container\">\n\t\t\t\t\t\t\t\t\t<div id=\"layer-ec52lh\" class=\"s1dkyrn\" data-exp-s=\"\" data-spm=\"layer-ec52lh\" data-type=\"layer\" data-aplus-ae=\"x1_6898461c\" data-spm-anchor-id=\"a2g0o.ams_103954.0.layer-ec52lh.1331QixOQixOQH\"><h3 class=\"sn0w96g\" data-spm-anchor-id=\"a2g0o.ams_103954.layer-ec52lh.i1.1331QixOQixOQH\"><span>Termos e Condi\u00e7\u00f5es<\/span><\/h3><\/div><div id=\"layer-fj6g8p\" class=\"smzw2b5\" data-exp-s=\"\" data-spm=\"layer-fj6g8p\" data-type=\"layer\" data-aplus-ae=\"x2_6505be64\" data-spm-anchor-id=\"a2g0o.ams_103954.0.layer-fj6g8p.1331QixOQixOQH\"><p class=\"sfribyv\" data-spm-anchor-id=\"a2g0o.ams_103954.layer-fj6g8p.i0.1331QixOQixOQH\"><span>Garantia de devolu\u00e7\u00e3o do dinheiro de prote\u00e7\u00e3o ao comprador\u201d ou Regras, termos e condi\u00e7\u00f5es de \u201cProte\u00e7\u00e3o b\u00e1sica ao comprador\u201d (as \u201cRegras oficiais\u201d)<\/span><\/p><\/div><div id=\"t41147ec0335e\" class=\"sz7m81n\" data-copy=\"true\" data-exp-s=\"\" data-spm=\"t41147ec0335e\" data-type=\"layer\" data-aplus-ae=\"x3_639b6126\" data-spm-anchor-id=\"a2g0o.ams_103954.0.t41147ec0335e.1331QixOQixOQH\"><p><span>Estes Termos e Condi\u00e7\u00f5es se aplicam \u00e0 \u201cGarantia de devolu\u00e7\u00e3o do dinheiro de prote\u00e7\u00e3o ao comprador\u201d ou \u201cProte\u00e7\u00e3o b\u00e1sica ao comprador\u201d no AliExpress (a \u201cProte\u00e7\u00e3o ao comprador\u201d).<\/span><\/p><\/div><div id=\"t22f58fb7036e\" class=\"smzw2b5\" data-copy=\"true\" data-exp-s=\"\" data-spm=\"t22f58fb7036e\" data-type=\"layer\" data-aplus-ae=\"x4_5ff73a50\" data-spm-anchor-id=\"a2g0o.ams_103954.0.t22f58fb7036e.1331QixOQixOQH\"><p class=\"sfribyv\"><span>1. Promotor: a parte contratante determinada de acordo com a se\u00e7\u00e3o \u201c1.1 Parte Contratante\u201d do Contrato de Servi\u00e7os de Transa\u00e7\u00e3o Alibaba.com (\u201cAliExpress\u201d ou o \u201cPromotor\u201d).<\/span><\/p><\/div><div id=\"t8747aa9b23a7\" class=\"smzw2b5\" data-copy=\"true\" data-exp-s=\"\" data-spm=\"t8747aa9b23a7\" data-type=\"layer\" data-aplus-ae=\"x5_3f4aeda5\" data-spm-anchor-id=\"a2g0o.ams_103954.0.t8747aa9b23a7.1331QixOQixOQH\"><p class=\"sfribyv\" data-spm-anchor-id=\"a2g0o.ams_103954.t8747aa9b23a7.i0.1331QixOQixOQH\"><span>2. Membro Eleg\u00edvel: Voc\u00ea deve ser um membro registrado do AliExpress com uma conta v\u00e1lida e ter feito e conclu\u00eddo com sucesso uma compra de bens e\/ou servi\u00e7os no AliExpress.<\/span><\/p><\/div><div id=\"t297b8f16bbba\" class=\"smzw2b5\" data-copy=\"true\" data-exp-s=\"\" data-spm=\"t297b8f16bbba\" data-type=\"layer\" data-aplus-ae=\"x6_759cc395\" data-spm-anchor-id=\"a2g0o.ams_103954.0.t297b8f16bbba.1331QixOQixOQH\"><p class=\"sfribyv\"><span>3. Per\u00edodo de Prote\u00e7\u00e3o ao Comprador: o n\u00famero de dias (aparecendo\/confirmado na p\u00e1gina de listagem de produtos no momento em que o Membro Eleg\u00edvel concluiu a compra do vendedor no AliExpress) que o vendedor garante ao Membro Eleg\u00edvel que receber\u00e1 as mercadorias e\/ ou servi\u00e7os encomendados do vendedor, come\u00e7am a contar a partir do dia em que o Membro Eleg\u00edvel conclui tal compra no AliExpress.<\/span><\/p><\/div><div id=\"t53694e44491a\" class=\"smzw2b5\" data-copy=\"true\" data-exp-s=\"\" data-spm=\"t53694e44491a\" data-type=\"layer\" data-aplus-ae=\"x7_65e878b6\" data-spm-anchor-id=\"a2g0o.ams_103954.0.t53694e44491a.1331QixOQixOQH\"><p class=\"sfribyv\"><span>4. Regras:<\/span><br \/><span>a.\u00a0Se o Membro Eleg\u00edvel n\u00e3o receber as mercadorias e\/ou servi\u00e7os dentro do Per\u00edodo de Prote\u00e7\u00e3o ao Comprador ou receber mercadorias e\/ou servi\u00e7os abaixo do padr\u00e3o em sua opini\u00e3o, o Membro Eleg\u00edvel poder\u00e1 iniciar os procedimentos de disputa conforme estipulado no AliExpress em \u201cDisputas e Relat\u00f3rios \u201d para relatar este incidente (\u201cProcedimentos de disputa\u201d) ao AliExpress.<\/span><br \/><br \/><span>b.\u00a0Durante os procedimentos de disputa, o AliExpress investigar\u00e1 este incidente considerando (mas n\u00e3o se limitando a) os seguintes fatores:<\/span><br \/><br \/><span>i.\u00a0Se os bens e\/ou servi\u00e7os recebidos pelo Membro Eleg\u00edvel est\u00e3o danificados, defeituosos ou s\u00e3o substancialmente diferentes do que foi apresentado ou descrito na p\u00e1gina de lista de produtos;<\/span><br \/><span>ii.\u00a0Se a n\u00e3o chegada de bens e\/ou servi\u00e7os ao Membro Eleg\u00edvel se deve a fatores fora de seu controle;<\/span><br \/><span>iii.\u00a0Se a n\u00e3o chegada de bens e\/ou servi\u00e7os ao Membro Eleg\u00edvel se deve a erro ou falha de comunica\u00e7\u00e3o por parte do Membro Eleg\u00edvel (por exemplo, fornecimento de endere\u00e7o de entrega incorreto, etc.);\u00a0ou<\/span><br \/><span>iv.\u00a0Se os bens e\/ou servi\u00e7os s\u00e3o devolvidos ao vendedor devido a tais bens e\/ou servi\u00e7os n\u00e3o poderem passar pela alf\u00e2ndega.<\/span><br \/><br \/><span>c.\u00a0O AliExpress pode solicitar ao Membro Eleg\u00edvel informa\u00e7\u00f5es, documenta\u00e7\u00e3o, registros e\/ou outras evid\u00eancias relevantes para apoiar a reivindica\u00e7\u00e3o do Membro Eleg\u00edvel.<\/span><br \/><br \/><span>d.\u00a0Ap\u00f3s os procedimentos de disputa, o AliExpress far\u00e1 uma determina\u00e7\u00e3o (que \u00e9 final e n\u00e3o est\u00e1 sujeita a apela\u00e7\u00e3o).\u00a0Se a determina\u00e7\u00e3o for a favor do Membro Eleg\u00edvel, sujeito aos termos das Regras Oficiais (incluindo, entre outros, a cl\u00e1usula de for\u00e7a maior abaixo), o Membro Eleg\u00edvel ter\u00e1 direito a um reembolso no prazo de 15 dias ap\u00f3s a conclus\u00e3o da Disputa Procedimentos.\u00a0Tal reembolso ser\u00e1 geralmente creditado no mesmo meio de pagamento usado pelo Membro Eleg\u00edvel ao fazer o pedido afetado no AliExpress, a menos que as partes tenham acordado algum outro meio e sujeito \u00e0s restri\u00e7\u00f5es t\u00e9cnicas relevantes.<\/span><\/p><\/div><div id=\"layer-p9jnyx\" class=\"sz7m81n\" data-exp-s=\"\" data-spm=\"layer-p9jnyx\" data-type=\"layer\" data-aplus-ae=\"x8_4d1e4a70\" data-spm-anchor-id=\"a2g0o.ams_103954.0.layer-p9jnyx.1331QixOQixOQH\"><p><span>5. Regras Gerais:<\/span><br \/><span>a.\u00a0Ao participar desta Prote\u00e7\u00e3o ao Comprador, voc\u00ea concorda em estar vinculado a estas Regras Oficiais.<\/span><br \/><br \/><span>b.\u00a0Qualquer fraude e\/ou abuso de sua parte (conforme determinado pelo Promotor a seu exclusivo crit\u00e9rio) resultar\u00e1 na perda de sua elegibilidade para esta Prote\u00e7\u00e3o ao Comprador e\/ou direitos sob estas Regras Oficiais.<\/span><br \/><br \/><span>c.\u00a0O AliExpress n\u00e3o \u00e9 respons\u00e1vel por entradas, respostas ou outras correspond\u00eancias atrasadas, perdidas, atrasadas, incompletas, ileg\u00edveis, mal direcionadas ou n\u00e3o entregues, seja por e-mail ou de outra forma.<\/span><br \/><br \/><span>d.\u00a0A elegibilidade para esta Prote\u00e7\u00e3o ao Comprador ser\u00e1 determinada pelo AliExpress a seu exclusivo crit\u00e9rio com base no registro do Promotor.\u00a0Se houver qualquer discrep\u00e2ncia entre o registro da transa\u00e7\u00e3o mantida por voc\u00ea e aquele mantido pelo Promotor, o registro do Promotor ser\u00e1 conclusivo e vinculativo para voc\u00ea.<\/span><br \/><br \/><span>e.\u00a0O AliExpress se reserva o direito de alterar estas Regras Oficiais sem aviso pr\u00e9vio.\u00a0Em caso de disputas, a decis\u00e3o do Promotor ser\u00e1 final e vinculativa.<\/span><br \/><br \/><span>f.\u00a0O AliExpress reserva-se o direito e absoluto crit\u00e9rio de cancelar ou revogar o direito de qualquer pessoa de participar desta Prote\u00e7\u00e3o ao Comprador.<\/span><\/p><\/div><div id=\"t6cbdb29f8a28\" class=\"sz7m81n\" data-copy=\"true\" data-exp-s=\"\" data-spm=\"t6cbdb29f8a28\" data-type=\"layer\" data-aplus-ae=\"x9_526b0ae6\" data-spm-anchor-id=\"a2g0o.ams_103954.0.t6cbdb29f8a28.1331QixOQixOQH\"><p><span>6. For\u00e7a Maior: Sob nenhuma circunst\u00e2ncia o AliExpress ser\u00e1 responsabilizado pelo Membro Eleg\u00edvel por esta Prote\u00e7\u00e3o ao Comprador ou quaisquer direitos sob estas Regras Oficiais devido a ou resultantes direta ou indiretamente de atos da natureza, for\u00e7as ou causas al\u00e9m do controle razo\u00e1vel do AliExpress ou o vendedor relevante, incluindo, sem limita\u00e7\u00e3o, falhas de Internet, falhas de computador, telecomunica\u00e7\u00f5es ou qualquer outro equipamento, falhas de energia el\u00e9trica, greves, disputas trabalhistas, motins, insurrei\u00e7\u00f5es, dist\u00farbios civis, escassez de m\u00e3o de obra ou materiais, inc\u00eandios, inunda\u00e7\u00f5es, tempestades, explos\u00f5es, atos de for\u00e7a maior, guerra, a\u00e7\u00f5es governamentais, ordens de cortes ou tribunais nacionais ou estrangeiros,ou n\u00e3o cumprimento de terceiros ou qualquer suspens\u00e3o ou interrup\u00e7\u00e3o do transporte ou opera\u00e7\u00e3o comercial (incluindo, mas n\u00e3o limitado a atrasos ou interrup\u00e7\u00e3o da retomada do trabalho ou opera\u00e7\u00e3o ordenada por qualquer ag\u00eancia governamental) no caso de uma propaga\u00e7\u00e3o nacional ou regional da epidemia ou pandemia.<\/span><\/p><\/div><div id=\"t95e59ae5e35c\" class=\"sz7m81n\" data-copy=\"true\" data-exp-s=\"\" data-spm=\"t95e59ae5e35c\" data-type=\"layer\" data-aplus-ae=\"x10_da4537a\" data-spm-anchor-id=\"a2g0o.ams_103954.0.t95e59ae5e35c.1331QixOQixOQH\"><p><span>7. Conflito de Termos e Condi\u00e7\u00f5es:<\/span><br \/><span>a.\u00a0Em caso de qualquer discrep\u00e2ncia no conte\u00fado entre as vers\u00f5es em ingl\u00eas e em outros idiomas n\u00e3o ingleses destas Regras Oficiais, a vers\u00e3o em ingl\u00eas prevalecer\u00e1.<\/span><br \/><br \/><span>b.\u00a0No caso de qualquer um dos termos destas Regras Oficiais entrar em conflito com as regras e\/ou qualquer informa\u00e7\u00e3o relacionada exibida em outro lugar no AliExpress, os termos destas Regras Oficiais prevalecer\u00e3o.\u00a0O Contrato de Servi\u00e7os de Transa\u00e7\u00e3o Alibaba.com prevalecer\u00e1 e complementar\u00e1 estas Regras.<\/span><\/p><\/div><div id=\"ta7183450633b\" class=\"smzw2b5\" data-copy=\"true\" data-exp-s=\"\" data-spm=\"ta7183450633b\" data-type=\"layer\" data-aplus-ae=\"x11_5d26c3f1\" data-spm-anchor-id=\"a2g0o.ams_103954.0.ta7183450633b.1331QixOQixOQH\"><p class=\"sfribyv\"><span>8. Isen\u00e7\u00e3o de responsabilidade: NA M\u00c1XIMA EXTENS\u00c3O PERMITIDA POR LEI, EM NENHUM CASO O PROMOTOR SER\u00c1 RESPONS\u00c1VEL POR QUAISQUER DANOS DIRETOS, INDIRETOS, ESPECIAIS, INCIDENTAIS, EXEMPLARES, PUNITIVOS OU CONSEQUENTES (INCLUINDO PERDA DE USO, DADOS, NEG\u00d3CIOS OU LUCROS) DECORRENTE DE OU EM CONEX\u00c3O COM SUA PARTICIPA\u00c7\u00c3O NESTA PROTE\u00c7\u00c3O DO COMPRADOR, QUER ESSA RESPONSABILIDADE SURJA DE QUALQUER REIVINDICA\u00c7\u00c3O BASEADA EM CONTRATO, GARANTIA, IL\u00cdCITO (INCLUINDO NEGLIG\u00caNCIA), RESPONSABILIDADE OBJETIVA OU DE OUTRA FORMA, E QUER O PATROCINADOR TENHA OU N\u00c3O SIDO AVISADO DA POSSIBILIDADE DE TAIS PERDAS OU DANOS.<\/span><\/p><\/div><div id=\"ta06843fe2a7d\" class=\"sz7m81n\" data-copy=\"true\" data-exp-s=\"\" data-spm=\"ta06843fe2a7d\" data-type=\"layer\" data-aplus-ae=\"x12_494ef6d2\" data-spm-anchor-id=\"a2g0o.ams_103954.0.ta06843fe2a7d.1331QixOQixOQH\"><p><span>9. Disputas: Voc\u00ea reconhece e concorda que o Promotor ou qualquer uma de suas afiliadas n\u00e3o ser\u00e1 respons\u00e1vel e n\u00e3o ter\u00e1 nenhuma responsabilidade perante o Membro Eleg\u00edvel ou qualquer outra pessoa por qualquer disputa ou reclama\u00e7\u00e3o decorrente de sua participa\u00e7\u00e3o nesta Prote\u00e7\u00e3o ao Comprador.<\/span><\/p><\/div><div id=\"tf6a68f580d2a\" class=\"sz7m81n\" data-copy=\"true\" data-exp-s=\"\" data-spm=\"tf6a68f580d2a\" data-type=\"layer\" data-aplus-ae=\"x13_66c8c8e4\" data-spm-anchor-id=\"a2g0o.ams_103954.0.tf6a68f580d2a.1331QixOQixOQH\"><p><span>10. Lei Aplic\u00e1vel e Resolu\u00e7\u00e3o de Disputas: Voc\u00ea concorda que esta Prote\u00e7\u00e3o ao Comprador \u00e9 regida, interpretada e aplicada pelas leis de Hong Kong, sem levar em conta seus princ\u00edpios de conflito de leis.\u00a0Todas e quaisquer a\u00e7\u00f5es legais, reclama\u00e7\u00f5es ou processos decorrentes ou relacionados a estas Regras Oficiais devem ser finalmente resolvidos conforme estipulado no Contrato de Servi\u00e7os de Transa\u00e7\u00e3o do Alibaba.com (https:\/\/rule.alibaba.com\/rule\/detail\/2054 .htm), ou seja, por arbitragem com o Centro Internacional de Arbitragem de Hong Kong, exceto quando estipulado de outra forma pela lei aplic\u00e1vel.<\/span><\/p><\/div>\t\t\t\t\t\t\t\t<\/div>\n\t\t\t\t<\/div>\n\t\t\t\t\t<\/div>\n\t\t<\/div>\n\t\t\t\t\t<\/div>\n\t\t<\/section>\n\t\t\t\t<\/div>\n\t\t","protected":false},"excerpt":{"rendered":"<p>Termos e Condi\u00e7\u00f5es Garantia de devolu\u00e7\u00e3o do dinheiro de prote\u00e7\u00e3o ao comprador\u201d ou Regras, termos e condi\u00e7\u00f5es de \u201cProte\u00e7\u00e3o b\u00e1sica<\/p>\n","protected":false},"author":10,"featured_media":0,"parent":0,"menu_order":0,"comment_status":"closed","ping_status":"closed","template":"","meta":{"footnotes":""},"class_list":["post-19924","page","type-page","status-publish","hentry"],"_links":{"self":[{"href":"https:\/\/conexaototalmkt.tk\/luarmeu\/wp-json\/wp\/v2\/pages\/19924","targetHints":{"allow":["GET"]}}],"collection":[{"href":"https:\/\/conexaototalmkt.tk\/luarmeu\/wp-json\/wp\/v2\/pages"}],"about":[{"href":"https:\/\/conexaototalmkt.tk\/luarmeu\/wp-json\/wp\/v2\/types\/page"}],"author":[{"embeddable":true,"href":"https:\/\/conexaototalmkt.tk\/luarmeu\/wp-json\/wp\/v2\/users\/10"}],"replies":[{"embeddable":true,"href":"https:\/\/conexaototalmkt.tk\/luarmeu\/wp-json\/wp\/v2\/comments?post=19924"}],"version-history":[{"count":7,"href":"https:\/\/conexaototalmkt.tk\/luarmeu\/wp-json\/wp\/v2\/pages\/19924\/revisions"}],"predecessor-version":[{"id":19941,"href":"https:\/\/conexaototalmkt.tk\/luarmeu\/wp-json\/wp\/v2\/pages\/19924\/revisions\/19941"}],"wp:attachment":[{"href":"https:\/\/conexaototalmkt.tk\/luarmeu\/wp-json\/wp\/v2\/media?parent=19924"}],"curies":[{"name":"wp","href":"https:\/\/api.w.org\/{rel}","templated":true}]}}