{"id":19917,"date":"2023-06-20T18:29:42","date_gmt":"2023-06-20T21:29:42","guid":{"rendered":"https:\/\/conexaototalmkt.tk\/luarmeu\/?page_id=19917"},"modified":"2023-06-20T18:52:17","modified_gmt":"2023-06-20T21:52:17","slug":"protecao-ao-consumidor","status":"publish","type":"page","link":"https:\/\/conexaototalmkt.tk\/luarmeu\/protecao-ao-consumidor\/","title":{"rendered":"Prote\u00e7\u00e3o ao Consumidor"},"content":{"rendered":"\t\t<div data-elementor-type=\"wp-page\" data-elementor-id=\"19917\" class=\"elementor elementor-19917\" data-elementor-post-type=\"page\">\n\t\t\t\t\t\t<section class=\"elementor-section elementor-top-section elementor-element elementor-element-d75729f elementor-section-boxed elementor-section-height-default elementor-section-height-default wd-section-disabled\" data-id=\"d75729f\" data-element_type=\"section\" data-e-type=\"section\">\n\t\t\t\t\t\t<div class=\"elementor-container elementor-column-gap-default\">\n\t\t\t\t\t<div class=\"elementor-column elementor-col-100 elementor-top-column elementor-element elementor-element-7d55a91\" data-id=\"7d55a91\" data-element_type=\"column\" data-e-type=\"column\">\n\t\t\t<div class=\"elementor-widget-wrap elementor-element-populated\">\n\t\t\t\t\t\t<div class=\"elementor-element elementor-element-cf46dac color-scheme-inherit text-left elementor-widget elementor-widget-text-editor\" data-id=\"cf46dac\" data-element_type=\"widget\" data-e-type=\"widget\" data-widget_type=\"text-editor.default\">\n\t\t\t\t<div class=\"elementor-widget-container\">\n\t\t\t\t\t\t\t\t\t<p><strong><span class=\"HeaderHorCard--title--29v6wX9\" data-spm-anchor-id=\"a2g0o.buyer_protection_detail.j9a11ab.i1.46c42f4Z2f4ZZq\">GARANTIA DE REEMBOLSO<\/span><\/strong><\/p><p><span class=\"HeaderHorCard--content--3fLlxMU\" data-spm-anchor-id=\"a2g0o.buyer_protection_detail.j9a11ab.i0.46c42f4Z2f4ZZq\">Se o produto adquirido n\u00e3o \u00e9 como descrito ou n\u00e3o chegou dentro da data estimada, n\u00f3s garantimos o seu reembolso. Voc\u00ea receber\u00e1 o dinheiro de volta dentro de 15 dias ap\u00f3s a finaliza\u00e7\u00e3o da disputa. Esta garantia \u00e9 adicional e n\u00e3o limita seus direitos como consumidor a garantias locais, conforme todas as leis e regulamentos obrigat\u00f3rios aplic\u00e1veis em seu pa\u00eds de resid\u00eancia. <\/span><a class=\"HeaderHorCard--link--1KzCV-V\" href=\"https:\/\/sale.aliexpress.com\/__pc\/ym1QYdCzjk.htm?spm=a2g0o.buyer_protection_detail.j9a11ab.1.46c42f4Z2f4ZZq\" target=\"_blank\" rel=\"noopener\" data-spm-anchor-id=\"a2g0o.buyer_protection_detail.j9a11ab.1\">Termos e Condi\u00e7\u00f5es<\/a><\/p><p><span class=\"HeaderVerCard--title--2cWVic7\" data-spm-anchor-id=\"a2g0o.buyer_protection_detail.u1ae7a8.i2.46c42f4Z2f4ZZq\"><strong>1. Fale com o Vendedor<\/strong><br \/><\/span>Acesse seu hist\u00f3rico de compra e selecione o produto. Explique a situa\u00e7\u00e3o para o vendedor e tente encontrar uma solu\u00e7\u00e3o juntos.<\/p><p><span class=\"HeaderVerCard--title--2cWVic7\" data-spm-anchor-id=\"a2g0o.buyer_protection_detail.u1ae7a8.i3.46c42f4Z2f4ZZq\"><strong>2. Pe\u00e7a o Reembolso<\/strong><br \/><span class=\"HeaderVerCard--content--CyfTbOZ\" data-spm-anchor-id=\"a2g0o.buyer_protection_detail.u1ae7a8.i0.46c42f4Z2f4ZZq\">Se n\u00e3o for poss\u00edvel entrar em acordo com o vendedor, abra uma disputa e pe\u00e7a o reembolso dentro de 15 dias ap\u00f3s a entrega do produto ou ap\u00f3s o per\u00edodo de confirma\u00e7\u00e3o de recebimento do pedido (conforme indicado nos detalhes do pedido).<\/span><br \/><\/span><\/p><p><span class=\"HeaderVerCard--title--2cWVic7\"><strong>3. Seu Dinheiro de Volta<\/strong><br \/>A maioria dos vendedores faz o reembolso dentro de 15 dias, caso isso n\u00e3o aconte\u00e7a, entre em contato com o AliExpress na p\u00e1gina do pedido para escalar sua disputa.<br \/><\/span><\/p><p><strong><span class=\"RuleContent--title--30tOtYk\" data-spm-anchor-id=\"a2g0o.buyer_protection_detail.w69fe89.i0.46c42f4Z2f4ZZq\">Devolu\u00e7\u00e3o Gr\u00e1tis<\/span><\/strong><\/p><p><span class=\"RuleContent--content--2xVJ35O\">Os vendedores que oferecem esse servi\u00e7o ter\u00e3o um \u00edcone de &#8220;Devolu\u00e7\u00e3o Gr\u00e1tis&#8221; na p\u00e1gina de detalhes dos seus produtos. Com a op\u00e7\u00e3o de Devolu\u00e7\u00e3o Gr\u00e1tis, voc\u00ea tem 15 dias ap\u00f3s o recebimento para decidir se deseja ficar com o produto. <\/span><\/p><p><span class=\"RuleContent--content--2xVJ35O\">Se preferir devolver, o produto deve estar novo, em boas condi\u00e7\u00f5es, nas embalagens e etiquetas originais.<\/span><\/p><p><strong><span class=\"RuleContent--content--2xVJ35O\">\u00c9 simples e f\u00e1cil:<\/span><\/strong><\/p><p><span class=\"RuleContent--content--2xVJ35O\">\u2022 Devolva produtos de forma simples: <\/span><\/p><p><span class=\"RuleContent--content--2xVJ35O\">1) Pegue o c\u00f3digo ou etiqueta de devolu\u00e7\u00e3o; <\/span><\/p><p><span class=\"RuleContent--content--2xVJ35O\">2) Aguarde ser retirado ou leve seu pacote at\u00e9 o ponto de entrega indicado; <\/span><\/p><p><span class=\"RuleContent--content--2xVJ35O\">3) Aguarde a confirma\u00e7\u00e3o do armaz\u00e9m local de que recebeu seu produto<\/span><\/p><p><span class=\"RuleContent--content--2xVJ35O\">\u2022 Lembre-se de selecionar &#8220;Devolu\u00e7\u00e3o de Produtos&#8221; como motivo da disputa.<\/span><span class=\"RuleContent--subtitle--nFEtfNO\">R\u00e1pido<\/span><\/p><p><span class=\"RuleContent--content--2xVJ35O\">\u2022 O reembolso ser\u00e1 feito assim que confirmamos o recebimento e as condi\u00e7\u00f5es do produto.<\/span><\/p><p><span class=\"RuleContent--content--2xVJ35O\">\u2022 O produto ser\u00e1 enviado a um armaz\u00e9m local ao inv\u00e9s de ser enviado para o pa\u00eds do vendedor (Ex.: China).<\/span><\/p><p><strong><span class=\"RuleContent--subtitle--nFEtfNO\">Escopo do Servi\u00e7o:<\/span><\/strong><\/p><p><span class=\"RuleContent--content--2xVJ35O\">\u2022 Nem todos os pa\u00edses possuem o servi\u00e7o de devolu\u00e7\u00e3o local gr\u00e1tis. No momento, os pa\u00edses suportados s\u00e3o: Estados Unidos, Canad\u00e1, Austr\u00e1lia, Reino Unido, Fran\u00e7a, Espanha, Alemanha, R\u00fassia, Cor\u00e9ia do Sul, Ar\u00e1bia Saudita, Emirados \u00c1rabes Unidos, It\u00e1lia, Holanda, Pol\u00f4nia, Brasil e Israel.<\/span><\/p><p><span class=\"RuleContent--content--2xVJ35O\">\u2022 O vendedor pode escolher oferecer ou n\u00e3o esse servi\u00e7o. Os vendedores que oferecem, ter\u00e3o um \u00edcone de &#8220;Devolu\u00e7\u00e3o Gr\u00e1tis&#8221; na p\u00e1gina de detalhes dos seus produtos.<\/span><\/p><p><strong><span class=\"RuleContent--subtitle--nFEtfNO\">Custo de Envio para Devolu\u00e7\u00e3o<\/span><\/strong><\/p><p><span class=\"RuleContent--content--2xVJ35O\">\u2022 O servi\u00e7o de devolu\u00e7\u00e3o do produto atrav\u00e9s da retirada do pacote em casa ou da entrega no endere\u00e7o local designado \u00e9 gratuito.<\/span><\/p><p><span class=\"RuleContent--content--2xVJ35O\">\u2022 Nota: \u00c9 permitido apenas uma devolu\u00e7\u00e3o gr\u00e1tis por pedido. Se voc\u00ea quiser fazer diversas devolu\u00e7\u00f5es em um s\u00f3 pedido, apenas uma devolu\u00e7\u00e3o ser\u00e1 gr\u00e1tis. As outras devolu\u00e7\u00f5es ainda podem ser enviadas ao armaz\u00e9m local, por\u00e9m voc\u00ea precisar\u00e1 pagar pelo envio. Recomendamos devolver todos os produtos do pedido de uma s\u00f3 vez para aproveitar o envio gr\u00e1tis.<\/span><\/p><p><span class=\"RuleContent--title--30tOtYk\"><strong>Retorno Simplificado<\/strong><\/span><\/p><p><span class=\"RuleContent--title--30tOtYk\"> (Apenas para produtos italianos eleg\u00edveis)<\/span><span class=\"RuleContent--content--2xVJ35O\">Servi\u00e7o de &#8220;Devolu\u00e7\u00e3o Gr\u00e1tis&#8221; dentro de 15 dias ap\u00f3s recebimento do produto.<\/span><\/p><p><strong><span class=\"RuleContent--subtitle--nFEtfNO\">Escopo do Servi\u00e7o:<\/span><\/strong><\/p><p><span class=\"RuleContent--content--2xVJ35O\">\u2022<\/span><span class=\"RuleContent--content--2xVJ35O\"> O vendedor pode escolher oferecer esse servi\u00e7o extra. Normalmente, ele oferece quando possui um armaz\u00e9m em seu pa\u00eds.<\/span><\/p><p><span class=\"RuleContent--content--2xVJ35O\">\u2022 No momento, esse servi\u00e7o \u00e9 limitado a produtos de vendedores italianos participantes.<\/span><\/p><p><span class=\"RuleContent--subtitle--nFEtfNO\">Condi\u00e7\u00f5es para Solicitar o Reembolso<\/span><\/p><p><span class=\"RuleContent--content--2xVJ35O\">\u2022 O produto n\u00e3o deve ter sido usado.<\/span><\/p><p><span class=\"RuleContent--content--2xVJ35O\">\u2022 O produto deve estar em perfeitas condi\u00e7\u00f5es dentro da embalagem original.<\/span><\/p><p><strong><span class=\"RuleContent--subtitle--nFEtfNO\">Custo de Envio para Devolu\u00e7\u00e3o<\/span><\/strong><\/p><p><span class=\"RuleContent--content--2xVJ35O\">O custo de envio para devolu\u00e7\u00e3o do produto ser\u00e1 pago pelo vendedor.<\/span><\/p><p><strong><span class=\"RuleContent--title--30tOtYk\" data-spm-anchor-id=\"a2g0o.buyer_protection_detail.m1814b8.i0.46c42f4Z2f4ZZq\">Devolu\u00e7\u00e3o local<\/span><\/strong><\/p><p><span class=\"RuleContent--content--2xVJ35O\">Os vendedores que oferecem o servi\u00e7o &#8216;Devolu\u00e7\u00e3o local&#8217; ter\u00e3o o \u00edcone &#8216;Devolu\u00e7\u00e3o local&#8217; acima na p\u00e1gina de detalhes do item. <\/span><\/p><p><span class=\"RuleContent--content--2xVJ35O\">Com o servi\u00e7o de &#8216;Devolu\u00e7\u00e3o Local&#8217;, voc\u00ea pode ter 15 dias (al\u00e9m da data de entrega no prazo) para decidir se deseja manter ou devolver o item sem qualquer motivo.<\/span><\/p><p><strong><span class=\"RuleContent--subtitle--nFEtfNO\">Custo de Envio para Devolu\u00e7\u00e3o<\/span><\/strong><\/p><p><span class=\"RuleContent--content--2xVJ35O\">Os custos de envio da devolu\u00e7\u00e3o para o endere\u00e7o de devolu\u00e7\u00e3o local designado s\u00e3o arcados pelo comprador.<\/span><\/p><p><strong><span class=\"RuleContent--title--30tOtYk\" data-spm-anchor-id=\"a2g0o.buyer_protection_detail.hc8cea9.i1.46c42f4Z2f4ZZq\">Direitos a Garantia Local<\/span><\/strong><\/p><p><span class=\"RuleContent--content--2xVJ35O\">O vendedor deve cumprir outros requisitos legais relevantes (garantia, devolu\u00e7\u00e3o, etc.) que podem ser aplic\u00e1veis dependendo da sua localiza\u00e7\u00e3o como comprador. <\/span><span class=\"RuleContent--content--2xVJ35O\">Por exemplo, na maioria dos pa\u00edses da UE, voc\u00ea geralmente ter\u00e1 uma garantia de conformidade legal de 2 anos e um direito de devolu\u00e7\u00e3o de 14 dias (observe que, em caso de devolu\u00e7\u00e3o, o comprador deve arcar com o custo de devolu\u00e7\u00e3o dos produtos ao vendedor).<\/span><\/p><p><span class=\"RuleContent--content--2xVJ35O\" data-spm-anchor-id=\"a2g0o.buyer_protection_detail.hc8cea9.i0.46c42f4Z2f4ZZq\">No Brasil, voc\u00ea geralmente ter\u00e1 uma garantia de conformidade legal de 30 dias (bens n\u00e3o dur\u00e1veis) ou 90 dias (bens dur\u00e1veis). Al\u00e9m disso, voc\u00ea ter\u00e1 um direito de arrependimento de 7 dias, conforme descrito na legisla\u00e7\u00e3o brasileira do consumidor. <\/span><a class=\"RuleContent--link--U8v6oV9\" href=\"https:\/\/sale.aliexpress.com\/QnoLFBVfqY.htm?spm=a2g0o.ams_81407.hc8cea9.1.554cKu8dKu8do0\" target=\"_blank\" rel=\"noopener\">Direitos estatut\u00e1rios para consumidores da UE<\/a><\/p>\t\t\t\t\t\t\t\t<\/div>\n\t\t\t\t<\/div>\n\t\t\t\t\t<\/div>\n\t\t<\/div>\n\t\t\t\t\t<\/div>\n\t\t<\/section>\n\t\t\t\t<\/div>\n\t\t","protected":false},"excerpt":{"rendered":"<p>GARANTIA DE REEMBOLSO Se o produto adquirido n\u00e3o \u00e9 como descrito ou n\u00e3o chegou dentro da data estimada, n\u00f3s garantimos<\/p>\n","protected":false},"author":10,"featured_media":0,"parent":0,"menu_order":0,"comment_status":"closed","ping_status":"closed","template":"","meta":{"footnotes":""},"class_list":["post-19917","page","type-page","status-publish","hentry"],"_links":{"self":[{"href":"https:\/\/conexaototalmkt.tk\/luarmeu\/wp-json\/wp\/v2\/pages\/19917","targetHints":{"allow":["GET"]}}],"collection":[{"href":"https:\/\/conexaototalmkt.tk\/luarmeu\/wp-json\/wp\/v2\/pages"}],"about":[{"href":"https:\/\/conexaototalmkt.tk\/luarmeu\/wp-json\/wp\/v2\/types\/page"}],"author":[{"embeddable":true,"href":"https:\/\/conexaototalmkt.tk\/luarmeu\/wp-json\/wp\/v2\/users\/10"}],"replies":[{"embeddable":true,"href":"https:\/\/conexaototalmkt.tk\/luarmeu\/wp-json\/wp\/v2\/comments?post=19917"}],"version-history":[{"count":13,"href":"https:\/\/conexaototalmkt.tk\/luarmeu\/wp-json\/wp\/v2\/pages\/19917\/revisions"}],"predecessor-version":[{"id":19938,"href":"https:\/\/conexaototalmkt.tk\/luarmeu\/wp-json\/wp\/v2\/pages\/19917\/revisions\/19938"}],"wp:attachment":[{"href":"https:\/\/conexaototalmkt.tk\/luarmeu\/wp-json\/wp\/v2\/media?parent=19917"}],"curies":[{"name":"wp","href":"https:\/\/api.w.org\/{rel}","templated":true}]}}