{"id":18429,"date":"2023-09-07T10:51:02","date_gmt":"2023-09-07T13:51:02","guid":{"rendered":"https:\/\/conexaototalmkt.tk\/dropzone\/produto\/dispenser-spray-oleo-vinagre\/"},"modified":"2023-09-07T11:02:28","modified_gmt":"2023-09-07T14:02:28","slug":"dispenser-spray-oleo-vinagre","status":"publish","type":"product","link":"https:\/\/conexaototalmkt.tk\/dropzone\/produto\/dispenser-spray-oleo-vinagre\/","title":{"rendered":"Dispenser Spray Ol\u00e9o Vinagre"},"content":{"rendered":"<div class=\"detailmodule_html\">\n<div class=\"detail-desc-decorate-richtext\">\n<h4>Dispenser Spray \u00d3leo Vinagre<\/h4>\n<p><strong>Descri\u00e7\u00e3o:<\/strong> Este dispenser de spray de \u00f3leo para churrasco \u00e9 projetado para pulverizar uma fina n\u00e9voa de \u00f3leo, tornando o processo de cozimento muito mais conveniente. Com um corpo transparente, permite que voc\u00ea veja o n\u00edvel de \u00f3leo restante, facilitando o controle. Este dispenser \u00e9 adequado para uma variedade de ocasi\u00f5es, incluindo cozimento, assar e muito mais.<\/p>\n<p><strong>Detalhes T\u00e9cnicos:<\/strong><\/p>\n<ul>\n<li>Material: Pl\u00e1stico<\/li>\n<li>Caracter\u00edsticas: Ecologicamente Sustent\u00e1vel, Abastecido<\/li>\n<li>Certificados: CE\/UE, CIQ, EEC, LFGB, SGS<\/li>\n<li>Material Pl\u00e1stico: PE<\/li>\n<li>N\u00famero do Modelo: Oil Spray Bottle<\/li>\n<li>Marca: woobrice<\/li>\n<li>Origem: CN (China)<\/li>\n<li>Tipo de Frasco: Borrifador de Molho<\/li>\n<\/ul>\n<p><img decoding=\"async\" class=\"aligncenter\" src=\"https:\/\/ae01.alicdn.com\/kf\/S91f6b939fb6d4f06aabc923c292d710cf.jpg?width=800&amp;height=800&amp;hash=1600\" \/><img decoding=\"async\" class=\"aligncenter\" src=\"https:\/\/ae01.alicdn.com\/kf\/S83580740ca7748b293d5f4a8ff5b2683c.jpg?width=800&amp;height=800&amp;hash=1600\" \/><img decoding=\"async\" class=\"aligncenter\" src=\"https:\/\/ae01.alicdn.com\/kf\/Sa1efbcc3a0cf48739da61123825b0210P.jpg?width=800&amp;height=800&amp;hash=1600\" \/><img decoding=\"async\" class=\"aligncenter\" src=\"https:\/\/ae01.alicdn.com\/kf\/S94d5b24f8fb1482cb1e6f985bd47a98dy.jpg?width=800&amp;height=800&amp;hash=1600\" \/><img decoding=\"async\" class=\"aligncenter\" src=\"https:\/\/ae01.alicdn.com\/kf\/Sed5faac7897441d980ff89eec0937e87K.jpg?width=800&amp;height=800&amp;hash=1600\" \/><img decoding=\"async\" class=\"aligncenter\" src=\"https:\/\/ae01.alicdn.com\/kf\/S9bc3ca19bbce494dba18c9f7da61d3cdR.jpg?width=790&amp;height=790&amp;hash=1580\" \/><img decoding=\"async\" class=\"aligncenter\" src=\"https:\/\/ae01.alicdn.com\/kf\/S4d8a03c813bd416e97e5f6324bdf432f9.jpg?width=790&amp;height=790&amp;hash=1580\" \/><img decoding=\"async\" class=\"aligncenter\" src=\"https:\/\/ae01.alicdn.com\/kf\/S59a1504d2bc04f4a9bdfe7124b4c8295I.jpg?width=800&amp;height=800&amp;hash=1600\" \/><img decoding=\"async\" class=\"aligncenter\" src=\"https:\/\/ae01.alicdn.com\/kf\/Scb225fb7f4224e15b31d338f1d35788dn.jpg?width=1500&amp;height=1500&amp;hash=3000\" \/><\/p>\n<\/div>\n<\/div>\n","protected":false},"excerpt":{"rendered":"<p>Dispenser Spray \u00d3leo Vinagre Descri\u00e7\u00e3o: Este dispenser de spray de \u00f3leo para churrasco \u00e9 projetado para pulverizar uma fina n\u00e9voa<\/p>\n","protected":false},"featured_media":18437,"comment_status":"open","ping_status":"closed","template":"","meta":[],"product_brand":[],"product_cat":[220,224],"product_tag":[],"class_list":{"0":"post-18429","1":"product","2":"type-product","3":"status-publish","4":"has-post-thumbnail","6":"product_cat-descobertas","7":"product_cat-utensilios","9":"first","10":"instock","11":"shipping-taxable","12":"purchasable","13":"product-type-variable"},"_links":{"self":[{"href":"https:\/\/conexaototalmkt.tk\/dropzone\/wp-json\/wp\/v2\/product\/18429","targetHints":{"allow":["GET"]}}],"collection":[{"href":"https:\/\/conexaototalmkt.tk\/dropzone\/wp-json\/wp\/v2\/product"}],"about":[{"href":"https:\/\/conexaototalmkt.tk\/dropzone\/wp-json\/wp\/v2\/types\/product"}],"replies":[{"embeddable":true,"href":"https:\/\/conexaototalmkt.tk\/dropzone\/wp-json\/wp\/v2\/comments?post=18429"}],"version-history":[{"count":2,"href":"https:\/\/conexaototalmkt.tk\/dropzone\/wp-json\/wp\/v2\/product\/18429\/revisions"}],"predecessor-version":[{"id":18449,"href":"https:\/\/conexaototalmkt.tk\/dropzone\/wp-json\/wp\/v2\/product\/18429\/revisions\/18449"}],"wp:featuredmedia":[{"embeddable":true,"href":"https:\/\/conexaototalmkt.tk\/dropzone\/wp-json\/wp\/v2\/media\/18437"}],"wp:attachment":[{"href":"https:\/\/conexaototalmkt.tk\/dropzone\/wp-json\/wp\/v2\/media?parent=18429"}],"wp:term":[{"taxonomy":"product_brand","embeddable":true,"href":"https:\/\/conexaototalmkt.tk\/dropzone\/wp-json\/wp\/v2\/product_brand?post=18429"},{"taxonomy":"product_cat","embeddable":true,"href":"https:\/\/conexaototalmkt.tk\/dropzone\/wp-json\/wp\/v2\/product_cat?post=18429"},{"taxonomy":"product_tag","embeddable":true,"href":"https:\/\/conexaototalmkt.tk\/dropzone\/wp-json\/wp\/v2\/product_tag?post=18429"}],"curies":[{"name":"wp","href":"https:\/\/api.w.org\/{rel}","templated":true}]}}