{"id":18147,"date":"2023-08-06T20:07:18","date_gmt":"2023-08-06T23:07:18","guid":{"rendered":"https:\/\/conexaototalmkt.tk\/dropzone\/produto\/mini-squeeze-mop\/"},"modified":"2023-08-08T13:20:14","modified_gmt":"2023-08-08T16:20:14","slug":"mini-squeeze-mop","status":"publish","type":"product","link":"https:\/\/conexaototalmkt.tk\/dropzone\/produto\/mini-squeeze-mop\/","title":{"rendered":"Mini MOP Port\u00e1til"},"content":{"rendered":"<div class=\"detailmodule_html\">\n<div class=\"detail-desc-decorate-richtext\">\n<div class=\"detailmodule_html\">\n<div class=\"detail-desc-decorate-richtext\">\n<div class=\"detailmodule_text\">\n<h4>Mini MOP Port\u00e1til<\/h4>\n<p>Descri\u00e7\u00e3o:<\/p>\n<p>O Mini Squeeze MOP \u00e9 um esfreg\u00e3o compacto e leve, projetado para tornar a limpeza mais f\u00e1cil e eficiente. Ele possui uma esponja de tecido de microfibra que proporciona alta absor\u00e7\u00e3o e permite limpar manchas de \u00e1gua sem deixar marcas. O design deslizante circular integra a lavagem e desidrata\u00e7\u00e3o, tornando-o adequado para v\u00e1rias superf\u00edcies, como mesas, vidros de janela, pisos, cozinhas, salas de estar e banheiros. Al\u00e9m disso, o esfreg\u00e3o possui uma dobra de 180\u00b0 que permite apertar a esponja com facilidade para uma r\u00e1pida absor\u00e7\u00e3o de \u00e1gua e remo\u00e7\u00e3o de manchas.<\/p>\n<p>Especifica\u00e7\u00f5es T\u00e9cnicas:<\/p>\n<ul>\n<li>Tipo de bico: Esponja<\/li>\n<li>Torcer: Sim<\/li>\n<li>Fun\u00e7\u00e3o de ajuste do vapor: N\u00e3o<\/li>\n<li>Tipo: Squeezee Mop<\/li>\n<li>Formato: Retangular<\/li>\n<li>Caracter\u00edstica: Ecologicamente Sustent\u00e1vel, Abastecido<\/li>\n<li>Material: Tecido de microfibra<\/li>\n<li>Peso: &lt;2kg<\/li>\n<li>Absor\u00e7\u00e3o: &lt;10 segundos<\/li>\n<\/ul>\n<p>Especifica\u00e7\u00f5es Detalhadas:<\/p>\n<ul>\n<li>Nome do produto: Mini Limpeza Mop<\/li>\n<li>Materiais: ABS + Esponja<\/li>\n<li>Tamanho: Aproximadamente 295\u00d7155mm\/11.61\u00d76.10 polegadas<\/li>\n<li>Comprimento da tira de esponja: Aproximadamente 155mm\/6.10 polegadas<\/li>\n<li>Cena: Cozinha, mesa de jantar, estante, carro, etc.<\/li>\n<\/ul>\n<p>Caracter\u00edsticas:<\/p>\n<ol>\n<li>Mini esfreg\u00e3o: Leve e compacto, tornando mais f\u00e1cil para voc\u00ea limpar e armazenar. O tamanho compacto de armazenamento da cabe\u00e7a do esfreg\u00e3o \u00e9 muito adequado para espa\u00e7os pequenos e m\u00f3veis, como pequenos apartamentos, dormit\u00f3rios e trailers.<\/li>\n<li>F\u00e1cil de usar: Limpe as manchas de \u00e1gua imediatamente, sem manchas de \u00e1gua, design deslizante circular, lavagem e desidrata\u00e7\u00e3o integradas, adequadas para v\u00e1rias mesas, vidros de janela, pisos, cozinhas, salas de estar e banheiros.<\/li>\n<li>Materiais: O material da esponja tem a capacidade forte da adsor\u00e7\u00e3o para a poeira e as part\u00edculas pequenas. O ch\u00e3o sem danific\u00e1-los. Dupla dobra 180 \u00b0 forte apertando, uma m\u00e3o puxando e apertando para absor\u00e7\u00e3o de \u00e1gua r\u00e1pida e precisa e f\u00e1cil remo\u00e7\u00e3o de manchas de \u00e1gua.<\/li>\n<li>Projeto suspenso: Resolvendo facilmente o problema da contamina\u00e7\u00e3o da cabe\u00e7a do algod\u00e3o, armazenamento conveniente, economia de espa\u00e7o, muito desgaste-resistente, apropriado para o uso repetido a longo prazo.<\/li>\n<\/ol>\n<\/div>\n<div class=\"detailmodule_image\"><img decoding=\"async\" class=\"detail-desc-decorate-image aligncenter\" src=\"https:\/\/ae01.alicdn.com\/kf\/S5bfea51a75e849e1bc175e6d23dbe1e1r.jpg\" \/><br \/>\n<img decoding=\"async\" class=\"detail-desc-decorate-image aligncenter\" src=\"https:\/\/ae01.alicdn.com\/kf\/S909420224d154d5281b27ef19f8be26fE.jpg\" \/><br \/>\n<img decoding=\"async\" class=\"detail-desc-decorate-image aligncenter\" src=\"https:\/\/ae01.alicdn.com\/kf\/S6ab98fd9008849579cd4760e2c476752L.jpg\" \/><br \/>\n<img decoding=\"async\" class=\"detail-desc-decorate-image aligncenter\" src=\"https:\/\/ae01.alicdn.com\/kf\/S0744d52f15e34950a599685e816008e12.jpg\" \/><br \/>\n<img decoding=\"async\" class=\"detail-desc-decorate-image aligncenter\" src=\"https:\/\/ae01.alicdn.com\/kf\/Sf0325acb0acc4e709c0d194c84834c4a0.jpg\" \/><br \/>\n<img decoding=\"async\" class=\"detail-desc-decorate-image aligncenter\" src=\"https:\/\/ae01.alicdn.com\/kf\/Se3ffc3c961474298b369e97f54b9d62fe.jpg\" \/><br \/>\n<img decoding=\"async\" class=\"detail-desc-decorate-image aligncenter\" src=\"https:\/\/ae01.alicdn.com\/kf\/Sab0840a6b6b24902b9b3538d8ddf8930m.jpg\" \/><br \/>\n<img decoding=\"async\" class=\"detail-desc-decorate-image aligncenter\" src=\"https:\/\/ae01.alicdn.com\/kf\/S5adee0229fca4f359f7658b1a97d9a23c.jpg\" \/><\/div>\n<\/div>\n<\/div>\n<\/div>\n<\/div>\n","protected":false},"excerpt":{"rendered":"<p>Mini MOP Port\u00e1til Descri\u00e7\u00e3o: O Mini Squeeze MOP \u00e9 um esfreg\u00e3o compacto e leve, projetado para tornar a limpeza mais<\/p>\n","protected":false},"featured_media":18148,"comment_status":"open","ping_status":"closed","template":"","meta":[],"product_brand":[],"product_cat":[20,220,224],"product_tag":[],"class_list":{"0":"post-18147","1":"product","2":"type-product","3":"status-publish","4":"has-post-thumbnail","6":"product_cat-casa-e-decoracao","7":"product_cat-descobertas","8":"product_cat-utensilios","10":"first","11":"instock","12":"sale","13":"shipping-taxable","14":"purchasable","15":"product-type-variable"},"_links":{"self":[{"href":"https:\/\/conexaototalmkt.tk\/dropzone\/wp-json\/wp\/v2\/product\/18147","targetHints":{"allow":["GET"]}}],"collection":[{"href":"https:\/\/conexaototalmkt.tk\/dropzone\/wp-json\/wp\/v2\/product"}],"about":[{"href":"https:\/\/conexaototalmkt.tk\/dropzone\/wp-json\/wp\/v2\/types\/product"}],"replies":[{"embeddable":true,"href":"https:\/\/conexaototalmkt.tk\/dropzone\/wp-json\/wp\/v2\/comments?post=18147"}],"version-history":[{"count":2,"href":"https:\/\/conexaototalmkt.tk\/dropzone\/wp-json\/wp\/v2\/product\/18147\/revisions"}],"predecessor-version":[{"id":18188,"href":"https:\/\/conexaototalmkt.tk\/dropzone\/wp-json\/wp\/v2\/product\/18147\/revisions\/18188"}],"wp:featuredmedia":[{"embeddable":true,"href":"https:\/\/conexaototalmkt.tk\/dropzone\/wp-json\/wp\/v2\/media\/18148"}],"wp:attachment":[{"href":"https:\/\/conexaototalmkt.tk\/dropzone\/wp-json\/wp\/v2\/media?parent=18147"}],"wp:term":[{"taxonomy":"product_brand","embeddable":true,"href":"https:\/\/conexaototalmkt.tk\/dropzone\/wp-json\/wp\/v2\/product_brand?post=18147"},{"taxonomy":"product_cat","embeddable":true,"href":"https:\/\/conexaototalmkt.tk\/dropzone\/wp-json\/wp\/v2\/product_cat?post=18147"},{"taxonomy":"product_tag","embeddable":true,"href":"https:\/\/conexaototalmkt.tk\/dropzone\/wp-json\/wp\/v2\/product_tag?post=18147"}],"curies":[{"name":"wp","href":"https:\/\/api.w.org\/{rel}","templated":true}]}}