{"id":18085,"date":"2023-08-06T20:06:06","date_gmt":"2023-08-06T23:06:06","guid":{"rendered":"https:\/\/conexaototalmkt.tk\/dropzone\/produto\/tv-box-transpeed-android-12\/"},"modified":"2023-08-07T16:10:04","modified_gmt":"2023-08-07T19:10:04","slug":"tv-box-transpeed-android-12","status":"publish","type":"product","link":"https:\/\/conexaototalmkt.tk\/dropzone\/produto\/tv-box-transpeed-android-12\/","title":{"rendered":"TV Box Transpeed Android 12.0"},"content":{"rendered":"<div class=\"detailmodule_html\">\n<div class=\"detail-desc-decorate-richtext\">\n<div class=\"detailmodule_html\">\n<div class=\"detail-desc-decorate-richtext\">\n<div class=\"detailmodule_html\">\n<div class=\"detail-desc-decorate-richtext\">\n<div>\n<div class=\"detailmodule_html\">\n<div class=\"detail-desc-decorate-richtext\">\n<div class=\"detailmodule_html\">\n<div class=\"detail-desc-decorate-richtext\">\n<h4>TV Box Transpeed Android 12.0<\/h4>\n<p>\ud83d\udcfa Categoria: Set Top Box<\/p>\n<p>\ud83d\udca1 Padr\u00f5es de HDR: HDR10<\/p>\n<p>\ud83d\udd0c Sa\u00edda M\u00e1xima: 6K @ 30 Hz<\/p>\n<p>\ud83c\udfa5 C\u00f3digo de V\u00eddeo: H.264\/AVC, H.265\/HEVC, VP9<\/p>\n<p>\ud83d\udd0c Portas USB: 2x USB 2.0<\/p>\n<p>\ud83c\udf10 Padr\u00e3o de Transmiss\u00e3o Wi-Fi: 802.11ax, 802.11ac, 802.11n 2.4GHz\/5GHz, 802.11b\/g, 802.11a<\/p>\n<p>\ud83d\udcbe Capacidade Ampliada M\u00e1xima: Suporta cart\u00e3o TF de at\u00e9 128GB<\/p>\n<p>\ud83d\udd0c Energia: DC 5V, 2A<\/p>\n<p>\ud83d\udcfa IPTV: Sim<\/p>\n<p>\ud83d\udcfa GOOGLE Cast: Sim<\/p>\n<p>\ud83d\udd04 Atualiza\u00e7\u00e3o do Sistema: Sim<\/p>\n<p>\ud83d\udd04 Atualiza\u00e7\u00e3o OTA: Sim<\/p>\n<p>\u2696\ufe0f Peso: 0.4 kg<\/p>\n<p>\ud83c\udf9b\ufe0f Controle Remoto: Inclu\u00eddo<\/p>\n<p>\ud83d\udd0c Ethernet: 100 M<\/p>\n<p>\ud83c\udf10 Sem Fio: Sim<\/p>\n<p>\ud83d\udcbe Armazenamento Interno: Dispon\u00edvel em op\u00e7\u00f5es de 16GB eMMC, 32GB eMMC, 64GB eMMC, 128GB eMMC<\/p>\n<p>\ud83e\udde0 Mem\u00f3ria RAM: Dispon\u00edvel em op\u00e7\u00f5es de 2GB DDR3 e 4GB DDR4<\/p>\n<p>\ud83c\udfa7 Bluetooth: Sim<\/p>\n<p>\ud83d\udda5\ufe0f Sa\u00edda de V\u00eddeo: HDMI-Compat\u00edvel 2.0<\/p>\n<p>\ud83d\udcf2 Sistema Operacional: Android 12.0<\/p>\n<p>\ud83d\ude80 CPU: Allwinner H618 Quad-Core 64bit Cortex-A53<\/p>\n<p>\ud83c\udfae GPU: Mali-G31 MP2<\/p>\n<p>\ud83c\udff7\ufe0f Nome da Marca: Transpeed<\/p>\n<p>\ud83d\udccd Origem: CN (China)<\/p>\n<p>\ud83d\udd16 Certificado: CE, FCC, ROHS<\/p>\n<p>Especifica\u00e7\u00f5es Detalhadas:<\/p>\n<ul>\n<li>CPU: Allwinner H618 Quad-Core 64bit Cortex-A53<\/li>\n<li>GPU: Mali-G31 MP2<\/li>\n<li>Sistema Operacional: Android 12.0<\/li>\n<li>RAM: Dispon\u00edvel em op\u00e7\u00f5es de 2GB\/4GB<\/li>\n<li>ROM: Dispon\u00edvel em op\u00e7\u00f5es de 16GB\/32GB\/64GB\/128GB EMMC<\/li>\n<li>Suporte a V\u00eddeo 8K H265 Main10 @ L5.1 decodificador at\u00e9 4K @ 60fps ou 6K @ 30fps<\/li>\n<li>Suporte a 2.4G\/5.8G Dual Wifi6 IEEE802.a\/b\/g\/n\/ac\/ax (velocidade muito r\u00e1pida)<\/li>\n<li>Suporte a BT5.0 +<\/li>\n<li>Suporte a 100M Ethernet<\/li>\n<li>Suporte a 2x USB 2.0<\/li>\n<li>Suporte a Atualiza\u00e7\u00e3o OTA online<\/li>\n<\/ul>\n<p>Op\u00e7\u00f5es Dispon\u00edveis:<\/p>\n<p>A: 2GB RAM + 16GB ROM + 2.4G e 5.8GHz Dual Wifi6 + BT5.0<\/p>\n<p>B: 4GB RAM + 32GB ROM + 2.4G e 5.8GHz Dual Wifi6 + BT5.0<\/p>\n<p>C: 4GB RAM + 64GB ROM + 2.4G e 5.8GHz Dual Wifi6 + BT5.0<\/p>\n<p>D: 4GB RAM + 128GB ROM + 2.4G e 5.8GHz Dual Wifi6 + BT5.0<\/p>\n<p>Nota: Caso a caixa de TV reinicie frequentemente, \u00e9 recomendado desativar a fun\u00e7\u00e3o Simplink\/CEC da sua TV (especialmente em TVs LG). Isso pode evitar que a caixa de TV reinicie.<\/p>\n<p>Acompanha Controle Remoto com Voz Google Assistente.<\/p>\n<\/div>\n<\/div>\n<\/div>\n<\/div>\n<\/div>\n<p><img decoding=\"async\" class=\"aligncenter\" src=\"https:\/\/ae01.alicdn.com\/kf\/S354367e79deb42aaa4f017a8873c517br.jpg\" \/><img decoding=\"async\" class=\"aligncenter\" src=\"https:\/\/ae01.alicdn.com\/kf\/S2edb19f5d9614371b1804671295eaaa3K.jpg?width=1000&amp;height=1000&amp;hash=2000\" \/><img decoding=\"async\" class=\"aligncenter\" src=\"https:\/\/ae01.alicdn.com\/kf\/Sfd3f1048fdf94efbaaef2901227ef4b7X.jpg?width=1000&amp;height=1000&amp;hash=2000\" \/><img decoding=\"async\" class=\"aligncenter\" src=\"https:\/\/ae01.alicdn.com\/kf\/S0cc98ad1f5b647988850863e4d9b0c3bZ.jpg\" \/><img decoding=\"async\" class=\"aligncenter\" src=\"https:\/\/ae01.alicdn.com\/kf\/Sdad7abd5f1694e26b50612d295104a8ag.jpg\" \/><img decoding=\"async\" class=\"aligncenter\" src=\"https:\/\/ae01.alicdn.com\/kf\/S929ac3a1bca54031bf9e0e9906de5f88j.jpg\" \/><img decoding=\"async\" class=\"aligncenter\" src=\"https:\/\/ae01.alicdn.com\/kf\/S3bc19106458b44ddafc00a7d055e8339v.jpg?width=1000&amp;height=1000&amp;hash=2000\" \/><img decoding=\"async\" class=\"aligncenter\" src=\"https:\/\/ae01.alicdn.com\/kf\/S02e499d162434824bcb451a6a486e7a9D.jpg\" \/><img decoding=\"async\" class=\"aligncenter\" src=\"https:\/\/ae01.alicdn.com\/kf\/Sc0021fa1dbb94c198db5fc6efc22fd8a5.jpg\" \/><img decoding=\"async\" class=\"aligncenter\" src=\"https:\/\/ae01.alicdn.com\/kf\/S353031e6945f408c84b869482c4acf2ae.jpg\" \/><img decoding=\"async\" class=\"aligncenter\" src=\"https:\/\/ae01.alicdn.com\/kf\/S30c9486e3e384e389d022084c9928e63Y.jpg\" \/><img decoding=\"async\" class=\"aligncenter\" src=\"https:\/\/ae01.alicdn.com\/kf\/Sf21599724e714f4fb6f8ffc2abbd97c9b.jpg\" \/><img decoding=\"async\" class=\"aligncenter\" src=\"https:\/\/ae01.alicdn.com\/kf\/Sa77a734738ad4ea39bf01cb22255ce77c.jpg?width=1000&amp;height=1000&amp;hash=2000\" \/><\/p>\n<div>\n<p><img decoding=\"async\" class=\"aligncenter\" src=\"https:\/\/ae01.alicdn.com\/kf\/Hb0db9d4ea1774bc390d39fda8329a4eax.jpg?width=1000&amp;height=1000&amp;hash=2000\" \/><img decoding=\"async\" class=\"aligncenter\" src=\"https:\/\/ae01.alicdn.com\/kf\/Hac82eb70b42e49fcb72f9271b48738ddF.jpg?width=1000&amp;height=1000&amp;hash=2000\" \/><\/p>\n<\/div>\n<div>\n<div>\n<div>\n<div>\n<div>\n<div>\n<div>\n<div>\n<div>\n<p class=\"detail-desc-decorate-content\" style=\"font-family: OpenSans; font-size: 14px; font-weight: 300; line-height: 20px; margin-bottom: 12px;\"><img decoding=\"async\" class=\"aligncenter\" src=\"https:\/\/ae01.alicdn.com\/kf\/H9c80bfb4f08241f9b874a6a426f2427cz.jpg?width=1000&amp;height=1000&amp;hash=2000\" \/><\/p>\n<\/div>\n<\/div>\n<\/div>\n<\/div>\n<\/div>\n<\/div>\n<\/div>\n<\/div>\n<\/div>\n<\/div>\n<\/div>\n<\/div>\n<\/div>\n<\/div>\n<\/div>\n","protected":false},"excerpt":{"rendered":"<p>TV Box Transpeed Android 12.0 \ud83d\udcfa Categoria: Set Top Box \ud83d\udca1 Padr\u00f5es de HDR: HDR10 \ud83d\udd0c Sa\u00edda M\u00e1xima: 6K @<\/p>\n","protected":false},"featured_media":18086,"comment_status":"open","ping_status":"closed","template":"","meta":[],"product_brand":[],"product_cat":[220],"product_tag":[],"class_list":{"0":"post-18085","1":"product","2":"type-product","3":"status-publish","4":"has-post-thumbnail","6":"product_cat-descobertas","8":"first","9":"instock","10":"shipping-taxable","11":"purchasable","12":"product-type-variable"},"_links":{"self":[{"href":"https:\/\/conexaototalmkt.tk\/dropzone\/wp-json\/wp\/v2\/product\/18085","targetHints":{"allow":["GET"]}}],"collection":[{"href":"https:\/\/conexaototalmkt.tk\/dropzone\/wp-json\/wp\/v2\/product"}],"about":[{"href":"https:\/\/conexaototalmkt.tk\/dropzone\/wp-json\/wp\/v2\/types\/product"}],"replies":[{"embeddable":true,"href":"https:\/\/conexaototalmkt.tk\/dropzone\/wp-json\/wp\/v2\/comments?post=18085"}],"version-history":[{"count":3,"href":"https:\/\/conexaototalmkt.tk\/dropzone\/wp-json\/wp\/v2\/product\/18085\/revisions"}],"predecessor-version":[{"id":18186,"href":"https:\/\/conexaototalmkt.tk\/dropzone\/wp-json\/wp\/v2\/product\/18085\/revisions\/18186"}],"wp:featuredmedia":[{"embeddable":true,"href":"https:\/\/conexaototalmkt.tk\/dropzone\/wp-json\/wp\/v2\/media\/18086"}],"wp:attachment":[{"href":"https:\/\/conexaototalmkt.tk\/dropzone\/wp-json\/wp\/v2\/media?parent=18085"}],"wp:term":[{"taxonomy":"product_brand","embeddable":true,"href":"https:\/\/conexaototalmkt.tk\/dropzone\/wp-json\/wp\/v2\/product_brand?post=18085"},{"taxonomy":"product_cat","embeddable":true,"href":"https:\/\/conexaototalmkt.tk\/dropzone\/wp-json\/wp\/v2\/product_cat?post=18085"},{"taxonomy":"product_tag","embeddable":true,"href":"https:\/\/conexaototalmkt.tk\/dropzone\/wp-json\/wp\/v2\/product_tag?post=18085"}],"curies":[{"name":"wp","href":"https:\/\/api.w.org\/{rel}","templated":true}]}}