{"id":17887,"date":"2023-08-03T07:57:17","date_gmt":"2023-08-03T10:57:17","guid":{"rendered":"https:\/\/conexaototalmkt.tk\/dropzone\/produto\/utensilios-de-cozinha-de-silicone\/"},"modified":"2023-08-03T08:18:35","modified_gmt":"2023-08-03T11:18:35","slug":"utensilios-de-cozinha-de-silicone","status":"publish","type":"product","link":"https:\/\/conexaototalmkt.tk\/dropzone\/produto\/utensilios-de-cozinha-de-silicone\/","title":{"rendered":"Utens\u00edlios de Cozinha em Silicone"},"content":{"rendered":"<div class=\"product-specs-list-container\"><\/div>\n<div class=\"detailmodule_html\">\n<div class=\"detail-desc-decorate-richtext\">\n<div class=\"detailmodule_text\">\n<h4>Utens\u00edlios de Cozinha em Silicone<\/h4>\n<ul>\n<li>Resistente ao calor (-40 \u00b0F\/446 \u00b0F).<\/li>\n<li>F\u00e1cil de limpar.<\/li>\n<li>Feito de silicone de qualidade alimentar e material livre de BPA.<\/li>\n<li>Possui al\u00e7a de madeira natural para evitar transfer\u00eancia t\u00e9rmica e proteger as m\u00e3os.<\/li>\n<li>Conjunto completo de utens\u00edlios de cozinha, incluindo colheres e esp\u00e1tula.<\/li>\n<li>Silicone macio que n\u00e3o arranha panelas antiaderentes ou utens\u00edlios de cozinha caros.<\/li>\n<li>Utens\u00edlios resistentes ao calor at\u00e9 230 \u2103\/446\u00b0F.<\/li>\n<li>Ao usar pela primeira vez, recomenda-se mergulhar em \u00e1gua por meia hora e expor ao ar por cerca de 3 horas para eliminar o cheiro original de s\u00edlica gel.<\/li>\n<li>N\u00e3o \u00e9 recomendado mergulhar as al\u00e7as de madeira em \u00e1gua por um longo tempo ou lav\u00e1-las na m\u00e1quina de lavar lou\u00e7a.<\/li>\n<li>Pode haver uma ligeira diferen\u00e7a de cor entre a imagem e o produto real devido \u00e0 exposi\u00e7\u00e3o e ilumina\u00e7\u00e3o.<\/li>\n<li>Toler\u00e2ncia de 1cm a 3cm na medi\u00e7\u00e3o manual.<\/li>\n<\/ul>\n<div><\/div>\n<\/div>\n<div class=\"detailmodule_image\"><img decoding=\"async\" class=\"aligncenter\" src=\"https:\/\/ae01.alicdn.com\/kf\/S03f121442bc842b4bd4828b2d95c475eV.jpg\" \/><\/div>\n<div class=\"detailmodule_text\"><\/div>\n<div class=\"detailmodule_image\"><img decoding=\"async\" class=\"aligncenter\" src=\"https:\/\/ae01.alicdn.com\/kf\/Sb3a9e9fca151483eac16edccc468ff56n.jpg\" \/><\/div>\n<div class=\"detailmodule_image\"><img decoding=\"async\" class=\"aligncenter\" src=\"https:\/\/ae01.alicdn.com\/kf\/Sda9fed1040094296aaf3bd4e40cc9e3cX.jpg\" \/><br \/>\n<img decoding=\"async\" class=\"aligncenter\" src=\"https:\/\/ae01.alicdn.com\/kf\/Sf19ea4b9af2848b494d196278c08c8b10.jpg\" \/><\/div>\n<div class=\"detailmodule_image\"><img decoding=\"async\" class=\"aligncenter\" src=\"https:\/\/ae01.alicdn.com\/kf\/S96405fe2041d44f08d67182d41955b12y.jpg\" \/><\/div>\n<div class=\"detailmodule_image\"><img decoding=\"async\" class=\"aligncenter\" src=\"https:\/\/ae01.alicdn.com\/kf\/S32b45cb48161483d94ad355c1e080d78T.jpg\" \/><\/div>\n<div class=\"detailmodule_image\"><img decoding=\"async\" class=\"aligncenter\" src=\"https:\/\/ae01.alicdn.com\/kf\/S9dc3eca32181404aa717c107caad08a2s.jpg\" \/><br \/>\n<img decoding=\"async\" class=\"aligncenter\" src=\"https:\/\/ae01.alicdn.com\/kf\/S401f363b738243769a9e444207cdee0fE.jpg\" \/><br \/>\n<img decoding=\"async\" class=\"aligncenter\" src=\"https:\/\/ae01.alicdn.com\/kf\/S0426707da60941a09a76579a6ddb7786w.jpg\" \/><br \/>\n<img decoding=\"async\" class=\"aligncenter\" src=\"https:\/\/ae01.alicdn.com\/kf\/S4fb2102f259f42f0bfc003ca100d1a3dy.jpg\" \/><br \/>\n<img decoding=\"async\" class=\"aligncenter\" src=\"https:\/\/ae01.alicdn.com\/kf\/S5e9daf4fcd8948ccbf2af9fe6f01d792r.jpg\" \/><br \/>\n<img decoding=\"async\" class=\"aligncenter\" src=\"https:\/\/ae01.alicdn.com\/kf\/Se460a5e6003e4e1d917aae4102c5398ea.jpg\" \/><\/div>\n<div class=\"detailmodule_image\"><\/div>\n<\/div>\n<\/div>\n","protected":false},"excerpt":{"rendered":"<p>Utens\u00edlios de Cozinha em Silicone Resistente ao calor (-40 \u00b0F\/446 \u00b0F). F\u00e1cil de limpar. Feito de silicone de qualidade alimentar<\/p>\n","protected":false},"featured_media":17888,"comment_status":"open","ping_status":"closed","template":"","meta":[],"product_brand":[],"product_cat":[20,220,224],"product_tag":[],"class_list":{"0":"post-17887","1":"product","2":"type-product","3":"status-publish","4":"has-post-thumbnail","6":"product_cat-casa-e-decoracao","7":"product_cat-descobertas","8":"product_cat-utensilios","10":"first","11":"instock","12":"sale","13":"shipping-taxable","14":"purchasable","15":"product-type-variable"},"_links":{"self":[{"href":"https:\/\/conexaototalmkt.tk\/dropzone\/wp-json\/wp\/v2\/product\/17887","targetHints":{"allow":["GET"]}}],"collection":[{"href":"https:\/\/conexaototalmkt.tk\/dropzone\/wp-json\/wp\/v2\/product"}],"about":[{"href":"https:\/\/conexaototalmkt.tk\/dropzone\/wp-json\/wp\/v2\/types\/product"}],"replies":[{"embeddable":true,"href":"https:\/\/conexaototalmkt.tk\/dropzone\/wp-json\/wp\/v2\/comments?post=17887"}],"version-history":[{"count":3,"href":"https:\/\/conexaototalmkt.tk\/dropzone\/wp-json\/wp\/v2\/product\/17887\/revisions"}],"predecessor-version":[{"id":17916,"href":"https:\/\/conexaototalmkt.tk\/dropzone\/wp-json\/wp\/v2\/product\/17887\/revisions\/17916"}],"wp:featuredmedia":[{"embeddable":true,"href":"https:\/\/conexaototalmkt.tk\/dropzone\/wp-json\/wp\/v2\/media\/17888"}],"wp:attachment":[{"href":"https:\/\/conexaototalmkt.tk\/dropzone\/wp-json\/wp\/v2\/media?parent=17887"}],"wp:term":[{"taxonomy":"product_brand","embeddable":true,"href":"https:\/\/conexaototalmkt.tk\/dropzone\/wp-json\/wp\/v2\/product_brand?post=17887"},{"taxonomy":"product_cat","embeddable":true,"href":"https:\/\/conexaototalmkt.tk\/dropzone\/wp-json\/wp\/v2\/product_cat?post=17887"},{"taxonomy":"product_tag","embeddable":true,"href":"https:\/\/conexaototalmkt.tk\/dropzone\/wp-json\/wp\/v2\/product_tag?post=17887"}],"curies":[{"name":"wp","href":"https:\/\/api.w.org\/{rel}","templated":true}]}}