{"id":17703,"date":"2023-08-01T20:18:29","date_gmt":"2023-08-01T23:18:29","guid":{"rendered":"https:\/\/conexaototalmkt.tk\/dropzone\/produto\/abridor-de-garrafa-em-aco-inox-as-de-espadas\/"},"modified":"2023-08-02T05:45:06","modified_gmt":"2023-08-02T08:45:06","slug":"abridor-de-garrafa-em-aco-inox-as-de-espadas","status":"publish","type":"product","link":"https:\/\/conexaototalmkt.tk\/dropzone\/produto\/abridor-de-garrafa-em-aco-inox-as-de-espadas\/","title":{"rendered":"Abridor de Garrafas em A\u00e7o Inox \u00c1s de Espadas"},"content":{"rendered":"<h4>Abridor de Garrafas em A\u00e7o Inox \u00c1s de Espadas<\/h4>\n<div class=\"product-specs-list-container\">\n<ul>\n<li style=\"list-style-type: none;\">\n<ul>\n<li>Caracter\u00edstica: Ecologicamente Sustent\u00e1vel<\/li>\n<li>N\u00famero do modelo: TFLH0Y<\/li>\n<li>Tipo de abridores: Abridores de garrafa<\/li>\n<li>Tipo de metal: A\u00e7o Inoxid\u00e1vel (STAINLESS STEEL)<\/li>\n<li>Origem: CN (China)<\/li>\n<li>Tipo: Abridores<\/li>\n<li>Caracter\u00edstica: Design de \u00e1s de espadas para abertura de garrafas<\/li>\n<\/ul>\n<\/li>\n<\/ul>\n<p><img fetchpriority=\"high\" decoding=\"async\" class=\"size-full wp-image-17704 aligncenter\" src=\"https:\/\/conexaototalmkt.tk\/dropzone\/wp-content\/uploads\/2023\/08\/1pcscredit-abridor-de-garrafa-abridor-de-garrafa-de-a-o-inoxid-vel-bolso-criativo-abridor-de.jpg\" alt=\"\" width=\"800\" height=\"800\" srcset=\"https:\/\/conexaototalmkt.tk\/dropzone\/wp-content\/uploads\/2023\/08\/1pcscredit-abridor-de-garrafa-abridor-de-garrafa-de-a-o-inoxid-vel-bolso-criativo-abridor-de.jpg 800w, https:\/\/conexaototalmkt.tk\/dropzone\/wp-content\/uploads\/2023\/08\/1pcscredit-abridor-de-garrafa-abridor-de-garrafa-de-a-o-inoxid-vel-bolso-criativo-abridor-de-300x300.jpg 300w, https:\/\/conexaototalmkt.tk\/dropzone\/wp-content\/uploads\/2023\/08\/1pcscredit-abridor-de-garrafa-abridor-de-garrafa-de-a-o-inoxid-vel-bolso-criativo-abridor-de-150x150.jpg 150w, https:\/\/conexaototalmkt.tk\/dropzone\/wp-content\/uploads\/2023\/08\/1pcscredit-abridor-de-garrafa-abridor-de-garrafa-de-a-o-inoxid-vel-bolso-criativo-abridor-de-768x768.jpg 768w, https:\/\/conexaototalmkt.tk\/dropzone\/wp-content\/uploads\/2023\/08\/1pcscredit-abridor-de-garrafa-abridor-de-garrafa-de-a-o-inoxid-vel-bolso-criativo-abridor-de-430x430.jpg 430w, https:\/\/conexaototalmkt.tk\/dropzone\/wp-content\/uploads\/2023\/08\/1pcscredit-abridor-de-garrafa-abridor-de-garrafa-de-a-o-inoxid-vel-bolso-criativo-abridor-de-700x700.jpg 700w\" sizes=\"(max-width: 800px) 100vw, 800px\" \/><\/p>\n<\/div>\n","protected":false},"excerpt":{"rendered":"<p>Abridor de Garrafas em A\u00e7o Inox \u00c1s de Espadas Caracter\u00edstica: Ecologicamente Sustent\u00e1vel N\u00famero do modelo: TFLH0Y Tipo de abridores: Abridores<\/p>\n","protected":false},"featured_media":17704,"comment_status":"open","ping_status":"closed","template":"","meta":[],"product_brand":[],"product_cat":[20,220,224],"product_tag":[],"class_list":{"0":"post-17703","1":"product","2":"type-product","3":"status-publish","4":"has-post-thumbnail","6":"product_cat-casa-e-decoracao","7":"product_cat-descobertas","8":"product_cat-utensilios","10":"first","11":"instock","12":"sale","13":"shipping-taxable","14":"purchasable","15":"product-type-variable"},"_links":{"self":[{"href":"https:\/\/conexaototalmkt.tk\/dropzone\/wp-json\/wp\/v2\/product\/17703","targetHints":{"allow":["GET"]}}],"collection":[{"href":"https:\/\/conexaototalmkt.tk\/dropzone\/wp-json\/wp\/v2\/product"}],"about":[{"href":"https:\/\/conexaototalmkt.tk\/dropzone\/wp-json\/wp\/v2\/types\/product"}],"replies":[{"embeddable":true,"href":"https:\/\/conexaototalmkt.tk\/dropzone\/wp-json\/wp\/v2\/comments?post=17703"}],"version-history":[{"count":2,"href":"https:\/\/conexaototalmkt.tk\/dropzone\/wp-json\/wp\/v2\/product\/17703\/revisions"}],"predecessor-version":[{"id":17715,"href":"https:\/\/conexaototalmkt.tk\/dropzone\/wp-json\/wp\/v2\/product\/17703\/revisions\/17715"}],"wp:featuredmedia":[{"embeddable":true,"href":"https:\/\/conexaototalmkt.tk\/dropzone\/wp-json\/wp\/v2\/media\/17704"}],"wp:attachment":[{"href":"https:\/\/conexaototalmkt.tk\/dropzone\/wp-json\/wp\/v2\/media?parent=17703"}],"wp:term":[{"taxonomy":"product_brand","embeddable":true,"href":"https:\/\/conexaototalmkt.tk\/dropzone\/wp-json\/wp\/v2\/product_brand?post=17703"},{"taxonomy":"product_cat","embeddable":true,"href":"https:\/\/conexaototalmkt.tk\/dropzone\/wp-json\/wp\/v2\/product_cat?post=17703"},{"taxonomy":"product_tag","embeddable":true,"href":"https:\/\/conexaototalmkt.tk\/dropzone\/wp-json\/wp\/v2\/product_tag?post=17703"}],"curies":[{"name":"wp","href":"https:\/\/api.w.org\/{rel}","templated":true}]}}