{"id":17691,"date":"2023-08-01T19:47:25","date_gmt":"2023-08-01T22:47:25","guid":{"rendered":"https:\/\/conexaototalmkt.tk\/dropzone\/produto\/moedor-em-aco-inox-2-em-1\/"},"modified":"2023-08-02T05:51:15","modified_gmt":"2023-08-02T08:51:15","slug":"moedor-em-aco-inox-2-em-1","status":"publish","type":"product","link":"https:\/\/conexaototalmkt.tk\/dropzone\/produto\/moedor-em-aco-inox-2-em-1\/","title":{"rendered":"Moedor em A\u00e7o Inox 2 em 1"},"content":{"rendered":"<h4>Moedor em A\u00e7o Inox 2 em 1<\/h4>\n<ul>\n<li>Caracter\u00edsticas:\n<ul>\n<li>Inovador moinho de pimenta dispensa tempero com velocidade e facilidade.<\/li>\n<li>Pode moer dois tipos de especiarias em ambas as extremidades ao mesmo tempo.<\/li>\n<li>Ajuste a tens\u00e3o para controlar o tamanho da pimenta mo\u00edda (grande e pequeno).<\/li>\n<li>Adequado para fresar pimenta e outras especiarias de tamanho pequeno.<\/li>\n<li>Gadget ideal para fazer tempero em p\u00f3 de pimenta fresca para desfrutar de uma salada saborosa ou bife.<\/li>\n<li>Material: a\u00e7o inoxid\u00e1vel + acr\u00edlico + n\u00facleo cer\u00e2mico.<\/li>\n<li>Cor: prata<\/li>\n<li>Nota: Existem dois tipos de portas de v\u00e1lvula para ajustar o tamanho: preto e branco, qualquer cor ser\u00e1 entregue, e a cor n\u00e3o afeta o uso.<\/li>\n<\/ul>\n<\/li>\n<li>Tipo de metal: A\u00e7o Inoxid\u00e1vel<\/li>\n<li>Material: Metal<\/li>\n<li>Tipo de moinhos: Moedores de Sal e Pimenta<\/li>\n<li>Nome da marca: MOONBIFFY<\/li>\n<li>Origem: CN (China)<\/li>\n<li>Tipo: MOINHOS<\/li>\n<li>N\u00famero do modelo: Pepper Mill Grinder<\/li>\n<li>Modelo: DW5750, n\u00facleo cer\u00e2mico acr\u00edlico em a\u00e7o inoxid\u00e1vel<\/li>\n<li>Cor: Prata<\/li>\n<li>Tamanho do produto (L x P x A): 22.20 x 5.30 x 5.30 cm \/ 8.74 x 2.09 x 2.09 polegadas<\/li>\n<li>Tipo: Moedor de Pimenta, Moinho de Pimenta<\/li>\n<li>Moledor de hierba: Acess\u00f3rios de cozinha<\/li>\n<li>Cozinha: Moedor de Caf\u00e9<\/li>\n<li>Tamanho do pacote: 0,34358 kg<\/li>\n<li>Conte\u00fado do pacote: 1 \u00d7 2 em 1 moedor de pimenta manual de a\u00e7o inoxid\u00e1vel para tempero de cozinha<\/li>\n<\/ul>\n<p>Este moedor de pimenta em a\u00e7o inoxid\u00e1vel 2 em 1 oferece a conveni\u00eancia de moer dois tipos de especiarias em ambas as extremidades ao mesmo tempo. Com ajuste de tens\u00e3o, \u00e9 poss\u00edvel controlar o tamanho das especiarias mo\u00eddas, tornando-o adequado para moer pimenta e outras especiarias de tamanho pequeno. O produto \u00e9 feito de a\u00e7o inoxid\u00e1vel, acr\u00edlico e n\u00facleo cer\u00e2mico, garantindo durabilidade e facilidade de uso.<\/p>\n<p>\u00c9 um gadget ideal para quem deseja fazer tempero em p\u00f3 de pimenta fresca para adicionar sabor \u00e0s saladas ou aos pratos de carne. Sua cor prateada d\u00e1 um toque elegante \u00e0 cozinha, e a fun\u00e7\u00e3o de moagem dupla oferece praticidade para o uso di\u00e1rio.<\/p>\n<p>Observa\u00e7\u00e3o: O pacote inclui um moedor de pimenta manual em a\u00e7o inoxid\u00e1vel 2 em 1, n\u00e3o sendo necess\u00e1rio baterias ou energia el\u00e9trica para utiliz\u00e1-lo.<\/p>\n<div class=\"detailmodule_html\">\n<div class=\"detail-desc-decorate-richtext\">\n<div><img decoding=\"async\" class=\"aligncenter\" src=\"https:\/\/cbu01.alicdn.com\/img\/ibank\/O1CN01Lxkxir2FwPD1oqLcf_!!2536198944-0-cib.jpg\" \/><\/div>\n<div><\/div>\n<div><img decoding=\"async\" class=\"aligncenter\" src=\"https:\/\/ae01.alicdn.com\/kf\/S23c94e8e604244589ba4d990fee4bf26Z.jpg?width=800&amp;height=800&amp;hash=1600\" \/> <img decoding=\"async\" class=\"aligncenter\" src=\"https:\/\/ae01.alicdn.com\/kf\/Sf7ec9b6804c347c084c54ecace44482fJ.jpg?width=800&amp;height=800&amp;hash=1600\" \/> <img decoding=\"async\" class=\"aligncenter\" src=\"https:\/\/ae01.alicdn.com\/kf\/Sc73e410a0a7b42eb8ee55eb48d76e6a3Z.jpg?width=800&amp;height=800&amp;hash=1600\" \/><br \/>\n<img decoding=\"async\" class=\"aligncenter\" src=\"https:\/\/ae01.alicdn.com\/kf\/S306d7695e9414a2da314f243267eea62U\/Finether-Pepper-Mill-Grinder-2-In-1-Stainless-Steel-Manual-Salt-Pepper-Grinder-Seasoning-Kitchen-Tools.jpg_Q90.jpg_.webp\" \/><img decoding=\"async\" class=\"aligncenter\" src=\"https:\/\/ae01.alicdn.com\/kf\/Saa665c8c86db44538b87dd127acbafbfA\/Finether-Pepper-Mill-Grinder-2-In-1-Stainless-Steel-Manual-Salt-Pepper-Grinder-Seasoning-Kitchen-Tools.jpg_Q90.jpg_.webp\" \/><img decoding=\"async\" class=\"aligncenter\" src=\"https:\/\/ae01.alicdn.com\/kf\/Sdd46e1bdd1ef4eada2cda1aab689a1038.jpg?width=1000&amp;height=834&amp;hash=1834\" \/> <img decoding=\"async\" class=\"aligncenter\" src=\"https:\/\/ae01.alicdn.com\/kf\/S91001979eab24c79b6509ad427c57834u.jpg?width=800&amp;height=800&amp;hash=1600\" \/> <img decoding=\"async\" class=\"aligncenter\" src=\"https:\/\/ae01.alicdn.com\/kf\/S3be89c7472494292bff9daeca03819d7C.jpg?width=800&amp;height=800&amp;hash=1600\" \/> <img decoding=\"async\" class=\"aligncenter\" src=\"https:\/\/ae01.alicdn.com\/kf\/S7cd07f282ebb41979916846c38c34b0dU.jpg?width=800&amp;height=800&amp;hash=1600\" \/> <img decoding=\"async\" class=\"aligncenter\" src=\"https:\/\/ae01.alicdn.com\/kf\/S47364f9ecd524b6c896c9859e8bde628k.jpg?width=800&amp;height=800&amp;hash=1600\" \/><\/div>\n<\/div>\n<\/div>\n","protected":false},"excerpt":{"rendered":"<p>Moedor em A\u00e7o Inox 2 em 1 Caracter\u00edsticas: Inovador moinho de pimenta dispensa tempero com velocidade e facilidade. Pode moer<\/p>\n","protected":false},"featured_media":17694,"comment_status":"open","ping_status":"closed","template":"","meta":[],"product_brand":[],"product_cat":[20,220,224],"product_tag":[],"class_list":{"0":"post-17691","1":"product","2":"type-product","3":"status-publish","4":"has-post-thumbnail","6":"product_cat-casa-e-decoracao","7":"product_cat-descobertas","8":"product_cat-utensilios","10":"first","11":"instock","12":"sale","13":"shipping-taxable","14":"purchasable","15":"product-type-variable"},"_links":{"self":[{"href":"https:\/\/conexaototalmkt.tk\/dropzone\/wp-json\/wp\/v2\/product\/17691","targetHints":{"allow":["GET"]}}],"collection":[{"href":"https:\/\/conexaototalmkt.tk\/dropzone\/wp-json\/wp\/v2\/product"}],"about":[{"href":"https:\/\/conexaototalmkt.tk\/dropzone\/wp-json\/wp\/v2\/types\/product"}],"replies":[{"embeddable":true,"href":"https:\/\/conexaototalmkt.tk\/dropzone\/wp-json\/wp\/v2\/comments?post=17691"}],"version-history":[{"count":2,"href":"https:\/\/conexaototalmkt.tk\/dropzone\/wp-json\/wp\/v2\/product\/17691\/revisions"}],"predecessor-version":[{"id":17701,"href":"https:\/\/conexaototalmkt.tk\/dropzone\/wp-json\/wp\/v2\/product\/17691\/revisions\/17701"}],"wp:featuredmedia":[{"embeddable":true,"href":"https:\/\/conexaototalmkt.tk\/dropzone\/wp-json\/wp\/v2\/media\/17694"}],"wp:attachment":[{"href":"https:\/\/conexaototalmkt.tk\/dropzone\/wp-json\/wp\/v2\/media?parent=17691"}],"wp:term":[{"taxonomy":"product_brand","embeddable":true,"href":"https:\/\/conexaototalmkt.tk\/dropzone\/wp-json\/wp\/v2\/product_brand?post=17691"},{"taxonomy":"product_cat","embeddable":true,"href":"https:\/\/conexaototalmkt.tk\/dropzone\/wp-json\/wp\/v2\/product_cat?post=17691"},{"taxonomy":"product_tag","embeddable":true,"href":"https:\/\/conexaototalmkt.tk\/dropzone\/wp-json\/wp\/v2\/product_tag?post=17691"}],"curies":[{"name":"wp","href":"https:\/\/api.w.org\/{rel}","templated":true}]}}