{"id":17666,"date":"2023-08-01T18:28:06","date_gmt":"2023-08-01T21:28:06","guid":{"rendered":"https:\/\/conexaototalmkt.tk\/dropzone\/produto\/game-stick-retro-snesnes-400-jogos-dezork-sf900\/"},"modified":"2023-08-02T06:01:57","modified_gmt":"2023-08-02T09:01:57","slug":"game-stick-retro-snesnes-400-jogos-dezork-sf900","status":"publish","type":"product","link":"https:\/\/conexaototalmkt.tk\/dropzone\/produto\/game-stick-retro-snesnes-400-jogos-dezork-sf900\/","title":{"rendered":"Game Stick Retr\u00f4 1500+ Jogos Dezork SF900"},"content":{"rendered":"<div class=\"product-specs-list-container\"><\/div>\n<div class=\"detailmodule_html\">\n<div class=\"detail-desc-decorate-richtext\">\n<h4>Game Stick Retr\u00f4 4700+ Jogos Dezork SF900<\/h4>\n<ul>\n<li>Controlador do jogo de v\u00eddeo inclu\u00eddo: Sim<\/li>\n<li>Tipo de dispositivos: Outro<\/li>\n<li>Bluetooth-compat\u00edvel: N\u00e3o<\/li>\n<li>Wi-fi gr\u00e1tis wi-fi: N\u00e3o<\/li>\n<li>Categoria: Console de jogos de v\u00eddeo<\/li>\n<li>Idioma preferencial: Ingl\u00eas<\/li>\n<li>Embalagem: Sim<\/li>\n<li>Nome da marca: DEZORQ<\/li>\n<li>Origem: CN (China)<\/li>\n<li>Produto: Game Stick 4K<\/li>\n<li>Jogos incorporados: 1500 \/ 926 \/ 688 jogos<\/li>\n<li>Sa\u00edda: Sa\u00edda compat\u00edvel com HDMI<\/li>\n<li>Controlador: 2.4G Controlador Sem Fio<\/li>\n<li>Fun\u00e7\u00e3o: Suporte para salvar jogos<\/li>\n<li>Fun\u00e7\u00e3o 1: Suporte para adicionar mais jogos<\/li>\n<li>Fun\u00e7\u00e3o 2: Para Sega Genesis<\/li>\n<li>Fun\u00e7\u00e3o 3: Para jogos SNES<\/li>\n<li>Fun\u00e7\u00e3o 4: Para jogos NES<\/li>\n<li>Tipo: Console de jogos retr\u00f4<\/li>\n<li>Tipo1: Video Game Console<\/li>\n<li>Tipo2: SF900 Game Console<\/li>\n<li>Tipo3: HD Game Stick<\/li>\n<li>Tipo4: Game Stick 4K para jogos SNES<\/li>\n<li>Tipo5: Console de jogos de m\u00e3o de 16 bits<\/li>\n<li>Tipo6: Console de jogo sem fio<\/li>\n<li>Recurso: Suporte a v\u00eddeo de alta defini\u00e7\u00e3o (HD OUT)<\/li>\n<li>Recurso 1: Controle sem fio duplo<\/li>\n<li>Recurso 2: Jogos de v\u00eddeo para meninos<\/li>\n<li>Recurso 3: Video Game Retro<\/li>\n<li>Recurso 4: Jogo digital<\/li>\n<li>Console De Video Game GD20 Game Stick<\/li>\n<\/ul>\n<p>Op\u00e7\u00f5es dispon\u00edveis:<\/p>\n<ol>\n<li>SF900 1500 jogos \u2014 Jogos para SNES &amp; NES, cart\u00e3o 1x4GB<\/li>\n<li>SF900 4700 jogos \u2014 Jogos para SNES &amp; NES. 1 cart\u00e3o x 4GB + 1 cart\u00e3o x 512MB<\/li>\n<li>SF9001 2900 jogos \u2014 Jogos para SNES &amp; NES, cart\u00e3o 1x4GB<\/li>\n<li>SG800 1500 jogos \u2014 Jogos para Sega e NES, cart\u00e3o 1x4GB<\/li>\n<\/ol>\n<p><img fetchpriority=\"high\" decoding=\"async\" class=\"aligncenter\" src=\"https:\/\/ae01.alicdn.com\/kf\/S97b80003ca1d4b4cabd2024205430767n.png\" width=\"800\" height=\"372\" \/><\/p>\n<p><img decoding=\"async\" class=\"aligncenter\" src=\"https:\/\/ae01.alicdn.com\/kf\/Sb0d602a4ade545119d3bb547d22e38f5e.jpg\" width=\"900\" height=\"900\" \/><\/p>\n<p><img decoding=\"async\" class=\"aligncenter\" src=\"https:\/\/ae01.alicdn.com\/kf\/Sb5bc12585da2431a884a63f1773481b32.jpg\" width=\"900\" height=\"900\" \/><img loading=\"lazy\" decoding=\"async\" class=\"aligncenter\" src=\"https:\/\/ae01.alicdn.com\/kf\/S69c0d28971a34078b1a200639b25d6078.jpg\" width=\"900\" height=\"900\" \/><img loading=\"lazy\" decoding=\"async\" class=\"aligncenter\" src=\"https:\/\/ae01.alicdn.com\/kf\/S910114d961b04a4db119a6d71e7895d94.jpg\" width=\"900\" height=\"900\" \/><\/p>\n<p><img loading=\"lazy\" decoding=\"async\" class=\"aligncenter\" src=\"https:\/\/ae01.alicdn.com\/kf\/Sfe2e24ab13734850b7317dd6dfe1d223h.jpg\" width=\"902\" height=\"1152\" \/><\/p>\n<p><img loading=\"lazy\" decoding=\"async\" class=\"aligncenter\" src=\"https:\/\/ae01.alicdn.com\/kf\/S73f7306230444c8f94012f3911252c391.jpg\" width=\"900\" height=\"900\" \/><\/p>\n<p style=\", roboto, arial, helvetica, sans-serif, simsun;font-size: 14px; font-weight: 400; letter-spacing: normal; line-height: inherit; text-align: start; margin: 0px; padding: 0px;\" align=\"start\"><img decoding=\"async\" class=\"alignleft\" style=\"border: 0px; margin: 0px; padding: 0px; max-width: 100%;\" src=\"https:\/\/ae01.alicdn.com\/kf\/S92f419b29bdd4cac9a9a739432abb72b2.jpg\" \/><span id=\"tl_65\" style=\"font-size: 22px;\"><\/span><\/p>\n<p style=\", roboto, arial, helvetica, sans-serif, simsun;font-size: 14px; font-weight: 400; letter-spacing: normal; line-height: inherit; text-align: start; margin: 0px; padding: 0px;\" align=\"start\"><img loading=\"lazy\" decoding=\"async\" class=\"aligncenter\" src=\"https:\/\/ae01.alicdn.com\/kf\/S61605b1a3cc948efa6af15b66cee50dfq.jpg\" width=\"919\" height=\"919\" \/><img loading=\"lazy\" decoding=\"async\" class=\"alignright\" style=\"border: 0px; margin: 0px; padding: 0px; max-width: 100%;\" src=\"https:\/\/ae01.alicdn.com\/kf\/Sc328693bd0eb4a0eb05336f442c9f8feG.jpg\" width=\"925\" height=\"980\" \/><\/p>\n<p style=\"font-size: 14px; font-weight: 400; line-height: inherit; margin: 0px; padding: 0px;\"><img loading=\"lazy\" decoding=\"async\" class=\"alignleft\" src=\"https:\/\/ae01.alicdn.com\/kf\/S76464fa64d984c46936c91d87a3d47d3z.jpg\" width=\"944\" height=\"944\" \/><\/p>\n<div style=\"margin: 0px; padding: 0px;\"><\/div>\n<\/div>\n<\/div>\n","protected":false},"excerpt":{"rendered":"<p>Game Stick Retr\u00f4 4700+ Jogos Dezork SF900 Controlador do jogo de v\u00eddeo inclu\u00eddo: Sim Tipo de dispositivos: Outro Bluetooth-compat\u00edvel: N\u00e3o<\/p>\n","protected":false},"featured_media":17675,"comment_status":"open","ping_status":"closed","template":"","meta":[],"product_brand":[],"product_cat":[214,217],"product_tag":[],"class_list":{"0":"post-17666","1":"product","2":"type-product","3":"status-publish","4":"has-post-thumbnail","6":"product_cat-gamer","7":"product_cat-videogames","9":"first","10":"instock","11":"sale","12":"shipping-taxable","13":"purchasable","14":"product-type-variable"},"_links":{"self":[{"href":"https:\/\/conexaototalmkt.tk\/dropzone\/wp-json\/wp\/v2\/product\/17666","targetHints":{"allow":["GET"]}}],"collection":[{"href":"https:\/\/conexaototalmkt.tk\/dropzone\/wp-json\/wp\/v2\/product"}],"about":[{"href":"https:\/\/conexaototalmkt.tk\/dropzone\/wp-json\/wp\/v2\/types\/product"}],"replies":[{"embeddable":true,"href":"https:\/\/conexaototalmkt.tk\/dropzone\/wp-json\/wp\/v2\/comments?post=17666"}],"version-history":[{"count":3,"href":"https:\/\/conexaototalmkt.tk\/dropzone\/wp-json\/wp\/v2\/product\/17666\/revisions"}],"predecessor-version":[{"id":17690,"href":"https:\/\/conexaototalmkt.tk\/dropzone\/wp-json\/wp\/v2\/product\/17666\/revisions\/17690"}],"wp:featuredmedia":[{"embeddable":true,"href":"https:\/\/conexaototalmkt.tk\/dropzone\/wp-json\/wp\/v2\/media\/17675"}],"wp:attachment":[{"href":"https:\/\/conexaototalmkt.tk\/dropzone\/wp-json\/wp\/v2\/media?parent=17666"}],"wp:term":[{"taxonomy":"product_brand","embeddable":true,"href":"https:\/\/conexaototalmkt.tk\/dropzone\/wp-json\/wp\/v2\/product_brand?post=17666"},{"taxonomy":"product_cat","embeddable":true,"href":"https:\/\/conexaototalmkt.tk\/dropzone\/wp-json\/wp\/v2\/product_cat?post=17666"},{"taxonomy":"product_tag","embeddable":true,"href":"https:\/\/conexaototalmkt.tk\/dropzone\/wp-json\/wp\/v2\/product_tag?post=17666"}],"curies":[{"name":"wp","href":"https:\/\/api.w.org\/{rel}","templated":true}]}}