{"id":17522,"date":"2023-08-01T13:55:35","date_gmt":"2023-08-01T16:55:35","guid":{"rendered":"https:\/\/conexaototalmkt.tk\/dropzone\/produto\/joystick-com-fio-gamesir-g7-se\/"},"modified":"2023-08-01T15:22:12","modified_gmt":"2023-08-01T18:22:12","slug":"joystick-com-fio-gamesir-g7-se","status":"publish","type":"product","link":"https:\/\/conexaototalmkt.tk\/dropzone\/produto\/joystick-com-fio-gamesir-g7-se\/","title":{"rendered":"Joystick Com Fio Gamesir G7 SE"},"content":{"rendered":"<h4>Joystick Com Fio Gamesir G7 SE<\/h4>\n<p>Especifica\u00e7\u00f5es:<\/p>\n<ul>\n<li>Efeito hall de entrada: Sim<\/li>\n<li>Tipo de bot\u00e3o de gatilho: Sal\u00e3o-linear<\/li>\n<li>Plataforma compat\u00edvel: Xbox, PC, Steam<\/li>\n<li>Embalagem: Sim<\/li>\n<li>Tipo de Interface: USB<\/li>\n<li>Compat\u00edvel com modelos MicroSoft: Xbox One, Xbox One S, Xbox One X, Xbox Series X, Xbox Series S<\/li>\n<li>Marca\/Modelo compat\u00edvel: Microsoft<\/li>\n<li>Nome da marca: GameSir<\/li>\n<li>Modelo GameSir: G7 se se<\/li>\n<li>Origem: CN (China)<\/li>\n<li>Tipo: Joysticks<\/li>\n<li>Certificado: CE, FCC, ROHS<\/li>\n<li>Conex\u00e3o: Com fio (Wired)<\/li>\n<li>Plataformas de trabalho suportadas: Xbox Series X|S, Xbox One e Windows 10\/11<\/li>\n<li>Anal\u00f3gicos Joysticks: Sticks com Efeito Hall<\/li>\n<li>Gatilhos anal\u00f3gicos: Sensores Magn\u00e9ticos com Efeito Hall<\/li>\n<li>Bot\u00f5es ABXY: Membrana<\/li>\n<li>Bot\u00e3o de Mute do Microfone: Sim<\/li>\n<li>Bot\u00f5es adicionais (Back Buttons): Sim, 2 Bot\u00f5es adicionais program\u00e1veis<\/li>\n<li>Conector de \u00e1udio de 3.5mm: Sim<\/li>\n<li>Motores de vibra\u00e7\u00e3o: Sim, 4 no total, em cada man\u00edpulo e gatilho<\/li>\n<li>Software de personaliza\u00e7\u00e3o: GameSir Nexus<img decoding=\"async\" class=\"detail-desc-decorate-image aligncenter\" src=\"https:\/\/ae01.alicdn.com\/kf\/Sf724c6c442e74ad281d16d2923638110f.png\" \/><\/li>\n<\/ul>\n<div class=\"detailmodule_html\">\n<div class=\"detail-desc-decorate-richtext\">\n<div class=\"detailmodule_image\"><img decoding=\"async\" class=\"detail-desc-decorate-image aligncenter\" src=\"https:\/\/ae01.alicdn.com\/kf\/S2eec6f59bd234b7b85395b88ce71cad8h.jpg\" \/><\/div>\n<div class=\"detailmodule_image\"><img decoding=\"async\" class=\"detail-desc-decorate-image aligncenter\" src=\"https:\/\/ae01.alicdn.com\/kf\/S9f5aa66f37da4cf9bf9f4630dd7c881d4.jpg\" \/><\/div>\n<div class=\"detailmodule_image\"><img decoding=\"async\" class=\"detail-desc-decorate-image aligncenter\" src=\"https:\/\/ae01.alicdn.com\/kf\/S9582f8be67b74bc9be9e6be549fa9489Z.jpg\" \/><\/div>\n<div class=\"detailmodule_image\"><img decoding=\"async\" class=\"detail-desc-decorate-image aligncenter\" src=\"https:\/\/ae01.alicdn.com\/kf\/Sbdfa6f2642bf4c0d835f7c69c201b3aaz.jpg\" \/><\/div>\n<div class=\"detailmodule_image\"><img decoding=\"async\" class=\"detail-desc-decorate-image aligncenter\" src=\"https:\/\/ae01.alicdn.com\/kf\/S6a90a0204d93494f83303ebf724451e3f.jpg\" \/><\/div>\n<div class=\"detailmodule_text\">\n<p id=\"tl_9\" class=\"detail-desc-decorate-content\" style=\"font-family: OpenSans; font-size: 14px; font-weight: 300; line-height: 20px; margin-bottom: 12px;\"><img decoding=\"async\" class=\"detail-desc-decorate-image aligncenter\" style=\"font-family: Georgia, 'Times New Roman', 'Bitstream Charter', Times, serif; font-size: 16px;\" src=\"https:\/\/ae01.alicdn.com\/kf\/Sf2394ef56b094261bcb5964014580fdbY.jpg\" \/><\/p>\n<\/div>\n<div class=\"detailmodule_text\">\n<p id=\"tl_11\" class=\"detail-desc-decorate-content\" style=\"font-family: OpenSans; font-size: 14px; font-weight: 300; line-height: 20px; margin-bottom: 12px;\"><img decoding=\"async\" class=\"detail-desc-decorate-image aligncenter\" style=\"font-family: Georgia, 'Times New Roman', 'Bitstream Charter', Times, serif; font-size: 16px;\" src=\"https:\/\/ae01.alicdn.com\/kf\/Sd28a50570a364112955b57ed9b5c23cet.jpg\" \/><\/p>\n<\/div>\n<div class=\"detailmodule_image\"><img decoding=\"async\" class=\"detail-desc-decorate-image aligncenter\" src=\"https:\/\/ae01.alicdn.com\/kf\/S2944f56e006a4afa8b1c97ecdca34aa2y.jpg\" \/><\/div>\n<div class=\"detailmodule_image\"><img decoding=\"async\" class=\"detail-desc-decorate-image aligncenter\" style=\"margin-bottom: 10px;\" src=\"https:\/\/ae01.alicdn.com\/kf\/S83a3f67a5f2a43e5a177c865d857f2fbp.jpg\" \/><img decoding=\"async\" class=\"detail-desc-decorate-image aligncenter\" style=\"margin-bottom: 10px;\" src=\"https:\/\/ae01.alicdn.com\/kf\/S10f1949a18fc475081f1ec76b8fffa7bb.jpg\" \/><img decoding=\"async\" class=\"detail-desc-decorate-image aligncenter\" style=\"margin-bottom: 10px;\" src=\"https:\/\/ae01.alicdn.com\/kf\/S722636b2b9f141868b58bb7da64a7884I.jpg\" \/><img decoding=\"async\" class=\"detail-desc-decorate-image aligncenter\" style=\"margin-bottom: 10px;\" src=\"https:\/\/ae01.alicdn.com\/kf\/S5994d734a0244221b4aa35b68d230f6b7.jpg\" \/><img decoding=\"async\" class=\"detail-desc-decorate-image aligncenter\" style=\"margin-bottom: 10px;\" src=\"https:\/\/ae01.alicdn.com\/kf\/S925c146c751746c9907c97c78c245724G.jpg\" \/><img decoding=\"async\" class=\"detail-desc-decorate-image aligncenter\" style=\"margin-bottom: 10px;\" src=\"https:\/\/ae01.alicdn.com\/kf\/S69914eafc2d14121845e492f890e1b5c2.jpg\" \/><img decoding=\"async\" class=\"detail-desc-decorate-image aligncenter\" style=\"margin-bottom: 10px;\" src=\"https:\/\/ae01.alicdn.com\/kf\/S2c22e263ff2d4925bf040e4182bf17c28.jpg\" \/><img decoding=\"async\" class=\"detail-desc-decorate-image aligncenter\" style=\"margin-bottom: 10px;\" src=\"https:\/\/ae01.alicdn.com\/kf\/S8ea4003800864d7f80b0a14991d1f8a22.jpg\" \/><img decoding=\"async\" class=\"detail-desc-decorate-image aligncenter\" style=\"margin-bottom: 10px;\" src=\"https:\/\/ae01.alicdn.com\/kf\/S12fe6230d05246ff8134a5c51cb2b26fb.jpg\" \/><img decoding=\"async\" class=\"detail-desc-decorate-image aligncenter\" style=\"margin-bottom: 10px;\" src=\"https:\/\/ae01.alicdn.com\/kf\/S7148b9f4ed8f45a9be251f1800ba8571W.jpg\" \/><\/div>\n<div class=\"detailmodule_image\"><img decoding=\"async\" class=\"detail-desc-decorate-image aligncenter\" src=\"https:\/\/ae01.alicdn.com\/kf\/Sb76f811f671e4f56acb3d3618ffae040e.jpg\" \/><img decoding=\"async\" class=\"detail-desc-decorate-image aligncenter\" src=\"https:\/\/ae01.alicdn.com\/kf\/Sdcc924e3c29d48c087132c95fb4b70a3l.jpg\" \/><img decoding=\"async\" class=\"detail-desc-decorate-image aligncenter\" src=\"https:\/\/ae01.alicdn.com\/kf\/S64cffa2d40314b78855b298569efb66aZ.jpg\" \/><img decoding=\"async\" class=\"detail-desc-decorate-image aligncenter\" src=\"https:\/\/ae01.alicdn.com\/kf\/Sdc3f6fd770da40db9ccd5c488c06544eM.jpg\" \/><img decoding=\"async\" class=\"detail-desc-decorate-image aligncenter\" src=\"https:\/\/ae01.alicdn.com\/kf\/Se0f5ecc04a764b958042c262b9368cfca.jpg\" \/><img decoding=\"async\" class=\"detail-desc-decorate-image aligncenter\" src=\"https:\/\/ae01.alicdn.com\/kf\/S75e7bbb51dea4b08955f534f218204d1A.jpg\" \/><img decoding=\"async\" class=\"detail-desc-decorate-image aligncenter\" src=\"https:\/\/ae01.alicdn.com\/kf\/Sbb10a78cc5d74c099ca4e2e056d9bdfew.jpg\" \/><img decoding=\"async\" class=\"detail-desc-decorate-image aligncenter\" src=\"https:\/\/ae01.alicdn.com\/kf\/Sdd860edcd5804822812b51d14f222f95M.jpg\" \/><\/div>\n<div class=\"detailmodule_text-image\">\n<div><img decoding=\"async\" class=\"detail-desc-decorate-image aligncenter\" src=\"https:\/\/ae01.alicdn.com\/kf\/Sd40dd44c0f64462f8d94f17d014bf1a2j.jpg\" \/><img decoding=\"async\" class=\"detail-desc-decorate-image aligncenter\" src=\"https:\/\/ae01.alicdn.com\/kf\/Sfe6185d511af4cfd87c31077eee8844c8.jpg\" \/><\/div>\n<\/div>\n<div class=\"detailmodule_text-image\">\n<div><img decoding=\"async\" class=\"detail-desc-decorate-image aligncenter\" src=\"https:\/\/ae01.alicdn.com\/kf\/S635cac0cb8a44e14b53b9ab6cb6b83b5v.jpg\" \/><img decoding=\"async\" class=\"detail-desc-decorate-image aligncenter\" src=\"https:\/\/ae01.alicdn.com\/kf\/S9729d57f812e4b29b39da821806539eb8.jpg\" \/><\/div>\n<\/div>\n<div class=\"detailmodule_image\"><img decoding=\"async\" class=\"detail-desc-decorate-image aligncenter\" src=\"https:\/\/ae01.alicdn.com\/kf\/S205ee16803314f32bd44f05df6c3a926s.jpg\" \/><\/div>\n<div class=\"detailmodule_image\"><img decoding=\"async\" class=\"detail-desc-decorate-image aligncenter\" src=\"https:\/\/ae01.alicdn.com\/kf\/S2cfddc0f789d4e4bb8669e348f0b0829w.jpg\" \/><\/div>\n<div class=\"detailmodule_text-image\"><\/div>\n<p>&nbsp;<\/p>\n<\/div>\n<\/div>\n","protected":false},"excerpt":{"rendered":"<p>Joystick Com Fio Gamesir G7 SE Especifica\u00e7\u00f5es: Efeito hall de entrada: Sim Tipo de bot\u00e3o de gatilho: Sal\u00e3o-linear Plataforma compat\u00edvel:<\/p>\n","protected":false},"featured_media":17523,"comment_status":"open","ping_status":"closed","template":"","meta":[],"product_brand":[],"product_cat":[214,218],"product_tag":[],"class_list":{"0":"post-17522","1":"product","2":"type-product","3":"status-publish","4":"has-post-thumbnail","6":"product_cat-gamer","7":"product_cat-joysticks","9":"first","10":"instock","11":"shipping-taxable","12":"purchasable","13":"product-type-variable"},"_links":{"self":[{"href":"https:\/\/conexaototalmkt.tk\/dropzone\/wp-json\/wp\/v2\/product\/17522","targetHints":{"allow":["GET"]}}],"collection":[{"href":"https:\/\/conexaototalmkt.tk\/dropzone\/wp-json\/wp\/v2\/product"}],"about":[{"href":"https:\/\/conexaototalmkt.tk\/dropzone\/wp-json\/wp\/v2\/types\/product"}],"replies":[{"embeddable":true,"href":"https:\/\/conexaototalmkt.tk\/dropzone\/wp-json\/wp\/v2\/comments?post=17522"}],"version-history":[{"count":3,"href":"https:\/\/conexaototalmkt.tk\/dropzone\/wp-json\/wp\/v2\/product\/17522\/revisions"}],"predecessor-version":[{"id":17578,"href":"https:\/\/conexaototalmkt.tk\/dropzone\/wp-json\/wp\/v2\/product\/17522\/revisions\/17578"}],"wp:featuredmedia":[{"embeddable":true,"href":"https:\/\/conexaototalmkt.tk\/dropzone\/wp-json\/wp\/v2\/media\/17523"}],"wp:attachment":[{"href":"https:\/\/conexaototalmkt.tk\/dropzone\/wp-json\/wp\/v2\/media?parent=17522"}],"wp:term":[{"taxonomy":"product_brand","embeddable":true,"href":"https:\/\/conexaototalmkt.tk\/dropzone\/wp-json\/wp\/v2\/product_brand?post=17522"},{"taxonomy":"product_cat","embeddable":true,"href":"https:\/\/conexaototalmkt.tk\/dropzone\/wp-json\/wp\/v2\/product_cat?post=17522"},{"taxonomy":"product_tag","embeddable":true,"href":"https:\/\/conexaototalmkt.tk\/dropzone\/wp-json\/wp\/v2\/product_tag?post=17522"}],"curies":[{"name":"wp","href":"https:\/\/api.w.org\/{rel}","templated":true}]}}