{"id":17444,"date":"2023-08-01T13:54:58","date_gmt":"2023-08-01T16:54:58","guid":{"rendered":"https:\/\/conexaototalmkt.tk\/dropzone\/produto\/cabo-usb-magnetico-3a-3-em-1-kuulaa\/"},"modified":"2023-08-02T06:16:08","modified_gmt":"2023-08-02T09:16:08","slug":"cabo-usb-magnetico-3a-3-em-1-kuulaa","status":"publish","type":"product","link":"https:\/\/conexaototalmkt.tk\/dropzone\/produto\/cabo-usb-magnetico-3a-3-em-1-kuulaa\/","title":{"rendered":"Cabo USB Magn\u00e9tico 3A 3 em 1 Kuulaa"},"content":{"rendered":"<div class=\"detailmodule_html\">\n<div class=\"detail-desc-decorate-richtext\">\n<div class=\"detailmodule_text\">\n<h4>Cabo USB Magn\u00e9tico 3A 3 em 1 Kuulaa<\/h4>\n<p>O Cabo USB Magn\u00e9tico 3A 3 em 1 Kuulaa \u00e9 uma op\u00e7\u00e3o vers\u00e1til e pr\u00e1tica para carregar seus dispositivos eletr\u00f4nicos. Ele possui conex\u00f5es magn\u00e9ticas nos conectores A (USB A) e B, tornando o processo de conex\u00e3o mais r\u00e1pido e f\u00e1cil.<\/p>\n<p>Principais Caracter\u00edsticas:<\/p>\n<ul>\n<li>Conectores: O cabo possui tr\u00eas op\u00e7\u00f5es de conectores B, que s\u00e3o LIGHTNING, TYPE-C e Micro USB, garantindo compatibilidade com uma ampla variedade de dispositivos, como iPhones, dispositivos Android e muitos outros.<\/li>\n<li>Corrente m\u00e1xima: O cabo suporta uma corrente m\u00e1xima de 3A, permitindo um carregamento r\u00e1pido e eficiente dos seus dispositivos.<\/li>\n<li>Caracter\u00edsticas magn\u00e9ticas: A presen\u00e7a de conex\u00f5es magn\u00e9ticas torna a conex\u00e3o dos dispositivos mais f\u00e1cil e r\u00e1pida, evitando a necessidade de encaixe preciso e proporcionando uma experi\u00eancia de carregamento mais pr\u00e1tica.<\/li>\n<li>Embalagem avulsa: O cabo \u00e9 acompanhado por uma embalagem avulsa para facilitar o transporte e o armazenamento.<\/li>\n<li>Certificado CE: O cabo possui certifica\u00e7\u00e3o CE, garantindo sua seguran\u00e7a e qualidade.<\/li>\n<li>LED indicador: O cabo possui um LED indicador que mostra o status do carregamento, fornecendo informa\u00e7\u00f5es visuais sobre o processo de carga.<\/li>\n<li>Suporte a carregamento r\u00e1pido: O cabo suporta carregamento r\u00e1pido para dispositivos compat\u00edveis, proporcionando um carregamento mais r\u00e1pido e eficiente quando utilizado com fontes de energia compat\u00edveis.<\/li>\n<\/ul>\n<p>Dicas:<\/p>\n<ul>\n<li>Certifique-se de que o cabo magn\u00e9tico seja usado apenas com os conectores magn\u00e9ticos compat\u00edveis, pois n\u00e3o funcionar\u00e1 com outros cabos.<\/li>\n<li>O cabo tipo C n\u00e3o suporta o carregamento r\u00e1pido de alguns dispositivos espec\u00edficos, como o iPad Pro da Apple, o Samsung AFC e o OPPO VOOC Quick Charge.<\/li>\n<\/ul>\n<p id=\"tl_5\" style=\"font-size: 28px; text-align: center; width: 100%;\" align=\"center\"><img decoding=\"async\" class=\"detail-desc-decorate-image\" style=\"font-size: 16px;\" src=\"https:\/\/ae01.alicdn.com\/kf\/H53e7e8b7fda94598852842cbb1ab7626t.jpg\" \/><\/p>\n<\/div>\n<div class=\"detailmodule_image\"><img decoding=\"async\" class=\"detail-desc-decorate-image aligncenter\" src=\"https:\/\/ae01.alicdn.com\/kf\/Hd4c0481382e64af9841677ab98741b488.jpg\" \/><\/div>\n<div class=\"detailmodule_text-image\">\n<div><img decoding=\"async\" class=\"detail-desc-decorate-image aligncenter\" style=\"margin-bottom: 10px;\" src=\"https:\/\/ae01.alicdn.com\/kf\/H54cffdabeffc4f39a1e1fe7dadeef920k.jpg\" \/><\/div>\n<\/div>\n<div class=\"detailmodule_image\"><img decoding=\"async\" class=\"detail-desc-decorate-image aligncenter\" src=\"https:\/\/ae01.alicdn.com\/kf\/H429f576be12a47e5bfd52847fdf6e403a.jpg\" \/><\/div>\n<div class=\"detailmodule_text-image\">\n<div><img decoding=\"async\" class=\"detail-desc-decorate-image aligncenter\" src=\"https:\/\/ae01.alicdn.com\/kf\/S7f375187586640af8f9056d0004d66a7L.jpg\" \/><\/div>\n<\/div>\n<div class=\"detailmodule_text-image\">\n<div><img decoding=\"async\" class=\"detail-desc-decorate-image aligncenter\" style=\"margin-bottom: 10px;\" src=\"https:\/\/ae01.alicdn.com\/kf\/Hb81df2602ff3459ea8b1f2928bb37c49c.jpg\" \/><img decoding=\"async\" class=\"detail-desc-decorate-image aligncenter\" style=\"margin-bottom: 10px;\" src=\"https:\/\/ae01.alicdn.com\/kf\/Hbe497dfeeb1042668c3d0c5b472a39b22.jpg\" \/><\/div>\n<\/div>\n<div class=\"detailmodule_text-image\">\n<div><img decoding=\"async\" class=\"detail-desc-decorate-image aligncenter\" style=\"margin-bottom: 10px;\" src=\"https:\/\/ae01.alicdn.com\/kf\/H35d066d1c4114e8ab6f10d6a9bb8179eF.jpg\" \/><\/div>\n<\/div>\n<div class=\"detailmodule_text-image\">\n<div><img decoding=\"async\" class=\"detail-desc-decorate-image aligncenter\" style=\"margin-bottom: 10px;\" src=\"https:\/\/ae01.alicdn.com\/kf\/Hc0a02d43b3974db295e365197529972fH.jpg\" \/><\/div>\n<\/div>\n<div class=\"detailmodule_text-image\">\n<div><img decoding=\"async\" class=\"detail-desc-decorate-image aligncenter\" src=\"https:\/\/ae01.alicdn.com\/kf\/Ha8e7a8730e2e441d9d05fb1bbb9de6dfc.jpg\" \/><\/div>\n<\/div>\n<div class=\"detailmodule_text\"><\/div>\n<div class=\"detailmodule_text-image\"><img decoding=\"async\" class=\"detail-desc-decorate-image aligncenter\" style=\"margin-bottom: 10px;\" src=\"https:\/\/ae01.alicdn.com\/kf\/H014a2df46bff4b088fd935a8ad08b3f3V.jpg\" \/><\/div>\n<div class=\"detailmodule_text-image\">\n<div><img decoding=\"async\" class=\"detail-desc-decorate-image aligncenter\" style=\"margin-bottom: 10px;\" src=\"https:\/\/ae01.alicdn.com\/kf\/H1c548fd5f39b4639b66f6080307cfc370.jpg\" \/><\/div>\n<\/div>\n<div class=\"detailmodule_text-image\">\n<div><img decoding=\"async\" class=\"detail-desc-decorate-image aligncenter\" style=\"margin-bottom: 10px;\" src=\"https:\/\/ae01.alicdn.com\/kf\/H7454c0fd4b9d493eaa0d108e4dd7c2d1q.jpg\" \/><\/div>\n<\/div>\n<div class=\"detailmodule_text-image\"><img decoding=\"async\" class=\"detail-desc-decorate-image aligncenter\" style=\"margin-bottom: 10px;\" src=\"https:\/\/ae01.alicdn.com\/kf\/H3ca4467531e447799bfa226559d4367ea.jpg\" \/><img decoding=\"async\" class=\"detail-desc-decorate-image aligncenter\" src=\"https:\/\/ae01.alicdn.com\/kf\/H4c2f9463a746476ab4619de22e4d23f4K.jpg\" \/><\/div>\n<div class=\"detailmodule_text-image\">\n<div><img decoding=\"async\" class=\"detail-desc-decorate-image aligncenter\" src=\"https:\/\/ae01.alicdn.com\/kf\/Hfd97237e557f490db34f69c76ef16b70Y.jpg\" \/><img decoding=\"async\" class=\"detail-desc-decorate-image aligncenter\" style=\"margin-bottom: 10px;\" src=\"https:\/\/ae01.alicdn.com\/kf\/H1e99a187a4dc4b5f8bc69111fb124f2b2.jpg\" \/><img decoding=\"async\" class=\"detail-desc-decorate-image aligncenter\" src=\"https:\/\/ae01.alicdn.com\/kf\/H128221eaa6a946a59596f26ae5d9d6a3A.jpg\" \/><\/div>\n<\/div>\n<\/div>\n<\/div>\n","protected":false},"excerpt":{"rendered":"<p>Cabo USB Magn\u00e9tico 3A 3 em 1 Kuulaa O Cabo USB Magn\u00e9tico 3A 3 em 1 Kuulaa \u00e9 uma op\u00e7\u00e3o<\/p>\n","protected":false},"featured_media":17445,"comment_status":"open","ping_status":"closed","template":"","meta":[],"product_brand":[],"product_cat":[232,53],"product_tag":[],"class_list":{"0":"post-17444","1":"product","2":"type-product","3":"status-publish","4":"has-post-thumbnail","6":"product_cat-acessorios-smartphones","7":"product_cat-smartphones","9":"first","10":"instock","11":"sale","12":"shipping-taxable","13":"purchasable","14":"product-type-variable"},"_links":{"self":[{"href":"https:\/\/conexaototalmkt.tk\/dropzone\/wp-json\/wp\/v2\/product\/17444","targetHints":{"allow":["GET"]}}],"collection":[{"href":"https:\/\/conexaototalmkt.tk\/dropzone\/wp-json\/wp\/v2\/product"}],"about":[{"href":"https:\/\/conexaototalmkt.tk\/dropzone\/wp-json\/wp\/v2\/types\/product"}],"replies":[{"embeddable":true,"href":"https:\/\/conexaototalmkt.tk\/dropzone\/wp-json\/wp\/v2\/comments?post=17444"}],"version-history":[{"count":2,"href":"https:\/\/conexaototalmkt.tk\/dropzone\/wp-json\/wp\/v2\/product\/17444\/revisions"}],"predecessor-version":[{"id":17573,"href":"https:\/\/conexaototalmkt.tk\/dropzone\/wp-json\/wp\/v2\/product\/17444\/revisions\/17573"}],"wp:featuredmedia":[{"embeddable":true,"href":"https:\/\/conexaototalmkt.tk\/dropzone\/wp-json\/wp\/v2\/media\/17445"}],"wp:attachment":[{"href":"https:\/\/conexaototalmkt.tk\/dropzone\/wp-json\/wp\/v2\/media?parent=17444"}],"wp:term":[{"taxonomy":"product_brand","embeddable":true,"href":"https:\/\/conexaototalmkt.tk\/dropzone\/wp-json\/wp\/v2\/product_brand?post=17444"},{"taxonomy":"product_cat","embeddable":true,"href":"https:\/\/conexaototalmkt.tk\/dropzone\/wp-json\/wp\/v2\/product_cat?post=17444"},{"taxonomy":"product_tag","embeddable":true,"href":"https:\/\/conexaototalmkt.tk\/dropzone\/wp-json\/wp\/v2\/product_tag?post=17444"}],"curies":[{"name":"wp","href":"https:\/\/api.w.org\/{rel}","templated":true}]}}