{"id":17299,"date":"2023-08-01T13:54:28","date_gmt":"2023-08-01T16:54:28","guid":{"rendered":"https:\/\/conexaototalmkt.tk\/dropzone\/produto\/cabo-hdmi-2-1-8k-qgeem\/"},"modified":"2023-08-01T15:12:10","modified_gmt":"2023-08-01T18:12:10","slug":"cabo-hdmi-2-1-8k-qgeem","status":"publish","type":"product","link":"https:\/\/conexaototalmkt.tk\/dropzone\/produto\/cabo-hdmi-2-1-8k-qgeem\/","title":{"rendered":"Cabo HDMI 2.1 8K QGeeM"},"content":{"rendered":"<h4>Cabo HDMI 2.1 8K QGeeM<\/h4>\n<div class=\"product-specs-list-container\">\n<ul>\n<li style=\"list-style-type: none;\">\n<ul>\n<li>Tipo de cabo: Cabo HDMI-Compat\u00edvel<\/li>\n<li>Conector A: HDMI-compat\u00edvel (Input Port)<\/li>\n<li>Conector B: HDMI-compat\u00edvel (Output Port)<\/li>\n<li>Material do conector: Liga de alum\u00ednio<\/li>\n<li>Revestimento: Tran\u00e7ado<\/li>\n<li>Di\u00e2metro exterior: 6.5mm<\/li>\n<li>Embalagem: Pacote 1, Polybag<\/li>\n<li>Aplica\u00e7\u00e3o: Projetor, Leitor de DVD, C\u00e2mera, Computador, Multimedia, TV Box, Monitor, Televis\u00e3o, MP3\/MP4 Player<\/li>\n<li>G\u00eanero: Macho-Macho<\/li>\n<li>Nome da marca: QGeeM<\/li>\n<li>Origem: CN (China)<\/li>\n<li>Certificado: CE<\/li>\n<li>Nome do produto: Cabo HDMI 2.1 8K QGeeM<\/li>\n<li>Peso bruto: 63g (0.9M de comprimento) &#8211; Leve e port\u00e1til<\/li>\n<li>Tamanho: 0.9m ou 1.8m &#8211; Port\u00e1til e conveniente<\/li>\n<li>Cor: Space Grey<\/li>\n<li>Caracter\u00edstica 1: Cabo HDMI 2.1<\/li>\n<li>Caracter\u00edstica 2: Cabo 8K HDMI<\/li>\n<li>Caracter\u00edstica 3: Cabo HDMI macho para macho<\/li>\n<li>Caracter\u00edstica 4: Cabo de \u00e1udio e v\u00eddeo HDMI<\/li>\n<li>Vers\u00e3o HDMI: V2.1<\/li>\n<li>Compatibilidade 1: Compat\u00edvel com HDMI Splitter\/Switch<\/li>\n<li>Compatibilidade 2: Compat\u00edvel com PS4\/XBox\/Nintendo Switch<\/li>\n<li>Compatibilidade 3: Compat\u00edvel com Apple TV<\/li>\n<li>Compatibilidade 4: Compat\u00edvel com TV Box<\/li>\n<li>Dispositivos compat\u00edveis: Xiaomi\/PS4\/XBox\/Nintendo Switch\/Apple TV\/TV Box<\/li>\n<li>Caracter\u00edstica 5: Cabo HDMI<\/li>\n<li>Caracter\u00edstica 6: Cabo HDMI 2.1 8K 4K 1080P<\/li>\n<li>Caracter\u00edstica 7: Cabo macho para macho<\/li>\n<li>Caracter\u00edstica 8: Cabo HDMI macho-macho<\/li>\n<li>Caracter\u00edstica 9: Cabo HDTV HDMI<\/li>\n<\/ul>\n<\/li>\n<\/ul>\n<\/div>\n<div class=\"detailmodule_html\">\n<div class=\"detail-desc-decorate-richtext\">\n<div class=\"detailmodule_dynamic\"><\/div>\n<div class=\"detailmodule_text\">\n<p><a class=\"\" href=\"https:\/\/qgeem.aliexpress.com\/store\/group\/HDMI-CABLE\/2674115_512644220.html\" target=\"_self\" rel=\"noopener\"><img decoding=\"async\" class=\"detail-desc-decorate-image aligncenter\" src=\"https:\/\/ae01.alicdn.com\/kf\/He6ecf19465574edfb27e7dd3509d2bb4Q.jpg\" \/><\/a><a class=\"\" href=\"https:\/\/qgeem.aliexpress.com\/store\/group\/HDMI-CABLE\/2674115_512644220.html\" target=\"_self\" rel=\"noopener\"><img decoding=\"async\" class=\"detail-desc-decorate-image aligncenter\" src=\"https:\/\/ae01.alicdn.com\/kf\/H851dccfafdff4da6b29105ec6b4d1fa8N.jpg\" \/><\/a><a class=\"\" href=\"https:\/\/qgeem.aliexpress.com\/store\/group\/HDMI-CABLE\/2674115_512644220.html\" target=\"_self\" rel=\"noopener\"><img decoding=\"async\" class=\"detail-desc-decorate-image aligncenter\" src=\"https:\/\/ae01.alicdn.com\/kf\/H1bccc842a85a4ef394c469c1d73efe36Z.jpg\" \/><\/a><a class=\"\" href=\"https:\/\/qgeem.aliexpress.com\/store\/group\/HDMI-CABLE\/2674115_512644220.html\" target=\"_self\" rel=\"noopener\"><img decoding=\"async\" class=\"detail-desc-decorate-image aligncenter\" src=\"https:\/\/ae01.alicdn.com\/kf\/H701536213e274e52b65355b08070e559V.jpg\" \/><\/a><a class=\"\" href=\"https:\/\/qgeem.aliexpress.com\/store\/group\/HDMI-CABLE\/2674115_512644220.html\" target=\"_self\" rel=\"noopener\"><img decoding=\"async\" class=\"detail-desc-decorate-image aligncenter\" src=\"https:\/\/ae01.alicdn.com\/kf\/H0c8951e6d7d340de9b966955abb45c18B.jpg\" \/><\/a><a class=\"\" href=\"https:\/\/qgeem.aliexpress.com\/store\/group\/HDMI-CABLE\/2674115_512644220.html\" target=\"_self\" rel=\"noopener\"><img decoding=\"async\" class=\"detail-desc-decorate-image aligncenter\" src=\"https:\/\/ae01.alicdn.com\/kf\/H43f6e435b49847fdbad729ca0ba1ab48W.jpg\" \/><\/a><a class=\"\" href=\"https:\/\/qgeem.aliexpress.com\/store\/group\/HDMI-CABLE\/2674115_512644220.html\" target=\"_self\" rel=\"noopener\"><img decoding=\"async\" class=\"detail-desc-decorate-image aligncenter\" src=\"https:\/\/ae01.alicdn.com\/kf\/H9a68f582b561487b882fc6e5086c675fu.jpg\" \/><\/a><a class=\"\" href=\"https:\/\/qgeem.aliexpress.com\/store\/group\/HDMI-CABLE\/2674115_512644220.html\" target=\"_self\" rel=\"noopener\"><img decoding=\"async\" class=\"detail-desc-decorate-image aligncenter\" src=\"https:\/\/ae01.alicdn.com\/kf\/H9309337a09cb40e3aba0ef6a0285aa68P.jpg\" \/><\/a><a class=\"\" href=\"https:\/\/qgeem.aliexpress.com\/store\/group\/HDMI-CABLE\/2674115_512644220.html\" target=\"_self\" rel=\"noopener\"><img decoding=\"async\" class=\"detail-desc-decorate-image aligncenter\" src=\"https:\/\/ae01.alicdn.com\/kf\/H433a510c1482497c9902520b8d61d4c6i.jpg\" \/><\/a><a class=\"\" href=\"https:\/\/qgeem.aliexpress.com\/store\/group\/HDMI-CABLE\/2674115_512644220.html\" target=\"_self\" rel=\"noopener\"><img decoding=\"async\" class=\"detail-desc-decorate-image aligncenter\" src=\"https:\/\/ae01.alicdn.com\/kf\/Ha83336a297cb4b71bb8ad02bf97574619.jpg\" \/><\/a><\/p>\n<\/div>\n<div class=\"detailmodule_image\"><a class=\"\" href=\"https:\/\/qgeem.aliexpress.com\/store\/group\/HDMI-CABLE\/2674115_512644220.html?spm=a2g0o.store_home.pcShopHead_6355811.1_0_0\" target=\"_self\" rel=\"noopener\"><img decoding=\"async\" class=\"detail-desc-decorate-image aligncenter\" src=\"https:\/\/ae01.alicdn.com\/kf\/Hf243e6ddddf1490f85f43b7d7427337ca.jpg\" \/><\/a><a class=\"\" href=\"https:\/\/qgeem.aliexpress.com\/store\/group\/HDMI-CABLE\/2674115_512644220.html?spm=a2g0o.store_home.pcShopHead_6355811.1_0_0\" target=\"_self\" rel=\"noopener\"><img decoding=\"async\" class=\"detail-desc-decorate-image aligncenter\" src=\"https:\/\/ae01.alicdn.com\/kf\/Hac883367fbd84df3acb80f2bd5328fb7r.jpg\" \/><\/a><a class=\"\" href=\"https:\/\/qgeem.aliexpress.com\/store\/group\/HDMI-CABLE\/2674115_512644220.html?spm=a2g0o.store_home.pcShopHead_6355811.1_0_0\" target=\"_self\" rel=\"noopener\"><img decoding=\"async\" class=\"detail-desc-decorate-image aligncenter\" src=\"https:\/\/ae01.alicdn.com\/kf\/H7f5fa6dbbecb46b48793e69aab2e6915K.jpg\" \/><\/a><a class=\"\" href=\"https:\/\/qgeem.aliexpress.com\/store\/group\/HDMI-CABLE\/2674115_512644220.html?spm=a2g0o.store_home.pcShopHead_6355811.1_0_0\" target=\"_self\" rel=\"noopener\"><img decoding=\"async\" class=\"detail-desc-decorate-image aligncenter\" src=\"https:\/\/ae01.alicdn.com\/kf\/Hfd06d9656c49469cbbb8e9c54186c9812.jpg\" \/><\/a><a class=\"\" href=\"https:\/\/qgeem.aliexpress.com\/store\/group\/HDMI-CABLE\/2674115_512644220.html?spm=a2g0o.store_home.pcShopHead_6355811.1_0_0\" target=\"_self\" rel=\"noopener\"><img decoding=\"async\" class=\"detail-desc-decorate-image aligncenter\" src=\"https:\/\/ae01.alicdn.com\/kf\/H47e145d78ac14299823363f2ca24528ei.jpg\" \/><\/a><a class=\"\" href=\"https:\/\/qgeem.aliexpress.com\/store\/group\/HDMI-CABLE\/2674115_512644220.html?spm=a2g0o.store_home.pcShopHead_6355811.1_0_0\" target=\"_self\" rel=\"noopener\"><img decoding=\"async\" class=\"detail-desc-decorate-image aligncenter\" src=\"https:\/\/ae01.alicdn.com\/kf\/H6457f312adcd4a0b82d9c32e7e5d4515F.jpg\" \/><\/a><a class=\"\" href=\"https:\/\/qgeem.aliexpress.com\/store\/group\/HDMI-CABLE\/2674115_512644220.html?spm=a2g0o.store_home.pcShopHead_6355811.1_0_0\" target=\"_self\" rel=\"noopener\"><img decoding=\"async\" class=\"detail-desc-decorate-image aligncenter\" src=\"https:\/\/ae01.alicdn.com\/kf\/H9d65b4fee9ce458f8cefe7775f74be8aR.jpg\" \/><\/a><\/div>\n<div class=\"detailmodule_image\"><a class=\"\" href=\"https:\/\/qgeem.aliexpress.com\/store\/group\/HDMI-CABLE\/2674115_512644220.html\" target=\"_self\" rel=\"noopener\"><img decoding=\"async\" class=\"detail-desc-decorate-image aligncenter\" src=\"https:\/\/ae01.alicdn.com\/kf\/H83b2b96df21845b8a2462e59ce1d2c77m.jpg\" \/><\/a><a class=\"\" href=\"https:\/\/qgeem.aliexpress.com\/store\/group\/HDMI-CABLE\/2674115_512644220.html\" target=\"_self\" rel=\"noopener\"><img decoding=\"async\" class=\"detail-desc-decorate-image aligncenter\" src=\"https:\/\/ae01.alicdn.com\/kf\/Ha75e20278e9647a1a94e56a28053b74eS.jpg\" \/><\/a><a class=\"\" href=\"https:\/\/qgeem.aliexpress.com\/store\/group\/HDMI-CABLE\/2674115_512644220.html\" target=\"_self\" rel=\"noopener\"><img decoding=\"async\" class=\"detail-desc-decorate-image aligncenter\" src=\"https:\/\/ae01.alicdn.com\/kf\/H276d04904bdb45a9982175fb7cb544f2K.jpg\" \/><\/a><a class=\"\" href=\"https:\/\/qgeem.aliexpress.com\/store\/group\/HDMI-CABLE\/2674115_512644220.html\" target=\"_self\" rel=\"noopener\"><img decoding=\"async\" class=\"detail-desc-decorate-image aligncenter\" src=\"https:\/\/ae01.alicdn.com\/kf\/Hbacfcb6c9f5f4421a4e4f9f53d5381650.jpg\" \/><\/a><a class=\"\" href=\"https:\/\/qgeem.aliexpress.com\/store\/group\/HDMI-CABLE\/2674115_512644220.html\" target=\"_self\" rel=\"noopener\"><img decoding=\"async\" class=\"detail-desc-decorate-image aligncenter\" src=\"https:\/\/ae01.alicdn.com\/kf\/H636fb5c54ed24b77824dd1d7421e31eae.jpg\" \/><\/a><\/div>\n<div class=\"detailmodule_image\"><\/div>\n<\/div>\n<\/div>\n","protected":false},"excerpt":{"rendered":"<p>Cabo HDMI 2.1 8K QGeeM Tipo de cabo: Cabo HDMI-Compat\u00edvel Conector A: HDMI-compat\u00edvel (Input Port) Conector B: HDMI-compat\u00edvel (Output Port)<\/p>\n","protected":false},"featured_media":17300,"comment_status":"open","ping_status":"closed","template":"","meta":[],"product_brand":[],"product_cat":[227,214],"product_tag":[],"class_list":{"0":"post-17299","1":"product","2":"type-product","3":"status-publish","4":"has-post-thumbnail","6":"product_cat-acessorios-gamer","7":"product_cat-gamer","9":"first","10":"instock","11":"shipping-taxable","12":"purchasable","13":"product-type-variable"},"_links":{"self":[{"href":"https:\/\/conexaototalmkt.tk\/dropzone\/wp-json\/wp\/v2\/product\/17299","targetHints":{"allow":["GET"]}}],"collection":[{"href":"https:\/\/conexaototalmkt.tk\/dropzone\/wp-json\/wp\/v2\/product"}],"about":[{"href":"https:\/\/conexaototalmkt.tk\/dropzone\/wp-json\/wp\/v2\/types\/product"}],"replies":[{"embeddable":true,"href":"https:\/\/conexaototalmkt.tk\/dropzone\/wp-json\/wp\/v2\/comments?post=17299"}],"version-history":[{"count":2,"href":"https:\/\/conexaototalmkt.tk\/dropzone\/wp-json\/wp\/v2\/product\/17299\/revisions"}],"predecessor-version":[{"id":17575,"href":"https:\/\/conexaototalmkt.tk\/dropzone\/wp-json\/wp\/v2\/product\/17299\/revisions\/17575"}],"wp:featuredmedia":[{"embeddable":true,"href":"https:\/\/conexaototalmkt.tk\/dropzone\/wp-json\/wp\/v2\/media\/17300"}],"wp:attachment":[{"href":"https:\/\/conexaototalmkt.tk\/dropzone\/wp-json\/wp\/v2\/media?parent=17299"}],"wp:term":[{"taxonomy":"product_brand","embeddable":true,"href":"https:\/\/conexaototalmkt.tk\/dropzone\/wp-json\/wp\/v2\/product_brand?post=17299"},{"taxonomy":"product_cat","embeddable":true,"href":"https:\/\/conexaototalmkt.tk\/dropzone\/wp-json\/wp\/v2\/product_cat?post=17299"},{"taxonomy":"product_tag","embeddable":true,"href":"https:\/\/conexaototalmkt.tk\/dropzone\/wp-json\/wp\/v2\/product_tag?post=17299"}],"curies":[{"name":"wp","href":"https:\/\/api.w.org\/{rel}","templated":true}]}}