{"id":17286,"date":"2023-08-01T13:54:19","date_gmt":"2023-08-01T16:54:19","guid":{"rendered":"https:\/\/conexaototalmkt.tk\/dropzone\/produto\/smartwatch-relogio-inteligente-gejian\/"},"modified":"2023-08-01T15:45:53","modified_gmt":"2023-08-01T18:45:53","slug":"smartwatch-relogio-inteligente-gejian","status":"publish","type":"product","link":"https:\/\/conexaototalmkt.tk\/dropzone\/produto\/smartwatch-relogio-inteligente-gejian\/","title":{"rendered":"Smartwatch Rel\u00f3gio Inteligente Gejian"},"content":{"rendered":"<div class=\"product-specs-list-container\">\n<h4>Smartwatch Rel\u00f3gio Inteligente Gejian<\/h4>\n<p>O rel\u00f3gio inteligente GEJIAN X7 possui v\u00e1rias fun\u00e7\u00f5es e caracter\u00edsticas interessantes:<\/p>\n<p>Caracter\u00edsticas:<\/p>\n<ul>\n<li>Efeito hall de entrada: Sim<\/li>\n<li>Tipo de bot\u00e3o de gatilho: Sal\u00e3o-linear<\/li>\n<li>Plataforma compat\u00edvel: Xbox, PC, Steam<\/li>\n<li>Embalagem: Sim<\/li>\n<li>Tipo de Interface: USB<\/li>\n<li>Compat\u00edvel com modelos MicroSoft: Xbox One, Xbox One S, Xbox One X, Xbox Series X, Xbox Series S<\/li>\n<li>Marca\/Modelo compat\u00edvel: Microsoft<\/li>\n<li>Nome da marca: GameSir<\/li>\n<li>Modelo GameSir: G7 se se<\/li>\n<li>Origem: CN (China)<\/li>\n<li>Tipo: Joysticks<\/li>\n<li>Certificado: CE, FCC, ROHS<\/li>\n<li>Conex\u00e3o: Com fio (Wired)<\/li>\n<li>Plataformas de trabalho suportadas: Xbox Series X|S, Xbox One e Windows 10\/11<\/li>\n<li>Anal\u00f3gicos Joysticks: Sticks com Efeito Hall<\/li>\n<li>Gatilhos anal\u00f3gicos: Sensores Magn\u00e9ticos com Efeito Hall<\/li>\n<li>Bot\u00f5es ABXY: Membrana<\/li>\n<li>Bot\u00e3o de Mute do Microfone: Sim<\/li>\n<li>Bot\u00f5es adicionais (Back Buttons): Sim, 2 Bot\u00f5es adicionais program\u00e1veis<\/li>\n<li>Conector de \u00e1udio de 3.5mm: Sim<\/li>\n<li>Motores de vibra\u00e7\u00e3o: Sim, 4 no total, em cada man\u00edpulo e gatilho<\/li>\n<li>Software de personaliza\u00e7\u00e3o: GameSir Nexus<\/li>\n<\/ul>\n<p>Principais fun\u00e7\u00f5es do rel\u00f3gio inteligente GEJIAN X7:<\/p>\n<ul>\n<li>Chamada Bluetooth, papel de parede personalizado, APP baixar discagem maci\u00e7a<\/li>\n<li>Frequ\u00eancia card\u00edaca, press\u00e3o arterial, oxig\u00eanio sangu\u00edneo, treinamento respirat\u00f3rio, monitoramento do sono (tempo de sono, qualidade do sono)<\/li>\n<li>Ped\u00f4metro, dist\u00e2ncia do exerc\u00edcio, consumo cal\u00f3rico<\/li>\n<li>Mais de 110 modos esportivos<\/li>\n<li>Notifica\u00e7\u00e3o de informa\u00e7\u00f5es do aplicativo m\u00f3vel, como Facebook, Twitter, LinkedIn, WhatsApp, LINE, Instagram, Skype, Gmail, KaKaoTalk, entre outros<\/li>\n<li>Calculadora, tempo, cron\u00f4metro, contagem regressiva, lembrete sedent\u00e1rio, lembrete despertador, lembrete de beber \u00e1gua, encontrar telefone celular, rejeitar chamadas, agitar para tirar fotos, lembrete per\u00edodo menstrual, etc.<\/li>\n<\/ul>\n<p>Par\u00e2metros de hardware do rel\u00f3gio inteligente GEJIAN X7:<\/p>\n<ul>\n<li>Tela: 1.85 polegadas IPS com resolu\u00e7\u00e3o de 240X286<\/li>\n<li>Estrutura: Metal com quadro m\u00e9dio e caixa inferior pl\u00e1stica<\/li>\n<li>Tela t\u00e1ctil completa com 2 bot\u00f5es<\/li>\n<li>Bateria com capacidade de 400mAh<\/li>\n<li>Tempo de espera de aproximadamente 30 dias e tempo de funcionamento de aproximadamente 7-10 dias<\/li>\n<li>Imperme\u00e1vel com classifica\u00e7\u00e3o IP68<\/li>\n<li>Vers\u00e3o Bluetooth: 5.0<\/li>\n<li>Compatibilidade com telefones m\u00f3veis: Android 5.0 e acima, iOS 10.0 e acima, telefones Huawei, etc.<\/li>\n<li>Suporte a idiomas: 18 idiomas, incluindo chin\u00eas tradicional, chin\u00eas simplificado, ingl\u00eas, japon\u00eas, alem\u00e3o, russo, espanhol, italiano, franc\u00eas, portugu\u00eas, entre outros.<\/li>\n<\/ul>\n<p>O rel\u00f3gio inteligente GEJIAN X7 vem acompanhado dos seguintes acess\u00f3rios:<\/p>\n<ul>\n<li>Cabo De Carregamento Magn\u00e9tico USB x 1<\/li>\n<li>Manual do usu\u00e1rio x 1<\/li>\n<\/ul>\n<p>\u00c9 um rel\u00f3gio inteligente robusto e multifuncional, adequado para adultos e com design esportivo. Possui diversas m\u00e9tricas de monitoramento de sa\u00fade, al\u00e9m de recursos adicionais, como suporte a mais de 110 modos esportivos e notifica\u00e7\u00f5es de aplicativos. A certifica\u00e7\u00e3o CE garante sua qualidade e seguran\u00e7a.<\/p>\n<\/div>\n<div class=\"detailmodule_html\">\n<div class=\"detail-desc-decorate-richtext\">\n<div class=\"detailmodule_image\"><img decoding=\"async\" class=\"detail-desc-decorate-image aligncenter\" src=\"https:\/\/ae01.alicdn.com\/kf\/S9c959c253d2942e68805bb0230e76b5bf.jpg\" \/><\/div>\n<div class=\"detailmodule_text-image\"><img decoding=\"async\" class=\"detail-desc-decorate-image aligncenter\" src=\"https:\/\/ae01.alicdn.com\/kf\/S04f6435ee1ff4fe98c49e45e36bcae9bT.jpg\" \/><img decoding=\"async\" class=\"detail-desc-decorate-image aligncenter\" src=\"https:\/\/ae01.alicdn.com\/kf\/S10b6cf456de3405b85b00fd790fbb2b9S.jpg\" \/><img decoding=\"async\" class=\"detail-desc-decorate-image aligncenter\" src=\"https:\/\/ae01.alicdn.com\/kf\/Sccafb33a7ee44a0abfea660ffae8e891V.jpg\" \/><img decoding=\"async\" class=\"detail-desc-decorate-image aligncenter\" src=\"https:\/\/ae01.alicdn.com\/kf\/S0e7bf18b87174064922ae8bac27e2bfbE.jpg\" \/><img decoding=\"async\" class=\"detail-desc-decorate-image aligncenter\" src=\"https:\/\/ae01.alicdn.com\/kf\/Se584bec6662147b497e9ec1e6265c477i.jpg\" \/><img decoding=\"async\" class=\"detail-desc-decorate-image aligncenter\" src=\"https:\/\/ae01.alicdn.com\/kf\/S43a212c1e0914b559af14d38ac9c35feh.jpg\" \/><img decoding=\"async\" class=\"detail-desc-decorate-image aligncenter\" src=\"https:\/\/ae01.alicdn.com\/kf\/Se2748daa86d548a7aa5f256455f5d11cw.jpg\" \/><img decoding=\"async\" class=\"detail-desc-decorate-image aligncenter\" src=\"https:\/\/ae01.alicdn.com\/kf\/Sb9a3da2ccaca4ed7835cc3b604c7b3abB.jpg\" \/><img decoding=\"async\" class=\"detail-desc-decorate-image aligncenter\" src=\"https:\/\/ae01.alicdn.com\/kf\/Sb824441eaf8143cf8d8630703d38f271D.jpg\" \/><img decoding=\"async\" class=\"detail-desc-decorate-image aligncenter\" src=\"https:\/\/ae01.alicdn.com\/kf\/S9778de37fb2946c3b8fbca334cb5b5bdZ.jpg\" \/><\/div>\n<div class=\"detailmodule_text-image\"><img decoding=\"async\" class=\"detail-desc-decorate-image aligncenter\" src=\"https:\/\/ae01.alicdn.com\/kf\/Sa9c924b53f264409ab10a7bdfec40ad9K.jpg\" \/><img decoding=\"async\" class=\"detail-desc-decorate-image aligncenter\" src=\"https:\/\/ae01.alicdn.com\/kf\/S45754e3f04c14a18ba986a2a507c89524.jpg\" \/><img decoding=\"async\" class=\"detail-desc-decorate-image aligncenter\" src=\"https:\/\/ae01.alicdn.com\/kf\/Sc7aee4783b184d21921492d4e0a71bfcJ.jpg\" \/><img decoding=\"async\" class=\"detail-desc-decorate-image aligncenter\" src=\"https:\/\/ae01.alicdn.com\/kf\/Sfe7a20fb43d84cadb68d97ff06ddddc3F.jpg\" \/><img decoding=\"async\" class=\"detail-desc-decorate-image aligncenter\" src=\"https:\/\/ae01.alicdn.com\/kf\/S6ad0c4f953004e21afc68a6ccd0390aan.jpg\" \/><img decoding=\"async\" class=\"detail-desc-decorate-image aligncenter\" src=\"https:\/\/ae01.alicdn.com\/kf\/S92bc86f1e8c14c8f9eb8cbc399dcd4a6N.jpg\" \/><img decoding=\"async\" class=\"detail-desc-decorate-image aligncenter\" src=\"https:\/\/ae01.alicdn.com\/kf\/S89eb5e89b68b4ecfa1d07dca4f33d68aC.jpg\" \/><img decoding=\"async\" class=\"detail-desc-decorate-image aligncenter\" src=\"https:\/\/ae01.alicdn.com\/kf\/S9ab1b050a05a4144806f4e4960b8ea68r.jpg\" \/><img decoding=\"async\" class=\"detail-desc-decorate-image aligncenter\" src=\"https:\/\/ae01.alicdn.com\/kf\/S9d9e88cb62dc455b8598592729221a36t.jpg\" \/><img decoding=\"async\" class=\"detail-desc-decorate-image aligncenter\" src=\"https:\/\/ae01.alicdn.com\/kf\/Saa64ef70e85a4e588c491ed6e991c56cz.jpg\" \/><\/div>\n<div class=\"detailmodule_text-image\"><img decoding=\"async\" class=\"detail-desc-decorate-image aligncenter\" src=\"https:\/\/ae01.alicdn.com\/kf\/S59e7230b97ae419ebc509c2d8f7ea118A.jpg\" \/><br \/>\n<img decoding=\"async\" class=\"detail-desc-decorate-image aligncenter\" src=\"https:\/\/ae01.alicdn.com\/kf\/S34cf127c8be0430c8e410c2a0e232377w.jpg\" \/><br \/>\n<img decoding=\"async\" class=\"detail-desc-decorate-image aligncenter\" src=\"https:\/\/ae01.alicdn.com\/kf\/Sc90035273f3b4d5eadd85a4bf72ae8e52.jpg\" \/><br \/>\n<img decoding=\"async\" class=\"detail-desc-decorate-image aligncenter\" src=\"https:\/\/ae01.alicdn.com\/kf\/Sc474d0b5b448492ca8b533fd97b70239O.jpg\" \/><br \/>\n<img decoding=\"async\" class=\"detail-desc-decorate-image aligncenter\" src=\"https:\/\/ae01.alicdn.com\/kf\/Sd1315d36604446a1967eaa44f546bc120.jpg\" \/><br \/>\n<img decoding=\"async\" class=\"detail-desc-decorate-image aligncenter\" src=\"https:\/\/ae01.alicdn.com\/kf\/S1ae593c0611b4d73841428aa6802b30et.jpg\" \/><br \/>\n<img decoding=\"async\" class=\"detail-desc-decorate-image aligncenter\" src=\"https:\/\/ae01.alicdn.com\/kf\/S4a7a4de8ad9542df83b5da626452897bo.jpg\" \/><\/div>\n<\/div>\n<\/div>\n","protected":false},"excerpt":{"rendered":"<p>Smartwatch Rel\u00f3gio Inteligente Gejian O rel\u00f3gio inteligente GEJIAN X7 possui v\u00e1rias fun\u00e7\u00f5es e caracter\u00edsticas interessantes: Caracter\u00edsticas: Efeito hall de entrada:<\/p>\n","protected":false},"featured_media":17287,"comment_status":"open","ping_status":"closed","template":"","meta":[],"product_brand":[],"product_cat":[29],"product_tag":[],"class_list":{"0":"post-17286","1":"product","2":"type-product","3":"status-publish","4":"has-post-thumbnail","6":"product_cat-smartwatches","8":"first","9":"instock","10":"shipping-taxable","11":"purchasable","12":"product-type-variable"},"_links":{"self":[{"href":"https:\/\/conexaototalmkt.tk\/dropzone\/wp-json\/wp\/v2\/product\/17286","targetHints":{"allow":["GET"]}}],"collection":[{"href":"https:\/\/conexaototalmkt.tk\/dropzone\/wp-json\/wp\/v2\/product"}],"about":[{"href":"https:\/\/conexaototalmkt.tk\/dropzone\/wp-json\/wp\/v2\/types\/product"}],"replies":[{"embeddable":true,"href":"https:\/\/conexaototalmkt.tk\/dropzone\/wp-json\/wp\/v2\/comments?post=17286"}],"version-history":[{"count":2,"href":"https:\/\/conexaototalmkt.tk\/dropzone\/wp-json\/wp\/v2\/product\/17286\/revisions"}],"predecessor-version":[{"id":17580,"href":"https:\/\/conexaototalmkt.tk\/dropzone\/wp-json\/wp\/v2\/product\/17286\/revisions\/17580"}],"wp:featuredmedia":[{"embeddable":true,"href":"https:\/\/conexaototalmkt.tk\/dropzone\/wp-json\/wp\/v2\/media\/17287"}],"wp:attachment":[{"href":"https:\/\/conexaototalmkt.tk\/dropzone\/wp-json\/wp\/v2\/media?parent=17286"}],"wp:term":[{"taxonomy":"product_brand","embeddable":true,"href":"https:\/\/conexaototalmkt.tk\/dropzone\/wp-json\/wp\/v2\/product_brand?post=17286"},{"taxonomy":"product_cat","embeddable":true,"href":"https:\/\/conexaototalmkt.tk\/dropzone\/wp-json\/wp\/v2\/product_cat?post=17286"},{"taxonomy":"product_tag","embeddable":true,"href":"https:\/\/conexaototalmkt.tk\/dropzone\/wp-json\/wp\/v2\/product_tag?post=17286"}],"curies":[{"name":"wp","href":"https:\/\/api.w.org\/{rel}","templated":true}]}}