{"id":17277,"date":"2023-08-01T13:54:07","date_gmt":"2023-08-01T16:54:07","guid":{"rendered":"https:\/\/conexaototalmkt.tk\/dropzone\/produto\/microfone-dinamico-fifine-usb-xlr\/"},"modified":"2023-08-02T06:22:51","modified_gmt":"2023-08-02T09:22:51","slug":"microfone-dinamico-fifine-usb-xlr","status":"publish","type":"product","link":"https:\/\/conexaototalmkt.tk\/dropzone\/produto\/microfone-dinamico-fifine-usb-xlr\/","title":{"rendered":"Microfone Din\u00e2mico Fifine Ampligame USB\/XLR"},"content":{"rendered":"<div class=\"detailmodule_html\">\n<div class=\"detail-desc-decorate-richtext\">\n<h4>Microfone Din\u00e2mico Fifine Ampligame AM8<\/h4>\n<p>O microfone din\u00e2mico Fifine Ampligame AM8 \u00e9 um equipamento vers\u00e1til e adequado para uso em est\u00fadios caseiros. Possui um diafragma S-Mall e padr\u00e3o polar cardi\u00f3ide, o que significa que sua capta\u00e7\u00e3o de \u00e1udio \u00e9 direcionada para a frente, reduzindo o ru\u00eddo ambiente e focando na fonte sonora principal.<\/p>\n<p>Caracter\u00edsticas principais:<\/p>\n<ul>\n<li>Sa\u00eddas XLR atualizadas e sa\u00eddas USB pr\u00e1ticas: O microfone possui tanto conex\u00e3o USB quanto XLR, permitindo maior flexibilidade no uso. A conex\u00e3o USB \u00e9 ideal para grava\u00e7\u00f5es em computadores e \u00e9 port\u00e1til para uso em diferentes locais.<\/li>\n<li>10 modos RGB: O microfone possui um recurso de ilumina\u00e7\u00e3o RGB com 10 modos diferentes, incluindo um modo de cores em fluxo din\u00e2mico e um modo de cor est\u00e1tica. Isso permite personalizar a apar\u00eancia do microfone durante o uso.<\/li>\n<li>Monitoramento em tempo real: O microfone possui uma entrada para fone de ouvido de 3,5 mm, permitindo que voc\u00ea ou\u00e7a o que est\u00e1 sendo gravado em tempo real, sem atrasos, para facilitar o controle durante a cria\u00e7\u00e3o de conte\u00fado.<\/li>\n<li>Controles funcionais: O microfone possui bot\u00f5es para controle de volume do microfone e do fone de ouvido, permitindo ajustes precisos de volume conforme necess\u00e1rio. Al\u00e9m disso, o controle de efeitos de luz \u00e9 sens\u00edvel ao toque, evitando ru\u00eddos irritantes.<\/li>\n<li>Compatibilidade com duas medidas de porcas: O suporte do microfone \u00e9 compat\u00edvel com porcas de 3\/8 &#8220;ou 5\/8&#8221;, o que torna o microfone vers\u00e1til e compat\u00edvel com diferentes bra\u00e7os de suporte, eliminando a necessidade de adaptadores.<\/li>\n<\/ul>\n<p>O microfone din\u00e2mico Fifine Ampligame AM8 \u00e9 uma escolha confi\u00e1vel para grava\u00e7\u00e3o de \u00e1udio em est\u00fadios caseiros e apresenta caracter\u00edsticas como conex\u00f5es XLR e USB, ilumina\u00e7\u00e3o RGB personaliz\u00e1vel, monitoramento em tempo real e controles funcionais para uma melhor experi\u00eancia de grava\u00e7\u00e3o. \u00c9 compat\u00edvel com v\u00e1rias configura\u00e7\u00f5es e oferece uma solu\u00e7\u00e3o pr\u00e1tica para criar conte\u00fado de \u00e1udio de qualidade. O produto \u00e9 certificado com CE e FCC, garantindo sua qualidade e conformidade com as normas de seguran\u00e7a.<\/p>\n<p>&nbsp;<\/p>\n<p><img decoding=\"async\" class=\"aligncenter\" src=\"https:\/\/ae01.alicdn.com\/kf\/Se059365755994bbca187b4e1b777323eI.jpg\" \/><img decoding=\"async\" class=\"aligncenter\" src=\"https:\/\/ae01.alicdn.com\/kf\/Se3c414d20cd54e17a3f60ccaa623d222B.jpg\" \/><\/p>\n<p><img decoding=\"async\" class=\"aligncenter\" src=\"https:\/\/ae01.alicdn.com\/kf\/S63e0991afdf641be816dd46c6bc2ec05O.jpg\" \/><img decoding=\"async\" class=\"aligncenter\" src=\"https:\/\/ae01.alicdn.com\/kf\/S4cefc001f7ce4b85b4dcbc67f080e97dz.jpg\" \/><img decoding=\"async\" class=\"aligncenter\" src=\"https:\/\/ae01.alicdn.com\/kf\/S5c8ad8c3cb014044a05b41103269d0bb3.jpg\" \/><\/p>\n<p><img decoding=\"async\" class=\"aligncenter\" src=\"https:\/\/ae01.alicdn.com\/kf\/Sbf93462d23b94d8683c02d5439f6536dJ.jpg\" \/><\/p>\n<p><img decoding=\"async\" class=\"aligncenter\" src=\"https:\/\/ae01.alicdn.com\/kf\/Sb485696f99cd4a4b84923526281b93b2p.jpg\" \/><\/p>\n<\/div>\n<\/div>\n","protected":false},"excerpt":{"rendered":"<p>Microfone Din\u00e2mico Fifine Ampligame AM8 O microfone din\u00e2mico Fifine Ampligame AM8 \u00e9 um equipamento vers\u00e1til e adequado para uso em<\/p>\n","protected":false},"featured_media":17278,"comment_status":"open","ping_status":"closed","template":"","meta":[],"product_brand":[],"product_cat":[32,222],"product_tag":[],"class_list":{"0":"post-17277","1":"product","2":"type-product","3":"status-publish","4":"has-post-thumbnail","6":"product_cat-audio","7":"product_cat-microfones","9":"first","10":"instock","11":"sale","12":"shipping-taxable","13":"purchasable","14":"product-type-variable"},"_links":{"self":[{"href":"https:\/\/conexaototalmkt.tk\/dropzone\/wp-json\/wp\/v2\/product\/17277","targetHints":{"allow":["GET"]}}],"collection":[{"href":"https:\/\/conexaototalmkt.tk\/dropzone\/wp-json\/wp\/v2\/product"}],"about":[{"href":"https:\/\/conexaototalmkt.tk\/dropzone\/wp-json\/wp\/v2\/types\/product"}],"replies":[{"embeddable":true,"href":"https:\/\/conexaototalmkt.tk\/dropzone\/wp-json\/wp\/v2\/comments?post=17277"}],"version-history":[{"count":3,"href":"https:\/\/conexaototalmkt.tk\/dropzone\/wp-json\/wp\/v2\/product\/17277\/revisions"}],"predecessor-version":[{"id":17583,"href":"https:\/\/conexaototalmkt.tk\/dropzone\/wp-json\/wp\/v2\/product\/17277\/revisions\/17583"}],"wp:featuredmedia":[{"embeddable":true,"href":"https:\/\/conexaototalmkt.tk\/dropzone\/wp-json\/wp\/v2\/media\/17278"}],"wp:attachment":[{"href":"https:\/\/conexaototalmkt.tk\/dropzone\/wp-json\/wp\/v2\/media?parent=17277"}],"wp:term":[{"taxonomy":"product_brand","embeddable":true,"href":"https:\/\/conexaototalmkt.tk\/dropzone\/wp-json\/wp\/v2\/product_brand?post=17277"},{"taxonomy":"product_cat","embeddable":true,"href":"https:\/\/conexaototalmkt.tk\/dropzone\/wp-json\/wp\/v2\/product_cat?post=17277"},{"taxonomy":"product_tag","embeddable":true,"href":"https:\/\/conexaototalmkt.tk\/dropzone\/wp-json\/wp\/v2\/product_tag?post=17277"}],"curies":[{"name":"wp","href":"https:\/\/api.w.org\/{rel}","templated":true}]}}