{"id":17172,"date":"2023-08-01T13:53:00","date_gmt":"2023-08-01T16:53:00","guid":{"rendered":"https:\/\/conexaototalmkt.tk\/dropzone\/produto\/smartwatch-relogio-inteligente-gt3-pro\/"},"modified":"2023-08-02T06:40:51","modified_gmt":"2023-08-02T09:40:51","slug":"smartwatch-relogio-inteligente-gt3-pro","status":"publish","type":"product","link":"https:\/\/conexaototalmkt.tk\/dropzone\/produto\/smartwatch-relogio-inteligente-gt3-pro\/","title":{"rendered":"Smartwatch Rel\u00f3gio Inteligente GT3 Pro"},"content":{"rendered":"<div class=\"detailmodule_html\">\n<div class=\"detail-desc-decorate-richtext\">\n<div class=\"detailmodule_html\">\n<div class=\"detail-desc-decorate-richtext\">\n<h4>Rel\u00f3gio Inteligente Gopanath GT3 Pro<\/h4>\n<p>Principais Especifica\u00e7\u00f5es T\u00e9cnicas:<\/p>\n<ul>\n<li>Comprimento da faixa: 240mm<\/li>\n<li>Largura de banda: 22mm<\/li>\n<li>Assistente de voz embutido: Sim<\/li>\n<li>Vers\u00e3o compat\u00edvel com Bluetooth: 5.0<\/li>\n<li>Wi-fi: N\u00e3o<\/li>\n<li>M\u00e9tricas medidas: Monitor de frequ\u00eancia card\u00edaca, Monitor de oxig\u00eanio no sangue, Monitor de sono, Monitor de press\u00e3o arterial, Monitor de temperatura corporal, Monitor de estresse<\/li>\n<li>Atividade rastreada por: Passos, Dist\u00e2ncia, Calorias, Atividade em geral<\/li>\n<li>Tela de toque: Sim<\/li>\n<li>Categoria: Rel\u00f3gios inteligentes de pulso<\/li>\n<li>Nome do aplicativo: FitCloudPro<\/li>\n<li>Material da tela: AMOLED<\/li>\n<li>Pulseira remov\u00edvel: Sim<\/li>\n<li>Aplicativo dispon\u00edvel para download: Sim<\/li>\n<li>Bateria remov\u00edvel: N\u00e3o<\/li>\n<li>Resolu\u00e7\u00e3o: 390&#215;390 pixels (HD)<\/li>\n<li>Tamanho da tela: 1.36 polegadas<\/li>\n<li>Estilo: Moda<\/li>\n<li>Faixa et\u00e1ria adequada: Adultos<\/li>\n<li>Formato de tela: Redonda<\/li>\n<li>Material do estojo: Liga (liga met\u00e1lica)<\/li>\n<li>Material de banda: Gel de s\u00edlica (borracha)<\/li>\n<li>Grau de impermeabilidade: \u00c0 Prova D\u2019 \u00c1gua (IP68, vida imperme\u00e1vel)<\/li>\n<li>Cart\u00e3o SIM dispon\u00edvel: N\u00e3o<\/li>\n<li>Mecanismo: N\u00e3o especificado<\/li>\n<li>V\u00e1rios mostradores: Sim<\/li>\n<li>GPS: N\u00e3o<\/li>\n<li>Modo de rede: Nenhum (n\u00e3o funciona com rede de operadoras)<\/li>\n<li>Capacidade da bateria: 220-300mAh (pol\u00edmero de l\u00edtio)<\/li>\n<li>C\u00e2mera traseira: Nenhum<\/li>\n<li>RAM: 128MB<\/li>\n<li>ROM: 128MB<\/li>\n<li>Sistema: Android Wear, SO Android, iOS<\/li>\n<li>Tipo: No Pulso<\/li>\n<li>Compatibilidade: Todos Compat\u00edveis<\/li>\n<li>Idioma: Ingl\u00eas, Russo, Espanhol, Portugu\u00eas, Turco, Italiano, Franc\u00eas, Alem\u00e3o, Coreano, Japon\u00eas, Ucraniano, \u00c1rabe, Indon\u00e9sio e outros<\/li>\n<li>Fun\u00e7\u00e3o: Pass\u00f4metro, Rastreador de fitness, Rastreador de sono, Rastreador de humor, Lembrete de mensagem, Lembrete de chamada, Atender chamada, Discagem de chamada, Rastreador de frequ\u00eancia card\u00edaca, M\u00fasica interativa<\/li>\n<li>Nome da marca: Gopanath<\/li>\n<li>Origem: China (CN)<\/li>\n<\/ul>\n<p>\ud83d\udd39 Descri\u00e7\u00e3o: O Rel\u00f3gio Inteligente Gopanath \u00e9 um dispositivo completo que re\u00fane diversas fun\u00e7\u00f5es para facilitar e melhorar a sua rotina. Com sua tela AMOLED de 1.36 polegadas, voc\u00ea poder\u00e1 visualizar todas as informa\u00e7\u00f5es importantes de forma clara e n\u00edtida atrav\u00e9s do toque na tela. O design moderno e elegante do rel\u00f3gio se adapta ao estilo de qualquer pessoa.<\/p>\n<p>Esse rel\u00f3gio inteligente possui diversas m\u00e9tricas para monitoramento de sa\u00fade, incluindo frequ\u00eancia card\u00edaca, oxig\u00eanio no sangue, press\u00e3o arterial, temperatura corporal e n\u00edveis de estresse. Al\u00e9m disso, \u00e9 capaz de rastrear suas atividades di\u00e1rias, como passos, dist\u00e2ncia percorrida e calorias queimadas.<\/p>\n<p>A conex\u00e3o Bluetooth 5.0 permite que voc\u00ea atenda chamadas, controle sua m\u00fasica e receba notifica\u00e7\u00f5es de aplicativos diretamente no rel\u00f3gio. Compat\u00edvel com dispositivos Android acima da vers\u00e3o 4.4 e iOS acima da vers\u00e3o 9.0, o rel\u00f3gio possui uma bateria de l\u00edtio com capacidade de 260mAh que proporciona at\u00e9 7 dias de uso normal ou 30 dias em standby, dependendo do uso pessoal.<\/p>\n<p>O Gopanath \u00e9 resistente \u00e0 \u00e1gua com classifica\u00e7\u00e3o IP68, o que significa que \u00e9 adequado para uso di\u00e1rio e resistente a respingos e chuva leve.<\/p>\n<p>Al\u00e9m disso, o rel\u00f3gio oferece recursos adicionais como previs\u00e3o do tempo, ciclo fisiol\u00f3gico feminino, controle inteligente por gestos, modo n\u00e3o perturbe, modo lembrete e muito mais.<\/p>\n<p>Escolha o Rel\u00f3gio Inteligente Gopanath para acompanhar o seu estilo de vida ativo e estar sempre conectado \u00e0s informa\u00e7\u00f5es importantes, tudo no seu pulso. \ud83c\udf1f<\/p>\n<p style=\", roboto, arial, helvetica, sans-serif, simsun;font-size: 14px; font-weight: 400; letter-spacing: normal; line-height: inherit; text-align: start; margin: 0px; padding: 0px;\" align=\"start\"><img decoding=\"async\" class=\"aligncenter\" src=\"https:\/\/ae01.alicdn.com\/kf\/S982debbf809a48f293d939e87ea9da8dy.jpg\" \/><\/p>\n<p style=\", roboto, arial, helvetica, sans-serif, simsun;font-size: 14px; font-weight: 400; letter-spacing: normal; line-height: inherit; text-align: start; margin: 0px; padding: 0px;\" align=\"start\"><img decoding=\"async\" class=\"aligncenter\" src=\"https:\/\/ae01.alicdn.com\/kf\/S9b424caa0552403d927d2f08ac94b7a5u.jpg\" \/><img decoding=\"async\" class=\"aligncenter\" src=\"https:\/\/ae01.alicdn.com\/kf\/S26e784edd8d44721a6d568eee2d4e102z.jpg\" \/><img decoding=\"async\" class=\"aligncenter\" src=\"https:\/\/ae01.alicdn.com\/kf\/Se51783c620924c18bce68ded3eab5f78c.jpg\" \/><img decoding=\"async\" class=\"aligncenter\" src=\"https:\/\/ae01.alicdn.com\/kf\/S96605df83c9b46449bc8e0d5047ef768I.jpg\" \/><img decoding=\"async\" class=\"aligncenter\" src=\"https:\/\/ae01.alicdn.com\/kf\/S1a6e9286a5174c248c8ab224dcfd443bJ.jpg\" \/><img decoding=\"async\" class=\"aligncenter\" src=\"https:\/\/ae01.alicdn.com\/kf\/S2f821b17ebc7446398cf8302553f2179v.jpg\" \/><img decoding=\"async\" class=\"aligncenter\" src=\"https:\/\/ae01.alicdn.com\/kf\/S116e1854ac284ec8aea50bdd17b18bc9L.jpg\" \/><img decoding=\"async\" class=\"aligncenter\" src=\"https:\/\/ae01.alicdn.com\/kf\/S69857765bac743a09ff57a6bf84cc217O.jpg\" \/><img decoding=\"async\" class=\"aligncenter\" src=\"https:\/\/ae01.alicdn.com\/kf\/S31daad58b8c3469fa1137726794bb5993.jpg\" \/><img decoding=\"async\" class=\"aligncenter\" src=\"https:\/\/ae01.alicdn.com\/kf\/Sd6f4f04c1808452d8c3b8498ec7f82d31.jpg\" \/><img decoding=\"async\" class=\"aligncenter\" src=\"https:\/\/ae01.alicdn.com\/kf\/S7518050da3bc4bf78ae003b08a4d29f9i.jpg\" \/><img decoding=\"async\" class=\"aligncenter\" src=\"https:\/\/ae01.alicdn.com\/kf\/S402326eef934466aa1d1ea670a93842fK.jpg\" \/><img decoding=\"async\" class=\"aligncenter\" src=\"https:\/\/ae01.alicdn.com\/kf\/S114db2939d114b2fa4dec6560e26701bb.jpg\" \/><img decoding=\"async\" class=\"aligncenter\" src=\"https:\/\/ae01.alicdn.com\/kf\/Sb153717418b240c68ebf8573353e781ac.jpg\" \/><img decoding=\"async\" class=\"aligncenter\" src=\"https:\/\/ae01.alicdn.com\/kf\/S20d7fd789b584fb3957b3f86cfceb2fc5.jpg\" \/><img decoding=\"async\" class=\"aligncenter\" src=\"https:\/\/ae01.alicdn.com\/kf\/S325d5f076f5e4979b7648cdd1ae6f177T.jpg\" \/><img decoding=\"async\" class=\"aligncenter\" src=\"https:\/\/ae01.alicdn.com\/kf\/Sd9a652a1d8904ec4921fd3b0df57be1d0.jpg\" \/><img decoding=\"async\" class=\"aligncenter\" src=\"https:\/\/ae01.alicdn.com\/kf\/S8c3cf56d147647f9a6f3858eb4524c57k.jpg\" \/><img decoding=\"async\" class=\"aligncenter\" src=\"https:\/\/ae01.alicdn.com\/kf\/S44e55f93dd3d45a1aa25a013d7962145s.jpg\" \/><img decoding=\"async\" class=\"aligncenter\" src=\"https:\/\/ae01.alicdn.com\/kf\/Sbf9891ca54d6456eaafd3e00c5daf8486.jpg\" \/><img decoding=\"async\" class=\"aligncenter\" src=\"https:\/\/ae01.alicdn.com\/kf\/Scf6a6d8b21884f7c8754005524ce08f85.jpg\" \/><img decoding=\"async\" class=\"aligncenter\" src=\"https:\/\/ae01.alicdn.com\/kf\/Se18d605b6d0e45be8b43630c32c8ea10F.jpg\" \/><img decoding=\"async\" class=\"aligncenter\" src=\"https:\/\/ae01.alicdn.com\/kf\/S19e787a8e33b44d39efe908b8a25fc2aa.jpg\" \/><img decoding=\"async\" class=\"aligncenter\" src=\"https:\/\/ae01.alicdn.com\/kf\/Sa58e3bd2f28649e5accaf36e43a20132R.jpg\" \/><img decoding=\"async\" class=\"aligncenter\" src=\"https:\/\/ae01.alicdn.com\/kf\/Scb0f27efa6114693bfe234be874f378aj.jpg\" \/><img decoding=\"async\" class=\"aligncenter\" src=\"https:\/\/ae01.alicdn.com\/kf\/S58964c8fa2bf4580b2f497d223de2ad3y.jpg\" \/><img decoding=\"async\" class=\"aligncenter\" src=\"https:\/\/ae01.alicdn.com\/kf\/S6c868ca78a1b42e093c03826a3f04d13C.jpg\" \/><img decoding=\"async\" class=\"aligncenter\" src=\"https:\/\/ae01.alicdn.com\/kf\/Sa05a2f0b18144bc3a933a294c39859afu.jpg\" \/><img decoding=\"async\" class=\"aligncenter\" src=\"https:\/\/ae01.alicdn.com\/kf\/S2b9899fbb3f14125891419ab6e572d10e.jpg\" \/><\/p>\n<\/div>\n<\/div>\n<p>&nbsp;<\/p>\n<\/div>\n<\/div>\n","protected":false},"excerpt":{"rendered":"<p>Rel\u00f3gio Inteligente Gopanath GT3 Pro Principais Especifica\u00e7\u00f5es T\u00e9cnicas: Comprimento da faixa: 240mm Largura de banda: 22mm Assistente de voz embutido:<\/p>\n","protected":false},"featured_media":17173,"comment_status":"open","ping_status":"closed","template":"","meta":[],"product_brand":[],"product_cat":[29],"product_tag":[],"class_list":{"0":"post-17172","1":"product","2":"type-product","3":"status-publish","4":"has-post-thumbnail","6":"product_cat-smartwatches","8":"first","9":"instock","10":"sale","11":"shipping-taxable","12":"purchasable","13":"product-type-variable"},"_links":{"self":[{"href":"https:\/\/conexaototalmkt.tk\/dropzone\/wp-json\/wp\/v2\/product\/17172","targetHints":{"allow":["GET"]}}],"collection":[{"href":"https:\/\/conexaototalmkt.tk\/dropzone\/wp-json\/wp\/v2\/product"}],"about":[{"href":"https:\/\/conexaototalmkt.tk\/dropzone\/wp-json\/wp\/v2\/types\/product"}],"replies":[{"embeddable":true,"href":"https:\/\/conexaototalmkt.tk\/dropzone\/wp-json\/wp\/v2\/comments?post=17172"}],"version-history":[{"count":3,"href":"https:\/\/conexaototalmkt.tk\/dropzone\/wp-json\/wp\/v2\/product\/17172\/revisions"}],"predecessor-version":[{"id":17567,"href":"https:\/\/conexaototalmkt.tk\/dropzone\/wp-json\/wp\/v2\/product\/17172\/revisions\/17567"}],"wp:featuredmedia":[{"embeddable":true,"href":"https:\/\/conexaototalmkt.tk\/dropzone\/wp-json\/wp\/v2\/media\/17173"}],"wp:attachment":[{"href":"https:\/\/conexaototalmkt.tk\/dropzone\/wp-json\/wp\/v2\/media?parent=17172"}],"wp:term":[{"taxonomy":"product_brand","embeddable":true,"href":"https:\/\/conexaototalmkt.tk\/dropzone\/wp-json\/wp\/v2\/product_brand?post=17172"},{"taxonomy":"product_cat","embeddable":true,"href":"https:\/\/conexaototalmkt.tk\/dropzone\/wp-json\/wp\/v2\/product_cat?post=17172"},{"taxonomy":"product_tag","embeddable":true,"href":"https:\/\/conexaototalmkt.tk\/dropzone\/wp-json\/wp\/v2\/product_tag?post=17172"}],"curies":[{"name":"wp","href":"https:\/\/api.w.org\/{rel}","templated":true}]}}