{"id":17102,"date":"2023-08-01T13:52:27","date_gmt":"2023-08-01T16:52:27","guid":{"rendered":"https:\/\/conexaototalmkt.tk\/dropzone\/produto\/smartwatch-relogio-inteligente-colmi-p28-plus\/"},"modified":"2023-08-02T06:49:00","modified_gmt":"2023-08-02T09:49:00","slug":"smartwatch-relogio-inteligente-colmi-p28-plus","status":"publish","type":"product","link":"https:\/\/conexaototalmkt.tk\/dropzone\/produto\/smartwatch-relogio-inteligente-colmi-p28-plus\/","title":{"rendered":"Smartwatch Rel\u00f3gio Inteligente ColMi P28 Plus"},"content":{"rendered":"<div class=\"detailmodule_html\">\n<div class=\"detail-desc-decorate-richtext\">\n<div class=\"detailmodule_text\">\n<h4>Smartwatch Rel\u00f3gio Inteligente ColMi P28 Plus<\/h4>\n<p>O smartwatch ColMi P28 Plus \u00e9 uma vers\u00e3o atualizada da s\u00e9rie P de smartwatches da marca ColMi. Abaixo est\u00e3o algumas das principais caracter\u00edsticas do rel\u00f3gio:<\/p>\n<ul>\n<li><strong>Vers\u00e3o compat\u00edvel com Bluetooth 5.1:<\/strong> Isso permite uma conex\u00e3o r\u00e1pida e est\u00e1vel com outros dispositivos compat\u00edveis com Bluetooth, como smartphones.<\/li>\n<li><strong>M\u00e9tricas medidas:<\/strong> O smartwatch monitora v\u00e1rias m\u00e9tricas importantes para a sa\u00fade, incluindo frequ\u00eancia card\u00edaca, oxig\u00eanio no sangue e qualidade do sono.<\/li>\n<li><strong>Atividade rastreada:<\/strong> Ele acompanha v\u00e1rias atividades f\u00edsicas, incluindo passos, dist\u00e2ncia percorrida, calorias queimadas e outros exerc\u00edcios. Oferece 28 modos de exerc\u00edcio.<\/li>\n<li><strong>Tela de toque:<\/strong> O rel\u00f3gio possui uma tela de toque IPS com resolu\u00e7\u00e3o de 240&#215;280 pixels e tamanho de 1,69 polegadas.<\/li>\n<li><strong>Material e design:<\/strong> O estojo do rel\u00f3gio \u00e9 feito de liga, e a pulseira \u00e9 feita de gel de s\u00edlica. Ele possui uma classifica\u00e7\u00e3o de impermeabilidade IP67, tornando-o \u00e0 prova d&#8217;\u00e1gua para uso em atividades aqu\u00e1ticas.<\/li>\n<li><strong>Compatibilidade:<\/strong> \u00c9 compat\u00edvel com smartphones Android 4.4 e superiores, bem como iOS 9.0 e superiores.<\/li>\n<li><strong>Bateria:<\/strong> O smartwatch possui uma bateria de 235mAh, que oferece uma vida \u00fatil de 3 a 7 dias, dependendo do uso.<\/li>\n<li><strong>Fun\u00e7\u00f5es diversas:<\/strong> O rel\u00f3gio oferece uma variedade de fun\u00e7\u00f5es, como monitoramento de sa\u00fade, lembretes de mensagens e chamadas, controle remoto para m\u00fasica e c\u00e2mera, entre outros.<\/li>\n<li><strong>L\u00ednguas suportadas:<\/strong> O rel\u00f3gio suporta v\u00e1rias l\u00ednguas, incluindo ingl\u00eas, russo, espanhol, portugu\u00eas, italiano, franc\u00eas, alem\u00e3o, coreano, japon\u00eas, ucraniano, \u00e1rabe, entre outros.<\/li>\n<\/ul>\n<p>O ColMi P28 Plus \u00e9 uma escolha interessante para quem busca um smartwatch com monitoramento de sa\u00fade, rastreamento de atividades f\u00edsicas e fun\u00e7\u00f5es diversas. Com sua compatibilidade com smartphones Android e iOS e uma variedade de idiomas suportados, \u00e9 adequado para um p\u00fablico amplo. Al\u00e9m disso, seu design esportivo e resist\u00eancia \u00e0 \u00e1gua tornam-no uma op\u00e7\u00e3o vers\u00e1til para uso di\u00e1rio. A garantia de um ano oferece tranquilidade ao comprador.<\/p>\n<\/div>\n<div class=\"detailmodule_text\"><\/div>\n<div class=\"detailmodule_image\"><img decoding=\"async\" class=\"detail-desc-decorate-image aligncenter\" style=\"margin-bottom: 10px;\" src=\"https:\/\/ae01.alicdn.com\/kf\/H3cac665637ae40ccb09639fa8c1367b4g.jpg\" \/><img decoding=\"async\" class=\"detail-desc-decorate-image aligncenter\" src=\"https:\/\/ae01.alicdn.com\/kf\/Ha3420e51fc134f708c4a6a8d35f0a2e6P.jpg\" \/><img decoding=\"async\" class=\"detail-desc-decorate-image aligncenter\" style=\"margin-bottom: 10px;\" src=\"https:\/\/ae01.alicdn.com\/kf\/H8880c66851ab4607a874e18f2c85debcB.jpg\" \/><img decoding=\"async\" class=\"detail-desc-decorate-image aligncenter\" src=\"https:\/\/ae01.alicdn.com\/kf\/Hf4080a55f76d4213b0740d0539314b96g.jpg\" \/><img decoding=\"async\" class=\"detail-desc-decorate-image aligncenter\" src=\"https:\/\/ae01.alicdn.com\/kf\/H383ba1295a2142739503cbf90ff288334.jpg\" \/><img decoding=\"async\" class=\"detail-desc-decorate-image aligncenter\" style=\"margin-bottom: 10px;\" src=\"https:\/\/ae01.alicdn.com\/kf\/H9a97ae5ceec9479aae8af9bfd01d941ab.jpg\" \/><\/div>\n<div class=\"detailmodule_image\"><img decoding=\"async\" class=\"detail-desc-decorate-image aligncenter\" src=\"https:\/\/ae01.alicdn.com\/kf\/Ha8ee622d0d9c4f4499dde99d3e832a948.jpg\" \/><img decoding=\"async\" class=\"detail-desc-decorate-image aligncenter\" src=\"https:\/\/ae01.alicdn.com\/kf\/H20cde8a2a65f4362854504208a4215a57.jpg\" \/><img decoding=\"async\" class=\"detail-desc-decorate-image aligncenter\" src=\"https:\/\/ae01.alicdn.com\/kf\/Hb4e3373dcca04d4bb6d647a784262d56G.jpg\" \/><img decoding=\"async\" class=\"detail-desc-decorate-image aligncenter\" style=\"margin-bottom: 10px;\" src=\"https:\/\/ae01.alicdn.com\/kf\/Hcbf5bf0842904b0392e81cfde42445d2E.jpg\" \/><img decoding=\"async\" class=\"detail-desc-decorate-image aligncenter\" src=\"https:\/\/ae01.alicdn.com\/kf\/H6cff6be98ec043a5bd4d5c87fb3c2a4bE.jpg\" \/><img decoding=\"async\" class=\"detail-desc-decorate-image aligncenter\" style=\"margin-bottom: 10px;\" src=\"https:\/\/ae01.alicdn.com\/kf\/H72c57d3050f34aebac9bf72c7a8ac3e1d.jpg\" \/><img decoding=\"async\" class=\"detail-desc-decorate-image aligncenter\" src=\"https:\/\/ae01.alicdn.com\/kf\/Hbe641f8e8dea49f78c8e758e2edcef23M.jpg\" \/><\/div>\n<div class=\"detailmodule_text-image\">\n<div><\/div>\n<div><img decoding=\"async\" class=\"detail-desc-decorate-image aligncenter\" src=\"https:\/\/ae01.alicdn.com\/kf\/H3b4f4e5a48414481ad5ca5d9276d76790.jpg\" \/><\/div>\n<div><\/div>\n<div><img decoding=\"async\" class=\"detail-desc-decorate-image aligncenter\" src=\"https:\/\/ae01.alicdn.com\/kf\/Hb019394d6d2246aaa9dd4a969d7e5827r.jpg\" \/><\/div>\n<div><\/div>\n<div><img decoding=\"async\" class=\"detail-desc-decorate-image aligncenter\" src=\"https:\/\/ae01.alicdn.com\/kf\/H527db073075d4911938d5d751a420b04f.jpg\" \/><\/div>\n<div><\/div>\n<div><img decoding=\"async\" class=\"detail-desc-decorate-image aligncenter\" src=\"https:\/\/ae01.alicdn.com\/kf\/H9da77a68d6e140acb70c4d87b896392ba.jpg\" \/><\/div>\n<div><\/div>\n<div><img decoding=\"async\" class=\"detail-desc-decorate-image aligncenter\" src=\"https:\/\/ae01.alicdn.com\/kf\/H671ea9147f1946e98333d5f54f96136ay.jpg\" \/><\/div>\n<div><\/div>\n<div><img decoding=\"async\" class=\"detail-desc-decorate-image aligncenter\" src=\"https:\/\/ae01.alicdn.com\/kf\/Hbe9c6ec32ee049d8bdf7f45a87a6688eQ.jpg\" \/><\/div>\n<div><\/div>\n<div><img decoding=\"async\" class=\"detail-desc-decorate-image aligncenter\" src=\"https:\/\/ae01.alicdn.com\/kf\/Hf78521bb76524f8bbc8abffd153dca04w.jpg\" \/><\/div>\n<div><\/div>\n<div><img decoding=\"async\" class=\"detail-desc-decorate-image aligncenter\" src=\"https:\/\/ae01.alicdn.com\/kf\/H922ae9e7d80c4ac992e515be959193e9Y.jpg\" \/><\/div>\n<div><\/div>\n<div><img decoding=\"async\" class=\"detail-desc-decorate-image aligncenter\" src=\"https:\/\/ae01.alicdn.com\/kf\/He74da28a74bc413398d7866c615758d4h.jpg\" \/><\/div>\n<\/div>\n<div><\/div>\n<div class=\"detailmodule_image\"><img decoding=\"async\" class=\"detail-desc-decorate-image aligncenter\" src=\"https:\/\/ae01.alicdn.com\/kf\/Hc5c3d2a6302f4a6987ef2fc44923f8b4b.jpg\" \/><\/div>\n<div><\/div>\n<div class=\"detailmodule_image\"><img decoding=\"async\" class=\"detail-desc-decorate-image aligncenter\" src=\"https:\/\/ae01.alicdn.com\/kf\/H39d6c7f7432a4d9dba0aec70e85659ea1.jpg\" \/><\/div>\n<div><\/div>\n<div class=\"detailmodule_image\"><img decoding=\"async\" class=\"detail-desc-decorate-image aligncenter\" src=\"https:\/\/ae01.alicdn.com\/kf\/Hb9b291ac723348e285a1eb0914c6e648B.jpg\" \/><\/div>\n<div><\/div>\n<div class=\"detailmodule_image\"><img decoding=\"async\" class=\"detail-desc-decorate-image aligncenter\" src=\"https:\/\/ae01.alicdn.com\/kf\/H4ff1b124f4fe4bbba674dd75f399b8b1p.jpg\" \/><\/div>\n<\/div>\n<\/div>\n","protected":false},"excerpt":{"rendered":"<p>Smartwatch Rel\u00f3gio Inteligente ColMi P28 Plus O smartwatch ColMi P28 Plus \u00e9 uma vers\u00e3o atualizada da s\u00e9rie P de smartwatches<\/p>\n","protected":false},"featured_media":17103,"comment_status":"open","ping_status":"closed","template":"","meta":[],"product_brand":[],"product_cat":[29],"product_tag":[],"class_list":{"0":"post-17102","1":"product","2":"type-product","3":"status-publish","4":"has-post-thumbnail","6":"product_cat-smartwatches","8":"first","9":"instock","10":"sale","11":"shipping-taxable","12":"purchasable","13":"product-type-variable"},"_links":{"self":[{"href":"https:\/\/conexaototalmkt.tk\/dropzone\/wp-json\/wp\/v2\/product\/17102","targetHints":{"allow":["GET"]}}],"collection":[{"href":"https:\/\/conexaototalmkt.tk\/dropzone\/wp-json\/wp\/v2\/product"}],"about":[{"href":"https:\/\/conexaototalmkt.tk\/dropzone\/wp-json\/wp\/v2\/types\/product"}],"replies":[{"embeddable":true,"href":"https:\/\/conexaototalmkt.tk\/dropzone\/wp-json\/wp\/v2\/comments?post=17102"}],"version-history":[{"count":2,"href":"https:\/\/conexaototalmkt.tk\/dropzone\/wp-json\/wp\/v2\/product\/17102\/revisions"}],"predecessor-version":[{"id":17592,"href":"https:\/\/conexaototalmkt.tk\/dropzone\/wp-json\/wp\/v2\/product\/17102\/revisions\/17592"}],"wp:featuredmedia":[{"embeddable":true,"href":"https:\/\/conexaototalmkt.tk\/dropzone\/wp-json\/wp\/v2\/media\/17103"}],"wp:attachment":[{"href":"https:\/\/conexaototalmkt.tk\/dropzone\/wp-json\/wp\/v2\/media?parent=17102"}],"wp:term":[{"taxonomy":"product_brand","embeddable":true,"href":"https:\/\/conexaototalmkt.tk\/dropzone\/wp-json\/wp\/v2\/product_brand?post=17102"},{"taxonomy":"product_cat","embeddable":true,"href":"https:\/\/conexaototalmkt.tk\/dropzone\/wp-json\/wp\/v2\/product_cat?post=17102"},{"taxonomy":"product_tag","embeddable":true,"href":"https:\/\/conexaototalmkt.tk\/dropzone\/wp-json\/wp\/v2\/product_tag?post=17102"}],"curies":[{"name":"wp","href":"https:\/\/api.w.org\/{rel}","templated":true}]}}