{"id":17074,"date":"2023-08-01T11:09:40","date_gmt":"2023-08-01T14:09:40","guid":{"rendered":"https:\/\/conexaototalmkt.tk\/dropzone\/produto\/bomba-de-ar-eletrica-inteligente\/"},"modified":"2023-08-02T06:50:06","modified_gmt":"2023-08-02T09:50:06","slug":"bomba-de-ar-eletrica-inteligente","status":"publish","type":"product","link":"https:\/\/conexaototalmkt.tk\/dropzone\/produto\/bomba-de-ar-eletrica-inteligente\/","title":{"rendered":"Bomba De Ar El\u00e9trica Inteligente"},"content":{"rendered":"<div class=\"detailmodule_html\">\n<div class=\"detail-desc-decorate-richtext\">\n<h4>Bomba De Ar El\u00e9trica Inteligente<\/h4>\n<p>A Bomba de Ar El\u00e9trica Inteligente Mini \u00e9 uma bomba infladora port\u00e1til, sem fio, que \u00e9 projetada para inflar uma variedade de itens, como pneus de bicicletas, pneus de carros, pneus de motocicletas, bolas, an\u00e9is de nata\u00e7\u00e3o, brinquedos infl\u00e1veis e outros infl\u00e1veis. Possui uma parte da bateria recarreg\u00e1vel, o que permite que seja carregada completamente e usada v\u00e1rias vezes sem a necessidade de conectar a um isqueiro de carro ou comprar baterias adicionais.<\/p>\n<p>Caracter\u00edsticas principais:<\/p>\n<ul>\n<li><strong>Poderoso e multiuso:<\/strong> A bomba \u00e9 compat\u00edvel com uma variedade de bocais, tornando-a adequada para inflar diferentes itens, desde pneus de bicicletas e carros at\u00e9 bolas e brinquedos infl\u00e1veis.<\/li>\n<li><strong>Luz LED brilhante:<\/strong> A bomba possui uma luz LED que ajuda a iluminar a \u00e1rea em situa\u00e7\u00f5es de emerg\u00eancia durante a noite.<\/li>\n<\/ul>\n<p>Especifica\u00e7\u00f5es:<\/p>\n<ul>\n<li>Materiais: ABS (material pl\u00e1stico resistente)<\/li>\n<li>Corrente: 10A<\/li>\n<li>Tens\u00e3o: 7.4V<\/li>\n<li>Pot\u00eancia: 50W<\/li>\n<li>Press\u00e3o do ar: 25L\/min (fluxo de ar)<\/li>\n<li>Fonte de energia: Tipo-C (conector)<\/li>\n<li>Comprimento do cabo: 0,8 metros<\/li>\n<li>Comprimento do tubo infl\u00e1vel: 0.5 metros<\/li>\n<li>Tamanho: 95x72x150mm<\/li>\n<li>Configura\u00e7\u00e3o m\u00e1xima de press\u00e3o: 150 psi<\/li>\n<li>Valores de press\u00e3o suportados: At\u00e9 120 psi<\/li>\n<\/ul>\n<p>Dados do experimento (apenas para refer\u00eancia):<\/p>\n<ol>\n<li>Poder total carrega 41 bolas (1 minuto para carregar 1 bola)<\/li>\n<li>Poder total carrega 8 pneus de bicicleta (3 minutos para carregar 1 pneu)<\/li>\n<li>Poder total carrega 6 pneus de motocicleta (6 minutos para carregar 1 pneu)<\/li>\n<li>Poder total carrega 5 pneus de carro (6 minutos para carregar 1 pneu)<\/li>\n<\/ol>\n<p>Aten\u00e7\u00f5es importantes:<\/p>\n<ol>\n<li>Este produto n\u00e3o \u00e9 adequado para pneus que exigem alta capacidade ou alta press\u00e3o de ar.<\/li>\n<li>N\u00e3o toque no porto do tubo de infla\u00e7\u00e3o enquanto a bomba de ar estiver funcionando. Ap\u00f3s parar de usar, aguarde 3-5 minutos antes de retirar o tubo de ar.<\/li>\n<li>Recomenda-se usar o produto por n\u00e3o mais de 10 minutos de cada vez. Se houver algum ru\u00eddo anormal, desligue-o e deixe-o esfriar por 10 minutos antes de usar novamente.<\/li>\n<\/ol>\n<p>Certificados e origem:<\/p>\n<ul>\n<li>Certificado: CE<\/li>\n<li>Origem: Mainland China (China continental)<\/li>\n<\/ul>\n<p>A Bomba de Ar El\u00e9trica Inteligente Mini \u00e9 uma op\u00e7\u00e3o pr\u00e1tica e \u00fatil para inflar diferentes objetos, seja durante atividades esportivas, viagens de carro ou em situa\u00e7\u00f5es de emerg\u00eancia. No entanto, \u00e9 importante seguir as recomenda\u00e7\u00f5es do fabricante para garantir um uso seguro e eficiente do produto.<\/p>\n<p><img decoding=\"async\" class=\"aligncenter\" src=\"https:\/\/ae01.alicdn.com\/kf\/S21c04df13f4848e4b2563b2c2da7ae78H.jpg\" \/><\/p>\n<p><img fetchpriority=\"high\" decoding=\"async\" class=\"aligncenter\" src=\"https:\/\/ae01.alicdn.com\/kf\/S71edc791da6446e5a7bf0daba82cd814r.jpg\" width=\"944\" height=\"944\" \/><\/p>\n<p><img decoding=\"async\" class=\"aligncenter\" src=\"https:\/\/ae01.alicdn.com\/kf\/Scb7983aaf96b4dd59fde129ed7c6e170S.jpg\" width=\"944\" height=\"944\" \/><\/p>\n<p><img decoding=\"async\" class=\"aligncenter\" src=\"https:\/\/ae01.alicdn.com\/kf\/Sed3ca99f31254140b9a7310fe25c431cl.jpg\" width=\"944\" height=\"944\" \/><\/p>\n<p><img loading=\"lazy\" decoding=\"async\" class=\"aligncenter\" src=\"https:\/\/ae01.alicdn.com\/kf\/S84b3d70a8e194bb5b8630a081b61cf95X.jpg\" width=\"944\" height=\"944\" \/><\/p>\n<p><img loading=\"lazy\" decoding=\"async\" class=\"aligncenter\" src=\"https:\/\/ae01.alicdn.com\/kf\/S515815a2a04f46f2b636b38acf3f86c6o.jpg\" width=\"944\" height=\"944\" \/><\/p>\n<p><img loading=\"lazy\" decoding=\"async\" class=\"aligncenter\" src=\"https:\/\/ae01.alicdn.com\/kf\/S0b6b3cabc95444bfb2b4d19e942a98435.jpg\" width=\"944\" height=\"944\" \/><\/p>\n<p><img loading=\"lazy\" decoding=\"async\" class=\"aligncenter\" src=\"https:\/\/ae01.alicdn.com\/kf\/Sd95361e3162b4622801055dfbaf872abs.jpg\" width=\"944\" height=\"944\" \/><\/p>\n<p><img loading=\"lazy\" decoding=\"async\" class=\"aligncenter\" src=\"https:\/\/ae01.alicdn.com\/kf\/Se8ead1d3ff944e68a4172c5c369731f4p.jpg\" width=\"944\" height=\"944\" \/><\/p>\n<p><img decoding=\"async\" class=\"aligncenter\" src=\"https:\/\/ae01.alicdn.com\/kf\/S052f6780a42f43ca9566a16f705f42b4U.jpg\" \/><img decoding=\"async\" class=\"aligncenter\" src=\"https:\/\/ae01.alicdn.com\/kf\/S2f7af19af434424c943cf8ec1620ba53I.jpg\" \/><\/p>\n<\/div>\n<\/div>\n","protected":false},"excerpt":{"rendered":"<p>Bomba De Ar El\u00e9trica Inteligente A Bomba de Ar El\u00e9trica Inteligente Mini \u00e9 uma bomba infladora port\u00e1til, sem fio, que<\/p>\n","protected":false},"featured_media":17075,"comment_status":"open","ping_status":"closed","template":"","meta":[],"product_brand":[],"product_cat":[223,216],"product_tag":[],"class_list":{"0":"post-17074","1":"product","2":"type-product","3":"status-publish","4":"has-post-thumbnail","6":"product_cat-acessorios","7":"product_cat-automotivo","9":"first","10":"instock","11":"sale","12":"shipping-taxable","13":"purchasable","14":"product-type-variable"},"_links":{"self":[{"href":"https:\/\/conexaototalmkt.tk\/dropzone\/wp-json\/wp\/v2\/product\/17074","targetHints":{"allow":["GET"]}}],"collection":[{"href":"https:\/\/conexaototalmkt.tk\/dropzone\/wp-json\/wp\/v2\/product"}],"about":[{"href":"https:\/\/conexaototalmkt.tk\/dropzone\/wp-json\/wp\/v2\/types\/product"}],"replies":[{"embeddable":true,"href":"https:\/\/conexaototalmkt.tk\/dropzone\/wp-json\/wp\/v2\/comments?post=17074"}],"version-history":[{"count":2,"href":"https:\/\/conexaototalmkt.tk\/dropzone\/wp-json\/wp\/v2\/product\/17074\/revisions"}],"predecessor-version":[{"id":17594,"href":"https:\/\/conexaototalmkt.tk\/dropzone\/wp-json\/wp\/v2\/product\/17074\/revisions\/17594"}],"wp:featuredmedia":[{"embeddable":true,"href":"https:\/\/conexaototalmkt.tk\/dropzone\/wp-json\/wp\/v2\/media\/17075"}],"wp:attachment":[{"href":"https:\/\/conexaototalmkt.tk\/dropzone\/wp-json\/wp\/v2\/media?parent=17074"}],"wp:term":[{"taxonomy":"product_brand","embeddable":true,"href":"https:\/\/conexaototalmkt.tk\/dropzone\/wp-json\/wp\/v2\/product_brand?post=17074"},{"taxonomy":"product_cat","embeddable":true,"href":"https:\/\/conexaototalmkt.tk\/dropzone\/wp-json\/wp\/v2\/product_cat?post=17074"},{"taxonomy":"product_tag","embeddable":true,"href":"https:\/\/conexaototalmkt.tk\/dropzone\/wp-json\/wp\/v2\/product_tag?post=17074"}],"curies":[{"name":"wp","href":"https:\/\/api.w.org\/{rel}","templated":true}]}}