{"id":17049,"date":"2023-08-01T11:09:09","date_gmt":"2023-08-01T14:09:09","guid":{"rendered":"https:\/\/conexaototalmkt.tk\/dropzone\/produto\/fones-de-ouvido-sem-fio-bluetooth-com-microfone-lenovo-gm2-pro\/"},"modified":"2023-08-02T06:52:12","modified_gmt":"2023-08-02T09:52:12","slug":"fones-de-ouvido-sem-fio-bluetooth-com-microfone-lenovo-gm2-pro","status":"publish","type":"product","link":"https:\/\/conexaototalmkt.tk\/dropzone\/produto\/fones-de-ouvido-sem-fio-bluetooth-com-microfone-lenovo-gm2-pro\/","title":{"rendered":"Fone De Ouvido Bluetooth Lenovo GM2 Pro"},"content":{"rendered":"<h4>Fones De Ouvido Sem Fio Bluetooth Lenovo GM2 Pro<\/h4>\n<ul>\n<li>Material: Pl\u00e1stico<\/li>\n<li>Categoria: Fones de ouvido &amp; fones de ouvido<\/li>\n<li>Pot\u00eancia de sa\u00edda m\u00e1xima: 10mW<\/li>\n<li>N\u00famero de controladores: 2<\/li>\n<li>M\u00e9todo de carregamento: Capa de carregamento<\/li>\n<li>Distor\u00e7\u00e3o harm\u00f4nica total: 1%<\/li>\n<li>Faixa de imped\u00e2ncia: at\u00e9 32\u2126<\/li>\n<li>Vers\u00e3o Bluetooth: 5.3<\/li>\n<li>Codecs: NENHUM<\/li>\n<li>Com microfone: Sim<\/li>\n<li>Sem fio: Sim<\/li>\n<li>Suporte a APP: N\u00e3o<\/li>\n<li>Suporte a cart\u00e3o de mem\u00f3ria: N\u00e3o<\/li>\n<li>\u00c0 prova d\u2019\u00e1gua: Sim<\/li>\n<li>Resist\u00eancia: 32\u03a9<\/li>\n<li>Comprimento da linha: 0m (sem fio)<\/li>\n<li>Faixa de resposta de frequ\u00eancia: 20 \u2013 20000Hz<\/li>\n<li>Sensibilidade: 102dB<\/li>\n<li>Tipo de plugue: NENHUM (sem fio)<\/li>\n<li>Fun\u00e7\u00e3o: Para videogame, Fone de Ouvido comum, Para telefone m\u00f3vel, Headphone de alta fidelidade<\/li>\n<li>Cancelamento de ru\u00eddo ativo: N\u00e3o<\/li>\n<li>Controle de volume: Sim<\/li>\n<li>Bot\u00e3o de controle: Sim<\/li>\n<li>Princ\u00edpio de vocaliza\u00e7\u00e3o: Din\u00e2mica<\/li>\n<li>Tipo sem fio: Bluetooth<\/li>\n<li>Conectores: Nenhum (verdadeiramente sem fio)<\/li>\n<li>Comunica\u00e7\u00e3o: True Wireless (verdadeiramente sem fio)<\/li>\n<li>Estilo: Interno (intra-auricular)<\/li>\n<li>Certificado: CE<\/li>\n<li>Origem: CN (China)<\/li>\n<li>Nome da marca: Lenovo<\/li>\n<\/ul>\n<p>\ud83d\udd39 Caracter\u00edsticas Principais:<\/p>\n<ul>\n<li>Design True Wireless (verdadeiramente sem fio) para liberdade de movimento.<\/li>\n<li>Bluetooth vers\u00e3o 5.3, conex\u00e3o est\u00e1vel e alcance de at\u00e9 10 metros.<\/li>\n<li>\u00c0 prova d&#8217;\u00e1gua para uso em atividades f\u00edsicas e ao ar livre.<\/li>\n<li>Microfone embutido para chamadas com as m\u00e3os livres.<\/li>\n<li>Controle de volume e bot\u00e3o de controle para f\u00e1cil opera\u00e7\u00e3o.<\/li>\n<li>Imped\u00e2ncia de 32\u2126 para reprodu\u00e7\u00e3o de \u00e1udio com alta fidelidade.<\/li>\n<li>Resposta de frequ\u00eancia de 20 a 20000Hz para \u00e1udio n\u00edtido e detalhado.<\/li>\n<li>Tempo de reprodu\u00e7\u00e3o de m\u00fasica de aproximadamente 4-5 horas.<\/li>\n<li>Tempo de carregamento de aproximadamente 1.5 horas atrav\u00e9s da capa de carregamento inclu\u00edda.<\/li>\n<\/ul>\n<p>\ud83c\udfb6 Desfrute de uma experi\u00eancia sonora superior e liberdade sem fios com os Fones de Ouvido Bluetooth Lenovo. Perfeitos para uso di\u00e1rio, atividades f\u00edsicas e chamadas, esses fones oferecem alta qualidade de \u00e1udio com cancelamento de ru\u00eddo ativo e controle total na palma da sua m\u00e3o. Com seu design resistente \u00e0 \u00e1gua, voc\u00ea pode lev\u00e1-los para qualquer lugar. Mantenha-se conectado e desfrute de suas m\u00fasicas favoritas com a conveni\u00eancia e conforto dos fones de ouvido Lenovo. \ud83c\udfb6<\/p>\n<div class=\"detailmodule_html\">\n<div class=\"detail-desc-decorate-richtext\">\n<p style=\"text-align: left; margin: 0px;\" align=\"left\"><img decoding=\"async\" class=\"aligncenter\" src=\"https:\/\/ae01.alicdn.com\/kf\/S0fbe3c7153d04aff944b8c65f90f30dfP.jpg?width=800&amp;height=1114&amp;hash=1914\" \/><img decoding=\"async\" class=\"aligncenter\" src=\"https:\/\/ae01.alicdn.com\/kf\/Sdd7992d5692f4964a9fd9ae10cec5abdT.jpg?width=800&amp;height=873&amp;hash=1673\" \/><img decoding=\"async\" class=\"aligncenter\" src=\"https:\/\/ae01.alicdn.com\/kf\/S186075beebbc466a90400ca76fc9831ed.jpg?width=800&amp;height=1163&amp;hash=1963\" \/><img decoding=\"async\" class=\"aligncenter\" src=\"https:\/\/ae01.alicdn.com\/kf\/Sf28e37bc1c0f46db9543248af6bceab5B.jpg?width=800&amp;height=1305&amp;hash=2105\" \/><img decoding=\"async\" class=\"aligncenter\" src=\"https:\/\/ae01.alicdn.com\/kf\/S2d09aa55793e46a2be0cfe9549f84714N.jpg?width=800&amp;height=1494&amp;hash=2294\" \/><img decoding=\"async\" class=\"aligncenter\" src=\"https:\/\/ae01.alicdn.com\/kf\/S21cbc344cda6436791efa0a9e516ca3ft.jpg?width=800&amp;height=1362&amp;hash=2162\" \/><img decoding=\"async\" class=\"aligncenter\" src=\"https:\/\/ae01.alicdn.com\/kf\/S9b8e8d79876e428e8bb44bd61adf8ea8w.jpg?width=800&amp;height=1263&amp;hash=2063\" \/><img decoding=\"async\" class=\"aligncenter\" src=\"https:\/\/ae01.alicdn.com\/kf\/Sd073bee9916f4f27a290bab4f7b95a06h.jpg?width=800&amp;height=1296&amp;hash=2096\" \/><img decoding=\"async\" class=\"aligncenter\" src=\"https:\/\/ae01.alicdn.com\/kf\/S23df4cf7192549a88128344d5f1819dec.jpg?width=800&amp;height=1022&amp;hash=1822\" \/><img decoding=\"async\" class=\"aligncenter\" src=\"https:\/\/ae01.alicdn.com\/kf\/S71f2dca502fa477f8d1817f8f8730c960.jpg?width=800&amp;height=1557&amp;hash=2357\" \/><img decoding=\"async\" class=\"aligncenter\" src=\"https:\/\/ae01.alicdn.com\/kf\/S5e974c6b1f6f4bd7a6167517448c433c3.jpg?width=800&amp;height=1394&amp;hash=2194\" \/><img decoding=\"async\" class=\"aligncenter\" src=\"https:\/\/ae01.alicdn.com\/kf\/S4c40abc5694f4c3db0c26ce9b66b2e5fq.jpg?width=800&amp;height=1892&amp;hash=2692\" \/><\/p>\n<\/div>\n<\/div>\n","protected":false},"excerpt":{"rendered":"<p>Fones De Ouvido Sem Fio Bluetooth Lenovo GM2 Pro Material: Pl\u00e1stico Categoria: Fones de ouvido &amp; fones de ouvido Pot\u00eancia<\/p>\n","protected":false},"featured_media":17050,"comment_status":"open","ping_status":"closed","template":"","meta":[],"product_brand":[],"product_cat":[32,221],"product_tag":[],"class_list":{"0":"post-17049","1":"product","2":"type-product","3":"status-publish","4":"has-post-thumbnail","6":"product_cat-audio","7":"product_cat-headphones","9":"first","10":"instock","11":"sale","12":"shipping-taxable","13":"purchasable","14":"product-type-variable"},"_links":{"self":[{"href":"https:\/\/conexaototalmkt.tk\/dropzone\/wp-json\/wp\/v2\/product\/17049","targetHints":{"allow":["GET"]}}],"collection":[{"href":"https:\/\/conexaototalmkt.tk\/dropzone\/wp-json\/wp\/v2\/product"}],"about":[{"href":"https:\/\/conexaototalmkt.tk\/dropzone\/wp-json\/wp\/v2\/types\/product"}],"replies":[{"embeddable":true,"href":"https:\/\/conexaototalmkt.tk\/dropzone\/wp-json\/wp\/v2\/comments?post=17049"}],"version-history":[{"count":3,"href":"https:\/\/conexaototalmkt.tk\/dropzone\/wp-json\/wp\/v2\/product\/17049\/revisions"}],"predecessor-version":[{"id":17085,"href":"https:\/\/conexaototalmkt.tk\/dropzone\/wp-json\/wp\/v2\/product\/17049\/revisions\/17085"}],"wp:featuredmedia":[{"embeddable":true,"href":"https:\/\/conexaototalmkt.tk\/dropzone\/wp-json\/wp\/v2\/media\/17050"}],"wp:attachment":[{"href":"https:\/\/conexaototalmkt.tk\/dropzone\/wp-json\/wp\/v2\/media?parent=17049"}],"wp:term":[{"taxonomy":"product_brand","embeddable":true,"href":"https:\/\/conexaototalmkt.tk\/dropzone\/wp-json\/wp\/v2\/product_brand?post=17049"},{"taxonomy":"product_cat","embeddable":true,"href":"https:\/\/conexaototalmkt.tk\/dropzone\/wp-json\/wp\/v2\/product_cat?post=17049"},{"taxonomy":"product_tag","embeddable":true,"href":"https:\/\/conexaototalmkt.tk\/dropzone\/wp-json\/wp\/v2\/product_tag?post=17049"}],"curies":[{"name":"wp","href":"https:\/\/api.w.org\/{rel}","templated":true}]}}