{"id":17032,"date":"2023-08-01T11:08:36","date_gmt":"2023-08-01T14:08:36","guid":{"rendered":"https:\/\/conexaototalmkt.tk\/dropzone\/produto\/fones-de-ouvido-sem-fio-bluetooth-xiaomi-j18\/"},"modified":"2023-08-02T06:53:34","modified_gmt":"2023-08-02T09:53:34","slug":"fones-de-ouvido-sem-fio-bluetooth-xiaomi-j18","status":"publish","type":"product","link":"https:\/\/conexaototalmkt.tk\/dropzone\/produto\/fones-de-ouvido-sem-fio-bluetooth-xiaomi-j18\/","title":{"rendered":"Fone de Ouvido Bluetooth Xiaomi J18"},"content":{"rendered":"<h4>Fone de Ouvido Bluetooth Xiaomi J18<\/h4>\n<div class=\"detailmodule_html\">\n<div class=\"detail-desc-decorate-richtext\">\n<ul>\n<li>Material: Pl\u00e1stico<\/li>\n<li>Tecnologia NFC: N\u00e3o<\/li>\n<li>Categoria: Fones de ouvido &amp; fones de ouvido<\/li>\n<li>Tipo de fones de ouvido: Semi-aberto<\/li>\n<li>Pot\u00eancia de sa\u00edda m\u00e1xima: 1mW<\/li>\n<li>N\u00famero de controladores: 2<\/li>\n<li>M\u00e9todo de carregamento: Capa de carregamento<\/li>\n<li>Material das almofadas de fone de ouvido: Couro sint\u00e9tico<\/li>\n<li>Di\u00e2metro do driver: 12mm<\/li>\n<li>Distor\u00e7\u00e3o harm\u00f4nica total: 0.01%<\/li>\n<li>Faixa de imped\u00e2ncia: at\u00e9 32\u2126<\/li>\n<li>Vers\u00e3o Bluetooth: 5.0<\/li>\n<li>Lista de pacotes: Manual do usu\u00e1rio, Carregador, Capa de carregamento<\/li>\n<li>Caracter\u00edsticas: \u00c0 prova d\u2019 \u00e1gua, Com microfone, Cancelamento de ru\u00eddo ativo<\/li>\n<li>Com microfone: Sim<\/li>\n<li>Sem fio: Sim<\/li>\n<li>Suporte a APP: Sim<\/li>\n<li>Suporte a cart\u00e3o de mem\u00f3ria: N\u00e3o<\/li>\n<li>\u00c0 prova d\u2019\u00e1gua: Sim<\/li>\n<li>Resist\u00eancia: 32\u03a9<\/li>\n<li>Comprimento da linha: 0m (sem fio)<\/li>\n<li>Faixa de resposta de frequ\u00eancia: 20 \u2013 24000Hz<\/li>\n<li>Sensibilidade: 99dB<\/li>\n<li>Tipo de plugue: Nenhum (sem fio)<\/li>\n<li>Cancelamento de ru\u00eddo ativo: Sim<\/li>\n<li>Controle de volume: Sim<\/li>\n<li>Bot\u00e3o de controle: Sim<\/li>\n<li>Princ\u00edpio de vocaliza\u00e7\u00e3o: Din\u00e2mica<\/li>\n<li>Tipo sem fio: Bluetooth<\/li>\n<li>Conectores: Rel\u00e2mpago<\/li>\n<li>Comunica\u00e7\u00e3o: Wireless (verdadeiramente sem fio)<\/li>\n<li>Estilo: Interno (intra-auricular)<\/li>\n<li>Certificado: CE, ROHS<\/li>\n<li>Origem: CN (China)<\/li>\n<li>Nome da marca: MIUI<\/li>\n<li>Modelo Xiaomi: J18<\/li>\n<\/ul>\n<p>\ud83d\udd39 Descri\u00e7\u00e3o: Os Fones de Ouvido Bluetooth Xiaomi J18 oferecem uma experi\u00eancia sonora de alta qualidade e conveni\u00eancia sem fios. Com tecnologia Bluetooth 5.0, esses fones semi-abertos proporcionam uma dist\u00e2ncia de conex\u00e3o de at\u00e9 10 metros. Possuem uma pot\u00eancia de sa\u00edda de 1mW e distor\u00e7\u00e3o harm\u00f4nica total de apenas 0.01%, garantindo um som n\u00edtido e claro.<\/p>\n<p>A prova d&#8217;\u00e1gua e com microfone integrado, esses fones s\u00e3o ideais para uso durante atividades f\u00edsicas e chamadas em m\u00e3os livres. O cancelamento de ru\u00eddo ativo proporciona uma experi\u00eancia imersiva, enquanto o controle de volume e bot\u00f5es de controle oferecem uma opera\u00e7\u00e3o f\u00e1cil e intuitiva.<\/p>\n<p>Compat\u00edveis com diversos dispositivos Bluetooth, esses fones de ouvido t\u00eam uma faixa de resposta de frequ\u00eancia de 20 a 24000Hz, permitindo uma reprodu\u00e7\u00e3o de \u00e1udio detalhada em todos os estilos musicais.<\/p>\n<p>Acompanha uma capa de carregamento para maior comodidade e a bateria oferece at\u00e9 5 horas de m\u00fasica cont\u00ednua e 50 horas de uso com o compartimento de carregamento.<\/p>\n<p>Aproveite a liberdade dos fones de ouvido MIUI J18 e mergulhe em um mundo de som excepcional onde quer que v\u00e1. \ud83c\udfb6<\/p>\n<p style=\", roboto, arial, helvetica, sans-serif, simsun;font-size: 14px; font-weight: 400; letter-spacing: normal; line-height: inherit; text-align: left; margin: 0px; padding: 0px;\" align=\"left\"><img decoding=\"async\" class=\"web_desc_img aligncenter\" style=\"border: 0px; margin: 0px; padding: 0px; max-width: 100%;\" src=\"https:\/\/ae01.alicdn.com\/kf\/Seabeb681bd8e4c16aae9af3bac9476eaK.jpg\" \/><img decoding=\"async\" class=\"web_desc_img aligncenter\" style=\"border: 0px; margin: 0px; padding: 0px; max-width: 100%;\" src=\"https:\/\/ae01.alicdn.com\/kf\/S127bc47f7de2411ab7799bf6de1de226i.jpg\" \/><img decoding=\"async\" class=\"web_desc_img aligncenter\" style=\"border: 0px; margin: 0px; padding: 0px; max-width: 100%;\" src=\"https:\/\/ae01.alicdn.com\/kf\/S50c82deea0644a91b621f63d194710562.jpg\" \/><img decoding=\"async\" class=\"web_desc_img aligncenter\" style=\"border: 0px; margin: 0px; padding: 0px; max-width: 100%;\" src=\"https:\/\/ae01.alicdn.com\/kf\/S9f831b89e483400aa1368fe29df48d28F.jpg\" \/><img decoding=\"async\" class=\"web_desc_img aligncenter\" style=\"border: 0px; margin: 0px; padding: 0px; max-width: 100%;\" src=\"https:\/\/ae01.alicdn.com\/kf\/S4d38748a53974f1d869c4fe4c3a77957q.jpg\" \/><img decoding=\"async\" class=\"web_desc_img aligncenter\" style=\"border: 0px; margin: 0px; padding: 0px; max-width: 100%;\" src=\"https:\/\/ae01.alicdn.com\/kf\/S186cca9394ec452db80c753dfe41b9d6J.jpg\" \/><img decoding=\"async\" class=\"web_desc_img aligncenter\" style=\"border: 0px; margin: 0px; padding: 0px; max-width: 100%;\" src=\"https:\/\/ae01.alicdn.com\/kf\/Sd8eccb2001cb485c8ab02f53fbe1dfe7U.jpg\" \/><img decoding=\"async\" class=\"web_desc_img aligncenter\" style=\"border: 0px; margin: 0px; padding: 0px; max-width: 100%;\" src=\"https:\/\/ae01.alicdn.com\/kf\/Sd8bac71800be4de9a5a4dcfee5641167s.jpg\" \/><img decoding=\"async\" class=\"web_desc_img aligncenter\" style=\"border: 0px; margin: 0px; padding: 0px; max-width: 100%;\" src=\"https:\/\/ae01.alicdn.com\/kf\/Sd73bd645f4744c0f8abfb23edea19eafk.jpg\" \/><img decoding=\"async\" class=\"web_desc_img aligncenter\" style=\"border: 0px; margin: 0px; padding: 0px; max-width: 100%;\" src=\"https:\/\/ae01.alicdn.com\/kf\/Sbf69bd2363a04b4a87674bae4ac2209bQ.jpg\" \/><img decoding=\"async\" class=\"web_desc_img aligncenter\" style=\"border: 0px; margin: 0px; padding: 0px; max-width: 100%;\" src=\"https:\/\/ae01.alicdn.com\/kf\/Sc29f06bd4e824d31bafb25d9b167ccc7r.jpg\" \/><img decoding=\"async\" class=\"web_desc_img aligncenter\" style=\"border: 0px; margin: 0px; padding: 0px; max-width: 100%;\" src=\"https:\/\/ae01.alicdn.com\/kf\/S251a195ea47747bfa6ae75f147dfc7bbS.jpg\" \/><img decoding=\"async\" class=\"web_desc_img aligncenter\" style=\"border: 0px; margin: 0px; padding: 0px; max-width: 100%;\" src=\"https:\/\/ae01.alicdn.com\/kf\/S23a66089a0434df39a4f669b5555eb8dU.jpg\" \/><img decoding=\"async\" class=\"web_desc_img aligncenter\" style=\"border: 0px; margin: 0px; padding: 0px; max-width: 100%;\" src=\"https:\/\/ae01.alicdn.com\/kf\/Sd8097442cf884c8fa328f5ca5f412821U.jpg\" \/><\/p>\n<\/div>\n<\/div>\n","protected":false},"excerpt":{"rendered":"<p>Fone de Ouvido Bluetooth Xiaomi J18 Material: Pl\u00e1stico Tecnologia NFC: N\u00e3o Categoria: Fones de ouvido &amp; fones de ouvido Tipo<\/p>\n","protected":false},"featured_media":17033,"comment_status":"open","ping_status":"closed","template":"","meta":[],"product_brand":[],"product_cat":[32,221],"product_tag":[],"class_list":{"0":"post-17032","1":"product","2":"type-product","3":"status-publish","4":"has-post-thumbnail","6":"product_cat-audio","7":"product_cat-headphones","9":"first","10":"instock","11":"sale","12":"shipping-taxable","13":"purchasable","14":"product-type-variable"},"_links":{"self":[{"href":"https:\/\/conexaototalmkt.tk\/dropzone\/wp-json\/wp\/v2\/product\/17032","targetHints":{"allow":["GET"]}}],"collection":[{"href":"https:\/\/conexaototalmkt.tk\/dropzone\/wp-json\/wp\/v2\/product"}],"about":[{"href":"https:\/\/conexaototalmkt.tk\/dropzone\/wp-json\/wp\/v2\/types\/product"}],"replies":[{"embeddable":true,"href":"https:\/\/conexaototalmkt.tk\/dropzone\/wp-json\/wp\/v2\/comments?post=17032"}],"version-history":[{"count":4,"href":"https:\/\/conexaototalmkt.tk\/dropzone\/wp-json\/wp\/v2\/product\/17032\/revisions"}],"predecessor-version":[{"id":17091,"href":"https:\/\/conexaototalmkt.tk\/dropzone\/wp-json\/wp\/v2\/product\/17032\/revisions\/17091"}],"wp:featuredmedia":[{"embeddable":true,"href":"https:\/\/conexaototalmkt.tk\/dropzone\/wp-json\/wp\/v2\/media\/17033"}],"wp:attachment":[{"href":"https:\/\/conexaototalmkt.tk\/dropzone\/wp-json\/wp\/v2\/media?parent=17032"}],"wp:term":[{"taxonomy":"product_brand","embeddable":true,"href":"https:\/\/conexaototalmkt.tk\/dropzone\/wp-json\/wp\/v2\/product_brand?post=17032"},{"taxonomy":"product_cat","embeddable":true,"href":"https:\/\/conexaototalmkt.tk\/dropzone\/wp-json\/wp\/v2\/product_cat?post=17032"},{"taxonomy":"product_tag","embeddable":true,"href":"https:\/\/conexaototalmkt.tk\/dropzone\/wp-json\/wp\/v2\/product_tag?post=17032"}],"curies":[{"name":"wp","href":"https:\/\/api.w.org\/{rel}","templated":true}]}}