{"id":16937,"date":"2023-08-01T09:54:55","date_gmt":"2023-08-01T12:54:55","guid":{"rendered":"https:\/\/conexaototalmkt.tk\/dropzone\/produto\/norte-edge-mens-digital-sport-watch-horas-de-funcionamento-natacao-militar-exercito-relogios-altimetro-barometro-bussola-impermeavel-50m\/"},"modified":"2023-08-02T06:56:10","modified_gmt":"2023-08-02T09:56:10","slug":"norte-edge-mens-digital-sport-watch-horas-de-funcionamento-natacao-militar-exercito-relogios-altimetro-barometro-bussola-impermeavel-50m","status":"publish","type":"product","link":"https:\/\/conexaototalmkt.tk\/dropzone\/produto\/norte-edge-mens-digital-sport-watch-horas-de-funcionamento-natacao-militar-exercito-relogios-altimetro-barometro-bussola-impermeavel-50m\/","title":{"rendered":"Smartwatch Rel\u00f3gio Inteligente North Edge Apache"},"content":{"rendered":"<div class=\"detailmodule_html\">\n<div class=\"detail-desc-decorate-richtext\">\n<div class=\"detailmodule_text\">\n<h4>Smartwatch Rel\u00f3gio Inteligente North Edge Apache<\/h4>\n<ul>\n<li>Espessura do estojo: 14mm<\/li>\n<li>Largura da banda: 24mm<\/li>\n<li>Tipo de mat\u00e9ria da pulseira: RUBBER<\/li>\n<li>Formato do estojo: ROUND<\/li>\n<li>Tipo de material do visor: Vidro<\/li>\n<li>Material das caixas e estojo: Papel<\/li>\n<li>N\u00famero do modelo: APACHE 3<\/li>\n<li>Di\u00e2metro do visor: 50mm<\/li>\n<li>Caracter\u00edsticas: \u00c0 prova de choque, medi\u00e7\u00e3o de temperatura, Cron\u00f4metro, Medi\u00e7\u00e3o de press\u00e3o, \u00c0 Prova D\u2019\u00c1gua, COMPASS, luz de fundo, Cron\u00f3grafo, Fuso hor\u00e1rio m\u00faltiplo, nadar, ALARME, REPETIDOR<\/li>\n<li>Profundidade de resist\u00eancia \u00e0 \u00e1gua: 5bar (50 metros de resist\u00eancia \u00e0 \u00e1gua)<\/li>\n<li>Fecho: Fivela<\/li>\n<li>Comprimento da pulseira: 25cm<\/li>\n<li>Material do estojo: LIGA<\/li>\n<li>Movimento: Digital<\/li>\n<li>Estilo: SPORT<\/li>\n<li>Nome da marca: NORTH EDGE<\/li>\n<li>Origem: CN (Origem)<\/li>\n<li>Tipo de Item: Rel\u00f3gios de pulso digitais<\/li>\n<li>Certificado: CE<\/li>\n<li>Material das Caixas e Estojos: Caixa presente<\/li>\n<\/ul>\n<p>\ud83d\udd29 Fun\u00e7\u00f5es do Rel\u00f3gio:<\/p>\n<ol>\n<li>Altimeter (gr\u00e1fico de tend\u00eancia de altitude e taxa de subida)<\/li>\n<li>Bar\u00f4metro (gr\u00e1fico de tend\u00eancia de press\u00e3o do ar)<\/li>\n<li>B\u00fassola<\/li>\n<li>Term\u00f4metro<\/li>\n<li>Previs\u00e3o do Tempo, Hora Mundial<\/li>\n<li>Ped\u00f4metro, Contador de passos, Calorias, Dist\u00e2ncia registrada<\/li>\n<li>Fun\u00e7\u00f5es de tempo: Hora, Minuto, Segundo, Ano (2000-2099), M\u00eas, Data, Dia da semana<\/li>\n<li>Despertador (2 conjuntos de alarme)<\/li>\n<li>Contagem regressiva (99:59:59 ~ 0)<\/li>\n<li>Cron\u00f4metro (0 ~ 59:59)<\/li>\n<li>Fun\u00e7\u00f5es de Hora Mundial<\/li>\n<li>Incorpora b\u00fassola digital, alt\u00edmetro, bar\u00f4metro, term\u00f4metro, tend\u00eancia de press\u00e3o do ar e tend\u00eancia de altitude<\/li>\n<li>Tom do bot\u00e3o ligado ou desligado<\/li>\n<li>Lembrete de vida \u00fatil da bateria<\/li>\n<li>Retroilumina\u00e7\u00e3o EL<\/li>\n<\/ol>\n<p>\ud83d\udccf Tamanho do Rel\u00f3gio Pequeno (Modelo APACHE-46):<\/p>\n<ul>\n<li>Di\u00e2metro do visor: 46mm<\/li>\n<li>Espessura do estojo: 14mm<\/li>\n<li>Peso do rel\u00f3gio: 95g<\/li>\n<\/ul>\n<\/div>\n<div class=\"detailmodule_text\"><\/div>\n<div class=\"detailmodule_text\">\n<p id=\"tl_20\" class=\"detail-desc-decorate-content\" style=\"font-family: OpenSans; font-size: 14px; font-weight: 300; line-height: 20px; margin-bottom: 12px;\">\n<\/div>\n<div class=\"detailmodule_image\"><img decoding=\"async\" class=\"detail-desc-decorate-image aligncenter\" src=\"https:\/\/ae01.alicdn.com\/kf\/H6c9a4d429635494ea67c2e2982c68e9cD.jpg\" \/><br \/>\n<img decoding=\"async\" class=\"detail-desc-decorate-image aligncenter\" style=\"margin-bottom: 10px;\" src=\"https:\/\/ae01.alicdn.com\/kf\/Haa7ae1e1a62f40ebb26a58528ae4a5ecS.jpg\" \/><img decoding=\"async\" class=\"detail-desc-decorate-image aligncenter\" src=\"https:\/\/ae01.alicdn.com\/kf\/H920ac7c0caba4fbebe5000738d12d930J.jpg\" \/><\/div>\n<div class=\"detailmodule_image\"><img decoding=\"async\" class=\"detail-desc-decorate-image aligncenter\" src=\"https:\/\/ae01.alicdn.com\/kf\/H6e6642c2f801443883a4dd962f420d95k.jpg\" \/><\/div>\n<div class=\"detailmodule_image\"><img decoding=\"async\" class=\"detail-desc-decorate-image aligncenter\" src=\"https:\/\/ae01.alicdn.com\/kf\/H199197e612ca4f0991be62e039a30d520.jpg\" \/><\/div>\n<div class=\"detailmodule_image\"><img decoding=\"async\" class=\"detail-desc-decorate-image aligncenter\" src=\"https:\/\/ae01.alicdn.com\/kf\/H40f32071a2f34a8bb54c0c102538e0c7g.jpg\" \/><img decoding=\"async\" class=\"detail-desc-decorate-image aligncenter\" src=\"https:\/\/ae01.alicdn.com\/kf\/Hd838ee843ab444aa995f1f8fa07588a2x.jpg\" \/><img decoding=\"async\" class=\"detail-desc-decorate-image aligncenter\" src=\"https:\/\/ae01.alicdn.com\/kf\/Hc15d6691e4fe4e7ab4c06269d7ab2509H.jpg\" \/><img decoding=\"async\" class=\"detail-desc-decorate-image aligncenter\" src=\"https:\/\/ae01.alicdn.com\/kf\/Ha274dbec9f034d9dbe73a53ead34f4b4j.jpg\" \/><img decoding=\"async\" class=\"detail-desc-decorate-image aligncenter\" src=\"https:\/\/ae01.alicdn.com\/kf\/H0e18cf7affcf4f24859cac4ef1c50c9aG.jpg\" \/><img decoding=\"async\" class=\"detail-desc-decorate-image aligncenter\" src=\"https:\/\/ae01.alicdn.com\/kf\/H19759da892b2459dab63f1092dc983e10.jpg\" \/><img decoding=\"async\" class=\"detail-desc-decorate-image aligncenter\" src=\"https:\/\/ae01.alicdn.com\/kf\/H792abbd4d8e64fdc8090f0c68dd688c3U.jpg\" \/><img decoding=\"async\" class=\"detail-desc-decorate-image aligncenter\" src=\"https:\/\/ae01.alicdn.com\/kf\/Hd967b50b98354814a40a715e4a72288di.jpg\" \/><img decoding=\"async\" class=\"detail-desc-decorate-image aligncenter\" src=\"https:\/\/ae01.alicdn.com\/kf\/H14d7710a0baa475589581d51317712efS.jpg\" \/><\/div>\n<p>&nbsp;<\/p>\n<\/div>\n<\/div>\n","protected":false},"excerpt":{"rendered":"<p>Smartwatch Rel\u00f3gio Inteligente North Edge Apache Espessura do estojo: 14mm Largura da banda: 24mm Tipo de mat\u00e9ria da pulseira: RUBBER<\/p>\n","protected":false},"featured_media":16938,"comment_status":"open","ping_status":"closed","template":"","meta":[],"product_brand":[],"product_cat":[29],"product_tag":[],"class_list":{"0":"post-16937","1":"product","2":"type-product","3":"status-publish","4":"has-post-thumbnail","6":"product_cat-smartwatches","8":"first","9":"instock","10":"shipping-taxable","11":"purchasable","12":"product-type-variable"},"_links":{"self":[{"href":"https:\/\/conexaototalmkt.tk\/dropzone\/wp-json\/wp\/v2\/product\/16937","targetHints":{"allow":["GET"]}}],"collection":[{"href":"https:\/\/conexaototalmkt.tk\/dropzone\/wp-json\/wp\/v2\/product"}],"about":[{"href":"https:\/\/conexaototalmkt.tk\/dropzone\/wp-json\/wp\/v2\/types\/product"}],"replies":[{"embeddable":true,"href":"https:\/\/conexaototalmkt.tk\/dropzone\/wp-json\/wp\/v2\/comments?post=16937"}],"version-history":[{"count":2,"href":"https:\/\/conexaototalmkt.tk\/dropzone\/wp-json\/wp\/v2\/product\/16937\/revisions"}],"predecessor-version":[{"id":17027,"href":"https:\/\/conexaototalmkt.tk\/dropzone\/wp-json\/wp\/v2\/product\/16937\/revisions\/17027"}],"wp:featuredmedia":[{"embeddable":true,"href":"https:\/\/conexaototalmkt.tk\/dropzone\/wp-json\/wp\/v2\/media\/16938"}],"wp:attachment":[{"href":"https:\/\/conexaototalmkt.tk\/dropzone\/wp-json\/wp\/v2\/media?parent=16937"}],"wp:term":[{"taxonomy":"product_brand","embeddable":true,"href":"https:\/\/conexaototalmkt.tk\/dropzone\/wp-json\/wp\/v2\/product_brand?post=16937"},{"taxonomy":"product_cat","embeddable":true,"href":"https:\/\/conexaototalmkt.tk\/dropzone\/wp-json\/wp\/v2\/product_cat?post=16937"},{"taxonomy":"product_tag","embeddable":true,"href":"https:\/\/conexaototalmkt.tk\/dropzone\/wp-json\/wp\/v2\/product_tag?post=16937"}],"curies":[{"name":"wp","href":"https:\/\/api.w.org\/{rel}","templated":true}]}}