{"id":16905,"date":"2023-08-01T09:54:39","date_gmt":"2023-08-01T12:54:39","guid":{"rendered":"https:\/\/conexaototalmkt.tk\/dropzone\/produto\/smartwatch-de-fitness-original-para-homens-e-mulheres-relogios-esportivos-chamada-telefonica-ios-android-pk-iwo-series-7-i8-pro-2023-8-max\/"},"modified":"2023-08-02T06:59:54","modified_gmt":"2023-08-02T09:59:54","slug":"smartwatch-de-fitness-original-para-homens-e-mulheres-relogios-esportivos-chamada-telefonica-ios-android-pk-iwo-series-7-i8-pro-2023-8-max","status":"publish","type":"product","link":"https:\/\/conexaototalmkt.tk\/dropzone\/produto\/smartwatch-de-fitness-original-para-homens-e-mulheres-relogios-esportivos-chamada-telefonica-ios-android-pk-iwo-series-7-i8-pro-2023-8-max\/","title":{"rendered":"Smartwatch Rel\u00f3gio Inteligente Miata Watch 8 MAX"},"content":{"rendered":"<h4>Smartwatch Rel\u00f3gio Inteligente MIATA Watch 8 MAX<\/h4>\n<ul>\n<li>Assistente de voz embutido: N\u00e3o<\/li>\n<li>Vers\u00e3o compat\u00edvel com Bluetooth: 5.1<\/li>\n<li>M\u00e9tricas medidas: Monitor de frequ\u00eancia card\u00edaca<\/li>\n<li>Atividade rastreada por: Rastreador de passos e Rastreador de atividade<\/li>\n<li>Categoria: Rel\u00f3gios inteligentes de pulso<\/li>\n<li>Nome do App: HryFine<\/li>\n<li>Material da tela: TFT<\/li>\n<li>Modelo da CPU: B06ZK(8918B)<\/li>\n<li>Pulseira remov\u00edvel: Sim<\/li>\n<li>Aplicativo dispon\u00edvel para download: Sim<\/li>\n<li>Bateria remov\u00edvel: N\u00e3o<\/li>\n<li>Fabricante da CPU: Mediatek<\/li>\n<li>Resolu\u00e7\u00e3o: 240*280<\/li>\n<li>Tamanho da Tela: 1.85 polegadas<\/li>\n<li>Tipo de movimento: Eletr\u00f4nico<\/li>\n<li>Estilo: Moda<\/li>\n<li>Faixa et\u00e1ria adequada: Adulto<\/li>\n<li>Formato de tela: SQUARE<\/li>\n<li>Material do estojo: Banhado a ouro<\/li>\n<li>Material de banda: GEL de s\u00edlica<\/li>\n<li>Grau de impermeabilidade: \u00c0 Prova D\u2019 \u00c1gua<\/li>\n<li>Cart\u00e3o SIM dispon\u00edvel: N\u00e3o<\/li>\n<li>Mecanismo: N\u00e3o<\/li>\n<li>V\u00e1rios mostradores: Sim<\/li>\n<li>GPS: Sim<\/li>\n<li>Modo de rede: Nenhum<\/li>\n<li>Capacidade da bateria: 120-180mAh<\/li>\n<li>C\u00e2mera traseira: Nenhum<\/li>\n<li>RAM: &lt;128 MB<\/li>\n<li>ROM: &lt;128 MB<\/li>\n<li>Sistema: SO Android, iOS<\/li>\n<li>Tipo: No Pulso<\/li>\n<li>Compatibilidade: Todos Compat\u00edveis<\/li>\n<li>Idioma: Ingl\u00eas, Russo, Espanhol, Portugu\u00eas, Turco, Italiano, Franc\u00eas, Alem\u00e3o, Holand\u00eas, \u00c1rabe<\/li>\n<li>Fun\u00e7\u00f5es: Passometer, Rastreador de fitness, Rastreador de sono, Lembrete de mensagem, Lembrete de chamada, Atender chamada, Discagem de chamada, Controle remoto, Mensagem por Push, Despertador<\/li>\n<\/ul>\n<p>\u2699\ufe0f Assist Watch Caracter\u00edsticas:<\/p>\n<ul>\n<li>Idiomas suportados: Ingl\u00eas, Italiano, Portugu\u00eas, Polon\u00eas, Espanhol, Franc\u00eas, Grego, H\u00fangaro, Tcheco, Russo, Turco, Holand\u00eas, Alem\u00e3o, Vietnamita, Indon\u00e9sio, Malaio, Filipino, Sueco, \u00c1rabe, Persa<\/li>\n<li>Principais Caracter\u00edsticas: Alarme, Calculadora, Registros de chamadas, Discador, Agenda telef\u00f4nica (lista telef\u00f4nica), Configura\u00e7\u00f5es, Captura remota, M\u00fasica BT (reprodu\u00e7\u00e3o de m\u00fasica Bluetooth), Bluetooth, Notificador remoto (notifica\u00e7\u00e3o de mensagem), Calend\u00e1rio, Lembrete sedent\u00e1rio, Monitor de sono, Ped\u00f4metro (esportes), Lembrete de ingest\u00e3o de \u00e1gua, Encontre meu dispositivo, Siri (assistente de voz), Jogos incorporados, Monitor de passos, Frequ\u00eancia card\u00edaca, Press\u00e3o arterial, Oxig\u00eanio no sangue, Temporizador, Respira\u00e7\u00e3o, Ajuste, Rel\u00f3gio, Configura\u00e7\u00e3o do som, Volume, Display, Configura\u00e7\u00e3o do idioma, Barra lateral, Pin (senha do bracelete), Redefinir (restaurar as configura\u00e7\u00f5es de f\u00e1brica), Carregamento sem fio, NFC<\/li>\n<li>Notifica\u00e7\u00f5es: Chamadas, Mensagens de WeChat, QQ, Facebook, Twitter, Linha, Whatsapp, Instagram, etc.<\/li>\n<li>M\u00e9todo de carregamento: Carregamento sem fio<\/li>\n<li>Impermeabilidade: Vida imperme\u00e1vel<\/li>\n<\/ul>\n<p>\ud83d\udccf Tamanho:<\/p>\n<ul>\n<li>Tamanho do rel\u00f3gio: 1.85 polegadas<\/li>\n<li>Tamanho do cinto: Correias ajust\u00e1veis de 42\/44\/45mm<\/li>\n<\/ul>\n<p>\ud83d\udce6 Pacote inclu\u00eddo:<\/p>\n<ul>\n<li>Rel\u00f3gio inteligente X 1<\/li>\n<li>Carregador X 1<\/li>\n<li>Manual X 1<\/li>\n<li>Caixa original X 1<span id=\"tl_19\" style=\"font-size: 16px;\"><\/span><\/li>\n<\/ul>\n<div class=\"detailmodule_html\">\n<div class=\"detail-desc-decorate-richtext\">\n<div class=\"detailmodule_html\">\n<div class=\"detail-desc-decorate-richtext\">\n<div class=\"detailmodule_html\">\n<div class=\"detail-desc-decorate-richtext\">\n<div class=\"detailmodule_html\">\n<div class=\"detail-desc-decorate-richtext\">\n<div style=\"font-family: inherit; font-size: 14px; line-height: inherit; text-align: start; border: 0px none; margin: 0px; padding: 0px;\" align=\"start\">\n<div style=\"margin: 0px; padding: 0px;\">\n<div><img decoding=\"async\" class=\"aligncenter\" src=\"https:\/\/ae01.alicdn.com\/kf\/S17ac4fa8dfb2450e8c80637479bd3915t.jpg\" \/><\/div>\n<div><img decoding=\"async\" class=\"aligncenter\" src=\"https:\/\/ae01.alicdn.com\/kf\/Sff1c65022cd64244bd01fd635e8948ael.jpg\" \/><\/div>\n<div>\n<p>&nbsp;<\/p>\n<\/div>\n<\/div>\n<\/div>\n<\/div>\n<\/div>\n<\/div>\n<\/div>\n<\/div>\n<\/div>\n<\/div>\n<\/div>\n","protected":false},"excerpt":{"rendered":"<p>Smartwatch Rel\u00f3gio Inteligente MIATA Watch 8 MAX Assistente de voz embutido: N\u00e3o Vers\u00e3o compat\u00edvel com Bluetooth: 5.1 M\u00e9tricas medidas: Monitor<\/p>\n","protected":false},"featured_media":16906,"comment_status":"open","ping_status":"closed","template":"","meta":[],"product_brand":[],"product_cat":[29],"product_tag":[],"class_list":{"0":"post-16905","1":"product","2":"type-product","3":"status-publish","4":"has-post-thumbnail","6":"product_cat-smartwatches","8":"first","9":"instock","10":"sale","11":"shipping-taxable","12":"purchasable","13":"product-type-variable"},"_links":{"self":[{"href":"https:\/\/conexaototalmkt.tk\/dropzone\/wp-json\/wp\/v2\/product\/16905","targetHints":{"allow":["GET"]}}],"collection":[{"href":"https:\/\/conexaototalmkt.tk\/dropzone\/wp-json\/wp\/v2\/product"}],"about":[{"href":"https:\/\/conexaototalmkt.tk\/dropzone\/wp-json\/wp\/v2\/types\/product"}],"replies":[{"embeddable":true,"href":"https:\/\/conexaototalmkt.tk\/dropzone\/wp-json\/wp\/v2\/comments?post=16905"}],"version-history":[{"count":3,"href":"https:\/\/conexaototalmkt.tk\/dropzone\/wp-json\/wp\/v2\/product\/16905\/revisions"}],"predecessor-version":[{"id":17595,"href":"https:\/\/conexaototalmkt.tk\/dropzone\/wp-json\/wp\/v2\/product\/16905\/revisions\/17595"}],"wp:featuredmedia":[{"embeddable":true,"href":"https:\/\/conexaototalmkt.tk\/dropzone\/wp-json\/wp\/v2\/media\/16906"}],"wp:attachment":[{"href":"https:\/\/conexaototalmkt.tk\/dropzone\/wp-json\/wp\/v2\/media?parent=16905"}],"wp:term":[{"taxonomy":"product_brand","embeddable":true,"href":"https:\/\/conexaototalmkt.tk\/dropzone\/wp-json\/wp\/v2\/product_brand?post=16905"},{"taxonomy":"product_cat","embeddable":true,"href":"https:\/\/conexaototalmkt.tk\/dropzone\/wp-json\/wp\/v2\/product_cat?post=16905"},{"taxonomy":"product_tag","embeddable":true,"href":"https:\/\/conexaototalmkt.tk\/dropzone\/wp-json\/wp\/v2\/product_tag?post=16905"}],"curies":[{"name":"wp","href":"https:\/\/api.w.org\/{rel}","templated":true}]}}