{"id":16880,"date":"2023-08-01T08:27:44","date_gmt":"2023-08-01T11:27:44","guid":{"rendered":"https:\/\/conexaototalmkt.tk\/dropzone\/produto\/mini-maquina-de-selagem-de-saco-de-calor-sacos-de-aferidor-de-pacote-fechamento-de-saco-de-comida-de-plastico-termico-selador-portatil-embalagem-acessorios-de-cozinha\/"},"modified":"2023-08-02T07:03:09","modified_gmt":"2023-08-02T10:03:09","slug":"mini-maquina-de-selagem-de-saco-de-calor-sacos-de-aferidor-de-pacote-fechamento-de-saco-de-comida-de-plastico-termico-selador-portatil-embalagem-acessorios-de-cozinha","status":"publish","type":"product","link":"https:\/\/conexaototalmkt.tk\/dropzone\/produto\/mini-maquina-de-selagem-de-saco-de-calor-sacos-de-aferidor-de-pacote-fechamento-de-saco-de-comida-de-plastico-termico-selador-portatil-embalagem-acessorios-de-cozinha\/","title":{"rendered":"Mini Selador T\u00e9rmico"},"content":{"rendered":"<h4>Mini Selador T\u00e9rmico<\/h4>\n<p>O selador de pl\u00e1stico \u00e9 um dispositivo port\u00e1til desenvolvido para manter os alimentos frescos e secos, proporcionando uma veda\u00e7\u00e3o herm\u00e9tica em sacos de pl\u00e1stico. Feito de material ABS de alta qualidade, resistente a altas e baixas temperaturas, o selador \u00e9 uma op\u00e7\u00e3o ecologicamente sustent\u00e1vel e dur\u00e1vel para uso dom\u00e9stico.<\/p>\n<p><strong>Caracter\u00edsticas:<\/strong><\/p>\n<ul>\n<li>Opera\u00e7\u00e3o simples e r\u00e1pida: O selador utiliza a mais recente tecnologia, n\u00e3o requer pr\u00e9-aquecimento e \u00e9 muito f\u00e1cil de usar. Ao pressionar a tampa, o filme de aquecimento de alta efici\u00eancia atinge imediatamente a temperatura de veda\u00e7\u00e3o. Basta colocar o saco a ser selado no meio e desliz\u00e1-lo ao longo da borda do saco a uma velocidade lenta e constante para obter uma veda\u00e7\u00e3o perfeita.<\/li>\n<li>N\u00e3o adequado para todos os sacos: \u00c9 importante observar que o selador n\u00e3o \u00e9 adequado para sacos de papel e sacos de alum\u00ednio.<\/li>\n<\/ul>\n<p><strong>Instru\u00e7\u00f5es de Uso:<\/strong><\/p>\n<ol>\n<li>Insira duas pilhas AA (pilhas n\u00e3o inclu\u00eddas).<\/li>\n<li>Desbloqueie a seguran\u00e7a\/tampa protetora, movendo-a para a posi\u00e7\u00e3o de baixo.<\/li>\n<li>Pressione a m\u00e1quina de veda\u00e7\u00e3o para pr\u00e9-aquecer por 5-7 segundos.<\/li>\n<li>Posicione a superf\u00edcie do saco que precisa ser selada ao longo da borda do selador.<\/li>\n<li>Coloque o selador de pl\u00e1stico no saco e pressione firmemente.<\/li>\n<li>Enquanto pressiona, mova o selador moderadamente de uma extremidade \u00e0 outra do saco.<\/li>\n<li>Finalmente, afrouxe a tampa protetora e mova-a de volta \u00e0 posi\u00e7\u00e3o acima.<\/li>\n<\/ol>\n<p><strong>Especifica\u00e7\u00f5es:<\/strong><\/p>\n<ul>\n<li>Material: Pl\u00e1stico PC de alta qualidade, resistente a altas e baixas temperaturas. N\u00e3o \u00e9 t\u00f3xico e \u00e9 dur\u00e1vel.<\/li>\n<li>Cores dispon\u00edveis: rosa ou branco.<\/li>\n<li>Alimenta\u00e7\u00e3o: Funciona com 2 pilhas AA de 1.5V. Somente pilhas alcalinas (n\u00e3o inclu\u00eddas) devem ser usadas.<\/li>\n<\/ul>\n<div class=\"detailmodule_html\">\n<div class=\"detail-desc-decorate-richtext\">\n<p><img decoding=\"async\" class=\"aligncenter\" style=\"width: 800px;\" src=\"https:\/\/ae01.alicdn.com\/kf\/Sba5d7da1ab9943ab8cbc30c53816f4cdI.jpg?width=1000&amp;height=2412&amp;hash=3412\" \/> <img decoding=\"async\" class=\"aligncenter\" style=\"width: 800px;\" src=\"https:\/\/ae01.alicdn.com\/kf\/S63926b2cf21440ca8150af19210e5590S.jpg?width=1000&amp;height=2412&amp;hash=3412\" \/> <img decoding=\"async\" class=\"aligncenter\" style=\"width: 800px;\" src=\"https:\/\/ae01.alicdn.com\/kf\/S37a39f82a53248b29a4a95f07a5746d1e.jpg?width=1000&amp;height=2412&amp;hash=3412\" \/> <img decoding=\"async\" class=\"aligncenter\" style=\"width: 800px;\" src=\"https:\/\/ae01.alicdn.com\/kf\/Sb895362bc9904c5cbc19a3732dd2fd5ae.jpg?width=1000&amp;height=2412&amp;hash=3412\" \/> <img decoding=\"async\" class=\"aligncenter\" style=\"width: 800px;\" src=\"https:\/\/ae01.alicdn.com\/kf\/S70023fbcdc8e4853b6670d7704b585bes.jpg?width=1000&amp;height=2412&amp;hash=3412\" \/> <img decoding=\"async\" class=\"aligncenter\" style=\"width: 800px;\" src=\"https:\/\/ae01.alicdn.com\/kf\/Sc1cd9a4e29a4444b9702f29f5c6f1c85z.jpg?width=1000&amp;height=2412&amp;hash=3412\" \/><\/p>\n<\/div>\n<\/div>\n","protected":false},"excerpt":{"rendered":"<p>Mini Selador T\u00e9rmico O selador de pl\u00e1stico \u00e9 um dispositivo port\u00e1til desenvolvido para manter os alimentos frescos e secos, proporcionando<\/p>\n","protected":false},"featured_media":16881,"comment_status":"open","ping_status":"closed","template":"","meta":[],"product_brand":[],"product_cat":[20,224],"product_tag":[],"class_list":{"0":"post-16880","1":"product","2":"type-product","3":"status-publish","4":"has-post-thumbnail","6":"product_cat-casa-e-decoracao","7":"product_cat-utensilios","9":"first","10":"instock","11":"sale","12":"shipping-taxable","13":"purchasable","14":"product-type-variable"},"_links":{"self":[{"href":"https:\/\/conexaototalmkt.tk\/dropzone\/wp-json\/wp\/v2\/product\/16880","targetHints":{"allow":["GET"]}}],"collection":[{"href":"https:\/\/conexaototalmkt.tk\/dropzone\/wp-json\/wp\/v2\/product"}],"about":[{"href":"https:\/\/conexaototalmkt.tk\/dropzone\/wp-json\/wp\/v2\/types\/product"}],"replies":[{"embeddable":true,"href":"https:\/\/conexaototalmkt.tk\/dropzone\/wp-json\/wp\/v2\/comments?post=16880"}],"version-history":[{"count":3,"href":"https:\/\/conexaototalmkt.tk\/dropzone\/wp-json\/wp\/v2\/product\/16880\/revisions"}],"predecessor-version":[{"id":16899,"href":"https:\/\/conexaototalmkt.tk\/dropzone\/wp-json\/wp\/v2\/product\/16880\/revisions\/16899"}],"wp:featuredmedia":[{"embeddable":true,"href":"https:\/\/conexaototalmkt.tk\/dropzone\/wp-json\/wp\/v2\/media\/16881"}],"wp:attachment":[{"href":"https:\/\/conexaototalmkt.tk\/dropzone\/wp-json\/wp\/v2\/media?parent=16880"}],"wp:term":[{"taxonomy":"product_brand","embeddable":true,"href":"https:\/\/conexaototalmkt.tk\/dropzone\/wp-json\/wp\/v2\/product_brand?post=16880"},{"taxonomy":"product_cat","embeddable":true,"href":"https:\/\/conexaototalmkt.tk\/dropzone\/wp-json\/wp\/v2\/product_cat?post=16880"},{"taxonomy":"product_tag","embeddable":true,"href":"https:\/\/conexaototalmkt.tk\/dropzone\/wp-json\/wp\/v2\/product_tag?post=16880"}],"curies":[{"name":"wp","href":"https:\/\/api.w.org\/{rel}","templated":true}]}}