{"id":16711,"date":"2023-07-31T11:19:59","date_gmt":"2023-07-31T14:19:59","guid":{"rendered":"https:\/\/conexaototalmkt.tk\/dropzone\/produto\/camera-de-fotografia-digital-compacta-g-anica\/"},"modified":"2023-07-31T14:48:02","modified_gmt":"2023-07-31T17:48:02","slug":"camera-de-fotografia-digital-compacta-g-anica","status":"publish","type":"product","link":"https:\/\/conexaototalmkt.tk\/dropzone\/produto\/camera-de-fotografia-digital-compacta-g-anica\/","title":{"rendered":"C\u00e2mera de Fotografia Digital Compacta G-Anica"},"content":{"rendered":"<div class=\"detailmodule_html\">\n<div class=\"detail-desc-decorate-richtext\">\n<div class=\"detailmodule_html\">\n<div class=\"detail-desc-decorate-richtext\">\n<h4>C\u00e2mera de Fotografia Digital Compacta G-Anica<\/h4>\n<p><strong>Caracter\u00edsticas Principais:<\/strong><\/p>\n<ul>\n<li>Megapixels efetivos de 36.01w-50MP, pixel verdadeiro de 48MP.<\/li>\n<li>Grava\u00e7\u00e3o de imagem em formato JPEG, v\u00eddeo em formato AVI e \u00e1udio em formato WAV.<\/li>\n<li>Formato SLR: Quadro 4\/3.<\/li>\n<li>Tela padr\u00e3o de 2 a 3 polegadas para visualiza\u00e7\u00e3o e configura\u00e7\u00e3o f\u00e1cil.<\/li>\n<li>Tipo de Sensor: CMOS e Tipo de visor: SLR.<\/li>\n<li>Flash externa dispon\u00edvel para maior controle de ilumina\u00e7\u00e3o.<\/li>\n<li>Armazenamento de dados em cart\u00e3o SD para f\u00e1cil transfer\u00eancia de arquivos.<\/li>\n<\/ul>\n<p><strong>Recursos Especiais e Desempenho:<\/strong><\/p>\n<ul>\n<li>Resolu\u00e7\u00e3o de imagem de v\u00eddeo em 4K (4096*2160) para v\u00eddeos n\u00edtidos e detalhados.<\/li>\n<li>Tamanho do sensor de 1\/1.6 polegadas para captura de imagens com alta qualidade.<\/li>\n<li>Estabiliza\u00e7\u00e3o de imagem \u00f3ptica para fotos e v\u00eddeos mais claros e sem tremores.<\/li>\n<li>Zoom \u00f3ptico de foco fixo para ajustes precisos da dist\u00e2ncia focal.<\/li>\n<li>Fun\u00e7\u00e3o de C\u00e2mera de Estilo de Lente e Wi-Fi para facilidade de uso e conectividade.<\/li>\n<\/ul>\n<p><strong>Lentes e Compatibilidade:<\/strong><\/p>\n<ul>\n<li>Equipada com uma lente grande angular destac\u00e1vel profissional de 52mm e lente macro.<\/li>\n<li>Lente grande angular com \u00e2ngulo de vis\u00e3o expandido para 120 graus para uma ampla variedade de pontos de vista.<\/li>\n<li>Lente macro para fotos de close-up com detalhes claros, ideal para fotografar pequenos objetos como flores.<\/li>\n<\/ul>\n<p><strong>Conex\u00e3o e Acess\u00f3rios:<\/strong><\/p>\n<ul>\n<li>A c\u00e2mera pode ser conectada ao PC atrav\u00e9s de um cabo USB para transfer\u00eancia de arquivos ou uso como c\u00e2mera de PC.<\/li>\n<li>Possui sa\u00edda HDMI para conex\u00e3o direta a HDTV (cabo HDMI n\u00e3o inclu\u00eddo) para reprodu\u00e7\u00e3o de v\u00eddeos gravados.<\/li>\n<li>Acompanha 2 baterias de \u00edons de l\u00edtio de 1500 mAh, permitindo a grava\u00e7\u00e3o durante o carregamento.<\/li>\n<li>Carregador de bateria inovador que tamb\u00e9m carrega a bateria e fun\u00e7\u00e3o de desligamento autom\u00e1tico para economia de energia.<\/li>\n<li>Inclui um cart\u00e3o de mem\u00f3ria de 32GB para uso imediato (formatar antes do uso).<\/li>\n<li>Acess\u00f3rios inclusos: cabo USB, 52mm lente grande angular e macro, microfone e manual.<\/li>\n<\/ul>\n<p><strong>Ideal para Iniciantes e Garantia:<\/strong><\/p>\n<ul>\n<li>Perfeita para usu\u00e1rios iniciantes na fotografia.<\/li>\n<li>Um presente perfeito para iniciantes ou entusiastas da fotografia.<\/li>\n<li>Substitui\u00e7\u00e3o gratuita e servi\u00e7o de reembolso por tr\u00eas meses.<\/li>\n<\/ul>\n<p><strong>Observa\u00e7\u00e3o:<\/strong> A C\u00e2mera de Fotografia Digital Compacta G-Anica \u00e9 uma op\u00e7\u00e3o vers\u00e1til e poderosa para fot\u00f3grafos iniciantes e amantes da fotografia. Com recursos avan\u00e7ados, resolu\u00e7\u00e3o 4K e lentes intercambi\u00e1veis, ela oferece a liberdade criativa para capturar imagens detalhadas e v\u00eddeos impressionantes. Acompanhada por acess\u00f3rios \u00fateis, esta c\u00e2mera \u00e9 a escolha perfeita para quem busca uma experi\u00eancia fotogr\u00e1fica completa e de qualidade. Se voc\u00ea tiver d\u00favidas ou precisar de assist\u00eancia, nossa equipe est\u00e1 pronta para ajud\u00e1-lo com a melhor solu\u00e7\u00e3o em at\u00e9 24 horas. Garantimos a sua satisfa\u00e7\u00e3o com nosso servi\u00e7o e oferecemos substitui\u00e7\u00e3o gratuita e reembolso por tr\u00eas meses.<\/p>\n<p><img decoding=\"async\" class=\"aligncenter\" src=\"https:\/\/ae01.alicdn.com\/kf\/S526a94616be14c5a923ceac91529dc9ca.jpg\" \/><img decoding=\"async\" class=\"aligncenter\" src=\"https:\/\/ae01.alicdn.com\/kf\/Saf50bb6b73234c3b914c31df402f6d5e1.jpg\" \/><\/p>\n<p><img decoding=\"async\" class=\"aligncenter\" src=\"https:\/\/ae01.alicdn.com\/kf\/Sfb37ebb4f49345bcb300a83fd0e74190S.png\" \/><br \/>\n<img decoding=\"async\" class=\"aligncenter\" src=\"https:\/\/ae01.alicdn.com\/kf\/S11e27a49f2104dcaaf02f231d8028657X.png\" \/><br \/>\n<img decoding=\"async\" class=\"aligncenter\" src=\"https:\/\/ae01.alicdn.com\/kf\/Sb4d80a3f9e554dcbb1f5f3a17b968e25S.jpg\" \/><span id=\"tl_25\" style=\"font-size: 16px;\"><\/span><\/p>\n<p><img decoding=\"async\" class=\"aligncenter\" src=\"https:\/\/ae01.alicdn.com\/kf\/Sb6c7098e03e84706af244f6870e195f78.jpg\" \/><\/p>\n<\/div>\n<\/div>\n<\/div>\n<\/div>\n","protected":false},"excerpt":{"rendered":"<p>C\u00e2mera de Fotografia Digital Compacta G-Anica Caracter\u00edsticas Principais: Megapixels efetivos de 36.01w-50MP, pixel verdadeiro de 48MP. Grava\u00e7\u00e3o de imagem em<\/p>\n","protected":false},"featured_media":16712,"comment_status":"open","ping_status":"closed","template":"","meta":[],"product_brand":[],"product_cat":[225,71],"product_tag":[],"class_list":{"0":"post-16711","1":"product","2":"type-product","3":"status-publish","4":"has-post-thumbnail","6":"product_cat-cameras","7":"product_cat-video","9":"first","10":"instock","11":"shipping-taxable","12":"purchasable","13":"product-type-variable"},"_links":{"self":[{"href":"https:\/\/conexaototalmkt.tk\/dropzone\/wp-json\/wp\/v2\/product\/16711","targetHints":{"allow":["GET"]}}],"collection":[{"href":"https:\/\/conexaototalmkt.tk\/dropzone\/wp-json\/wp\/v2\/product"}],"about":[{"href":"https:\/\/conexaototalmkt.tk\/dropzone\/wp-json\/wp\/v2\/types\/product"}],"replies":[{"embeddable":true,"href":"https:\/\/conexaototalmkt.tk\/dropzone\/wp-json\/wp\/v2\/comments?post=16711"}],"version-history":[{"count":2,"href":"https:\/\/conexaototalmkt.tk\/dropzone\/wp-json\/wp\/v2\/product\/16711\/revisions"}],"predecessor-version":[{"id":16752,"href":"https:\/\/conexaototalmkt.tk\/dropzone\/wp-json\/wp\/v2\/product\/16711\/revisions\/16752"}],"wp:featuredmedia":[{"embeddable":true,"href":"https:\/\/conexaototalmkt.tk\/dropzone\/wp-json\/wp\/v2\/media\/16712"}],"wp:attachment":[{"href":"https:\/\/conexaototalmkt.tk\/dropzone\/wp-json\/wp\/v2\/media?parent=16711"}],"wp:term":[{"taxonomy":"product_brand","embeddable":true,"href":"https:\/\/conexaototalmkt.tk\/dropzone\/wp-json\/wp\/v2\/product_brand?post=16711"},{"taxonomy":"product_cat","embeddable":true,"href":"https:\/\/conexaototalmkt.tk\/dropzone\/wp-json\/wp\/v2\/product_cat?post=16711"},{"taxonomy":"product_tag","embeddable":true,"href":"https:\/\/conexaototalmkt.tk\/dropzone\/wp-json\/wp\/v2\/product_tag?post=16711"}],"curies":[{"name":"wp","href":"https:\/\/api.w.org\/{rel}","templated":true}]}}