{"id":16485,"date":"2023-07-25T16:32:48","date_gmt":"2023-07-25T19:32:48","guid":{"rendered":"https:\/\/conexaototalmkt.tk\/dropzone\/produto\/teclado-mecanico-redragon-fizz-k617-rgb\/"},"modified":"2023-08-02T07:10:52","modified_gmt":"2023-08-02T10:10:52","slug":"teclado-mecanico-redragon-fizz-k617-rgb","status":"publish","type":"product","link":"https:\/\/conexaototalmkt.tk\/dropzone\/produto\/teclado-mecanico-redragon-fizz-k617-rgb\/","title":{"rendered":"Teclado Mec\u00e2nico Redragon Fizz K617 RGB"},"content":{"rendered":"<div class=\"product-specs-list-container\">\n<div class=\"flex-1 overflow-hidden\">\n<div class=\"react-scroll-to-bottom--css-qgvza-79elbk h-full dark:bg-gray-800\">\n<div class=\"react-scroll-to-bottom--css-qgvza-1n7m0yu\">\n<div class=\"flex flex-col text-sm dark:bg-gray-800\">\n<div class=\"group w-full text-gray-800 dark:text-gray-100 border-b border-black\/10 dark:border-gray-900\/50 bg-gray-50 dark:bg-[#444654]\">\n<div class=\"flex p-4 gap-4 text-base md:gap-6 md:max-w-2xl lg:max-w-[38rem] xl:max-w-3xl md:py-6 lg:px-0 m-auto\">\n<div class=\"relative flex w-[calc(100%-50px)] flex-col gap-1 md:gap-3 lg:w-[calc(100%-115px)]\">\n<div class=\"flex flex-grow flex-col gap-3\">\n<div class=\"min-h-[20px] flex items-start overflow-x-auto whitespace-pre-wrap break-words flex-col gap-4\">\n<div class=\"markdown prose w-full break-words dark:prose-invert light\">\n<h4>Teclado Mec\u00e2nico Redragon Slim Fresh K617<\/h4>\n<p>O teclado mec\u00e2nico Redragon Slim Fresh K617 oferece uma experi\u00eancia de digita\u00e7\u00e3o excepcional em um design compacto e moderno, ideal para gamers e usu\u00e1rios que buscam efici\u00eancia no trabalho. Com um layout de 61 teclas, \u00e9 ultra port\u00e1til e possui recursos que garantem desempenho e conforto durante o uso.<\/p>\n<p><strong>Especifica\u00e7\u00f5es T\u00e9cnicas:<\/strong><\/p>\n<ul>\n<li>Interruptores chave: Interruptores vermelhos mec\u00e2nicos Hot-Swappable.<\/li>\n<li>Conector USB: Cabo USB-C para conex\u00e3o com dispositivos.<\/li>\n<li>Conectividade do teclado: Com fio (Wired).<\/li>\n<li>Disposi\u00e7\u00e3o: 61 chaves com rollover completo, permitindo m\u00faltiplas teclas pressionadas simultaneamente.<\/li>\n<li>Altura ajust\u00e1vel: Possui 3\u00b0\/8\u00b0 \u00e2ngulo ajust\u00e1vel de dois n\u00edveis para encontrar a posi\u00e7\u00e3o mais confort\u00e1vel.<\/li>\n<\/ul>\n<p><strong>Recursos Destacados:<\/strong> <strong>Ultra Port\u00e1til:<\/strong> Com um design 60% ultra compacto e cabo destac\u00e1vel, o teclado oferece mais espa\u00e7o para movimenta\u00e7\u00e3o do mouse e torna mais f\u00e1cil lev\u00e1-lo para festas ou jogos ao redor do mundo.<\/p>\n<p><strong>Suporte Sem Deslizamento:<\/strong> Os p\u00e9s antiderrapantes mant\u00eam o teclado firmemente no lugar durante jogos intensos. A altura ajust\u00e1vel permite encontrar a posi\u00e7\u00e3o mais confort\u00e1vel para sua digita\u00e7\u00e3o.<\/p>\n<p><strong>Luz de Fundo Multicolor:<\/strong> Com at\u00e9 20 modos de retroilumina\u00e7\u00e3o predefinidos para escolher, voc\u00ea pode personalizar o teclado com diferentes cores e efeitos. O brilho e a velocidade da ilumina\u00e7\u00e3o tamb\u00e9m s\u00e3o ajust\u00e1veis.<\/p>\n<p><strong>Software Customiz\u00e1vel:<\/strong> Fa\u00e7a o download do software para personalizar ainda mais suas op\u00e7\u00f5es, criando novos modos e efeitos exclusivos. Crie macros com diferentes teclas ou atalhos para tornar suas tarefas e jogos mais eficientes.<\/p>\n<p><strong>Dedicado para FPS Gamers:<\/strong> Com um layout compacto, o Slim Fresh K617 permite que voc\u00ea posicione o teclado diretamente em sua \u00e1rea de trabalho, economizando espa\u00e7o para o movimento do mouse. Isso proporciona maior conforto e agilidade durante suas partidas de jogos FPS.<\/p>\n<p>O teclado mec\u00e2nico Redragon Slim Fresh K617 \u00e9 uma escolha excelente para gamers e profissionais que buscam um teclado compacto, dur\u00e1vel e repleto de recursos. Com a qualidade Redragon e interruptores vermelhos Hot-Swappable, ele proporciona uma experi\u00eancia de digita\u00e7\u00e3o agrad\u00e1vel e uma ilumina\u00e7\u00e3o vibrante para complementar o seu estilo. Seja para trabalho ou divers\u00e3o, este teclado atende a todas as suas necessidades. Certificado CE e FCC, garantindo a seguran\u00e7a e a qualidade do produto.<\/p>\n<\/div>\n<\/div>\n<\/div>\n<\/div>\n<\/div>\n<\/div>\n<\/div>\n<\/div>\n<\/div>\n<\/div>\n<\/div>\n<div class=\"detailmodule_html\">\n<div class=\"detail-desc-decorate-richtext\">\n<div class=\"detailmodule_dynamic\">\n<p><img decoding=\"async\" class=\"aligncenter\" style=\"width: 900px;\" src=\"https:\/\/ae01.alicdn.com\/kf\/S51577eb01fe343418571e2798f1edaccB.jpg\" width=\"900px\" \/><\/p>\n<p><img decoding=\"async\" class=\"aligncenter\" style=\"width: 900px;\" src=\"https:\/\/ae01.alicdn.com\/kf\/Sf8fa5ffaf7364dc683e1803f62e04829B.jpg\" width=\"900px\" \/><\/p>\n<p><img decoding=\"async\" class=\"aligncenter\" style=\"width: 900px;\" src=\"https:\/\/ae01.alicdn.com\/kf\/S49a3fa3278174ba9b6635a9953e822e9d.jpg\" width=\"900px\" \/><\/p>\n<p><img decoding=\"async\" class=\"aligncenter\" style=\"width: 900px;\" src=\"https:\/\/ae01.alicdn.com\/kf\/S05f9dfea40704290bc08e0cadbeb0eacZ.jpg\" width=\"900px\" \/><\/p>\n<p><img decoding=\"async\" class=\"aligncenter\" style=\"width: 900px;\" src=\"https:\/\/ae01.alicdn.com\/kf\/S2bfb024facac43699e73447798c8f73dB.jpg\" width=\"900px\" \/><\/p>\n<p><img decoding=\"async\" class=\"aligncenter\" style=\"width: 900px;\" src=\"https:\/\/ae01.alicdn.com\/kf\/S3f012f786758404fa6aa80f774dc1c7as.jpg\" width=\"900px\" \/><\/p>\n<p><img decoding=\"async\" class=\"aligncenter\" style=\"width: 900px;\" src=\"https:\/\/ae01.alicdn.com\/kf\/S8e71a3c6ad124b0d874dca40765cfc21O.jpg\" width=\"900px\" \/><\/p>\n<p><img decoding=\"async\" class=\"aligncenter\" style=\"width: 900px;\" src=\"https:\/\/ae01.alicdn.com\/kf\/S9e62989bce764fe092adbd045cc24315z.jpg\" width=\"900px\" \/><\/p>\n<p><img decoding=\"async\" class=\"aligncenter\" style=\"width: 900px;\" src=\"https:\/\/ae01.alicdn.com\/kf\/Sfef243f285774eb7ac8969cf3aaff2c53.jpg\" width=\"900px\" \/><\/p>\n<p><img decoding=\"async\" class=\"aligncenter\" style=\"width: 900px;\" src=\"https:\/\/ae01.alicdn.com\/kf\/S3bf34159d31b43e581927fc342ecd8732.jpg\" width=\"900px\" \/><\/p>\n<p><img decoding=\"async\" class=\"aligncenter\" style=\"width: 900px;\" src=\"https:\/\/ae01.alicdn.com\/kf\/S036a6ae3627f4986940be3f68eb82b39E.jpg\" width=\"900px\" \/><\/p>\n<p><img decoding=\"async\" class=\"aligncenter\" style=\"width: 900px;\" src=\"https:\/\/ae01.alicdn.com\/kf\/S0ddc2c18204c4d57b8e4c7410fad525c1.jpg\" width=\"900px\" \/><\/p>\n<p><img decoding=\"async\" class=\"aligncenter\" style=\"width: 900px;\" src=\"https:\/\/ae01.alicdn.com\/kf\/Sdef8fc68b8854b49980effa2c2f0e39ee.jpg\" width=\"900px\" \/><\/p>\n<\/div>\n<div><img decoding=\"async\" class=\"aligncenter\" src=\"https:\/\/ae01.alicdn.com\/kf\/HTB1Hr3lgtfJ8KJjy0Feq6xKEXXa3.jpg\" \/><br \/>\n<img decoding=\"async\" class=\"aligncenter\" src=\"https:\/\/ae01.alicdn.com\/kf\/HTB1Jb3HgwvD8KJjy0Flq6ygBFXaC.jpg\" \/><br \/>\n<img decoding=\"async\" class=\"aligncenter\" src=\"https:\/\/ae01.alicdn.com\/kf\/HTB1QS3ygC_I8KJjy0Foq6yFnVXaV.jpg\" \/><br \/>\n<img decoding=\"async\" class=\"aligncenter\" src=\"https:\/\/ae01.alicdn.com\/kf\/HTB1em7NgxPI8KJjSspoq6x6MFXaz.jpg\" \/><\/div>\n<\/div>\n<\/div>\n","protected":false},"excerpt":{"rendered":"<p>Teclado Mec\u00e2nico Redragon Slim Fresh K617 O teclado mec\u00e2nico Redragon Slim Fresh K617 oferece uma experi\u00eancia de digita\u00e7\u00e3o excepcional em<\/p>\n","protected":false},"featured_media":16486,"comment_status":"open","ping_status":"closed","template":"","meta":[],"product_brand":[],"product_cat":[28,229],"product_tag":[],"class_list":{"0":"post-16485","1":"product","2":"type-product","3":"status-publish","4":"has-post-thumbnail","6":"product_cat-informatica","7":"product_cat-teclados","9":"first","10":"instock","11":"sale","12":"shipping-taxable","13":"purchasable","14":"product-type-variable"},"_links":{"self":[{"href":"https:\/\/conexaototalmkt.tk\/dropzone\/wp-json\/wp\/v2\/product\/16485","targetHints":{"allow":["GET"]}}],"collection":[{"href":"https:\/\/conexaototalmkt.tk\/dropzone\/wp-json\/wp\/v2\/product"}],"about":[{"href":"https:\/\/conexaototalmkt.tk\/dropzone\/wp-json\/wp\/v2\/types\/product"}],"replies":[{"embeddable":true,"href":"https:\/\/conexaototalmkt.tk\/dropzone\/wp-json\/wp\/v2\/comments?post=16485"}],"version-history":[{"count":2,"href":"https:\/\/conexaototalmkt.tk\/dropzone\/wp-json\/wp\/v2\/product\/16485\/revisions"}],"predecessor-version":[{"id":16760,"href":"https:\/\/conexaototalmkt.tk\/dropzone\/wp-json\/wp\/v2\/product\/16485\/revisions\/16760"}],"wp:featuredmedia":[{"embeddable":true,"href":"https:\/\/conexaototalmkt.tk\/dropzone\/wp-json\/wp\/v2\/media\/16486"}],"wp:attachment":[{"href":"https:\/\/conexaototalmkt.tk\/dropzone\/wp-json\/wp\/v2\/media?parent=16485"}],"wp:term":[{"taxonomy":"product_brand","embeddable":true,"href":"https:\/\/conexaototalmkt.tk\/dropzone\/wp-json\/wp\/v2\/product_brand?post=16485"},{"taxonomy":"product_cat","embeddable":true,"href":"https:\/\/conexaototalmkt.tk\/dropzone\/wp-json\/wp\/v2\/product_cat?post=16485"},{"taxonomy":"product_tag","embeddable":true,"href":"https:\/\/conexaototalmkt.tk\/dropzone\/wp-json\/wp\/v2\/product_tag?post=16485"}],"curies":[{"name":"wp","href":"https:\/\/api.w.org\/{rel}","templated":true}]}}