{"id":16211,"date":"2023-07-25T16:11:29","date_gmt":"2023-07-25T19:11:29","guid":{"rendered":"https:\/\/conexaototalmkt.tk\/dropzone\/produto\/microfone-de-lapela-boya-by-v\/"},"modified":"2023-08-02T07:17:08","modified_gmt":"2023-08-02T10:17:08","slug":"microfone-de-lapela-boya-by-v","status":"publish","type":"product","link":"https:\/\/conexaototalmkt.tk\/dropzone\/produto\/microfone-de-lapela-boya-by-v\/","title":{"rendered":"Microfone de Lapela Boya BY-V"},"content":{"rendered":"<div class=\"product-specs-list-container\">\n<h4>Microfone Lavalier sem Fio &#8211; BOYA BY-V Series<\/h4>\n<p>Os microfones da s\u00e9rie BY-V da BOYA s\u00e3o sistemas de microfones sem fio mini 2.4Ghz que proporcionam \u00e1udio de alta qualidade para diversas aplica\u00e7\u00f5es, como transmiss\u00e3o ao vivo, vlogging, grava\u00e7\u00f5es de cursos e muito mais.<\/p>\n<p><strong>Modelos Dispon\u00edveis:<\/strong><\/p>\n<ol>\n<li>BY-V1: Compat\u00edvel com dispositivos Apple iOS que possuem sa\u00edda Lightning certificada MFi. Inclui 1 transmissor e 1 receptor.<\/li>\n<li>BY-V10: Compat\u00edvel com dispositivos Android que possuem porta USB-C, como smartphones e tablets. Inclui 1 transmissor e 1 receptor.<\/li>\n<li>BY-V2: Projetado para dispositivos Apple iOS com sa\u00edda Lightning certificada MFi. Inclui 2 transmissores, permitindo a grava\u00e7\u00e3o de duas fontes sonoras simultaneamente.<\/li>\n<li>BY-V20: Compat\u00edvel com dispositivos que possuem porta USB-C, como smartphones e tablets Android. Inclui 2 transmissores, possibilitando a grava\u00e7\u00e3o de duas fontes de som ao mesmo tempo.<\/li>\n<\/ol>\n<p><strong>Principais Caracter\u00edsticas:<\/strong><\/p>\n<ul>\n<li>Transmiss\u00e3o tipo 2.4GHz.<\/li>\n<li>Padr\u00e3o polar omnidirecional.<\/li>\n<li>Resposta de frequ\u00eancia de 20Hz a 16kHz.<\/li>\n<li>Rela\u00e7\u00e3o sinal-ru\u00eddo de 80dB.<\/li>\n<li>Sensibilidade do microfone: -42dB.<\/li>\n<li>Alcance operacional de at\u00e9 50 metros (sem obst\u00e1culos).<\/li>\n<li>Pot\u00eancia de sa\u00edda RF do transmissor: 6dBm.<\/li>\n<li>Porta de carregamento USB-C.<\/li>\n<li>Capacidade da bateria do transmissor: 95mAh.<\/li>\n<li>Tempo de carregamento do transmissor: aproximadamente 2 horas.<\/li>\n<li>Vida \u00fatil da bateria do transmissor: aproximadamente 9 horas.<\/li>\n<li>O receptor \u00e9 alimentado por dispositivos externos.<\/li>\n<\/ul>\n<p><strong>Especifica\u00e7\u00f5es T\u00e9cnicas:<\/strong><\/p>\n<ul>\n<li>Peso do transmissor BY-V1-TX\/BY-V2-TX: 9,5g.<\/li>\n<li>Peso do receptor BY-V1-RX\/BY-V2-RX: 6g.<\/li>\n<li>Dimens\u00f5es do transmissor BY-V1-TX\/BY-V2-TX: 52,22 \u00d7 25,23 \u00d7 19,75mm.<\/li>\n<li>Dimens\u00f5es do receptor BY-V1-RX\/BY-V2-RX: 43,92 \u00d7 23,5 \u00d7 9,3mm.<\/li>\n<\/ul>\n<p><strong>Modo de Uso:<\/strong> Para o kit BY-V1\/BY-V10:<\/p>\n<ol>\n<li>Pressione e segure o bot\u00e3o de energia por 2 segundos para ligar o transmissor.<\/li>\n<li>Conecte o receptor BY-V1-RX em um dispositivo iOS com sa\u00edda Lightning ou o receptor BY-V10-RX em um dispositivo Android com porta USB-C.<\/li>\n<li>O transmissor e o receptor ser\u00e3o emparelhados automaticamente em at\u00e9 10 segundos.<\/li>\n<li>Pronto para gravar!<\/li>\n<\/ol>\n<p>Para o kit BY-V2\/BY-V20:<\/p>\n<ol>\n<li>Pressione e segure o bot\u00e3o de energia por 2 segundos para ligar os dois transmissores BY-V2-TX.<\/li>\n<li>Conecte o receptor BY-V2-RX em um dispositivo iOS com sa\u00edda Lightning ou o receptor BY-V20-RX em um dispositivo Android com porta USB-C.<\/li>\n<li>Os transmissores e o receptor ser\u00e3o emparelhados automaticamente em at\u00e9 10 segundos.<\/li>\n<li>Pronto para gravar!<\/li>\n<\/ol>\n<p><strong>Conte\u00fado da Embalagem:<\/strong> Varia conforme o modelo escolhido e pode incluir transmissores, receptores, cabos de carregamento USB-C e espumas para p\u00e1ra-brisas.<\/p>\n<p>Os microfones lavalier sem fio da s\u00e9rie BY-V da BOYA oferecem alta qualidade de \u00e1udio e s\u00e3o ideais para diversas aplica\u00e7\u00f5es, proporcionando praticidade e mobilidade para suas grava\u00e7\u00f5es. Tenha um som profissional em suas transmiss\u00f5es, vlogs, entrevistas e muito mais com os microfones BOYA BY-V Series. Certificado CE e FCC, garantindo qualidade e confiabilidade no uso.<\/p>\n<\/div>\n<div class=\"detailmodule_html\">\n<div class=\"detail-desc-decorate-richtext\">\n<div class=\"detailmodule_html\">\n<div class=\"detail-desc-decorate-richtext\">\n<div style=\"margin: 10px auto 0px auto; max-width: 100%;\">\n<div>\n<div><img class=\"detailmodule_text-image\" style=\"width: 932px;\" width=\"932px\" \/><\/div>\n<p id=\"tl_1\" class=\"detail-desc-decorate-title\" style=\"font-family: OpenSans; font-size: 20px; font-weight: 900; line-height: 28px; margin-bottom: 12px;\"><img decoding=\"async\" class=\"detail-desc-decorate-image aligncenter\" src=\"https:\/\/ae01.alicdn.com\/kf\/S60ad8640b24b435f9b345e4e0ffdc46a4.jpg\" \/><br \/>\n<img decoding=\"async\" class=\"detail-desc-decorate-image aligncenter\" src=\"https:\/\/ae01.alicdn.com\/kf\/S296478b8aeb34db6bf21e0c6e0471c78u.jpg\" \/><br \/>\n<img decoding=\"async\" class=\"detail-desc-decorate-image aligncenter\" src=\"https:\/\/ae01.alicdn.com\/kf\/S27aad3b544c141ed93014ec46c54cf3fO.jpg\" \/><br \/>\n<img decoding=\"async\" class=\"detail-desc-decorate-image aligncenter\" src=\"https:\/\/ae01.alicdn.com\/kf\/S2a90354ed8354f5ca42ec3b4d7e5cdc4Z.jpg\" \/><br \/>\n<img decoding=\"async\" class=\"detail-desc-decorate-image aligncenter\" src=\"https:\/\/ae01.alicdn.com\/kf\/S8e67d2498211430dbf250275fc376c54d.jpg\" \/><br \/>\n<img decoding=\"async\" class=\"detail-desc-decorate-image aligncenter\" src=\"https:\/\/ae01.alicdn.com\/kf\/S56627a023eae4c1eb7388cb13b0818d7y.jpg\" \/><br \/>\n<img decoding=\"async\" class=\"detail-desc-decorate-image aligncenter\" src=\"https:\/\/ae01.alicdn.com\/kf\/S7f60bba6a07f428b9837c822d1f05901N.jpg\" \/><\/p>\n<\/div>\n<div class=\"detailmodule_image\"><img decoding=\"async\" class=\"detail-desc-decorate-image aligncenter\" src=\"https:\/\/ae01.alicdn.com\/kf\/S55a1d0c314b948da897ebfc86ed6316aj.jpg\" \/><br \/>\n<img decoding=\"async\" class=\"detail-desc-decorate-image aligncenter\" src=\"https:\/\/ae01.alicdn.com\/kf\/S44cf9468b21241b5910fc6879780924cK.jpg\" \/><br \/>\n<img decoding=\"async\" class=\"detail-desc-decorate-image aligncenter\" src=\"https:\/\/ae01.alicdn.com\/kf\/Sfcef825b906749a2be7da18925ac7738B.jpg\" \/><br \/>\n<img decoding=\"async\" class=\"detail-desc-decorate-image aligncenter\" src=\"https:\/\/ae01.alicdn.com\/kf\/Sc49454e8d10d4ed28981d129b728d88fh.jpg\" \/><\/div>\n<div><\/div>\n<div class=\"detailmodule_image\"><img decoding=\"async\" class=\"detail-desc-decorate-image aligncenter\" src=\"https:\/\/ae01.alicdn.com\/kf\/Sba0a28347cd9435685a0fdf0207de1dbP.jpg\" \/><br \/>\n<img decoding=\"async\" class=\"detail-desc-decorate-image aligncenter\" src=\"https:\/\/ae01.alicdn.com\/kf\/S7c5f8b80fb8d43d09306c1909dee5eb3J.jpg\" \/><\/div>\n<div class=\"detailmodule_image\"><\/div>\n<div class=\"detailmodule_image\"><img decoding=\"async\" class=\"detail-desc-decorate-image aligncenter\" src=\"https:\/\/ae01.alicdn.com\/kf\/S3be036f923bf49ea860893d43fbf18ee8.jpg\" \/><br \/>\n<img decoding=\"async\" class=\"detail-desc-decorate-image aligncenter\" src=\"https:\/\/ae01.alicdn.com\/kf\/S4752a0cf288b467a9e5bc6b77b35504bs.jpg\" \/><br \/>\n<img decoding=\"async\" class=\"detail-desc-decorate-image aligncenter\" src=\"https:\/\/ae01.alicdn.com\/kf\/S1b7f0a432a474019a3a5a9edc27313d9c.jpg\" \/><br \/>\n<img decoding=\"async\" class=\"detail-desc-decorate-image aligncenter\" src=\"https:\/\/ae01.alicdn.com\/kf\/S8e87ab6c956a48d3a914e9708e5f0d48U.jpg\" \/><br \/>\n<img decoding=\"async\" class=\"detail-desc-decorate-image aligncenter\" src=\"https:\/\/ae01.alicdn.com\/kf\/S340626e44c174dc194005c17dc20ad3fy.jpg\" \/><br \/>\n<img decoding=\"async\" class=\"detail-desc-decorate-image aligncenter\" src=\"https:\/\/ae01.alicdn.com\/kf\/S846ccf378bd44655a42bafffb2b8068bU.jpg\" \/><br \/>\n<img decoding=\"async\" class=\"detail-desc-decorate-image aligncenter\" src=\"https:\/\/ae01.alicdn.com\/kf\/Sd2a27e06216f40ca829cac8f6af137989.jpg\" \/><\/div>\n<\/div>\n<\/div>\n<\/div>\n<\/div>\n<\/div>\n","protected":false},"excerpt":{"rendered":"<p>Microfone Lavalier sem Fio &#8211; BOYA BY-V Series Os microfones da s\u00e9rie BY-V da BOYA s\u00e3o sistemas de microfones sem<\/p>\n","protected":false},"featured_media":16212,"comment_status":"open","ping_status":"closed","template":"","meta":[],"product_brand":[],"product_cat":[32,222],"product_tag":[],"class_list":{"0":"post-16211","1":"product","2":"type-product","3":"status-publish","4":"has-post-thumbnail","6":"product_cat-audio","7":"product_cat-microfones","9":"first","10":"instock","11":"sale","12":"shipping-taxable","13":"purchasable","14":"product-type-variable"},"_links":{"self":[{"href":"https:\/\/conexaototalmkt.tk\/dropzone\/wp-json\/wp\/v2\/product\/16211","targetHints":{"allow":["GET"]}}],"collection":[{"href":"https:\/\/conexaototalmkt.tk\/dropzone\/wp-json\/wp\/v2\/product"}],"about":[{"href":"https:\/\/conexaototalmkt.tk\/dropzone\/wp-json\/wp\/v2\/types\/product"}],"replies":[{"embeddable":true,"href":"https:\/\/conexaototalmkt.tk\/dropzone\/wp-json\/wp\/v2\/comments?post=16211"}],"version-history":[{"count":3,"href":"https:\/\/conexaototalmkt.tk\/dropzone\/wp-json\/wp\/v2\/product\/16211\/revisions"}],"predecessor-version":[{"id":16758,"href":"https:\/\/conexaototalmkt.tk\/dropzone\/wp-json\/wp\/v2\/product\/16211\/revisions\/16758"}],"wp:featuredmedia":[{"embeddable":true,"href":"https:\/\/conexaototalmkt.tk\/dropzone\/wp-json\/wp\/v2\/media\/16212"}],"wp:attachment":[{"href":"https:\/\/conexaototalmkt.tk\/dropzone\/wp-json\/wp\/v2\/media?parent=16211"}],"wp:term":[{"taxonomy":"product_brand","embeddable":true,"href":"https:\/\/conexaototalmkt.tk\/dropzone\/wp-json\/wp\/v2\/product_brand?post=16211"},{"taxonomy":"product_cat","embeddable":true,"href":"https:\/\/conexaototalmkt.tk\/dropzone\/wp-json\/wp\/v2\/product_cat?post=16211"},{"taxonomy":"product_tag","embeddable":true,"href":"https:\/\/conexaototalmkt.tk\/dropzone\/wp-json\/wp\/v2\/product_tag?post=16211"}],"curies":[{"name":"wp","href":"https:\/\/api.w.org\/{rel}","templated":true}]}}