{"id":16162,"date":"2023-07-25T16:11:02","date_gmt":"2023-07-25T19:11:02","guid":{"rendered":"https:\/\/conexaototalmkt.tk\/dropzone\/produto\/camera-de-impressao-instantanea-infantil-com-impressora-termica-camera-fotografica-digital-infantil-brinquedo-da-menina-camera-de-video-infantil-presente-de-aniversario-do-menino\/"},"modified":"2023-07-31T14:40:05","modified_gmt":"2023-07-31T17:40:05","slug":"camera-de-impressao-instantanea-infantil-com-impressora-termica-camera-fotografica-digital-infantil-brinquedo-da-menina-camera-de-video-infantil-presente-de-aniversario-do-menino","status":"publish","type":"product","link":"https:\/\/conexaototalmkt.tk\/dropzone\/produto\/camera-de-impressao-instantanea-infantil-com-impressora-termica-camera-fotografica-digital-infantil-brinquedo-da-menina-camera-de-video-infantil-presente-de-aniversario-do-menino\/","title":{"rendered":"C\u00e2mera de Impress\u00e3o T\u00e9rmica Instant\u00e2nea"},"content":{"rendered":"<div class=\"detailmodule_html\">\n<div class=\"detail-desc-decorate-richtext\">\n<div class=\"detailmodule_html\">\n<div class=\"detail-desc-decorate-richtext\">\n<div class=\"detailmodule_html\">\n<div class=\"detail-desc-decorate-richtext\">\n<div>\n<h4>C\u00e2mera de Impress\u00e3o T\u00e9rmica Instant\u00e2nea<\/h4>\n<p><strong>Recursos e Especifica\u00e7\u00f5es T\u00e9cnicas:<\/strong><\/p>\n<ul>\n<li>Grava\u00e7\u00e3o de imagem em formato JPEG, v\u00eddeo em formato AVI e \u00e1udio em formato WAV.<\/li>\n<li>Tela LCD TFT de 2 polegadas para visualiza\u00e7\u00e3o e configura\u00e7\u00e3o f\u00e1cil.<\/li>\n<li>Armazenamento de dados em cart\u00e3o SD para facilitar a transfer\u00eancia de arquivos.<\/li>\n<li>Tamanho do sensor de 2\/3 polegadas para captura de imagens n\u00edtidas e detalhadas.<\/li>\n<li>Zoom \u00f3ptico de foco fixo para ajustes precisos da dist\u00e2ncia focal.<\/li>\n<li>Certificado FCC e ROHS, garantindo a qualidade e seguran\u00e7a do produto.<\/li>\n<li>Dispon\u00edvel nas cores Pink e Blue.<\/li>\n<li>Suporte para cart\u00f5es TF de at\u00e9 32GB (inclui um cart\u00e3o de 8GB).<\/li>\n<li>Tempo de carregamento de 3.5 horas e tempo de trabalho de 2.5 a 3 horas.<\/li>\n<\/ul>\n<p><strong>Funcionalidades Especiais:<\/strong><\/p>\n<ul>\n<li>Tela IPS de 2.0 polegadas com prote\u00e7\u00e3o ocular para visualiza\u00e7\u00e3o confort\u00e1vel.<\/li>\n<li>Resolu\u00e7\u00e3o de imagem de 10MP para fotos n\u00edtidas e coloridas.<\/li>\n<li>V\u00eddeo com resolu\u00e7\u00f5es FHD (1920<em>1080px) e HD (1280<\/em>720px).<\/li>\n<li>Diversos quadros de foto dispon\u00edveis, com 20 tipos diferentes.<\/li>\n<li>Bateria de 1200mAh para maior durabilidade durante o uso.<\/li>\n<li>Suporte a m\u00faltiplos idiomas: Ingl\u00eas, Russo, Espanhol, Franc\u00eas, Japon\u00eas, Coreano, Italiano, Alem\u00e3o, Checo, Portugu\u00eas, Polon\u00eas, Holand\u00eas, Turco, Tailand\u00eas e Chin\u00eas.<\/li>\n<\/ul>\n<p><strong>Uso e Dicas de Impress\u00e3o:<\/strong><\/p>\n<ul>\n<li>A c\u00e2mera possui fun\u00e7\u00e3o de impress\u00e3o t\u00e9rmica e \u00e9 recomendado ajustar a DENSIDADE DE IMPRESS\u00c3O antes de tirar fotos.<\/li>\n<li>Densidade ALTA oferece resultados mais escuros, ideais para fotos claras e detalhadas.<\/li>\n<li>Contate o suporte caso tenha dificuldades para obter fotos claras ap\u00f3s a impress\u00e3o, eles fornecer\u00e3o assist\u00eancia para ajustes.<\/li>\n<li>\u00c9 importante lembrar que esta \u00e9 uma c\u00e2mera t\u00e9rmica, o elemento de aquecimento do semicondutor dentro da c\u00e2mera requer aquecimento inicial para melhorar a qualidade das impress\u00f5es.<\/li>\n<\/ul>\n<p><strong>Ideal para Crian\u00e7as:<\/strong><\/p>\n<ul>\n<li>Perfeita para crian\u00e7as, a c\u00e2mera apresenta uma interface amig\u00e1vel e divertida.<\/li>\n<li>Design com tema de dinossauro, tornando-a uma op\u00e7\u00e3o ador\u00e1vel para presentear.<\/li>\n<li>Oferece uma experi\u00eancia \u00fanica de impress\u00e3o instant\u00e2nea, permitindo que as crian\u00e7as imprimam suas pr\u00f3prias fotos divertidas e criativas.<\/li>\n<li>A c\u00e2mera \u00e9 leve e port\u00e1til, facilitando o manuseio pelas crian\u00e7as em suas aventuras di\u00e1rias.<\/li>\n<\/ul>\n<p><strong>Nota:<\/strong> Aproveite momentos especiais e criativos com a C\u00e2mera de Impress\u00e3o T\u00e9rmica Instant\u00e2nea, permitindo que voc\u00ea capture e imprima instantaneamente suas mem\u00f3rias com divers\u00e3o e praticidade. O design voltado para crian\u00e7as e a variedade de recursos tornam-na uma op\u00e7\u00e3o excelente para presentear os pequenos, proporcionando a eles a alegria de ter suas pr\u00f3prias fotos impressas em um instante!<\/p>\n<\/div>\n<\/div>\n<\/div>\n<div><\/div>\n<div class=\"detailmodule_html\">\n<div class=\"detail-desc-decorate-richtext\">\n<p class=\"detail-desc-decorate-title\" style=\"font-family: OpenSans; font-size: 20px; font-weight: 900; letter-spacing: normal; line-height: 28px; text-align: start; margin: 0px 0px 12px 0px; padding: 0px;\" align=\"start\"><img decoding=\"async\" class=\"aligncenter\" src=\"https:\/\/ae01.alicdn.com\/kf\/Sde7348d564274cb4a7867c6ac2cc3668Y.jpg\" \/><img decoding=\"async\" class=\"aligncenter\" src=\"https:\/\/ae01.alicdn.com\/kf\/Sd804755b4d484b5397860b629d7f8d31q.jpg\" \/><img decoding=\"async\" class=\"aligncenter\" src=\"https:\/\/ae01.alicdn.com\/kf\/S4743fccaa39a4e61b939ef93b7e6f681v.jpg\" \/><img decoding=\"async\" class=\"aligncenter\" src=\"https:\/\/ae01.alicdn.com\/kf\/S3fa82fce7c13423aa448f182511e975aX.jpg\" \/><img decoding=\"async\" class=\"aligncenter\" src=\"https:\/\/ae01.alicdn.com\/kf\/Sb3d6197225ba461aa2bfd1142ee0cb8bz.jpg\" \/><img decoding=\"async\" class=\"aligncenter\" src=\"https:\/\/ae01.alicdn.com\/kf\/Se68d2b3c50ac42c68a11b557c9d928b4d.jpg\" \/><img decoding=\"async\" class=\"aligncenter\" src=\"https:\/\/ae01.alicdn.com\/kf\/S69ae7044e531451cbfe26da8f99c086bX.jpg\" \/><img decoding=\"async\" class=\"aligncenter\" src=\"https:\/\/ae01.alicdn.com\/kf\/Sb6e409a7f66244ad905d24b8c2a544940.jpg\" \/><img decoding=\"async\" class=\"aligncenter\" src=\"https:\/\/ae01.alicdn.com\/kf\/S5fff1e8c370f4bec80ec9a353ef38ab7q.jpg\" \/><img decoding=\"async\" class=\"aligncenter\" src=\"https:\/\/ae01.alicdn.com\/kf\/S3443c36174ea497fa19188932db80e21d.jpg\" \/><img decoding=\"async\" class=\"aligncenter\" src=\"https:\/\/ae01.alicdn.com\/kf\/Sf30d8c383f7d42eea1d33ae9e4cfc850t.jpg\" \/><img decoding=\"async\" class=\"aligncenter\" src=\"https:\/\/ae01.alicdn.com\/kf\/S345a4c159c214e468f1bb2376142cdf3B.jpg\" \/><img decoding=\"async\" class=\"aligncenter\" src=\"https:\/\/ae01.alicdn.com\/kf\/Sf5e3fab09f8a42ea872f1987ef94e7e69.jpg\" \/><img decoding=\"async\" class=\"aligncenter\" src=\"https:\/\/ae01.alicdn.com\/kf\/S9083bdb9fc41402fa78ce839135a9740P.jpg\" \/><img decoding=\"async\" class=\"aligncenter\" src=\"https:\/\/ae01.alicdn.com\/kf\/S081efdef0c2d43979b0c0854955bd75eX.jpg\" \/><img decoding=\"async\" class=\"aligncenter\" src=\"https:\/\/ae01.alicdn.com\/kf\/S8567f399090a4cb9ac7f08068b7e7111I.jpg\" \/><\/p>\n<\/div>\n<\/div>\n<\/div>\n<\/div>\n<\/div>\n<\/div>\n","protected":false},"excerpt":{"rendered":"<p>C\u00e2mera de Impress\u00e3o T\u00e9rmica Instant\u00e2nea Recursos e Especifica\u00e7\u00f5es T\u00e9cnicas: Grava\u00e7\u00e3o de imagem em formato JPEG, v\u00eddeo em formato AVI e<\/p>\n","protected":false},"featured_media":16163,"comment_status":"open","ping_status":"closed","template":"","meta":[],"product_brand":[],"product_cat":[225,71],"product_tag":[],"class_list":{"0":"post-16162","1":"product","2":"type-product","3":"status-publish","4":"has-post-thumbnail","6":"product_cat-cameras","7":"product_cat-video","9":"first","10":"instock","11":"shipping-taxable","12":"purchasable","13":"product-type-variable"},"_links":{"self":[{"href":"https:\/\/conexaototalmkt.tk\/dropzone\/wp-json\/wp\/v2\/product\/16162","targetHints":{"allow":["GET"]}}],"collection":[{"href":"https:\/\/conexaototalmkt.tk\/dropzone\/wp-json\/wp\/v2\/product"}],"about":[{"href":"https:\/\/conexaototalmkt.tk\/dropzone\/wp-json\/wp\/v2\/types\/product"}],"replies":[{"embeddable":true,"href":"https:\/\/conexaototalmkt.tk\/dropzone\/wp-json\/wp\/v2\/comments?post=16162"}],"version-history":[{"count":4,"href":"https:\/\/conexaototalmkt.tk\/dropzone\/wp-json\/wp\/v2\/product\/16162\/revisions"}],"predecessor-version":[{"id":16750,"href":"https:\/\/conexaototalmkt.tk\/dropzone\/wp-json\/wp\/v2\/product\/16162\/revisions\/16750"}],"wp:featuredmedia":[{"embeddable":true,"href":"https:\/\/conexaototalmkt.tk\/dropzone\/wp-json\/wp\/v2\/media\/16163"}],"wp:attachment":[{"href":"https:\/\/conexaototalmkt.tk\/dropzone\/wp-json\/wp\/v2\/media?parent=16162"}],"wp:term":[{"taxonomy":"product_brand","embeddable":true,"href":"https:\/\/conexaototalmkt.tk\/dropzone\/wp-json\/wp\/v2\/product_brand?post=16162"},{"taxonomy":"product_cat","embeddable":true,"href":"https:\/\/conexaototalmkt.tk\/dropzone\/wp-json\/wp\/v2\/product_cat?post=16162"},{"taxonomy":"product_tag","embeddable":true,"href":"https:\/\/conexaototalmkt.tk\/dropzone\/wp-json\/wp\/v2\/product_tag?post=16162"}],"curies":[{"name":"wp","href":"https:\/\/api.w.org\/{rel}","templated":true}]}}