{"id":4400,"date":"2021-10-12T15:51:09","date_gmt":"2021-10-12T18:51:09","guid":{"rendered":"http:\/\/dummy.xtemos.com\/woodmart2\/elementor\/?page_id=4400"},"modified":"2023-08-10T09:36:23","modified_gmt":"2023-08-10T12:36:23","slug":"sobre-nos","status":"publish","type":"page","link":"https:\/\/conexaototalmkt.tk\/dropzone\/sobre-nos\/","title":{"rendered":"Sobre N\u00f3s"},"content":{"rendered":"\t\t<div data-elementor-type=\"wp-page\" data-elementor-id=\"4400\" class=\"elementor elementor-4400\" data-elementor-post-type=\"page\">\n\t\t\t\t\t\t<section class=\"elementor-section elementor-top-section elementor-element elementor-element-3c548bca elementor-reverse-tablet elementor-reverse-mobile elementor-section-boxed elementor-section-height-default elementor-section-height-default wd-section-disabled\" data-id=\"3c548bca\" data-element_type=\"section\" data-e-type=\"section\">\n\t\t\t\t\t\t<div class=\"elementor-container elementor-column-gap-default\">\n\t\t\t\t\t<div class=\"elementor-column elementor-col-50 elementor-top-column elementor-element elementor-element-1d354ed7\" data-id=\"1d354ed7\" data-element_type=\"column\" data-e-type=\"column\">\n\t\t\t<div class=\"elementor-widget-wrap elementor-element-populated\">\n\t\t\t\t\t\t<div class=\"elementor-element elementor-element-8a28063 elementor-widget elementor-widget-image\" data-id=\"8a28063\" data-element_type=\"widget\" data-e-type=\"widget\" data-widget_type=\"image.default\">\n\t\t\t\t<div class=\"elementor-widget-container\">\n\t\t\t\t\t\t\t\t\t\t\t\t\t\t\t<img fetchpriority=\"high\" decoding=\"async\" width=\"800\" height=\"800\" src=\"https:\/\/conexaototalmkt.tk\/dropzone\/wp-content\/uploads\/2023\/07\/drop-zone-foto-perfil-800x800.jpg\" class=\"attachment-large size-large wp-image-16528\" alt=\"drop-zone-imports\" srcset=\"https:\/\/conexaototalmkt.tk\/dropzone\/wp-content\/uploads\/2023\/07\/drop-zone-foto-perfil-800x800.jpg 800w, https:\/\/conexaototalmkt.tk\/dropzone\/wp-content\/uploads\/2023\/07\/drop-zone-foto-perfil-430x430.jpg 430w, https:\/\/conexaototalmkt.tk\/dropzone\/wp-content\/uploads\/2023\/07\/drop-zone-foto-perfil-150x150.jpg 150w, https:\/\/conexaototalmkt.tk\/dropzone\/wp-content\/uploads\/2023\/07\/drop-zone-foto-perfil-700x700.jpg 700w, https:\/\/conexaototalmkt.tk\/dropzone\/wp-content\/uploads\/2023\/07\/drop-zone-foto-perfil-300x300.jpg 300w, https:\/\/conexaototalmkt.tk\/dropzone\/wp-content\/uploads\/2023\/07\/drop-zone-foto-perfil-768x768.jpg 768w, https:\/\/conexaototalmkt.tk\/dropzone\/wp-content\/uploads\/2023\/07\/drop-zone-foto-perfil-860x860.jpg 860w, https:\/\/conexaototalmkt.tk\/dropzone\/wp-content\/uploads\/2023\/07\/drop-zone-foto-perfil.jpg 1080w\" sizes=\"(max-width: 800px) 100vw, 800px\" \/>\t\t\t\t\t\t\t\t\t\t\t\t\t\t\t<\/div>\n\t\t\t\t<\/div>\n\t\t\t\t\t<\/div>\n\t\t<\/div>\n\t\t\t\t<div class=\"elementor-column elementor-col-50 elementor-top-column elementor-element elementor-element-7a9daa7\" data-id=\"7a9daa7\" data-element_type=\"column\" data-e-type=\"column\">\n\t\t\t<div class=\"elementor-widget-wrap elementor-element-populated\">\n\t\t\t\t\t\t<div class=\"elementor-element elementor-element-18566191 elementor-widget elementor-widget-wd_title\" data-id=\"18566191\" data-element_type=\"widget\" data-e-type=\"widget\" data-widget_type=\"wd_title.default\">\n\t\t\t\t<div class=\"elementor-widget-container\">\n\t\t\t\t\t\t\t<div class=\"title-wrapper set-mb-s reset-last-child wd-title-color-primary wd-title-style-default wd-title-size-large text-left\">\n\n\t\t\t\t\t\t\t<div class=\"title-subtitle subtitle-color-primary subtitle-style-default wd-fontsize-xs\">\n\t\t\t\t\tSOBRE N\u00d3S\t\t\t\t<\/div>\n\t\t\t\n\t\t\t<div class=\"liner-continer\">\n\t\t\t\t<h4 class=\"woodmart-title-container title wd-fontsize-xxl\">DROPZONE IMPORTS<\/h4> \n\t\t\t\t\t\t\t<\/div>\n\n\t\t\t\t\t\t\t<div class=\"title-after_title set-cont-mb-s reset-last-child wd-fontsize-s\">\n\t\t\t\t\t<p><em>Loja especializada em eletr\u00f4nicos e acess\u00f3rios.<\/em><\/p>\t\t\t\t<\/div>\n\t\t\t\t\t<\/div>\n\t\t\t\t\t\t<\/div>\n\t\t\t\t<\/div>\n\t\t\t\t<div class=\"elementor-element elementor-element-cf34ae6 elementor-widget elementor-widget-wd_text_block\" data-id=\"cf34ae6\" data-element_type=\"widget\" data-e-type=\"widget\" data-widget_type=\"wd_text_block.default\">\n\t\t\t\t<div class=\"elementor-widget-container\">\n\t\t\t\t\t\t\t<div class=\"wd-text-block reset-last-child text-left\">\n\t\t\t\n\t\t\t<p>Bem-vindo \u00e0 Drop Zone Imports! Somos uma loja especializada em trazer produtos importados de alta qualidade e pre\u00e7os acess\u00edveis, diretamente para voc\u00ea. Nossa miss\u00e3o \u00e9 proporcionar uma experi\u00eancia de compra excepcional, oferecendo uma sele\u00e7\u00e3o diversificada de produtos \u00fanicos e inovadores, cuidadosamente selecionados para atender \u00e0s suas necessidades e estilo de vida.<\/p><p>Valorizamos a satisfa\u00e7\u00e3o dos nossos clientes, e por isso nos esfor\u00e7amos para garantir que cada compra seja uma experi\u00eancia positiva. Com a Drop Zone Imports, voc\u00ea pode contar com o compromisso de entrega r\u00e1pida e eficiente, al\u00e9m de um atendimento personalizado e amig\u00e1vel.<\/p><p>Nossa equipe est\u00e1 constantemente buscando as \u00faltimas tend\u00eancias e produtos exclusivos ao redor do mundo, garantindo que voc\u00ea tenha acesso \u00e0s melhores op\u00e7\u00f5es do mercado. E o melhor de tudo: oferecemos frete gr\u00e1tis em todos os nossos produtos, para que voc\u00ea possa desfrutar da comodidade de receber seus produtos diretamente em sua casa, sem preocupa\u00e7\u00f5es adicionais.<\/p>\n\t\t\t\t\t<\/div>\n\t\t\t\t\t\t<\/div>\n\t\t\t\t<\/div>\n\t\t\t\t\t<\/div>\n\t\t<\/div>\n\t\t\t\t\t<\/div>\n\t\t<\/section>\n\t\t\t\t<\/div>\n\t\t","protected":false},"excerpt":{"rendered":"<p>SOBRE N\u00d3S DROPZONE IMPORTS Loja especializada em eletr\u00f4nicos e acess\u00f3rios. &nbsp; Bem-vindo \u00e0 Drop Zone Imports! Somos uma loja especializada<\/p>\n","protected":false},"author":1,"featured_media":18242,"parent":0,"menu_order":0,"comment_status":"closed","ping_status":"closed","template":"","meta":{"footnotes":""},"class_list":["post-4400","page","type-page","status-publish","has-post-thumbnail","hentry"],"_links":{"self":[{"href":"https:\/\/conexaototalmkt.tk\/dropzone\/wp-json\/wp\/v2\/pages\/4400","targetHints":{"allow":["GET"]}}],"collection":[{"href":"https:\/\/conexaototalmkt.tk\/dropzone\/wp-json\/wp\/v2\/pages"}],"about":[{"href":"https:\/\/conexaototalmkt.tk\/dropzone\/wp-json\/wp\/v2\/types\/page"}],"author":[{"embeddable":true,"href":"https:\/\/conexaototalmkt.tk\/dropzone\/wp-json\/wp\/v2\/users\/1"}],"replies":[{"embeddable":true,"href":"https:\/\/conexaototalmkt.tk\/dropzone\/wp-json\/wp\/v2\/comments?post=4400"}],"version-history":[{"count":34,"href":"https:\/\/conexaototalmkt.tk\/dropzone\/wp-json\/wp\/v2\/pages\/4400\/revisions"}],"predecessor-version":[{"id":18248,"href":"https:\/\/conexaototalmkt.tk\/dropzone\/wp-json\/wp\/v2\/pages\/4400\/revisions\/18248"}],"wp:featuredmedia":[{"embeddable":true,"href":"https:\/\/conexaototalmkt.tk\/dropzone\/wp-json\/wp\/v2\/media\/18242"}],"wp:attachment":[{"href":"https:\/\/conexaototalmkt.tk\/dropzone\/wp-json\/wp\/v2\/media?parent=4400"}],"curies":[{"name":"wp","href":"https:\/\/api.w.org\/{rel}","templated":true}]}}